{"id":2077,"date":"2024-04-22T18:14:33","date_gmt":"2024-04-22T17:14:33","guid":{"rendered":"https:\/\/ent2d.ac-bordeaux.fr\/disciplines\/sciences-physiques-bas\/?page_id=2077"},"modified":"2026-04-06T14:10:24","modified_gmt":"2026-04-06T13:10:24","slug":"ressources-pour-la-classe-2","status":"publish","type":"page","link":"https:\/\/ent2d.ac-bordeaux.fr\/disciplines\/physique-chimie\/ressources-pour-la-classe-2\/","title":{"rendered":"Ressources pour la classe"},"content":{"rendered":"\n<div style=\"height:50px\" aria-hidden=\"true\" class=\"wp-block-spacer\"><\/div>\n\n\n\n<div class=\"wp-block-columns is-layout-flex wp-container-core-columns-is-layout-28f84493 wp-block-columns-is-layout-flex\">\n<div class=\"wp-block-column is-layout-flow wp-block-column-is-layout-flow\" style=\"flex-basis:33.33%\">\n<h2 class=\"wp-block-heading\" style=\"font-size:20px\">&#8211; <a href=\"https:\/\/eduscol.education.gouv.fr\/6528\/recherche-et-innovation-pour-l-enseignement-des-sciences-physiques\" target=\"_blank\" rel=\"noreferrer noopener\">Ressources du GRIESP<\/a><br>(Groupe de Recherche et d&rsquo;Innovation pour l&rsquo;Enseignement des Sciences Physiques)<\/h2>\n<\/div>\n\n\n\n<div class=\"wp-block-column is-layout-flow wp-block-column-is-layout-flow\" style=\"flex-basis:66.66%\">\n<p>Les ressources propos\u00e9es sur cette page ont pour vocation d&rsquo;explorer et de promouvoir des pratiques renouvel\u00e9es dans l&rsquo;enseignement de la physique-chimie au coll\u00e8ge et au lyc\u00e9e. Elles ont \u00e9t\u00e9 produites par le groupe de recherche et d&rsquo;innovation pour l&rsquo;enseignement des sciences physiques (GRIESP).<br><br>Pr\u00e9sentation des th\u00e9matiques:<br>-Enseigner une d\u00e9marche scientifique en physique-chimie<br>-L&rsquo;\u00e9valuation au service des apprentissages<br>-Les valeurs de la R\u00e9publique<br>-Le prolongement hors du temps scolaire de la formation exp\u00e9rimentale des \u00e9l\u00e8ves<br>-Histoire des sciences<br>-L&rsquo;oral<br>-Mesure et incertitudes<br>-Programmer en physique-chimie<\/p>\n<\/div>\n<\/div>\n\n\n\n<div style=\"height:50px\" aria-hidden=\"true\" class=\"wp-block-spacer\"><\/div>\n\n\n\n<div class=\"wp-block-columns is-layout-flex wp-container-core-columns-is-layout-28f84493 wp-block-columns-is-layout-flex\">\n<div class=\"wp-block-column is-layout-flow wp-block-column-is-layout-flow\" style=\"flex-basis:33.33%\">\n<h2 class=\"wp-block-heading\" style=\"font-size:20px\">&#8211; <a href=\"https:\/\/ent2d.ac-bordeaux.fr\/disciplines\/physique-chimie\/cartes-memoire\">Cartes m\u00e9moire<\/a> <\/h2>\n<\/div>\n\n\n\n<div class=\"wp-block-column is-layout-flow wp-block-column-is-layout-flow\" style=\"flex-basis:66.66%\">\n<p>Des cartes m\u00e9moire ont \u00e9t\u00e9 con\u00e7ues par des enseignants formateurs de l\u2019acad\u00e9mie de Bordeaux sous l\u2019impulsion de Philippe CORFMAT&nbsp;: C\u00e9line PESSOLES, St\u00e9phanie VALLAIN, Fran\u00e7ois CHAMPIGNEUL<\/p>\n\n\n\n<p>Utilisables suivant diff\u00e9rentes modalit\u00e9s&nbsp;: individuellement, en bin\u00f4mes ou par groupes, dans le cadre de jeux, d\u2019interrogations, \u00e0 la maison, etc. En cas d\u2019\u00e9chec \u00e0 une question, ils sont encourag\u00e9s \u00e0 revoir le cours ou \u00e0 interroger leurs professeurs pour plus d\u2019explication.<\/p>\n<\/div>\n<\/div>\n\n\n\n<div style=\"height:50px\" aria-hidden=\"true\" class=\"wp-block-spacer\"><\/div>\n\n\n\n<div class=\"wp-block-columns is-layout-flex wp-container-core-columns-is-layout-28f84493 wp-block-columns-is-layout-flex\">\n<div class=\"wp-block-column is-layout-flow wp-block-column-is-layout-flow\" style=\"flex-basis:33.33%\">\n<h2 class=\"wp-block-heading\" style=\"font-size:20px\">&#8211; <a href=\"https:\/\/ent2d.ac-bordeaux.fr\/disciplines\/physique-chimie\/differenciation-pedagogique\/\" target=\"_blank\" rel=\"noreferrer noopener\">Principe de la diff\u00e9renciation p\u00e9dagogique et productions du groupe de formateurs acad\u00e9mique<\/a> <\/h2>\n<\/div>\n\n\n\n<div class=\"wp-block-column is-layout-flow wp-block-column-is-layout-flow\" style=\"flex-basis:66.66%\">\n<p>L\u2019h\u00e9t\u00e9rog\u00e9n\u00e9it\u00e9 des classes implique la n\u00e9cessit\u00e9 d\u2019approches p\u00e9dagogiques diverses pour r\u00e9pondre aux besoins des \u00e9l\u00e8ves. La diff\u00e9renciation p\u00e9dagogique, sans \u00eatre exclusive, en est une des modalit\u00e9s.<\/p>\n\n\n\n<p>Le groupe coll\u00e8ge de l\u2019acad\u00e9mie de Bordeaux propose aux professeurs de physique-chimie quelques documents directement exploitables en classe sur ce sujet<\/p>\n<\/div>\n<\/div>\n\n\n\n<div style=\"height:50px\" aria-hidden=\"true\" class=\"wp-block-spacer\"><\/div>\n\n\n\n<div class=\"wp-block-columns is-layout-flex wp-container-core-columns-is-layout-28f84493 wp-block-columns-is-layout-flex\">\n<div class=\"wp-block-column is-layout-flow wp-block-column-is-layout-flow\" style=\"flex-basis:33.33%\">\n<h2 class=\"wp-block-heading\" style=\"font-size:20px\">&#8211; <a href=\"https:\/\/pc.ac-creteil.fr\/spip.php?article1224\" target=\"_blank\" rel=\"noreferrer noopener\">Liens Maths\/Physique-Chimie<\/a><\/h2>\n<\/div>\n\n\n\n<div class=\"wp-block-column is-layout-flow wp-block-column-is-layout-flow\" style=\"flex-basis:66.66%\">\n<p>Emission sp\u00e9ciale \u00ab\u00a0Math\u00e9matiques et Physique-Chimie\u00a0\u00bb avec deux focus vid\u00e9os formatifs \u00e0 souligner qui <strong>portent sur<\/strong>:<br>&#8211; <a href=\"https:\/\/pc.ac-creteil.fr\/spip.php?article1224#direct2\">la proportionnalit\u00e9 et les graphi<\/a><a href=\"https:\/\/pc.ac-creteil.fr\/spip.php?article1224#direct2\" target=\"_blank\" rel=\"noreferrer noopener\">q<\/a><a href=\"https:\/\/pc.ac-creteil.fr\/spip.php?article1224#direct2\">ues<\/a>, dans le contexte de la masse volumique, du coll\u00e8ge au lyc\u00e9e.<br>&#8211; <a href=\"https:\/\/pc.ac-creteil.fr\/spip.php?article1224#direct3\">les conversions de longueurs et la proportionnalit\u00e9<\/a> dans un reportage d\u2019un coll\u00e8ge d\u2019Aubervilliers<br><br>ainsi que le livret <a href=\"https:\/\/ent2d.ac-bordeaux.fr\/disciplines\/physique-chimie\/wp-content\/uploads\/sites\/82\/2025\/11\/le-livret-math-matiques-des-grandeurs-op-rations-et-proportionnalit-27081.pdf\" data-type=\"link\" data-id=\"https:\/\/ent2d.ac-bordeaux.fr\/disciplines\/physique-chimie\/wp-content\/uploads\/sites\/82\/2025\/11\/le-livret-math-matiques-des-grandeurs-op-rations-et-proportionnalit-27081.pdf\" target=\"_blank\" rel=\"noreferrer noopener\"><strong>Math\u00e9matiques des grandeurs&nbsp;: op\u00e9rations et proportionnalit\u00e9<\/strong><\/a><\/p>\n<\/div>\n<\/div>\n\n\n\n<div style=\"height:50px\" aria-hidden=\"true\" class=\"wp-block-spacer\"><\/div>\n\n\n\n<figure class=\"wp-block-image aligncenter size-full\"><a href=\"mailto:Bruno.Mombelli@ac-bordeaux.fr,Christophe.Berthier-Belleard@ac-bordeaux.fr,David.Dauriac@ac-bordeaux.fr,Gianni-Carmelo.Colamonico@ac-bordeaux.fr\"><img loading=\"lazy\" decoding=\"async\" width=\"231\" height=\"76\" src=\"https:\/\/ent2d.ac-bordeaux.fr\/disciplines\/physique-chimie\/wp-content\/uploads\/sites\/82\/2026\/04\/Proposer.png\" alt=\"\" class=\"wp-image-3107\" srcset=\"https:\/\/ent2d.ac-bordeaux.fr\/disciplines\/physique-chimie\/wp-content\/uploads\/sites\/82\/2026\/04\/Proposer.png 231w, https:\/\/ent2d.ac-bordeaux.fr\/disciplines\/physique-chimie\/wp-content\/uploads\/sites\/82\/2026\/04\/Proposer-150x49.png 150w\" sizes=\"auto, (max-width: 231px) 100vw, 231px\" \/><\/a><\/figure>\n\n\n\n<div style=\"height:50px\" aria-hidden=\"true\" class=\"wp-block-spacer\"><\/div>\n","protected":false},"excerpt":{"rendered":"<p>&#8211; Ressources du GRIESP(Groupe de Recherche et d&rsquo;Innovation pour l&rsquo;Enseignement des Sciences Physiques) Les ressources propos\u00e9es sur cette page ont<\/p>\n","protected":false},"author":940,"featured_media":0,"parent":0,"menu_order":0,"comment_status":"closed","ping_status":"closed","template":"","meta":{"footnotes":""},"class_list":["post-2077","page","type-page","status-publish","hentry"],"_links":{"self":[{"href":"https:\/\/ent2d.ac-bordeaux.fr\/disciplines\/physique-chimie\/wp-json\/wp\/v2\/pages\/2077","targetHints":{"allow":["GET"]}}],"collection":[{"href":"https:\/\/ent2d.ac-bordeaux.fr\/disciplines\/physique-chimie\/wp-json\/wp\/v2\/pages"}],"about":[{"href":"https:\/\/ent2d.ac-bordeaux.fr\/disciplines\/physique-chimie\/wp-json\/wp\/v2\/types\/page"}],"author":[{"embeddable":true,"href":"https:\/\/ent2d.ac-bordeaux.fr\/disciplines\/physique-chimie\/wp-json\/wp\/v2\/users\/940"}],"replies":[{"embeddable":true,"href":"https:\/\/ent2d.ac-bordeaux.fr\/disciplines\/physique-chimie\/wp-json\/wp\/v2\/comments?post=2077"}],"version-history":[{"count":15,"href":"https:\/\/ent2d.ac-bordeaux.fr\/disciplines\/physique-chimie\/wp-json\/wp\/v2\/pages\/2077\/revisions"}],"predecessor-version":[{"id":3110,"href":"https:\/\/ent2d.ac-bordeaux.fr\/disciplines\/physique-chimie\/wp-json\/wp\/v2\/pages\/2077\/revisions\/3110"}],"wp:attachment":[{"href":"https:\/\/ent2d.ac-bordeaux.fr\/disciplines\/physique-chimie\/wp-json\/wp\/v2\/media?parent=2077"}],"curies":[{"name":"wp","href":"https:\/\/api.w.org\/{rel}","templated":true}]}}