{"id":2075,"date":"2024-04-22T18:14:07","date_gmt":"2024-04-22T17:14:07","guid":{"rendered":"https:\/\/ent2d.ac-bordeaux.fr\/disciplines\/sciences-physiques-bas\/?page_id=2075"},"modified":"2025-10-08T10:56:16","modified_gmt":"2025-10-08T09:56:16","slug":"examens","status":"publish","type":"page","link":"https:\/\/ent2d.ac-bordeaux.fr\/disciplines\/physique-chimie\/examens\/","title":{"rendered":"Examens"},"content":{"rendered":"\n<h2 class=\"wp-block-heading has-medium-font-size\">La <a href=\"https:\/\/www.education.gouv.fr\/le-diplome-national-du-brevet-10613\" data-type=\"link\" data-id=\"https:\/\/www.education.gouv.fr\/brevet-bac-et-cap-les-sujets-des-examens-2024-414462\" target=\"_blank\" rel=\"noreferrer noopener\">page Eduscol<\/a> pr\u00e9sente les modalit\u00e9s d&rsquo;obtention du DNB<\/h2>\n\n\n\n<div style=\"height:36px\" aria-hidden=\"true\" class=\"wp-block-spacer\"><\/div>\n\n\n\n<h2 class=\"wp-block-heading has-medium-font-size\">&#8211; <a href=\"https:\/\/www.education.gouv.fr\/brevet-bac-et-cap-les-sujets-des-examens-2025-450400\" data-type=\"link\" data-id=\"https:\/\/www.education.gouv.fr\/brevet-bac-et-cap-les-sujets-des-examens-2024-414462\" target=\"_blank\" rel=\"noreferrer noopener\">Sujets de l&rsquo;\u00e9preuve de Sciences du Dipl\u00f4me National du Brevet 2025 <\/a><\/h2>\n\n\n\n<hr class=\"wp-block-separator aligncenter has-text-color has-black-color has-alpha-channel-opacity has-black-background-color has-background is-style-wide\" style=\"margin-top:var(--wp--preset--spacing--40);margin-bottom:var(--wp--preset--spacing--40)\" \/>\n\n\n\n<h2 class=\"wp-block-heading has-medium-font-size\">&#8211; <a href=\"https:\/\/www.education.gouv.fr\/brevet-bac-et-cap-les-sujets-des-examens-2024-414462\" data-type=\"link\" data-id=\"https:\/\/www.education.gouv.fr\/brevet-bac-et-cap-les-sujets-des-examens-2024-414462\" target=\"_blank\" rel=\"noreferrer noopener\">Sujets de l&rsquo;\u00e9preuve de Sciences du Dipl\u00f4me National du Brevet 2024 <\/a><\/h2>\n\n\n\n<hr class=\"wp-block-separator aligncenter has-text-color has-black-color has-alpha-channel-opacity has-black-background-color has-background is-style-wide\" style=\"margin-top:var(--wp--preset--spacing--40);margin-bottom:var(--wp--preset--spacing--40)\" \/>\n\n\n\n<h2 class=\"wp-block-heading has-medium-font-size\">&#8211; <a href=\"https:\/\/www.education.gouv.fr\/reussir-au-lycee\/brevet-bac-et-cap-les-sujets-des-examens-2023-378356\" data-type=\"link\" data-id=\"https:\/\/www.education.gouv.fr\/reussir-au-lycee\/brevet-bac-et-cap-les-sujets-des-examens-2023-378356\" target=\"_blank\" rel=\"noreferrer noopener\">Sujets de l&rsquo;\u00e9preuve de Sciences du Dipl\u00f4me National du Brevet 2023<\/a><\/h2>\n","protected":false},"excerpt":{"rendered":"<p>La page Eduscol pr\u00e9sente les modalit\u00e9s d&rsquo;obtention du DNB &#8211; Sujets de l&rsquo;\u00e9preuve de Sciences du Dipl\u00f4me National du Brevet<\/p>\n","protected":false},"author":940,"featured_media":0,"parent":0,"menu_order":0,"comment_status":"closed","ping_status":"closed","template":"","meta":{"footnotes":""},"class_list":["post-2075","page","type-page","status-publish","hentry"],"_links":{"self":[{"href":"https:\/\/ent2d.ac-bordeaux.fr\/disciplines\/physique-chimie\/wp-json\/wp\/v2\/pages\/2075","targetHints":{"allow":["GET"]}}],"collection":[{"href":"https:\/\/ent2d.ac-bordeaux.fr\/disciplines\/physique-chimie\/wp-json\/wp\/v2\/pages"}],"about":[{"href":"https:\/\/ent2d.ac-bordeaux.fr\/disciplines\/physique-chimie\/wp-json\/wp\/v2\/types\/page"}],"author":[{"embeddable":true,"href":"https:\/\/ent2d.ac-bordeaux.fr\/disciplines\/physique-chimie\/wp-json\/wp\/v2\/users\/940"}],"replies":[{"embeddable":true,"href":"https:\/\/ent2d.ac-bordeaux.fr\/disciplines\/physique-chimie\/wp-json\/wp\/v2\/comments?post=2075"}],"version-history":[{"count":6,"href":"https:\/\/ent2d.ac-bordeaux.fr\/disciplines\/physique-chimie\/wp-json\/wp\/v2\/pages\/2075\/revisions"}],"predecessor-version":[{"id":2971,"href":"https:\/\/ent2d.ac-bordeaux.fr\/disciplines\/physique-chimie\/wp-json\/wp\/v2\/pages\/2075\/revisions\/2971"}],"wp:attachment":[{"href":"https:\/\/ent2d.ac-bordeaux.fr\/disciplines\/physique-chimie\/wp-json\/wp\/v2\/media?parent=2075"}],"curies":[{"name":"wp","href":"https:\/\/api.w.org\/{rel}","templated":true}]}}