{"id":2070,"date":"2024-04-22T18:13:37","date_gmt":"2024-04-22T17:13:37","guid":{"rendered":"https:\/\/ent2d.ac-bordeaux.fr\/disciplines\/sciences-physiques-bas\/?page_id=2070"},"modified":"2024-07-05T08:32:20","modified_gmt":"2024-07-05T07:32:20","slug":"programmes","status":"publish","type":"page","link":"https:\/\/ent2d.ac-bordeaux.fr\/disciplines\/physique-chimie\/programmes\/","title":{"rendered":"Programmes"},"content":{"rendered":"\n<h2 class=\"wp-block-heading has-medium-font-size\">&#8211; Programmes de la <a href=\"https:\/\/eduscol.education.fr\/1648\/programmes-et-ressources-en-physique-chimie-voie-gt#summary-item-0\" data-type=\"link\" data-id=\"https:\/\/eduscol.education.fr\/1648\/programmes-et-ressources-en-physique-chimie-voie-gt#summary-item-0\" target=\"_blank\" rel=\"noreferrer noopener\">voie g\u00e9n\u00e9rale : seconde, premi\u00e8re g\u00e9n\u00e9rale, terminale g\u00e9n\u00e9rale<\/a><\/h2>\n\n\n\n<div style=\"height:30px\" aria-hidden=\"true\" class=\"wp-block-spacer\"><\/div>\n\n\n\n<h2 class=\"wp-block-heading has-medium-font-size\">&#8211; Programmes de la partie <a href=\"https:\/\/eduscol.education.fr\/1646\/programmes-et-ressources-en-sciences-de-l-ingenieur-voie-gt#summary-item-0\" data-type=\"link\" data-id=\"https:\/\/eduscol.education.fr\/1646\/programmes-et-ressources-en-sciences-de-l-ingenieur-voie-gt#summary-item-0\" target=\"_blank\" rel=\"noreferrer noopener\">sciences physiques des sciences de l&rsquo;ing\u00e9nieur (SI)<\/a><\/h2>\n\n\n\n<div style=\"height:30px\" aria-hidden=\"true\" class=\"wp-block-spacer\"><\/div>\n\n\n\n<h2 class=\"wp-block-heading has-medium-font-size\">&#8211; Programmes des voies technologiques:<\/h2>\n\n\n\n<div class=\"wp-block-columns is-layout-flex wp-container-core-columns-is-layout-28f84493 wp-block-columns-is-layout-flex\">\n<div class=\"wp-block-column is-layout-flow wp-block-column-is-layout-flow\" style=\"flex-basis:10%\"><\/div>\n\n\n\n<div class=\"wp-block-column is-layout-flow wp-block-column-is-layout-flow\" style=\"flex-basis:66.66%\">\n<h2 class=\"wp-block-heading has-medium-font-size\">\u00a4 <a href=\"https:\/\/eduscol.education.fr\/1652\/programmes-et-ressources-en-serie-stl#summary-item-0\" data-type=\"link\" data-id=\"https:\/\/eduscol.education.fr\/1652\/programmes-et-ressources-en-serie-stl#summary-item-0\" target=\"_blank\" rel=\"noreferrer noopener\">STL : PCM, SPCL<\/a><\/h2>\n\n\n\n<h2 class=\"wp-block-heading has-medium-font-size\">\u00a4 <a href=\"https:\/\/eduscol.education.fr\/1649\/programmes-et-ressources-en-serie-st2s#summary-item-0\" target=\"_blank\" rel=\"noreferrer noopener\">ST2S : premi\u00e8re physique-chimie pour la sant\u00e9 et terminale CBPH<\/a><\/h2>\n\n\n\n<h2 class=\"wp-block-heading has-medium-font-size\">\u00a4 <a href=\"https:\/\/eduscol.education.fr\/1736\/programmes-et-ressources-en-serie-sti2d\" data-type=\"link\" data-id=\"https:\/\/eduscol.education.fr\/1736\/programmes-et-ressources-en-serie-sti2d\" target=\"_blank\" rel=\"noreferrer noopener\">STI2D : PCM<\/a><\/h2>\n\n\n\n<h2 class=\"wp-block-heading has-medium-font-size\">\u00a4 <a href=\"https:\/\/eduscol.education.fr\/1729\/programmes-et-ressources-en-serie-std2a\" data-type=\"link\" data-id=\"https:\/\/eduscol.education.fr\/1729\/programmes-et-ressources-en-serie-std2a\" target=\"_blank\" rel=\"noreferrer noopener\">STI2A : premi\u00e8re physique-chimie<\/a><\/h2>\n<\/div>\n<\/div>\n","protected":false},"excerpt":{"rendered":"<p>&#8211; Programmes de la voie g\u00e9n\u00e9rale : seconde, premi\u00e8re g\u00e9n\u00e9rale, terminale g\u00e9n\u00e9rale &#8211; Programmes de la partie sciences physiques des<\/p>\n","protected":false},"author":940,"featured_media":0,"parent":0,"menu_order":0,"comment_status":"closed","ping_status":"closed","template":"","meta":{"footnotes":""},"class_list":["post-2070","page","type-page","status-publish","hentry"],"_links":{"self":[{"href":"https:\/\/ent2d.ac-bordeaux.fr\/disciplines\/physique-chimie\/wp-json\/wp\/v2\/pages\/2070","targetHints":{"allow":["GET"]}}],"collection":[{"href":"https:\/\/ent2d.ac-bordeaux.fr\/disciplines\/physique-chimie\/wp-json\/wp\/v2\/pages"}],"about":[{"href":"https:\/\/ent2d.ac-bordeaux.fr\/disciplines\/physique-chimie\/wp-json\/wp\/v2\/types\/page"}],"author":[{"embeddable":true,"href":"https:\/\/ent2d.ac-bordeaux.fr\/disciplines\/physique-chimie\/wp-json\/wp\/v2\/users\/940"}],"replies":[{"embeddable":true,"href":"https:\/\/ent2d.ac-bordeaux.fr\/disciplines\/physique-chimie\/wp-json\/wp\/v2\/comments?post=2070"}],"version-history":[{"count":3,"href":"https:\/\/ent2d.ac-bordeaux.fr\/disciplines\/physique-chimie\/wp-json\/wp\/v2\/pages\/2070\/revisions"}],"predecessor-version":[{"id":2217,"href":"https:\/\/ent2d.ac-bordeaux.fr\/disciplines\/physique-chimie\/wp-json\/wp\/v2\/pages\/2070\/revisions\/2217"}],"wp:attachment":[{"href":"https:\/\/ent2d.ac-bordeaux.fr\/disciplines\/physique-chimie\/wp-json\/wp\/v2\/media?parent=2070"}],"curies":[{"name":"wp","href":"https:\/\/api.w.org\/{rel}","templated":true}]}}