{"id":2068,"date":"2024-04-22T18:13:22","date_gmt":"2024-04-22T17:13:22","guid":{"rendered":"https:\/\/ent2d.ac-bordeaux.fr\/disciplines\/sciences-physiques-bas\/?page_id=2068"},"modified":"2026-04-06T14:09:56","modified_gmt":"2026-04-06T13:09:56","slug":"ressources-pour-la-classe","status":"publish","type":"page","link":"https:\/\/ent2d.ac-bordeaux.fr\/disciplines\/physique-chimie\/ressources-pour-la-classe\/","title":{"rendered":"Ressources pour la classe"},"content":{"rendered":"\n<div style=\"height:50px\" aria-hidden=\"true\" class=\"wp-block-spacer\"><\/div>\n\n\n\n<div class=\"wp-block-columns is-layout-flex wp-container-core-columns-is-layout-28f84493 wp-block-columns-is-layout-flex\">\n<div class=\"wp-block-column is-layout-flow wp-block-column-is-layout-flow\" style=\"flex-basis:33.33%\">\n<h2 class=\"wp-block-heading\" style=\"font-size:20px\">&#8211; <a href=\"https:\/\/eduscol.education.gouv.fr\/6528\/recherche-et-innovation-pour-l-enseignement-des-sciences-physiques\" target=\"_blank\" rel=\"noreferrer noopener\">Ressources du GRIESP<\/a><br>(Groupe de Recherche et d&rsquo;Innovation pour l&rsquo;Enseignement des Sciences Physiques)<\/h2>\n<\/div>\n\n\n\n<div class=\"wp-block-column is-layout-flow wp-block-column-is-layout-flow\" style=\"flex-basis:66.66%\">\n<p>Les ressources propos\u00e9es sur cette page ont pour vocation d&rsquo;explorer et de promouvoir des pratiques renouvel\u00e9es dans l&rsquo;enseignement de la physique-chimie au coll\u00e8ge et au lyc\u00e9e. Elles ont \u00e9t\u00e9 produites par le groupe de recherche et d&rsquo;innovation pour l&rsquo;enseignement des sciences physiques (GRIESP).<br><br>Pr\u00e9sentation des th\u00e9matiques:<br>-Enseigner une d\u00e9marche scientifique en physique-chimie<br>-L&rsquo;\u00e9valuation au service des apprentissages<br>-Les valeurs de la R\u00e9publique<br>-Le prolongement hors du temps scolaire de la formation exp\u00e9rimentale des \u00e9l\u00e8ves<br>-Histoire des sciences<br>-L&rsquo;oral<br>-Mesure et incertitudes<br>-Programmer en physique-chimie<\/p>\n<\/div>\n<\/div>\n\n\n\n<div style=\"height:50px\" aria-hidden=\"true\" class=\"wp-block-spacer\"><\/div>\n\n\n\n<div class=\"wp-block-columns is-layout-flex wp-container-core-columns-is-layout-28f84493 wp-block-columns-is-layout-flex\">\n<div class=\"wp-block-column is-layout-flow wp-block-column-is-layout-flow\" style=\"flex-basis:33.33%\">\n<h2 class=\"wp-block-heading\" style=\"font-size:20px\">&#8211; <a href=\"https:\/\/ent2d.ac-bordeaux.fr\/disciplines\/physique-chimie\/wp-content\/uploads\/sites\/82\/2025\/04\/Automatismes.pptx\" target=\"_blank\" rel=\"noreferrer noopener\">Travailler les notions de Grandeur et de Calculs \u00e0 partir d&rsquo;automatismes<\/a> <\/h2>\n<\/div>\n\n\n\n<div class=\"wp-block-column is-layout-flow wp-block-column-is-layout-flow\" style=\"flex-basis:66.66%\">\n<p>Questionnaire sur les puissances de 10, les conversions d&rsquo;unit\u00e9s, les pourcentages et proportions et les formules litt\u00e9rales<\/p>\n<\/div>\n<\/div>\n\n\n\n<div style=\"height:50px\" aria-hidden=\"true\" class=\"wp-block-spacer\"><\/div>\n\n\n\n<div class=\"wp-block-columns is-layout-flex wp-container-core-columns-is-layout-28f84493 wp-block-columns-is-layout-flex\">\n<div class=\"wp-block-column is-layout-flow wp-block-column-is-layout-flow\" style=\"flex-basis:33.33%\">\n<h2 class=\"wp-block-heading\" style=\"font-size:20px\">&#8211; <a href=\"https:\/\/ent2d.ac-bordeaux.fr\/disciplines\/physique-chimie\/mini-projets-en-serie-technologique\/\" target=\"_blank\" rel=\"noreferrer noopener\">Mini projets en s\u00e9rie technologique<\/a><\/h2>\n<\/div>\n\n\n\n<div class=\"wp-block-column is-layout-flow wp-block-column-is-layout-flow\" style=\"flex-basis:66.66%\">\n<p>Exemple de mini-projets \u00e0 mener dans les fili\u00e8res technologiques : Le voilier <a href=\"https:\/\/ent2d.ac-bordeaux.fr\/disciplines\/physique-chimie\/wp-content\/uploads\/sites\/82\/2025\/04\/STI2D_1_Voilier1_MM.docx\" target=\"_blank\" rel=\"noreferrer noopener\">(\u00e9tude \u00e9nerg\u00e9tique)<\/a>, Le voilier <a href=\"https:\/\/ent2d.ac-bordeaux.fr\/disciplines\/physique-chimie\/wp-content\/uploads\/sites\/82\/2025\/04\/STI2D_2_Voilier2_MM.docx\" target=\"_blank\" rel=\"noreferrer noopener\">(principe du sonar)<\/a>, Le <a href=\"https:\/\/ent2d.ac-bordeaux.fr\/disciplines\/physique-chimie\/wp-content\/uploads\/sites\/82\/2025\/04\/STI2D_3_chauffe_eau_MM.docx\" target=\"_blank\" rel=\"noreferrer noopener\">chauffe-eau<\/a><\/p>\n<\/div>\n<\/div>\n\n\n\n<div style=\"height:50px\" aria-hidden=\"true\" class=\"wp-block-spacer\"><\/div>\n\n\n\n<div class=\"wp-block-columns is-layout-flex wp-container-core-columns-is-layout-28f84493 wp-block-columns-is-layout-flex\">\n<div class=\"wp-block-column is-layout-flow wp-block-column-is-layout-flow\" style=\"flex-basis:33.33%\">\n<h2 class=\"wp-block-heading\" style=\"font-size:20px\">&#8211; <a href=\"https:\/\/eduscol.education.fr\/1648\/programmes-et-ressources-en-physique-chimie-voie-gt#:~:text=de%20physique%2Dchimie-,Mesure%20et%20incertitudes,-La%20ressource%20Mesure\" target=\"_blank\" rel=\"noreferrer noopener\">Mesure et incertitudes<\/a><\/h2>\n<\/div>\n\n\n\n<div class=\"wp-block-column is-layout-flow wp-block-column-is-layout-flow\" style=\"flex-basis:66.66%\">\n<p>Un document bilan sur l&rsquo;ensemble des attendus concernant le th\u00e8me <a href=\"https:\/\/eduscol.education.fr\/1648\/programmes-et-ressources-en-physique-chimie-voie-gt#:~:text=de%20physique%2Dchimie-,Mesure%20et%20incertitudes,-La%20ressource%20Mesure\" target=\"_blank\" rel=\"noreferrer noopener\">Mesure et incertitudes<\/a><\/p>\n<\/div>\n<\/div>\n\n\n\n<div style=\"height:50px\" aria-hidden=\"true\" class=\"wp-block-spacer\"><\/div>\n\n\n\n<div class=\"wp-block-columns is-layout-flex wp-container-core-columns-is-layout-28f84493 wp-block-columns-is-layout-flex\">\n<div class=\"wp-block-column is-layout-flow wp-block-column-is-layout-flow\" style=\"flex-basis:33.33%\">\n<h2 class=\"wp-block-heading\" style=\"font-size:20px\">&#8211; <a href=\"https:\/\/ent2d.ac-bordeaux.fr\/disciplines\/physique-chimie\/programmation-en-python\/\" target=\"_blank\" rel=\"noreferrer noopener\">Programmation en Python<\/a><\/h2>\n<\/div>\n\n\n\n<div class=\"wp-block-column is-layout-flow wp-block-column-is-layout-flow\" style=\"flex-basis:66.66%\">\n<p>De nombreuses ressources \u00e9duscol sur l&rsquo;utilisation de Python en physique chimie en classe de seconde, premi\u00e8re et terminale<\/p>\n<\/div>\n<\/div>\n\n\n\n<div style=\"height:50px\" aria-hidden=\"true\" class=\"wp-block-spacer\"><\/div>\n\n\n\n<div class=\"wp-block-columns is-layout-flex wp-container-core-columns-is-layout-28f84493 wp-block-columns-is-layout-flex\">\n<div class=\"wp-block-column is-layout-flow wp-block-column-is-layout-flow\" style=\"flex-basis:33.33%\">\n<h2 class=\"wp-block-heading\" style=\"font-size:20px\">&#8211; <a href=\"https:\/\/ent2d.ac-bordeaux.fr\/disciplines\/physique-chimie\/microcontroleurs\/\" target=\"_blank\" rel=\"noreferrer noopener\">Microcontr\u00f4leurs<\/a><\/h2>\n<\/div>\n\n\n\n<div class=\"wp-block-column is-layout-flow wp-block-column-is-layout-flow\" style=\"flex-basis:66.66%\">\n<p>Des exemples d&rsquo;activit\u00e9s et des ressources de formations sur les microcontr\u00f4leurs<\/p>\n<\/div>\n<\/div>\n\n\n\n<div style=\"height:50px\" aria-hidden=\"true\" class=\"wp-block-spacer\"><\/div>\n\n\n\n<div class=\"wp-block-columns is-layout-flex wp-container-core-columns-is-layout-28f84493 wp-block-columns-is-layout-flex\">\n<div class=\"wp-block-column is-layout-flow wp-block-column-is-layout-flow\" style=\"flex-basis:33.33%\">\n<h2 class=\"wp-block-heading\" style=\"font-size:20px\">&#8211; <a href=\"https:\/\/spcl.ac-montpellier.fr\/moodle\/\" target=\"_blank\" rel=\"noreferrer noopener\">Livres num\u00e9riques<\/a><\/h2>\n<\/div>\n\n\n\n<div class=\"wp-block-column is-layout-flow wp-block-column-is-layout-flow\" style=\"flex-basis:66.66%\">\n<p>Des livres num\u00e9riques sont disponibles pour la fili\u00e8re STL SPCL : <a href=\"https:\/\/spcl.ac-montpellier.fr\/moodle\/\">https:\/\/spcl.ac-montpellier.fr\/moodle\/<\/a><\/p>\n<\/div>\n<\/div>\n\n\n\n<div style=\"height:50px\" aria-hidden=\"true\" class=\"wp-block-spacer\"><\/div>\n\n\n\n<figure class=\"wp-block-image aligncenter size-full\"><a href=\"mailto:Bruno.Mombelli@ac-bordeaux.fr,Christophe.Berthier-Belleard@ac-bordeaux.fr,David.Dauriac@ac-bordeaux.fr,Gianni-Carmelo.Colamonico@ac-bordeaux.fr\"><img loading=\"lazy\" decoding=\"async\" width=\"231\" height=\"76\" src=\"https:\/\/ent2d.ac-bordeaux.fr\/disciplines\/physique-chimie\/wp-content\/uploads\/sites\/82\/2026\/04\/Proposer.png\" alt=\"\" class=\"wp-image-3107\" srcset=\"https:\/\/ent2d.ac-bordeaux.fr\/disciplines\/physique-chimie\/wp-content\/uploads\/sites\/82\/2026\/04\/Proposer.png 231w, https:\/\/ent2d.ac-bordeaux.fr\/disciplines\/physique-chimie\/wp-content\/uploads\/sites\/82\/2026\/04\/Proposer-150x49.png 150w\" sizes=\"auto, (max-width: 231px) 100vw, 231px\" \/><\/a><\/figure>\n\n\n\n<div style=\"height:50px\" aria-hidden=\"true\" class=\"wp-block-spacer\"><\/div>\n","protected":false},"excerpt":{"rendered":"<p>&#8211; Ressources du GRIESP(Groupe de Recherche et d&rsquo;Innovation pour l&rsquo;Enseignement des Sciences Physiques) Les ressources propos\u00e9es sur cette page ont<\/p>\n","protected":false},"author":940,"featured_media":0,"parent":0,"menu_order":0,"comment_status":"closed","ping_status":"closed","template":"","meta":{"footnotes":""},"class_list":["post-2068","page","type-page","status-publish","hentry"],"_links":{"self":[{"href":"https:\/\/ent2d.ac-bordeaux.fr\/disciplines\/physique-chimie\/wp-json\/wp\/v2\/pages\/2068","targetHints":{"allow":["GET"]}}],"collection":[{"href":"https:\/\/ent2d.ac-bordeaux.fr\/disciplines\/physique-chimie\/wp-json\/wp\/v2\/pages"}],"about":[{"href":"https:\/\/ent2d.ac-bordeaux.fr\/disciplines\/physique-chimie\/wp-json\/wp\/v2\/types\/page"}],"author":[{"embeddable":true,"href":"https:\/\/ent2d.ac-bordeaux.fr\/disciplines\/physique-chimie\/wp-json\/wp\/v2\/users\/940"}],"replies":[{"embeddable":true,"href":"https:\/\/ent2d.ac-bordeaux.fr\/disciplines\/physique-chimie\/wp-json\/wp\/v2\/comments?post=2068"}],"version-history":[{"count":9,"href":"https:\/\/ent2d.ac-bordeaux.fr\/disciplines\/physique-chimie\/wp-json\/wp\/v2\/pages\/2068\/revisions"}],"predecessor-version":[{"id":3109,"href":"https:\/\/ent2d.ac-bordeaux.fr\/disciplines\/physique-chimie\/wp-json\/wp\/v2\/pages\/2068\/revisions\/3109"}],"wp:attachment":[{"href":"https:\/\/ent2d.ac-bordeaux.fr\/disciplines\/physique-chimie\/wp-json\/wp\/v2\/media?parent=2068"}],"curies":[{"name":"wp","href":"https:\/\/api.w.org\/{rel}","templated":true}]}}