{"id":2066,"date":"2024-04-22T18:13:06","date_gmt":"2024-04-22T17:13:06","guid":{"rendered":"https:\/\/ent2d.ac-bordeaux.fr\/disciplines\/sciences-physiques-bas\/?page_id=2066"},"modified":"2026-04-06T12:14:04","modified_gmt":"2026-04-06T11:14:04","slug":"groupes-academiques","status":"publish","type":"page","link":"https:\/\/ent2d.ac-bordeaux.fr\/disciplines\/physique-chimie\/groupes-academiques\/","title":{"rendered":"Groupes acad\u00e9miques de r\u00e9flexion et de productions 2025-2026"},"content":{"rendered":"\n<h2 class=\"wp-block-heading has-vivid-cyan-blue-color has-text-color has-link-color wp-elements-99656bd4c1301aae8c666705e641e0a1\" style=\"font-size:18px\"><a href=\"#IA\" data-type=\"internal\" data-id=\"#Indiv\">-IA et physique-chimie<\/a><br><a href=\"#Implication\" data-type=\"internal\" data-id=\"#Implication\">-Travail et implication de l&rsquo;\u00e9l\u00e8ve<\/a><br><a href=\"#Orientation\" data-type=\"internal\" data-id=\"#Concours\">-Orientation et physique-chimie<\/a><br><a href=\"#Experimentation\" data-type=\"internal\" data-id=\"#Webinaires\">-Exp\u00e9rimentation au coll\u00e8ge<\/a><\/h2>\n\n\n\n<hr class=\"wp-block-separator aligncenter has-alpha-channel-opacity is-style-wide\" \/>\n\n\n\n<div style=\"height:42px\" aria-hidden=\"true\" id=\"IA\" class=\"wp-block-spacer\"><\/div>\n\n\n\n<h2 class=\"wp-block-heading has-vivid-cyan-blue-color has-text-color has-link-color wp-elements-834ccebc8fd3c1b00ee30fb808295a8c\" style=\"font-size:25px\"><strong>IA et physique-chimie<\/strong><\/h2>\n\n\n\n<p class=\"has-medium-font-size\"><strong>Programme et objets d\u2019\u00e9tude :<\/strong><\/p>\n\n\n\n<p style=\"font-size:18px\">-Comprendre l\u2019impact potentiel de l\u2019IA sur l\u2019enseignement de la physique chimie<\/p>\n\n\n\n<p style=\"font-size:18px;text-decoration:underline\">Probl\u00e9matiques<\/p>\n\n\n\n<ol start=\"1\" class=\"wp-block-list\">\n<li style=\"font-size:18px\">Comment l\u2019intelligence artificielle peut aider les enseignants dans leurs <strong>pratiques p\u00e9dagogiques<\/strong>&nbsp;?<br><\/li>\n\n\n\n<li style=\"font-size:18px\">Quels sont les <strong>usages potentiels pour les \u00e9l\u00e8ves? <\/strong><br>Comment d\u00e9velopper chez les \u00e9l\u00e8ves un <strong>usage raisonn\u00e9 et utile <\/strong>de l\u2019IA? Comment d\u00e9velopper la <strong>pens\u00e9e critique <\/strong>en lien avec les usages de l\u2019IA&nbsp;?<\/li>\n<\/ol>\n\n\n\n<figure class=\"wp-block-image aligncenter size-full\"><a href=\"https:\/\/ent2d.ac-bordeaux.fr\/disciplines\/physique-chimie\/ia-generative\/\" target=\"_blank\" rel=\" noreferrer noopener\"><img loading=\"lazy\" decoding=\"async\" width=\"231\" height=\"76\" src=\"https:\/\/ent2d.ac-bordeaux.fr\/disciplines\/physique-chimie\/wp-content\/uploads\/sites\/82\/2026\/04\/Acceder-IA.png\" alt=\"\" class=\"wp-image-3092\" srcset=\"https:\/\/ent2d.ac-bordeaux.fr\/disciplines\/physique-chimie\/wp-content\/uploads\/sites\/82\/2026\/04\/Acceder-IA.png 231w, https:\/\/ent2d.ac-bordeaux.fr\/disciplines\/physique-chimie\/wp-content\/uploads\/sites\/82\/2026\/04\/Acceder-IA-150x49.png 150w\" sizes=\"auto, (max-width: 231px) 100vw, 231px\" \/><\/a><\/figure>\n\n\n\n<p class=\"has-medium-font-size\"><strong>Participants :<\/strong><\/p>\n\n\n\n<div class=\"wp-block-columns is-layout-flex wp-container-core-columns-is-layout-28f84493 wp-block-columns-is-layout-flex\">\n<div class=\"wp-block-column is-layout-flow wp-block-column-is-layout-flow\">\n<p style=\"font-size:15px\"><strong>Inspecteur<\/strong><br>Bruno MOMBELLI<\/p>\n<\/div>\n\n\n\n<div class=\"wp-block-column is-layout-flow wp-block-column-is-layout-flow\"><\/div>\n\n\n\n<div class=\"wp-block-column is-layout-flow wp-block-column-is-layout-flow\"><\/div>\n<\/div>\n\n\n\n<div style=\"height:21px\" aria-hidden=\"true\" class=\"wp-block-spacer\"><\/div>\n\n\n\n<div class=\"wp-block-columns is-layout-flex wp-container-core-columns-is-layout-28f84493 wp-block-columns-is-layout-flex\">\n<div class=\"wp-block-column is-layout-flow wp-block-column-is-layout-flow\">\n<p style=\"font-size:15px\"><strong>Professeurs lyc\u00e9e<\/strong><br>Ulug ARNAS<br>Thierry BAUDOIN<br>Julien BONVALET<br>Benoit CARRIER<br>Arnaud DUCLOS<br>Karine MEDINA-MORETTO<br>Lionel PECOUT<br>Olivier TORRENS<\/p>\n<\/div>\n\n\n\n<div class=\"wp-block-column is-layout-flow wp-block-column-is-layout-flow\">\n<p style=\"font-size:15px\"><strong>Professeurs coll\u00e8ge<\/strong><br>Marine CHETAUD-IRLANDES<br>Philippe CORFMAT<br>H\u00e9l\u00e8ne DEFOURMEAUX<br>Jean-Emile HOUDELETTE<br>Florent LEVEQUE<br>S\u00e9bastien LOCHET<br>S\u00e9bastien ORDUNA<\/p>\n<\/div>\n\n\n\n<div class=\"wp-block-column is-layout-flow wp-block-column-is-layout-flow\">\n<p style=\"font-size:15px\"><strong>Professeurs du Priv\u00e9<\/strong><br>Olivier ROUGEON<br>Iban GOYETCHE<\/p>\n<\/div>\n<\/div>\n\n\n\n<div style=\"height:21px\" aria-hidden=\"true\" class=\"wp-block-spacer\"><\/div>\n\n\n\n<div class=\"wp-block-columns is-layout-flex wp-container-core-columns-is-layout-28f84493 wp-block-columns-is-layout-flex\">\n<div class=\"wp-block-column is-layout-flow wp-block-column-is-layout-flow\">\n<p style=\"font-size:15px\"><strong>Partenariat acad\u00e9mie de Toulouse<\/strong><br>Jean-Paul CASTRO (IA-IPR)<br>Jean-Fran\u00e7ois PARMENTIER (Chercheur \u00e0 l&rsquo;IRIT)<\/p>\n<\/div>\n\n\n\n<div class=\"wp-block-column is-layout-flow wp-block-column-is-layout-flow\"><\/div>\n\n\n\n<div class=\"wp-block-column is-layout-flow wp-block-column-is-layout-flow\"><\/div>\n<\/div>\n\n\n\n<figure class=\"wp-block-image aligncenter size-full\"><a href=\"mailto:Bruno.Mombelli@ac-bordeaux.fr\" target=\"_blank\" rel=\" noreferrer noopener\"><img loading=\"lazy\" decoding=\"async\" width=\"194\" height=\"50\" src=\"https:\/\/ent2d.ac-bordeaux.fr\/disciplines\/physique-chimie\/wp-content\/uploads\/sites\/82\/2026\/04\/Contacter-groupe.png\" alt=\"\" class=\"wp-image-3079\" srcset=\"https:\/\/ent2d.ac-bordeaux.fr\/disciplines\/physique-chimie\/wp-content\/uploads\/sites\/82\/2026\/04\/Contacter-groupe.png 194w, https:\/\/ent2d.ac-bordeaux.fr\/disciplines\/physique-chimie\/wp-content\/uploads\/sites\/82\/2026\/04\/Contacter-groupe-150x39.png 150w\" sizes=\"auto, (max-width: 194px) 100vw, 194px\" \/><\/a><\/figure>\n\n\n\n<div style=\"height:0px\" aria-hidden=\"true\" class=\"wp-block-spacer\"><\/div>\n\n\n\n<div style=\"height:0px\" aria-hidden=\"true\" id=\"Implication\" class=\"wp-block-spacer\"><\/div>\n\n\n\n<hr class=\"wp-block-separator aligncenter has-alpha-channel-opacity is-style-wide\" \/>\n\n\n\n<h2 class=\"wp-block-heading has-vivid-cyan-blue-color has-text-color has-link-color wp-elements-182437af719801823a57da712344246f\" style=\"font-size:25px\"><strong>Travail et implication de l&rsquo;\u00e9l\u00e8ves<\/strong><\/h2>\n\n\n\n<p class=\"has-medium-font-size\"><strong>Programme et objets d\u2019\u00e9tude :<\/strong><\/p>\n\n\n\n<p style=\"font-size:18px\">-D\u00e9velopper une expertise sur le travail personnel et l\u2019activit\u00e9 de l\u2019\u00e9l\u00e8ve, en s&rsquo;appuyant sur le programme Apprenance de l\u2019acad\u00e9mie de Grenoble.<br>-Concevoir, tester et analyser des situations p\u00e9dagogiques afin de favoriser l\u2019engagement cognitif des \u00e9l\u00e8ves, sans alourdir la charge de travail des enseignants.<br><\/p>\n\n\n\n<p class=\"has-medium-font-size\"><strong>Participants :<\/strong><\/p>\n\n\n\n<div class=\"wp-block-columns is-layout-flex wp-container-core-columns-is-layout-28f84493 wp-block-columns-is-layout-flex\">\n<div class=\"wp-block-column is-layout-flow wp-block-column-is-layout-flow\">\n<p style=\"font-size:15px\"><strong>Inspecteur<\/strong><br>Gianni COLAMONICO<\/p>\n<\/div>\n\n\n\n<div class=\"wp-block-column is-layout-flow wp-block-column-is-layout-flow\"><\/div>\n\n\n\n<div class=\"wp-block-column is-layout-flow wp-block-column-is-layout-flow\"><\/div>\n<\/div>\n\n\n\n<figure class=\"wp-block-image aligncenter size-full\"><a href=\"mailto:Gianni-Carmelo.Colamonico@ac-bordeaux.fr\" target=\"_blank\" rel=\" noreferrer noopener\"><img loading=\"lazy\" decoding=\"async\" width=\"194\" height=\"50\" src=\"https:\/\/ent2d.ac-bordeaux.fr\/disciplines\/physique-chimie\/wp-content\/uploads\/sites\/82\/2026\/04\/Contacter-groupe.png\" alt=\"\" class=\"wp-image-3079\" srcset=\"https:\/\/ent2d.ac-bordeaux.fr\/disciplines\/physique-chimie\/wp-content\/uploads\/sites\/82\/2026\/04\/Contacter-groupe.png 194w, https:\/\/ent2d.ac-bordeaux.fr\/disciplines\/physique-chimie\/wp-content\/uploads\/sites\/82\/2026\/04\/Contacter-groupe-150x39.png 150w\" sizes=\"auto, (max-width: 194px) 100vw, 194px\" \/><\/a><\/figure>\n\n\n\n<div style=\"height:21px\" aria-hidden=\"true\" class=\"wp-block-spacer\"><\/div>\n\n\n\n<div style=\"height:0px\" aria-hidden=\"true\" id=\"Orientation\" class=\"wp-block-spacer\"><\/div>\n\n\n\n<hr class=\"wp-block-separator aligncenter has-alpha-channel-opacity is-style-wide\" \/>\n\n\n\n<h2 class=\"wp-block-heading has-vivid-cyan-blue-color has-text-color has-link-color wp-elements-1f699580d7981b68f724ee60eb3fa8e2\" style=\"font-size:25px\"><strong>Orientation et physique-chimie<\/strong><\/h2>\n\n\n\n<p class=\"has-medium-font-size\"><strong>Programme et objets d\u2019\u00e9tude :<\/strong><\/p>\n\n\n\n<p style=\"font-size:18px\">-Soutenir l\u2019accompagnement \u00e0 l\u2019orientation des \u00e9l\u00e8ves, en int\u00e9grant dans les enseignements des activit\u00e9s li\u00e9es aux m\u00e9tiers et aux formations.<br>-Favoriser la connaissance de soi, de lutter contre les st\u00e9r\u00e9otypes, et d\u2019aider les \u00e9l\u00e8ves \u00e0 faire des choix de parcours \u00e9clair\u00e9s.<br>-Produire des outils comme les fiches activit\u00e9s m\u00e9tiers ou le livret de comp\u00e9tences \u00e0 s\u2019orienter.<\/p>\n\n\n\n<p class=\"has-medium-font-size\"><strong>Participants :<\/strong><\/p>\n\n\n\n<div class=\"wp-block-columns is-layout-flex wp-container-core-columns-is-layout-28f84493 wp-block-columns-is-layout-flex\">\n<div class=\"wp-block-column is-layout-flow wp-block-column-is-layout-flow\">\n<p style=\"font-size:15px\"><strong>Inspecteur<\/strong><br>David DAURIAC<\/p>\n<\/div>\n\n\n\n<div class=\"wp-block-column is-layout-flow wp-block-column-is-layout-flow\"><\/div>\n\n\n\n<div class=\"wp-block-column is-layout-flow wp-block-column-is-layout-flow\"><\/div>\n<\/div>\n\n\n\n<figure class=\"wp-block-image aligncenter size-full\"><a href=\"mailto:David.Dauriac@ac-bordeaux.fr\" target=\"_blank\" rel=\" noreferrer noopener\"><img loading=\"lazy\" decoding=\"async\" width=\"194\" height=\"50\" src=\"https:\/\/ent2d.ac-bordeaux.fr\/disciplines\/physique-chimie\/wp-content\/uploads\/sites\/82\/2026\/04\/Contacter-groupe.png\" alt=\"\" class=\"wp-image-3079\" srcset=\"https:\/\/ent2d.ac-bordeaux.fr\/disciplines\/physique-chimie\/wp-content\/uploads\/sites\/82\/2026\/04\/Contacter-groupe.png 194w, https:\/\/ent2d.ac-bordeaux.fr\/disciplines\/physique-chimie\/wp-content\/uploads\/sites\/82\/2026\/04\/Contacter-groupe-150x39.png 150w\" sizes=\"auto, (max-width: 194px) 100vw, 194px\" \/><\/a><\/figure>\n\n\n\n<div style=\"height:21px\" aria-hidden=\"true\" class=\"wp-block-spacer\"><\/div>\n\n\n\n<div style=\"height:0px\" aria-hidden=\"true\" id=\"Experimentation\" class=\"wp-block-spacer\"><\/div>\n\n\n\n<hr class=\"wp-block-separator aligncenter has-alpha-channel-opacity is-style-wide\" \/>\n\n\n\n<h2 class=\"wp-block-heading has-vivid-cyan-blue-color has-text-color has-link-color wp-elements-9457ff3c75942035d233c884f57b76d6\" style=\"font-size:25px\"><strong>Exp\u00e9rimentation au coll\u00e8ge<\/strong><\/h2>\n\n\n\n<p class=\"has-medium-font-size\"><strong>Programme et objets d\u2019\u00e9tude :<\/strong><\/p>\n\n\n\n<p style=\"font-size:18px\">-Proposer diff\u00e9rentes modalit\u00e9s d\u2019organisation et de pratiques p\u00e9dagogiques pour favoriser l\u2019exp\u00e9rimentation au coll\u00e8ge<\/p>\n\n\n\n<p class=\"has-medium-font-size\"><strong>Participants :<\/strong><\/p>\n\n\n\n<div class=\"wp-block-columns is-layout-flex wp-container-core-columns-is-layout-28f84493 wp-block-columns-is-layout-flex\">\n<div class=\"wp-block-column is-layout-flow wp-block-column-is-layout-flow\">\n<p style=\"font-size:15px\"><strong>Inspecteurs<\/strong><br>Christophe BERTHIER-BELLEARD<br>David DAURIAC<\/p>\n<\/div>\n\n\n\n<div class=\"wp-block-column is-layout-flow wp-block-column-is-layout-flow\"><\/div>\n\n\n\n<div class=\"wp-block-column is-layout-flow wp-block-column-is-layout-flow\"><\/div>\n<\/div>\n\n\n\n<figure class=\"wp-block-image aligncenter size-full\"><a href=\"mailto:Christophe.Berthier-Belleard@ac-bordeaux.fr\" target=\"_blank\" rel=\" noreferrer noopener\"><img loading=\"lazy\" decoding=\"async\" width=\"194\" height=\"50\" src=\"https:\/\/ent2d.ac-bordeaux.fr\/disciplines\/physique-chimie\/wp-content\/uploads\/sites\/82\/2026\/04\/Contacter-groupe.png\" alt=\"\" class=\"wp-image-3079\" srcset=\"https:\/\/ent2d.ac-bordeaux.fr\/disciplines\/physique-chimie\/wp-content\/uploads\/sites\/82\/2026\/04\/Contacter-groupe.png 194w, https:\/\/ent2d.ac-bordeaux.fr\/disciplines\/physique-chimie\/wp-content\/uploads\/sites\/82\/2026\/04\/Contacter-groupe-150x39.png 150w\" sizes=\"auto, (max-width: 194px) 100vw, 194px\" \/><\/a><\/figure>\n\n\n\n<div style=\"height:21px\" aria-hidden=\"true\" class=\"wp-block-spacer\"><\/div>\n\n\n\n<div style=\"height:0px\" aria-hidden=\"true\" class=\"wp-block-spacer\"><\/div>\n\n\n\n<hr class=\"wp-block-separator aligncenter has-alpha-channel-opacity is-style-wide\" \/>\n","protected":false},"excerpt":{"rendered":"<p>-IA et physique-chimie-Travail et implication de l&rsquo;\u00e9l\u00e8ve-Orientation et physique-chimie-Exp\u00e9rimentation au coll\u00e8ge IA et physique-chimie Programme et objets d\u2019\u00e9tude : -Comprendre<\/p>\n","protected":false},"author":940,"featured_media":0,"parent":0,"menu_order":0,"comment_status":"closed","ping_status":"closed","template":"","meta":{"footnotes":""},"class_list":["post-2066","page","type-page","status-publish","hentry"],"_links":{"self":[{"href":"https:\/\/ent2d.ac-bordeaux.fr\/disciplines\/physique-chimie\/wp-json\/wp\/v2\/pages\/2066","targetHints":{"allow":["GET"]}}],"collection":[{"href":"https:\/\/ent2d.ac-bordeaux.fr\/disciplines\/physique-chimie\/wp-json\/wp\/v2\/pages"}],"about":[{"href":"https:\/\/ent2d.ac-bordeaux.fr\/disciplines\/physique-chimie\/wp-json\/wp\/v2\/types\/page"}],"author":[{"embeddable":true,"href":"https:\/\/ent2d.ac-bordeaux.fr\/disciplines\/physique-chimie\/wp-json\/wp\/v2\/users\/940"}],"replies":[{"embeddable":true,"href":"https:\/\/ent2d.ac-bordeaux.fr\/disciplines\/physique-chimie\/wp-json\/wp\/v2\/comments?post=2066"}],"version-history":[{"count":13,"href":"https:\/\/ent2d.ac-bordeaux.fr\/disciplines\/physique-chimie\/wp-json\/wp\/v2\/pages\/2066\/revisions"}],"predecessor-version":[{"id":3093,"href":"https:\/\/ent2d.ac-bordeaux.fr\/disciplines\/physique-chimie\/wp-json\/wp\/v2\/pages\/2066\/revisions\/3093"}],"wp:attachment":[{"href":"https:\/\/ent2d.ac-bordeaux.fr\/disciplines\/physique-chimie\/wp-json\/wp\/v2\/media?parent=2066"}],"curies":[{"name":"wp","href":"https:\/\/api.w.org\/{rel}","templated":true}]}}