{"id":2063,"date":"2024-04-22T18:12:45","date_gmt":"2024-04-22T17:12:45","guid":{"rendered":"https:\/\/ent2d.ac-bordeaux.fr\/disciplines\/sciences-physiques-bas\/?page_id=2063"},"modified":"2025-10-25T13:16:54","modified_gmt":"2025-10-25T12:16:54","slug":"rdvc-inspection-accompagnement","status":"publish","type":"page","link":"https:\/\/ent2d.ac-bordeaux.fr\/disciplines\/physique-chimie\/rdvc-inspection-accompagnement\/","title":{"rendered":"RDVC Inspection, accompagnement"},"content":{"rendered":"\n<div data-wp-interactive=\"core\/file\" class=\"wp-block-file\"><object data-wp-bind--hidden=\"!state.hasPdfPreview\" hidden class=\"wp-block-file__embed\" data=\"https:\/\/ent2d.ac-bordeaux.fr\/disciplines\/physique-chimie\/wp-content\/uploads\/sites\/82\/2025\/10\/rdvc.pdf\" type=\"application\/pdf\" style=\"width:100%;height:600px\" aria-label=\"Contenu embarqu\u00e9 rdvc.\"><\/object><a id=\"wp-block-file--media-f12f39cb-c8bd-46c8-8945-188e1047a71f\" href=\"https:\/\/ent2d.ac-bordeaux.fr\/disciplines\/physique-chimie\/wp-content\/uploads\/sites\/82\/2025\/10\/rdvc.pdf\">rdvc<\/a><a href=\"https:\/\/ent2d.ac-bordeaux.fr\/disciplines\/physique-chimie\/wp-content\/uploads\/sites\/82\/2025\/10\/rdvc.pdf\" class=\"wp-block-file__button wp-element-button\" download aria-describedby=\"wp-block-file--media-f12f39cb-c8bd-46c8-8945-188e1047a71f\">T\u00e9l\u00e9charger<\/a><\/div>\n\n\n\n<div style=\"height:100px\" aria-hidden=\"true\" class=\"wp-block-spacer\"><\/div>\n\n\n\n<p><strong>Quelques liens utiles:<\/strong><br><a href=\"https:\/\/www.education.gouv.fr\/le-referentiel-de-competences-des-metiers-du-professorat-et-de-l-education-5753\" target=\"_blank\" rel=\"noreferrer noopener\">-Le r\u00e9f\u00e9rentiel des m\u00e9tiers du professorat et de l&rsquo;\u00e9ducation<\/a><br><a href=\"https:\/\/www.education.gouv.fr\/bo\/13\/Hebdo30\/MENE1315928A.htm?cid_bo=73066\" target=\"_blank\" rel=\"noreferrer noopener\">-Bulletin officiel du 25 juillet 2013<\/a><\/p>\n","protected":false},"excerpt":{"rendered":"<p>Quelques liens utiles:-Le r\u00e9f\u00e9rentiel des m\u00e9tiers du professorat et de l&rsquo;\u00e9ducation-Bulletin officiel du 25 juillet 2013<\/p>\n","protected":false},"author":940,"featured_media":0,"parent":0,"menu_order":0,"comment_status":"closed","ping_status":"closed","template":"","meta":{"footnotes":""},"class_list":["post-2063","page","type-page","status-publish","hentry"],"_links":{"self":[{"href":"https:\/\/ent2d.ac-bordeaux.fr\/disciplines\/physique-chimie\/wp-json\/wp\/v2\/pages\/2063","targetHints":{"allow":["GET"]}}],"collection":[{"href":"https:\/\/ent2d.ac-bordeaux.fr\/disciplines\/physique-chimie\/wp-json\/wp\/v2\/pages"}],"about":[{"href":"https:\/\/ent2d.ac-bordeaux.fr\/disciplines\/physique-chimie\/wp-json\/wp\/v2\/types\/page"}],"author":[{"embeddable":true,"href":"https:\/\/ent2d.ac-bordeaux.fr\/disciplines\/physique-chimie\/wp-json\/wp\/v2\/users\/940"}],"replies":[{"embeddable":true,"href":"https:\/\/ent2d.ac-bordeaux.fr\/disciplines\/physique-chimie\/wp-json\/wp\/v2\/comments?post=2063"}],"version-history":[{"count":5,"href":"https:\/\/ent2d.ac-bordeaux.fr\/disciplines\/physique-chimie\/wp-json\/wp\/v2\/pages\/2063\/revisions"}],"predecessor-version":[{"id":3003,"href":"https:\/\/ent2d.ac-bordeaux.fr\/disciplines\/physique-chimie\/wp-json\/wp\/v2\/pages\/2063\/revisions\/3003"}],"wp:attachment":[{"href":"https:\/\/ent2d.ac-bordeaux.fr\/disciplines\/physique-chimie\/wp-json\/wp\/v2\/media?parent=2063"}],"curies":[{"name":"wp","href":"https:\/\/api.w.org\/{rel}","templated":true}]}}