{"id":1126,"date":"2019-05-01T10:36:46","date_gmt":"2019-05-01T09:36:46","guid":{"rendered":"https:\/\/ent2d.ac-bordeaux.fr\/disciplines\/sciences-physiques-bas\/?page_id=1126"},"modified":"2020-04-08T13:34:42","modified_gmt":"2020-04-08T12:34:42","slug":"reforme-du-lycee","status":"publish","type":"page","link":"https:\/\/ent2d.ac-bordeaux.fr\/disciplines\/physique-chimie\/reforme-du-lycee\/","title":{"rendered":"R\u00e9forme du lyc\u00e9e"},"content":{"rendered":"\n<h3 style=\"padding: 3px;border: 4px outset #4cdc67;width: 100px;text-align: center;background-color: #4cdc67\"><strong>Introduction<\/strong><\/h3>\n\n\n<h4>Les documents fournis sont propos\u00e9s en compl\u00e9ment des ressources nationales pr\u00e9sentes sur le site <a href=\"http:\/\/eduscol.education.fr\/pid26017\/programmes-du-lycee.html\" target=\"_blank\" rel=\"noopener noreferrer\">Eduscol<\/a>. Nous remercions les formateurs du groupe acad\u00e9mique \u00ab lyc\u00e9e \u00bb qui les ont produites et les ont utilis\u00e9es en tout ou partie pendant les formations organis\u00e9es au cours de l\u2019ann\u00e9e 2019-2020.<\/h4>\n<h4>Certaines d\u2019entre elles sont des fichiers directement exploitables avec arduino ou sous python. D\u2019autres sont des documents d\u2019activit\u00e9 qui explicitent certaines parties du <a href=\"http:\/\/www.education.gouv.fr\/pid285\/le-bulletin-officiel.html?pid_bo=38502\" target=\"_blank\" rel=\"noopener noreferrer\">bulletin officiel<\/a>.<\/h4>\n<h4><strong>Tous les documents de formation relatifs aux programmes\u00a0 de terminale et aux pr\u00e9sentations sont disponibles sur la page <a href=\"https:\/\/ent2d.ac-bordeaux.fr\/disciplines\/sciences-physiques-bas\/programmes-et-reperes-pour-la-formation-lyc\/\" target=\"_blank\" rel=\"noreferrer noopener\" aria-label=\"&quot;Programmes et rep\u00e8res pour la formation au \ufffclyc\u00e9e (s\u2019ouvre dans un nouvel onglet)\">\u00ab\u00a0Programmes et rep\u00e8res pour la formation au lyc\u00e9e\u00a0\u00bb<\/a><\/strong><\/h4>\n<h4>Les documents de premi\u00e8re se trouvent dans les onglets \u00ab num\u00e9rique p\u00e9dagogique \u00bb et \u00ab mise en activit\u00e9 des \u00e9l\u00e8ves \u00bb\u00a0<u><\/u><\/h4>\n\n\n<p><\/p>\n","protected":false},"excerpt":{"rendered":"<p>Introduction Les documents fournis sont propos\u00e9s en compl\u00e9ment des ressources nationales pr\u00e9sentes sur le site Eduscol. Nous remercions les formateurs<\/p>\n","protected":false},"author":21,"featured_media":0,"parent":0,"menu_order":0,"comment_status":"closed","ping_status":"closed","template":"","meta":{"footnotes":""},"class_list":["post-1126","page","type-page","status-publish","hentry"],"_links":{"self":[{"href":"https:\/\/ent2d.ac-bordeaux.fr\/disciplines\/physique-chimie\/wp-json\/wp\/v2\/pages\/1126","targetHints":{"allow":["GET"]}}],"collection":[{"href":"https:\/\/ent2d.ac-bordeaux.fr\/disciplines\/physique-chimie\/wp-json\/wp\/v2\/pages"}],"about":[{"href":"https:\/\/ent2d.ac-bordeaux.fr\/disciplines\/physique-chimie\/wp-json\/wp\/v2\/types\/page"}],"author":[{"embeddable":true,"href":"https:\/\/ent2d.ac-bordeaux.fr\/disciplines\/physique-chimie\/wp-json\/wp\/v2\/users\/21"}],"replies":[{"embeddable":true,"href":"https:\/\/ent2d.ac-bordeaux.fr\/disciplines\/physique-chimie\/wp-json\/wp\/v2\/comments?post=1126"}],"version-history":[{"count":66,"href":"https:\/\/ent2d.ac-bordeaux.fr\/disciplines\/physique-chimie\/wp-json\/wp\/v2\/pages\/1126\/revisions"}],"predecessor-version":[{"id":1561,"href":"https:\/\/ent2d.ac-bordeaux.fr\/disciplines\/physique-chimie\/wp-json\/wp\/v2\/pages\/1126\/revisions\/1561"}],"wp:attachment":[{"href":"https:\/\/ent2d.ac-bordeaux.fr\/disciplines\/physique-chimie\/wp-json\/wp\/v2\/media?parent=1126"}],"curies":[{"name":"wp","href":"https:\/\/api.w.org\/{rel}","templated":true}]}}