{"id":993,"date":"2019-06-16T15:16:13","date_gmt":"2019-06-16T13:16:13","guid":{"rendered":"https:\/\/ent2d.ac-bordeaux.fr\/disciplines\/philosophie\/?page_id=993"},"modified":"2025-12-28T18:53:13","modified_gmt":"2025-12-28T17:53:13","slug":"humanites-litterature-et-philosophie-les-textes-officiels","status":"publish","type":"page","link":"https:\/\/ent2d.ac-bordeaux.fr\/disciplines\/philosophie\/humanite-lettres-philosophie\/humanites-litterature-et-philosophie-les-textes-officiels\/","title":{"rendered":"Humanit\u00e9s, Litt\u00e9rature et Philosophie: les textes officiels"},"content":{"rendered":"\n<p>Bulletin nationale de l&#8217;\u00e9ducation nationale contenant l&#8217;ensemble des nouveaux programmes en premi\u00e8re: <\/p>\n\n\n\n<div class=\"wp-block-file\"><a href=\"https:\/\/ent2d.ac-bordeaux.fr\/disciplines\/philosophie\/wp-content\/uploads\/sites\/24\/2019\/12\/spe578_annexe_1063002-17-1.pdf\">spe578_annexe_1063002-17<\/a><a href=\"https:\/\/ent2d.ac-bordeaux.fr\/disciplines\/philosophie\/wp-content\/uploads\/sites\/24\/2019\/12\/spe578_annexe_1063002-17-1.pdf\" class=\"wp-block-file__button\" download>T\u00e9l\u00e9charger<\/a><\/div>\n\n\n\n<p>Bulletin nationale de l&#8217;\u00e9ducation nationale contenant l&#8217;ensemble des nouveaux programmes en terminale: <\/p>\n\n\n\n<div class=\"wp-block-file\"><a href=\"https:\/\/ent2d.ac-bordeaux.fr\/disciplines\/philosophie\/wp-content\/uploads\/sites\/24\/2019\/12\/spe255_annexe_1158920.pdf\">spe255_annexe_1158920<\/a><a href=\"https:\/\/ent2d.ac-bordeaux.fr\/disciplines\/philosophie\/wp-content\/uploads\/sites\/24\/2019\/12\/spe255_annexe_1158920.pdf\" class=\"wp-block-file__button\" download>T\u00e9l\u00e9charger<\/a><\/div>\n\n\n\n<p>Recommandations des Inspections g\u00e9n\u00e9rales de Lettres et de Philosophie.<\/p>\n\n\n\n<div class=\"wp-block-file\"><a href=\"https:\/\/ent2d.ac-bordeaux.fr\/disciplines\/philosophie\/wp-content\/uploads\/sites\/24\/2019\/06\/recommandations_igen-lettres-philosophie_hlp-fevrier2019.pdf\">recommandations_igen-lettres-philosophie_hlp-fevrier2019<\/a><a href=\"https:\/\/ent2d.ac-bordeaux.fr\/disciplines\/philosophie\/wp-content\/uploads\/sites\/24\/2019\/06\/recommandations_igen-lettres-philosophie_hlp-fevrier2019.pdf\" class=\"wp-block-file__button\" download>T\u00e9l\u00e9charger<\/a><\/div>\n\n\n\n<p><\/p>\n","protected":false},"excerpt":{"rendered":"<p>Bulletin nationale de l&#8217;\u00e9ducation nationale contenant l&#8217;ensemble des nouveaux programmes en premi\u00e8re: Bulletin nationale de l&#8217;\u00e9ducation nationale contenant l&#8217;ensemble des nouveaux programmes en terminale: Recommandations des Inspections g\u00e9n\u00e9rales de Lettres et de Philosophie.<\/p>\n","protected":false},"author":2078,"featured_media":0,"parent":925,"menu_order":0,"comment_status":"closed","ping_status":"closed","template":"","meta":{"footnotes":""},"class_list":["post-993","page","type-page","status-publish","hentry","nodate","item-wrap"],"_links":{"self":[{"href":"https:\/\/ent2d.ac-bordeaux.fr\/disciplines\/philosophie\/wp-json\/wp\/v2\/pages\/993","targetHints":{"allow":["GET"]}}],"collection":[{"href":"https:\/\/ent2d.ac-bordeaux.fr\/disciplines\/philosophie\/wp-json\/wp\/v2\/pages"}],"about":[{"href":"https:\/\/ent2d.ac-bordeaux.fr\/disciplines\/philosophie\/wp-json\/wp\/v2\/types\/page"}],"author":[{"embeddable":true,"href":"https:\/\/ent2d.ac-bordeaux.fr\/disciplines\/philosophie\/wp-json\/wp\/v2\/users\/2078"}],"replies":[{"embeddable":true,"href":"https:\/\/ent2d.ac-bordeaux.fr\/disciplines\/philosophie\/wp-json\/wp\/v2\/comments?post=993"}],"version-history":[{"count":6,"href":"https:\/\/ent2d.ac-bordeaux.fr\/disciplines\/philosophie\/wp-json\/wp\/v2\/pages\/993\/revisions"}],"predecessor-version":[{"id":1181,"href":"https:\/\/ent2d.ac-bordeaux.fr\/disciplines\/philosophie\/wp-json\/wp\/v2\/pages\/993\/revisions\/1181"}],"up":[{"embeddable":true,"href":"https:\/\/ent2d.ac-bordeaux.fr\/disciplines\/philosophie\/wp-json\/wp\/v2\/pages\/925"}],"wp:attachment":[{"href":"https:\/\/ent2d.ac-bordeaux.fr\/disciplines\/philosophie\/wp-json\/wp\/v2\/media?parent=993"}],"curies":[{"name":"wp","href":"https:\/\/api.w.org\/{rel}","templated":true}]}}