{"id":931,"date":"2019-06-15T15:53:36","date_gmt":"2019-06-15T13:53:36","guid":{"rendered":"https:\/\/ent2d.ac-bordeaux.fr\/disciplines\/philosophie\/?page_id=931"},"modified":"2025-12-28T18:53:06","modified_gmt":"2025-12-28T17:53:06","slug":"humanites-litterature-philosophie","status":"publish","type":"page","link":"https:\/\/ent2d.ac-bordeaux.fr\/disciplines\/philosophie\/humanite-lettres-philosophie\/humanites-litterature-philosophie\/","title":{"rendered":"Humanit\u00e9s, Litt\u00e9rature &amp; Philosophie (1\u00e8re)"},"content":{"rendered":"\n<figure class=\"wp-block-image\"><img loading=\"lazy\" decoding=\"async\" width=\"1024\" height=\"683\" src=\"https:\/\/ent2d.ac-bordeaux.fr\/disciplines\/philosophie\/wp-content\/uploads\/sites\/24\/2019\/06\/sunset-antique-sunlight-building-monument-arch-725262-pxhere.com_-1024x683.jpg\" alt=\"\" class=\"wp-image-971\" srcset=\"https:\/\/ent2d.ac-bordeaux.fr\/disciplines\/philosophie\/wp-content\/uploads\/sites\/24\/2019\/06\/sunset-antique-sunlight-building-monument-arch-725262-pxhere.com_-1024x683.jpg 1024w, https:\/\/ent2d.ac-bordeaux.fr\/disciplines\/philosophie\/wp-content\/uploads\/sites\/24\/2019\/06\/sunset-antique-sunlight-building-monument-arch-725262-pxhere.com_-300x200.jpg 300w, https:\/\/ent2d.ac-bordeaux.fr\/disciplines\/philosophie\/wp-content\/uploads\/sites\/24\/2019\/06\/sunset-antique-sunlight-building-monument-arch-725262-pxhere.com_-768x512.jpg 768w, https:\/\/ent2d.ac-bordeaux.fr\/disciplines\/philosophie\/wp-content\/uploads\/sites\/24\/2019\/06\/sunset-antique-sunlight-building-monument-arch-725262-pxhere.com_.jpg 1920w\" sizes=\"auto, (max-width: 1024px) 100vw, 1024px\" \/><\/figure>\n\n\n\n<h4 class=\"wp-block-heading\"><strong>Propositions de s\u00e9ances pour le premier semestre: le pouvoir de la parole<\/strong><\/h4>\n\n\n\n<p><\/p>\n\n\n\n<p style=\"background-color:#961a1a\" class=\"has-text-color has-background has-very-light-gray-color\"><strong>Liste de textes utilisables durant la s\u00e9quence : <\/strong><\/p>\n\n\n\n<div class=\"wp-block-file\"><a href=\"https:\/\/ent2d.ac-bordeaux.fr\/disciplines\/philosophie\/wp-content\/uploads\/sites\/24\/2019\/06\/Chap1_philo-textes.pdf\">En philosophie : Chap1_philo-textes<\/a><a href=\"https:\/\/ent2d.ac-bordeaux.fr\/disciplines\/philosophie\/wp-content\/uploads\/sites\/24\/2019\/06\/Chap1_philo-textes.pdf\" class=\"wp-block-file__button\" download>T\u00e9l\u00e9charger<\/a><\/div>\n\n\n\n<div class=\"wp-block-file\"><a href=\"https:\/\/ent2d.ac-bordeaux.fr\/disciplines\/philosophie\/wp-content\/uploads\/sites\/24\/2019\/06\/corpus-parole-et-mensonge.doc\">En lettres: corpus  parole et mensonge<\/a><a href=\"https:\/\/ent2d.ac-bordeaux.fr\/disciplines\/philosophie\/wp-content\/uploads\/sites\/24\/2019\/06\/corpus-parole-et-mensonge.doc\" class=\"wp-block-file__button\" download>T\u00e9l\u00e9charger<\/a><\/div>\n\n\n\n<p><\/p>\n\n\n\n<p style=\"background-color:#8d0f0f\" class=\"has-text-color has-background has-very-light-gray-color\"><strong>Propositions de probl\u00e9matisation des s\u00e9quences sur le pouvoir de la parole <\/strong>:<\/p>\n\n\n\n<div class=\"wp-block-file\"><a href=\"https:\/\/ent2d.ac-bordeaux.fr\/disciplines\/philosophie\/wp-content\/uploads\/sites\/24\/2019\/06\/Probl\u00e9matisation-disciplinaire.pdf\">Probl\u00e9matisation en philosophie par R\u00e9mi Navaron<\/a><a href=\"https:\/\/ent2d.ac-bordeaux.fr\/disciplines\/philosophie\/wp-content\/uploads\/sites\/24\/2019\/06\/Probl\u00e9matisation-disciplinaire.pdf\" class=\"wp-block-file__button\" download>T\u00e9l\u00e9charger<\/a><\/div>\n\n\n\n<div class=\"wp-block-file\"><a href=\"https:\/\/ent2d.ac-bordeaux.fr\/disciplines\/philosophie\/wp-content\/uploads\/sites\/24\/2019\/11\/Probl\u00e9matisation-en-philosophie-par-Val\u00e9rie-Bonnet-1-2.pdf\">Probl\u00e9matisation-en-philosophie-par-Val\u00e9rie-Bonnet-1-2<\/a><a href=\"https:\/\/ent2d.ac-bordeaux.fr\/disciplines\/philosophie\/wp-content\/uploads\/sites\/24\/2019\/11\/Probl\u00e9matisation-en-philosophie-par-Val\u00e9rie-Bonnet-1-2.pdf\" class=\"wp-block-file__button\" download>T\u00e9l\u00e9charger<\/a><\/div>\n\n\n\n<p style=\"background-color:#8f2121\" class=\"has-text-color has-background has-very-light-gray-color\"><strong>Documents num\u00e9riques propos\u00e9s:<\/strong><\/p>\n\n\n\n<p><a href=\"https:\/\/www.youtube.com\/watch?v=ZR_9szJKAPU\">La vid\u00e9o du <\/a><em><a href=\"https:\/\/www.youtube.com\/watch?v=ZR_9szJKAPU\">Stagirite<\/a><\/em><a href=\"https:\/\/www.youtube.com\/watch?v=ZR_9szJKAPU\"> sur la langue de bois<\/a><\/p>\n\n\n\n<p><a href=\"https:\/\/www.youtube.com\/watch?v=_Xv5iiyeQdA&amp;t=539s\">La vid\u00e9o de <\/a><em><a href=\"https:\/\/www.youtube.com\/watch?v=_Xv5iiyeQdA&amp;t=539s\">Defakator<\/a><\/em><a href=\"https:\/\/www.youtube.com\/watch?v=_Xv5iiyeQdA&amp;t=539s\"> sur les proc\u00e9d\u00e9s rh\u00e9toriques<\/a><\/p>\n\n\n\n<p><a href=\"https:\/\/www.youtube.com\/watch?v=M1aynyzCdn8\">Un extrait vid\u00e9o tir\u00e9 du documentaire <\/a><em><a href=\"https:\/\/www.youtube.com\/watch?v=M1aynyzCdn8\">\u00c0 voix haute<\/a><\/em><\/p>\n\n\n\n<p><a href=\"https:\/\/www.youtube.com\/watch?v=Xb1gX18EEV0&amp;t=95s\">Un extrait du film <\/a><em><a href=\"https:\/\/www.youtube.com\/watch?v=Xb1gX18EEV0&amp;t=95s\">Ridicule<\/a><\/em><a href=\"https:\/\/www.youtube.com\/watch?v=Xb1gX18EEV0&amp;t=95s\"> de Patrice Leconte<\/a><\/p>\n\n\n\n<p><a href=\"https:\/\/www.youtube.com\/watch?v=kEoNVUcUJLs\">Un extrait du film <\/a><em><a href=\"https:\/\/www.youtube.com\/watch?v=kEoNVUcUJLs\">Le D\u00eener de cons<\/a><\/em><a href=\"https:\/\/www.youtube.com\/watch?v=kEoNVUcUJLs\"> de Francis Veber<\/a><\/p>\n\n\n\n<p style=\"color:#ca7b49\" class=\"has-text-color\">______________________________________________________________________________<\/p>\n\n\n\n<figure class=\"wp-block-image\"><img loading=\"lazy\" decoding=\"async\" width=\"1024\" height=\"682\" src=\"https:\/\/ent2d.ac-bordeaux.fr\/disciplines\/philosophie\/wp-content\/uploads\/sites\/24\/2019\/06\/map-vintage-compass-east-west-south-1418873-pxhere.com_-1024x682.jpg\" alt=\"\" class=\"wp-image-972\" srcset=\"https:\/\/ent2d.ac-bordeaux.fr\/disciplines\/philosophie\/wp-content\/uploads\/sites\/24\/2019\/06\/map-vintage-compass-east-west-south-1418873-pxhere.com_-1024x682.jpg 1024w, https:\/\/ent2d.ac-bordeaux.fr\/disciplines\/philosophie\/wp-content\/uploads\/sites\/24\/2019\/06\/map-vintage-compass-east-west-south-1418873-pxhere.com_-300x200.jpg 300w, https:\/\/ent2d.ac-bordeaux.fr\/disciplines\/philosophie\/wp-content\/uploads\/sites\/24\/2019\/06\/map-vintage-compass-east-west-south-1418873-pxhere.com_-768x511.jpg 768w\" sizes=\"auto, (max-width: 1024px) 100vw, 1024px\" \/><\/figure>\n\n\n\n<h4 class=\"wp-block-heading\"><strong>Propositions de s\u00e9ances pour le second semestre: repr\u00e9sentations du monde<\/strong><\/h4>\n\n\n\n<p style=\"color:#ca7b49\" class=\"has-text-color\">______________________________________________________________________________<\/p>\n\n\n\n<p style=\"background-color:#ca7b49\" class=\"has-text-color has-background has-very-light-gray-color\"><strong>Liste de textes utilisables durant la s\u00e9quence en philosophie<\/strong><\/p>\n\n\n\n<div class=\"wp-block-file\"><a href=\"https:\/\/ent2d.ac-bordeaux.fr\/disciplines\/philosophie\/wp-content\/uploads\/sites\/24\/2019\/06\/Philo_Textes-d\u00e9couverte-du-monde.pdf\"><strong>Parcours 1:<br><\/strong><br>Philo_Textes d\u00e9couverte du monde<\/a><a href=\"https:\/\/ent2d.ac-bordeaux.fr\/disciplines\/philosophie\/wp-content\/uploads\/sites\/24\/2019\/06\/Philo_Textes-d\u00e9couverte-du-monde.pdf\" class=\"wp-block-file__button\" download>T\u00e9l\u00e9charger<\/a><\/div>\n\n\n\n<div class=\"wp-block-file\"><a href=\"https:\/\/ent2d.ac-bordeaux.fr\/disciplines\/philosophie\/wp-content\/uploads\/sites\/24\/2019\/06\/P_L-_Entree-dans-le-parcours-_Cartes-XIV-XVIe.docx\">P_L _Entree dans le parcours _Cartes XIV-XVIe<\/a><a href=\"https:\/\/ent2d.ac-bordeaux.fr\/disciplines\/philosophie\/wp-content\/uploads\/sites\/24\/2019\/06\/P_L-_Entree-dans-le-parcours-_Cartes-XIV-XVIe.docx\" class=\"wp-block-file__button\" download>T\u00e9l\u00e9charger<\/a><\/div>\n\n\n\n<p><strong>Parcours 2:<\/strong><\/p>\n\n\n\n<div class=\"wp-block-file\"><a href=\"https:\/\/ent2d.ac-bordeaux.fr\/disciplines\/philosophie\/wp-content\/uploads\/sites\/24\/2019\/06\/Biblio-animal.docx\">Biblio animal<\/a><a href=\"https:\/\/ent2d.ac-bordeaux.fr\/disciplines\/philosophie\/wp-content\/uploads\/sites\/24\/2019\/06\/Biblio-animal.docx\" class=\"wp-block-file__button\" download>T\u00e9l\u00e9charger<\/a><\/div>\n\n\n\n<div class=\"wp-block-file\"><a href=\"https:\/\/ent2d.ac-bordeaux.fr\/disciplines\/philosophie\/wp-content\/uploads\/sites\/24\/2019\/06\/Philo_Textes-d\u00e9couverte-du-monde-1.pdf\">Philo_Textes d\u00e9couverte du monde<\/a><a href=\"https:\/\/ent2d.ac-bordeaux.fr\/disciplines\/philosophie\/wp-content\/uploads\/sites\/24\/2019\/06\/Philo_Textes-d\u00e9couverte-du-monde-1.pdf\" class=\"wp-block-file__button\" download>T\u00e9l\u00e9charger<\/a><\/div>\n\n\n\n<p><\/p>\n\n\n\n<p style=\"background-color:#ca7b49\" class=\"has-text-color has-background has-very-light-gray-color\"><strong>Liste de textes utilisables durant la s\u00e9quence en lettres<\/strong><\/p>\n\n\n\n<div class=\"wp-block-file\"><a href=\"https:\/\/ent2d.ac-bordeaux.fr\/disciplines\/philosophie\/wp-content\/uploads\/sites\/24\/2019\/06\/L1.Cosmogonies_poetiques.docx\"><strong>Parcours 1:<\/strong> <br><br>L1.Cosmogonies_poetiques<\/a><a href=\"https:\/\/ent2d.ac-bordeaux.fr\/disciplines\/philosophie\/wp-content\/uploads\/sites\/24\/2019\/06\/L1.Cosmogonies_poetiques.docx\" class=\"wp-block-file__button\" download>T\u00e9l\u00e9charger<\/a><\/div>\n\n\n\n<div class=\"wp-block-file\"><a href=\"https:\/\/ent2d.ac-bordeaux.fr\/disciplines\/philosophie\/wp-content\/uploads\/sites\/24\/2019\/06\/L2.Voyages_sur_la_lune-.docx\">L2.Voyages_sur_la_lune&nbsp;<\/a><a href=\"https:\/\/ent2d.ac-bordeaux.fr\/disciplines\/philosophie\/wp-content\/uploads\/sites\/24\/2019\/06\/L2.Voyages_sur_la_lune-.docx\" class=\"wp-block-file__button\" download>T\u00e9l\u00e9charger<\/a><\/div>\n\n\n\n<div class=\"wp-block-file\"><a href=\"https:\/\/ent2d.ac-bordeaux.fr\/disciplines\/philosophie\/wp-content\/uploads\/sites\/24\/2019\/06\/L2bis.-Vertiges_de_limmensite.docx\">L2bis. Vertiges_de_limmensite<\/a><a href=\"https:\/\/ent2d.ac-bordeaux.fr\/disciplines\/philosophie\/wp-content\/uploads\/sites\/24\/2019\/06\/L2bis.-Vertiges_de_limmensite.docx\" class=\"wp-block-file__button\" download>T\u00e9l\u00e9charger<\/a><\/div>\n\n\n\n<div class=\"wp-block-file\"><a href=\"https:\/\/ent2d.ac-bordeaux.fr\/disciplines\/philosophie\/wp-content\/uploads\/sites\/24\/2019\/06\/L4.-Escher.doc\">L4. Escher<\/a><a href=\"https:\/\/ent2d.ac-bordeaux.fr\/disciplines\/philosophie\/wp-content\/uploads\/sites\/24\/2019\/06\/L4.-Escher.doc\" class=\"wp-block-file__button\" download>T\u00e9l\u00e9charger<\/a><\/div>\n\n\n\n<div class=\"wp-block-file\"><a href=\"https:\/\/ent2d.ac-bordeaux.fr\/disciplines\/philosophie\/wp-content\/uploads\/sites\/24\/2019\/06\/L5_creation-homme_place-homme-dans-l-univers.docx\">L5_creation homme_place homme dans l univers<\/a><a href=\"https:\/\/ent2d.ac-bordeaux.fr\/disciplines\/philosophie\/wp-content\/uploads\/sites\/24\/2019\/06\/L5_creation-homme_place-homme-dans-l-univers.docx\" class=\"wp-block-file__button\" download>T\u00e9l\u00e9charger<\/a><\/div>\n\n\n\n<div class=\"wp-block-file\"><a href=\"https:\/\/ent2d.ac-bordeaux.fr\/disciplines\/philosophie\/wp-content\/uploads\/sites\/24\/2019\/06\/L5bis_decouverte-du-monde.docx\">L5bis_decouverte du monde<\/a><a href=\"https:\/\/ent2d.ac-bordeaux.fr\/disciplines\/philosophie\/wp-content\/uploads\/sites\/24\/2019\/06\/L5bis_decouverte-du-monde.docx\" class=\"wp-block-file__button\" download>T\u00e9l\u00e9charger<\/a><\/div>\n\n\n\n<p><strong>Parcours 2:<\/strong><\/p>\n\n\n\n<div class=\"wp-block-file\"><a href=\"https:\/\/ent2d.ac-bordeaux.fr\/disciplines\/philosophie\/wp-content\/uploads\/sites\/24\/2019\/06\/L1.-Lenfant_cruel_face_a_lanimal.docx\">L1. Lenfant_cruel_face_a_l&#8217;animal<\/a><a href=\"https:\/\/ent2d.ac-bordeaux.fr\/disciplines\/philosophie\/wp-content\/uploads\/sites\/24\/2019\/06\/L1.-Lenfant_cruel_face_a_lanimal.docx\" class=\"wp-block-file__button\" download>T\u00e9l\u00e9charger<\/a><\/div>\n\n\n\n<div class=\"wp-block-file\"><a href=\"https:\/\/ent2d.ac-bordeaux.fr\/disciplines\/philosophie\/wp-content\/uploads\/sites\/24\/2019\/06\/L2.-Homme-et-animal-paroles-de-b\u00eates.docx\">L2. Homme et animal &#8211; paroles de b\u00eates<\/a><a href=\"https:\/\/ent2d.ac-bordeaux.fr\/disciplines\/philosophie\/wp-content\/uploads\/sites\/24\/2019\/06\/L2.-Homme-et-animal-paroles-de-b\u00eates.docx\" class=\"wp-block-file__button\" download>T\u00e9l\u00e9charger<\/a><\/div>\n\n\n\n<div class=\"wp-block-file\"><a href=\"https:\/\/ent2d.ac-bordeaux.fr\/disciplines\/philosophie\/wp-content\/uploads\/sites\/24\/2019\/06\/L3.-Sauvages_bon_sauvage_barbares.docx\">L3. Sauvages_bon_sauvage_barbares<\/a><a href=\"https:\/\/ent2d.ac-bordeaux.fr\/disciplines\/philosophie\/wp-content\/uploads\/sites\/24\/2019\/06\/L3.-Sauvages_bon_sauvage_barbares.docx\" class=\"wp-block-file__button\" download>T\u00e9l\u00e9charger<\/a><\/div>\n\n\n\n<div class=\"wp-block-file\"><a href=\"https:\/\/ent2d.ac-bordeaux.fr\/disciplines\/philosophie\/wp-content\/uploads\/sites\/24\/2019\/06\/L5.-BESTIAIRE-POETIQUE.doc\">L5. BESTIAIRE POETIQUE<\/a><a href=\"https:\/\/ent2d.ac-bordeaux.fr\/disciplines\/philosophie\/wp-content\/uploads\/sites\/24\/2019\/06\/L5.-BESTIAIRE-POETIQUE.doc\" class=\"wp-block-file__button\" download>T\u00e9l\u00e9charger<\/a><\/div>\n\n\n\n<div class=\"wp-block-file\"><a href=\"https:\/\/ent2d.ac-bordeaux.fr\/disciplines\/philosophie\/wp-content\/uploads\/sites\/24\/2019\/06\/L6.-Des-animaux-et-des-hommes_corpus-complementaire.docx\">L6. Des animaux et des hommes_corpus complementaire<\/a><a href=\"https:\/\/ent2d.ac-bordeaux.fr\/disciplines\/philosophie\/wp-content\/uploads\/sites\/24\/2019\/06\/L6.-Des-animaux-et-des-hommes_corpus-complementaire.docx\" class=\"wp-block-file__button\" download>T\u00e9l\u00e9charger<\/a><\/div>\n\n\n\n<p style=\"background-color:#ca7b49\" class=\"has-text-color has-background has-very-light-gray-color\"><strong>Pr\u00e9sentation propos\u00e9e durant les journ\u00e9es de formation en Juin 2019:<\/strong> <\/p>\n\n\n\n<p><\/p>\n\n\n\n<div class=\"wp-block-file\"><a href=\"https:\/\/ent2d.ac-bordeaux.fr\/disciplines\/philosophie\/wp-content\/uploads\/sites\/24\/2019\/06\/DIAPORAMA-SEMESTRE-2-version-LC-et-VA.pptx\">DIAPORAMA SEMESTRE 2 Parcours 1 &amp; 2<\/a><a href=\"https:\/\/ent2d.ac-bordeaux.fr\/disciplines\/philosophie\/wp-content\/uploads\/sites\/24\/2019\/06\/DIAPORAMA-SEMESTRE-2-version-LC-et-VA.pptx\" class=\"wp-block-file__button\" download>T\u00e9l\u00e9charger<\/a><\/div>\n\n\n\n<p style=\"background-color:#ca7b49\" class=\"has-text-color has-background has-very-light-gray-color\"><strong>Documents num\u00e9riques propos\u00e9s<\/strong><\/p>\n\n\n\n<p><a href=\"https:\/\/www.youtube.com\/watch?v=0heSfNGUMxU\">Au coeur des zoos humains<\/a><\/p>\n\n\n\n<p><a href=\"https:\/\/www.youtube.com\/watch?v=J1VEj2oJIwE\">Abd Al Malik &#8211; Le jeune noir \u00e0 l&#8217;\u00e9p\u00e9e<\/a><\/p>\n\n\n\n<p><a href=\"https:\/\/www.youtube.com\/watch?v=ITwYEIY2FlE\">Interstellar &#8211; Saturne<\/a><\/p>\n\n\n\n<p><a href=\"https:\/\/www.youtube.com\/watch?v=fb5wHOYhB18\">Le paysage dans l&#8217;art chinois &#8211; Mus\u00e9onaute<\/a><\/p>\n\n\n\n<p><a href=\"https:\/\/www.youtube.com\/watch?v=VSOsQbJsUXE\">Les premi\u00e8res cartes de l&#8217;histoire &#8211; Mappe Mundi<\/a><\/p>\n\n\n\n<h4 class=\"wp-block-heading\">Sujets de l&#8217;\u00e9preuve HLP en premi\u00e8re<\/h4>\n\n\n\n<p style=\"background-color:#572586\" class=\"has-text-color has-background has-very-light-gray-color\"><strong>Recommandations<\/strong><\/p>\n\n\n\n<div class=\"wp-block-file\"><a href=\"https:\/\/ent2d.ac-bordeaux.fr\/disciplines\/philosophie\/wp-content\/uploads\/sites\/24\/2021\/08\/ra19_lycee_g_1-t-hlp_oral-enseignement-hlp_1219741-2.pdf\">L&#8217;oral dans l&#8217;enseignement de sp\u00e9cialit\u00e9 HLP<\/a><a href=\"https:\/\/ent2d.ac-bordeaux.fr\/disciplines\/philosophie\/wp-content\/uploads\/sites\/24\/2021\/08\/ra19_lycee_g_1-t-hlp_oral-enseignement-hlp_1219741-2.pdf\" class=\"wp-block-file__button\" download>T\u00e9l\u00e9charger<\/a><\/div>\n\n\n\n<div class=\"wp-block-file\"><a href=\"https:\/\/ent2d.ac-bordeaux.fr\/disciplines\/philosophie\/wp-content\/uploads\/sites\/24\/2021\/08\/ra19_lycee_g_1-t-hlp_philosophie-apprentissage-oral-etude-textes_12197501-3.pdf\">Philosophie : l&#8217;apprentissage de l&#8217;oral au service de l&#8217;\u00e9tude des textes<\/a><a href=\"https:\/\/ent2d.ac-bordeaux.fr\/disciplines\/philosophie\/wp-content\/uploads\/sites\/24\/2021\/08\/ra19_lycee_g_1-t-hlp_philosophie-apprentissage-oral-etude-textes_12197501-3.pdf\" class=\"wp-block-file__button\" download>T\u00e9l\u00e9charger<\/a><\/div>\n\n\n\n<p style=\"background-color:#4d2670\" class=\"has-text-color has-background has-very-light-gray-color\"><strong>Sujets<\/strong><\/p>\n\n\n\n<div class=\"wp-block-file\"><a href=\"https:\/\/ent2d.ac-bordeaux.fr\/disciplines\/philosophie\/wp-content\/uploads\/sites\/24\/2021\/08\/s0bac21-1e-spe-hlp_11334841.pdf\">Sujet 0 num\u00e9ro 1<\/a><a href=\"https:\/\/ent2d.ac-bordeaux.fr\/disciplines\/philosophie\/wp-content\/uploads\/sites\/24\/2021\/08\/s0bac21-1e-spe-hlp_11334841.pdf\" class=\"wp-block-file__button\" download>T\u00e9l\u00e9charger<\/a><\/div>\n\n\n\n<div class=\"wp-block-file\"><a href=\"https:\/\/ent2d.ac-bordeaux.fr\/disciplines\/philosophie\/wp-content\/uploads\/sites\/24\/2021\/08\/ra19_lycee_g_1-t_hlp_exemple-sujet-commente_sujet-zero2_1205357.pdf\">Sujet 0 num\u00e9ro 2<\/a><a href=\"https:\/\/ent2d.ac-bordeaux.fr\/disciplines\/philosophie\/wp-content\/uploads\/sites\/24\/2021\/08\/ra19_lycee_g_1-t_hlp_exemple-sujet-commente_sujet-zero2_1205357.pdf\" class=\"wp-block-file__button\" download>T\u00e9l\u00e9charger<\/a><\/div>\n\n\n\n<div class=\"wp-block-file\"><a href=\"https:\/\/ent2d.ac-bordeaux.fr\/disciplines\/philosophie\/wp-content\/uploads\/sites\/24\/2021\/08\/ra19_lycee_g_1-t_hlp_exemple-sujet-commente_sujet-zero3_1205359.pdf\">Sujet 0 num\u00e9ro 3<\/a><a href=\"https:\/\/ent2d.ac-bordeaux.fr\/disciplines\/philosophie\/wp-content\/uploads\/sites\/24\/2021\/08\/ra19_lycee_g_1-t_hlp_exemple-sujet-commente_sujet-zero3_1205359.pdf\" class=\"wp-block-file__button\" download>T\u00e9l\u00e9charger<\/a><\/div>\n\n\n\n<div class=\"wp-block-file\"><a href=\"https:\/\/ent2d.ac-bordeaux.fr\/disciplines\/philosophie\/wp-content\/uploads\/sites\/24\/2021\/08\/ra19_lycee_g_1-t_hlp_attendus-epreuves_elements-evaluation_1205353-2.pdf\">Attendu des \u00e9preuves<\/a><a href=\"https:\/\/ent2d.ac-bordeaux.fr\/disciplines\/philosophie\/wp-content\/uploads\/sites\/24\/2021\/08\/ra19_lycee_g_1-t_hlp_attendus-epreuves_elements-evaluation_1205353-2.pdf\" class=\"wp-block-file__button\" download>T\u00e9l\u00e9charger<\/a><\/div>\n\n\n\n<div class=\"wp-block-file\"><a href=\"https:\/\/ent2d.ac-bordeaux.fr\/disciplines\/philosophie\/wp-content\/uploads\/sites\/24\/2021\/08\/liens_vers_les_capsules_concernant_l.docx\">Liens vers les capsules alumni concernant l&#8217;enseignement HLP<\/a><a href=\"https:\/\/ent2d.ac-bordeaux.fr\/disciplines\/philosophie\/wp-content\/uploads\/sites\/24\/2021\/08\/liens_vers_les_capsules_concernant_l.docx\" class=\"wp-block-file__button\" download>T\u00e9l\u00e9charger<\/a><\/div>\n\n\n\n<p><a href=\"http:\/\/quandjepasselebac.education.fr\/ec\/#BNS%2FBac%20G\u00e9n\u00e9ral%2FPremi\u00e8re%2FEnseignements%20de%20sp\u00e9cialit\u00e9%2FSp\u00e9cialit\u00e9%20humanit\u00e9s%2C%20litt\u00e9rature%20et%20philosophie%2Fec-2\">Banques nationales des sujets HLP<\/a><\/p>\n","protected":false},"excerpt":{"rendered":"<p>Propositions de s\u00e9ances pour le premier semestre: le pouvoir de la parole Liste de textes utilisables durant la s\u00e9quence : Propositions de probl\u00e9matisation des s\u00e9quences sur le pouvoir de la parole : Documents num\u00e9riques propos\u00e9s: La vid\u00e9o du Stagirite sur la langue de bois La vid\u00e9o de Defakator sur les proc\u00e9d\u00e9s rh\u00e9toriques Un extrait vid\u00e9o &hellip; <\/p>\n<p><a class=\"more-link btn\" href=\"https:\/\/ent2d.ac-bordeaux.fr\/disciplines\/philosophie\/humanite-lettres-philosophie\/humanites-litterature-philosophie\/\">Lire la suite<\/a><\/p>\n","protected":false},"author":2078,"featured_media":0,"parent":925,"menu_order":0,"comment_status":"closed","ping_status":"closed","template":"","meta":{"footnotes":""},"class_list":["post-931","page","type-page","status-publish","hentry","nodate","item-wrap"],"_links":{"self":[{"href":"https:\/\/ent2d.ac-bordeaux.fr\/disciplines\/philosophie\/wp-json\/wp\/v2\/pages\/931","targetHints":{"allow":["GET"]}}],"collection":[{"href":"https:\/\/ent2d.ac-bordeaux.fr\/disciplines\/philosophie\/wp-json\/wp\/v2\/pages"}],"about":[{"href":"https:\/\/ent2d.ac-bordeaux.fr\/disciplines\/philosophie\/wp-json\/wp\/v2\/types\/page"}],"author":[{"embeddable":true,"href":"https:\/\/ent2d.ac-bordeaux.fr\/disciplines\/philosophie\/wp-json\/wp\/v2\/users\/2078"}],"replies":[{"embeddable":true,"href":"https:\/\/ent2d.ac-bordeaux.fr\/disciplines\/philosophie\/wp-json\/wp\/v2\/comments?post=931"}],"version-history":[{"count":29,"href":"https:\/\/ent2d.ac-bordeaux.fr\/disciplines\/philosophie\/wp-json\/wp\/v2\/pages\/931\/revisions"}],"predecessor-version":[{"id":1710,"href":"https:\/\/ent2d.ac-bordeaux.fr\/disciplines\/philosophie\/wp-json\/wp\/v2\/pages\/931\/revisions\/1710"}],"up":[{"embeddable":true,"href":"https:\/\/ent2d.ac-bordeaux.fr\/disciplines\/philosophie\/wp-json\/wp\/v2\/pages\/925"}],"wp:attachment":[{"href":"https:\/\/ent2d.ac-bordeaux.fr\/disciplines\/philosophie\/wp-json\/wp\/v2\/media?parent=931"}],"curies":[{"name":"wp","href":"https:\/\/api.w.org\/{rel}","templated":true}]}}