{"id":792,"date":"2018-07-03T09:48:10","date_gmt":"2018-07-03T07:48:10","guid":{"rendered":"https:\/\/ent2d.ac-bordeaux.fr\/disciplines\/philosophie\/?page_id=792"},"modified":"2025-06-03T22:42:56","modified_gmt":"2025-06-03T20:42:56","slug":"sessions-et-materiels-de-preparation","status":"publish","type":"page","link":"https:\/\/ent2d.ac-bordeaux.fr\/disciplines\/philosophie\/preparation-a-lagregation-interne\/sessions-et-materiels-de-preparation\/","title":{"rendered":"Sessions et mat\u00e9riels de pr\u00e9paration"},"content":{"rendered":"\n<p class=\"has-text-align-center has-white-color has-light-green-cyan-background-color has-text-color has-background has-medium-font-size\"><strong>SESSION 202<\/strong>6<\/p>\n\n\n\n<p class=\"has-text-align-left\"><strong>Premi\u00e8re \u00e9preuve\u00a0: composition de philosophie (explication de texte)<\/strong><br>La Nature<\/p>\n\n\n\n<p><strong>Deuxi\u00e8me \u00e9preuve\u00a0: composition de philosophie (dissertation)<\/strong><br>La Violence <\/p>\n\n\n\n<p>N&#8217;oubliez pas, pour les agr\u00e9gatifs inscrits sur Magist\u00e8re, de jeter un coup d&#8217;oeil \u00e0 la plateforme pour reprendre le parcours de mani\u00e8re coh\u00e9rente !&nbsp;<\/p>\n\n\n\n<p>N&#8217;h\u00e9sitez pas \u00e0 contacter Luc Lannois (luc.lannois@ac-bordeaux.fr) pour toutes vos questions d&#8217;ordre technique.\u00a0<\/p>\n\n\n\n<hr class=\"wp-block-separator has-alpha-channel-opacity\" \/>\n\n\n\n<figure class=\"wp-block-image\"><a href=\"https:\/\/ent2d.ac-bordeaux.fr\/disciplines\/philosophie\/preparation-a-lagregation-interne\/sessions-et-materiels-de-preparation\/capture-decran-2021-08-23-a-13-47-35\/\" rel=\"attachment wp-att-1241\"><img loading=\"lazy\" decoding=\"async\" width=\"300\" height=\"32\" src=\"https:\/\/ent2d.ac-bordeaux.fr\/disciplines\/philosophie\/wp-content\/uploads\/sites\/24\/2021\/08\/Capture-d\u2019\u00e9cran-2021-08-23-\u00e0-13.47.35-300x32.png\" alt=\"\" class=\"wp-image-1241\" srcset=\"https:\/\/ent2d.ac-bordeaux.fr\/disciplines\/philosophie\/wp-content\/uploads\/sites\/24\/2021\/08\/Capture-d\u2019\u00e9cran-2021-08-23-\u00e0-13.47.35-300x32.png 300w, https:\/\/ent2d.ac-bordeaux.fr\/disciplines\/philosophie\/wp-content\/uploads\/sites\/24\/2021\/08\/Capture-d\u2019\u00e9cran-2021-08-23-\u00e0-13.47.35-768x82.png 768w, https:\/\/ent2d.ac-bordeaux.fr\/disciplines\/philosophie\/wp-content\/uploads\/sites\/24\/2021\/08\/Capture-d\u2019\u00e9cran-2021-08-23-\u00e0-13.47.35.png 1024w\" sizes=\"auto, (max-width: 300px) 100vw, 300px\" \/><\/a><\/figure>\n\n\n\n<p><\/p>\n\n\n\n<ul class=\"wp-block-list\">\n<li>Une pr\u00e9sentation sur la notion de v\u00e9rit\u00e9 propos\u00e9 par Laurent Neveu: <a href=\"https:\/\/ent2d.ac-bordeaux.fr\/disciplines\/philosophie\/preparation-a-lagregation-interne\/sessions-et-materiels-de-preparation\/la-verite\/\" rel=\"attachment wp-att-1021\">La v\u00e9rit\u00e9<\/a><\/li>\n\n\n\n<li>Travail sur le sujet: <em>La v\u00e9rit\u00e9 a-t-elle une histoire ?&nbsp;<\/em>&nbsp;<a href=\"https:\/\/ent2d.ac-bordeaux.fr\/disciplines\/philosophie\/preparation-a-lagregation-interne\/sessions-et-materiels-de-preparation\/la-verite-agreg-interne-2\/\" rel=\"attachment wp-att-1153\">La v\u00e9rit\u00e9 &#8211; agreg interne<\/a><\/li>\n\n\n\n<li>Reprise du sujet par Yvan Elissalde: <a href=\"https:\/\/ent2d.ac-bordeaux.fr\/disciplines\/philosophie\/preparation-a-lagregation-interne\/sessions-et-materiels-de-preparation\/la-verite-se-montre-t-elle\/\" rel=\"attachment wp-att-1186\">La v\u00e9rit\u00e9 se montre-t-elle ?<\/a><\/li>\n\n\n\n<li>Reprise par Yvan Elissalde : <a href=\"https:\/\/ent2d.ac-bordeaux.fr\/disciplines\/philosophie\/preparation-a-lagregation-interne\/sessions-et-materiels-de-preparation\/verite-et-realite\/\" rel=\"attachment wp-att-1184\">V\u00c9RIT\u00c9 ET R\u00c9ALIT\u00c9<\/a><\/li>\n\n\n\n<li>Un corrig\u00e9 de l&#8217;<em>\u00c9thique \u00e0 Nicomaque&nbsp;<\/em>III, 7&nbsp;par Marie Gomes:\n<ul class=\"wp-block-list\">\n<li>Le texte: <a href=\"https:\/\/ent2d.ac-bordeaux.fr\/disciplines\/philosophie\/preparation-a-lagregation-interne\/sessions-et-materiels-de-preparation\/prepa-agreg-texte-aristote-injuste-volontairement\/\" rel=\"attachment wp-att-1079\">pr\u00e9pa agreg. Texte Aristote injuste volontairement<\/a><\/li>\n\n\n\n<li>Le corrig\u00e9: <a href=\"https:\/\/ent2d.ac-bordeaux.fr\/disciplines\/philosophie\/preparation-a-lagregation-interne\/sessions-et-materiels-de-preparation\/prepa-agreg-corrige-texte-aristote-sur-la-morale\/\" rel=\"attachment wp-att-1024\">Pr\u00e9pa agreg. Corrig\u00e9 texte Aristote sur la morale<\/a><\/li>\n<\/ul>\n<\/li>\n\n\n\n<li>Texte de Rousseau: <a href=\"https:\/\/ent2d.ac-bordeaux.fr\/disciplines\/philosophie\/preparation-a-lagregation-interne\/sessions-et-materiels-de-preparation\/prepa-agreg-texte-rousseau-sur-la-morale\/\" rel=\"attachment wp-att-1075\">Pr\u00e9pa agreg. Texte Rousseau sur la morale<\/a>\n<ul class=\"wp-block-list\">\n<li>Travail autour d&#8217;un texte de Rousseau: <a href=\"https:\/\/ent2d.ac-bordeaux.fr\/disciplines\/philosophie\/preparation-a-lagregation-interne\/sessions-et-materiels-de-preparation\/prepa-agreg-texte-rousseau-sur-la-morale\/\" rel=\"attachment wp-att-1075\">Pr\u00e9pa agreg. Texte Rousseau sur la morale<\/a><\/li>\n\n\n\n<li>Travail autour d&#8217;un texte de Kant: <a href=\"https:\/\/ent2d.ac-bordeaux.fr\/disciplines\/philosophie\/preparation-a-lagregation-interne\/sessions-et-materiels-de-preparation\/prepa-agreg-texte-kant-sur-la-morale-agregatifs\/\" rel=\"attachment wp-att-1115\">pr\u00e9pa agreg. Texte Kant sur la morale agr\u00e9gatifs<\/a><\/li>\n<\/ul>\n<\/li>\n\n\n\n<li>Correction propos\u00e9e par Marie Gomes pour le texte de Rousseau: <a href=\"https:\/\/ent2d.ac-bordeaux.fr\/disciplines\/philosophie\/preparation-a-lagregation-interne\/sessions-et-materiels-de-preparation\/prepa-agreg-la-morale-corrige-rousseau-1\/\" rel=\"attachment wp-att-1117\">Pr\u00e9pa agreg. La morale. Corrig\u00e9 Rousseau (1)<\/a><\/li>\n\n\n\n<li>Texte de Ricoeur \u00e0 travailler en vue de la s\u00e9ance (qui commence \u00e0 &#8220;<em>Qu&#8217;en est-il maintenant&#8230;<\/em>&#8221; et qui finit \u00e0 &#8220;<em>un d\u00e9pli de l&#8217;ips\u00e9it\u00e9<\/em>&#8221; =&gt; des petites fl\u00e8ches indiquent dans le texte): <a href=\"https:\/\/ent2d.ac-bordeaux.fr\/disciplines\/philosophie\/preparation-a-lagregation-interne\/sessions-et-materiels-de-preparation\/prepa-agreg-texte-ricoeur\/\" rel=\"attachment wp-att-1118\">pr\u00e9pa agreg texte Ricoeur<\/a>\n<ul class=\"wp-block-list\">\n<li>Correction de l&#8217;explication de texte sur Ricoeur: <a href=\"https:\/\/ent2d.ac-bordeaux.fr\/disciplines\/philosophie\/preparation-a-lagregation-interne\/sessions-et-materiels-de-preparation\/prepa-agreg-la-morale-corrige-ricoeur-13-26\/\" rel=\"attachment wp-att-1168\">Pr\u00e9pa agreg. La morale. Corrig\u00e9 Ricoeur 13.26<\/a><\/li>\n<\/ul>\n<\/li>\n<\/ul>\n\n\n\n<p><br><\/p>\n","protected":false},"excerpt":{"rendered":"<p>SESSION 2026 Premi\u00e8re \u00e9preuve\u00a0: composition de philosophie (explication de texte)La Nature Deuxi\u00e8me \u00e9preuve\u00a0: composition de philosophie (dissertation)La Violence N&#8217;oubliez pas, pour les agr\u00e9gatifs inscrits sur Magist\u00e8re, de jeter un coup d&#8217;oeil \u00e0 la plateforme pour reprendre le parcours de mani\u00e8re coh\u00e9rente !&nbsp; N&#8217;h\u00e9sitez pas \u00e0 contacter Luc Lannois (luc.lannois@ac-bordeaux.fr) pour toutes vos questions d&#8217;ordre technique.\u00a0<\/p>\n","protected":false},"author":2078,"featured_media":0,"parent":618,"menu_order":0,"comment_status":"closed","ping_status":"closed","template":"page-templates\/contact.php","meta":{"footnotes":""},"class_list":["post-792","page","type-page","status-publish","hentry","nodate","item-wrap"],"_links":{"self":[{"href":"https:\/\/ent2d.ac-bordeaux.fr\/disciplines\/philosophie\/wp-json\/wp\/v2\/pages\/792","targetHints":{"allow":["GET"]}}],"collection":[{"href":"https:\/\/ent2d.ac-bordeaux.fr\/disciplines\/philosophie\/wp-json\/wp\/v2\/pages"}],"about":[{"href":"https:\/\/ent2d.ac-bordeaux.fr\/disciplines\/philosophie\/wp-json\/wp\/v2\/types\/page"}],"author":[{"embeddable":true,"href":"https:\/\/ent2d.ac-bordeaux.fr\/disciplines\/philosophie\/wp-json\/wp\/v2\/users\/2078"}],"replies":[{"embeddable":true,"href":"https:\/\/ent2d.ac-bordeaux.fr\/disciplines\/philosophie\/wp-json\/wp\/v2\/comments?post=792"}],"version-history":[{"count":63,"href":"https:\/\/ent2d.ac-bordeaux.fr\/disciplines\/philosophie\/wp-json\/wp\/v2\/pages\/792\/revisions"}],"predecessor-version":[{"id":1605,"href":"https:\/\/ent2d.ac-bordeaux.fr\/disciplines\/philosophie\/wp-json\/wp\/v2\/pages\/792\/revisions\/1605"}],"up":[{"embeddable":true,"href":"https:\/\/ent2d.ac-bordeaux.fr\/disciplines\/philosophie\/wp-json\/wp\/v2\/pages\/618"}],"wp:attachment":[{"href":"https:\/\/ent2d.ac-bordeaux.fr\/disciplines\/philosophie\/wp-json\/wp\/v2\/media?parent=792"}],"curies":[{"name":"wp","href":"https:\/\/api.w.org\/{rel}","templated":true}]}}