{"id":689,"date":"2017-10-22T15:00:37","date_gmt":"2017-10-22T13:00:37","guid":{"rendered":"https:\/\/ent2d.ac-bordeaux.fr\/disciplines\/philosophie\/?page_id=689"},"modified":"2025-12-28T18:53:25","modified_gmt":"2025-12-28T17:53:25","slug":"informations-sur-lacces-a-distance-via-loutil-numerique","status":"publish","type":"page","link":"https:\/\/ent2d.ac-bordeaux.fr\/disciplines\/philosophie\/informations-sur-lacces-a-distance-via-loutil-numerique\/","title":{"rendered":"Informations sur l&#8217;acc\u00e8s \u00e0 distance via l&#8217;outil num\u00e9rique"},"content":{"rendered":"<p><a href=\"https:\/\/ent2d.ac-bordeaux.fr\/disciplines\/philosophie\/preparation-a-lagregation-interne\/ban11\/\" rel=\"attachment wp-att-638\"><img loading=\"lazy\" decoding=\"async\" class=\"alignnone wp-image-638\" src=\"https:\/\/ent2d.ac-bordeaux.fr\/disciplines\/philosophie\/wp-content\/uploads\/sites\/24\/2017\/10\/ban11-300x19.jpg\" alt=\"\" width=\"742\" height=\"47\" srcset=\"https:\/\/ent2d.ac-bordeaux.fr\/disciplines\/philosophie\/wp-content\/uploads\/sites\/24\/2017\/10\/ban11-300x19.jpg 300w, https:\/\/ent2d.ac-bordeaux.fr\/disciplines\/philosophie\/wp-content\/uploads\/sites\/24\/2017\/10\/ban11.jpg 728w\" sizes=\"auto, (max-width: 742px) 100vw, 742px\" \/><\/a><\/p>\n<p>&nbsp;<\/p>\n<p><a href=\"https:\/\/ent2d.ac-bordeaux.fr\/disciplines\/philosophie\/informations-sur-lacces-a-distance-via-loutil-numerique\/inscription\/\" rel=\"attachment wp-att-693\"><img loading=\"lazy\" decoding=\"async\" class=\"alignnone wp-image-693\" src=\"https:\/\/ent2d.ac-bordeaux.fr\/disciplines\/philosophie\/wp-content\/uploads\/sites\/24\/2017\/10\/inscription-300x19.jpg\" alt=\"\" width=\"742\" height=\"47\" \/><\/a><\/p>\n<p><a href=\"http:\/\/www.ac-bordeaux.fr\/\" target=\"_blank\" rel=\"noreferrer noopener\">http:\/\/www.ac-bordeaux.fr<\/a><br \/>\n\u2022\u00a0 \u00a0 \u00a0 \u00a0 Entrez sur ARENA (fen\u00eatre \u00e0 droite)<br \/>\n\u2022\u00a0 \u00a0 \u00a0 \u00a0 Authentification :\u00a0 avec vos identifiant et mot de passe habituels<br \/>\n\u2022\u00a0 \u00a0 \u00a0 \u00a0 Cliquez sur &#8220;Gestion des personnels&#8221; (\u00e0 gauche)<br \/>\n\u2022\u00a0 \u00a0 \u00a0 \u00a0 Puis choisissez &#8220;GAIA &#8211; Individuel&#8221;<br \/>\n\u2022\u00a0 \u00a0 \u00a0 \u00a0 Choisissez &#8220;Inscription individuelle&#8221;<\/p>\n<p>Utilisez le num\u00e9ro de dispositif pour choisir la pr\u00e9paration \u00e0 laquelle vous voulez vous inscrire :<\/p>\n<p>17A0041024 EPS admissiblit\u00e9<\/p>\n<p>17A0041025 LETTRES<\/p>\n<p>17A0041026 MATH\u00c9MATIQUES<\/p>\n<p>17A0041027 PHILOSOPHIE<\/p>\n<p>17A0041028 HISTOIRE G\u00c9OGRAPHIE Admissibilit\u00e9<\/p>\n<p>17A0041031 PHYSIQUE CHIMIE<\/p>\n<p>17A0041032 SES<\/p>\n<p>Cliquez ensuite sur le dispositif. Page suivante : vous aurez \u00e0 cocher le module<br \/>\nCochez la case &#8220;Je souhaite recevoir un r\u00e9capitulatif de mes candidatures&#8221;<br \/>\nPour terminer l&#8217;inscription, vous devez cliquer sur le bouton &#8220;Confirmer&#8221;<br \/>\nContactez la DAFPEN en cas de probl\u00e8me.<\/p>\n<p>Compte-tenu de ces difficult\u00e9s informatiques, les candidatures hors d\u00e9lai seront \u00e9tudi\u00e9es avec bienveillance au cas par cas.<\/p>\n<p>2. Mise en \u0153uvre par la DAFPEN<\/p>\n<p>Les effectifs enregistr\u00e9s seront soumis d\u00e9but octobre \u00e0 Monsieur le DAFPEN qui se prononcera sur l&#8217;ouverture effective des pr\u00e9parations.<\/p>\n<p>La cl\u00f4ture de la campagne au 29 septembre rend probl\u00e9matique l&#8217;\u00e9dition d&#8217;ordres de mission pour le 4 octobre. Donc, dans la mesure du possible, nous vous encourageons \u00e0 diff\u00e9rer votre premi\u00e8re session au 11 octobre 2017 afin que les inscrits puissent recevoir un OM. Au cas o\u00f9 cela ne serait pas possible, les candidats recevront pour le 4 octobre un simple courriel d&#8217;invitation en attendant une r\u00e9gularisation.<\/p>\n<p>Nous attendons vos calendriers de formation, provisoires, mis \u00e0 jour ou d\u00e9finitifs, d\u00e8s maintenant. Ils doivent comporter pour chaque session un lieu, les horaires, le nombre d&#8217;heures d\u00e9livr\u00e9es aux stagiaires et le nom des intervenants. Le premier intervenant d\u00e9sign\u00e9 re\u00e7oit le dossier comportant la liste d&#8217;\u00e9margement.<\/p>\n<p>3. Informations g\u00e9n\u00e9rales<\/p>\n<p>La date limite pour l&#8217;envoi des dossiers RAEP est le 30 novembre 2017.<\/p>\n<p>Ces dispositifs de pr\u00e9paration sont pr\u00e9vus pour les enseignants du public, en poste (tout ou partie de l&#8217;ann\u00e9e en cours). L&#8217;int\u00e9gration des enseignants du priv\u00e9 est laiss\u00e9e \u00e0 votre libre appr\u00e9ciation mais la DAFPEN n&#8217;\u00e9met pas d&#8217;ordre de mission vers ces personnels. Leur \u00e9tablissement d&#8217;exercice devra couvrir leurs d\u00e9placements, au vu du calendrier qui leur sera communiqu\u00e9. En effet, les enseignants du priv\u00e9 doivent se tourner vers Formiris, organisme avec lequel nous n&#8217;avons plus de convention depuis 2014. Ils seront donc auditeurs libres non g\u00e9r\u00e9s par notre service.<\/p>\n<p>Pour l&#8217;entra\u00eenement aux \u00e9preuves orales d&#8217;admission, un plan de passage sera demand\u00e9 aux pilotes et leur \u00e9quipe. Seule l&#8217;interrogation d&#8217;un candidat du public en poste peut \u00eatre r\u00e9mun\u00e9r\u00e9e. Nous attirons \u00e9galement votre attention sur le fait qu&#8217;il est techniquement impossible de convoquer un personnel sans poste.<\/p>\n<p>Les admissibles de statut \u00e9tudiant, ou ceux relevant d&#8217;une collectivit\u00e9 territoriale par exemple, qui ne sont pas r\u00e9f\u00e9renc\u00e9s E.N., ne peuvent \u00eatre pris en charge.<\/p>\n<p><a href=\"https:\/\/ent2d.ac-bordeaux.fr\/disciplines\/philosophie\/informations-sur-lacces-a-distance-via-loutil-numerique\/magister\/\" rel=\"attachment wp-att-695\"><img loading=\"lazy\" decoding=\"async\" class=\"alignnone wp-image-695\" src=\"https:\/\/ent2d.ac-bordeaux.fr\/disciplines\/philosophie\/wp-content\/uploads\/sites\/24\/2017\/10\/Magister-300x19.jpg\" alt=\"\" width=\"742\" height=\"47\" srcset=\"https:\/\/ent2d.ac-bordeaux.fr\/disciplines\/philosophie\/wp-content\/uploads\/sites\/24\/2017\/10\/Magister-300x19.jpg 300w, https:\/\/ent2d.ac-bordeaux.fr\/disciplines\/philosophie\/wp-content\/uploads\/sites\/24\/2017\/10\/Magister.jpg 728w\" sizes=\"auto, (max-width: 742px) 100vw, 742px\" \/><\/a><\/p>\n<p>Cette ann\u00e9e, l&#8217;acad\u00e9mie propose de mettre en ligne, \u00e0 la disposition des candidats, des documents li\u00e9s \u00e0 la pr\u00e9paration. Les candidats pourront \u00e9galement remettre ou r\u00e9cup\u00e9rer les travaux propos\u00e9s autour des sujets fix\u00e9s par mail, ou durant les s\u00e9ances.<\/p>\n<p>Pour cela, il suffit de se diriger vers la<strong> plateforme Magist\u00e8re<\/strong>, ce que vous pouvez faire \u00e0 partir de ce <a href=\"https:\/\/magistere.education.fr\/\">lien<\/a>. Une fois sur le site, choisissez l&#8217;onglet &#8220;Enseignant de l&#8217;\u00e9ducation national &#8211; Secondaire&#8221;. Vous serez alors redirig\u00e9 sur la plate-forme ENT \u00e0 partir de laquelle vous pourrez acc\u00e9der aux documents li\u00e9s \u00e0 votre formation.<\/p>\n<p><a href=\"https:\/\/ent2d.ac-bordeaux.fr\/disciplines\/philosophie\/informations-sur-lacces-a-distance-via-loutil-numerique\/adresses-utiles\/\" rel=\"attachment wp-att-694\"><img loading=\"lazy\" decoding=\"async\" class=\"alignnone wp-image-694\" src=\"https:\/\/ent2d.ac-bordeaux.fr\/disciplines\/philosophie\/wp-content\/uploads\/sites\/24\/2017\/10\/adresses-utiles-300x19.jpg\" alt=\"\" width=\"742\" height=\"47\" \/><\/a><\/p>\n<p>N&#8217;h\u00e9sitez pas \u00e0 vous rendre sur le site EEE (Europe, \u00c9ducation, \u00c9cole). Le site consacre une rubrique \u00e0 la pr\u00e9paration de l&#8217;agr\u00e9gation interne avec des vid\u00e9oconf\u00e9rences vous donnant la possibilit\u00e9 d&#8217;y participer. Si vous souhaitez participer \u00e0 la classe interactive permettant de poser des questions en direct aux intervenants, il suffit d&#8217;en faire la demande \u00e0\u00a0czeslaw michalewski qui en est le responsable (<a href=\"mailto:c.michalewski@gmail.com\" target=\"_blank\" rel=\"noopener\">c.michalewski@gmail.com<\/a>), ou encore \u00e0 partir de cette adresse mail:\u00a0<span style=\"color: blue;font-size: medium\"><a href=\"mailto:projeteee@gmail.com\" target=\"_blank\" rel=\"noopener\">projeteee@gmail.com<\/a>.<\/span><\/p>\n<p><a href=\"http:\/\/www.projet-eee.ac-versailles.fr\" rel=\"attachment wp-att-696\"><img loading=\"lazy\" decoding=\"async\" class=\"alignnone wp-image-696\" src=\"https:\/\/ent2d.ac-bordeaux.fr\/disciplines\/philosophie\/wp-content\/uploads\/sites\/24\/2017\/10\/Capture-d\u2019\u00e9cran-2017-10-22-\u00e0-14.46.24-300x40.png\" alt=\"\" width=\"743\" height=\"99\" srcset=\"https:\/\/ent2d.ac-bordeaux.fr\/disciplines\/philosophie\/wp-content\/uploads\/sites\/24\/2017\/10\/Capture-d\u2019\u00e9cran-2017-10-22-\u00e0-14.46.24-300x40.png 300w, https:\/\/ent2d.ac-bordeaux.fr\/disciplines\/philosophie\/wp-content\/uploads\/sites\/24\/2017\/10\/Capture-d\u2019\u00e9cran-2017-10-22-\u00e0-14.46.24-768x102.png 768w, https:\/\/ent2d.ac-bordeaux.fr\/disciplines\/philosophie\/wp-content\/uploads\/sites\/24\/2017\/10\/Capture-d\u2019\u00e9cran-2017-10-22-\u00e0-14.46.24.png 832w\" sizes=\"auto, (max-width: 743px) 100vw, 743px\" \/><\/a><\/p>\n","protected":false},"excerpt":{"rendered":"<p>&nbsp; http:\/\/www.ac-bordeaux.fr \u2022\u00a0 \u00a0 \u00a0 \u00a0 Entrez sur ARENA (fen\u00eatre \u00e0 droite) \u2022\u00a0 \u00a0 \u00a0 \u00a0 Authentification :\u00a0 avec vos identifiant et mot de passe habituels \u2022\u00a0 \u00a0 \u00a0 \u00a0 Cliquez sur &#8220;Gestion des personnels&#8221; (\u00e0 gauche) \u2022\u00a0 \u00a0 \u00a0 \u00a0 Puis choisissez &#8220;GAIA &#8211; Individuel&#8221; \u2022\u00a0 \u00a0 \u00a0 \u00a0 Choisissez &#8220;Inscription individuelle&#8221; Utilisez le &hellip; <\/p>\n<p><a class=\"more-link btn\" href=\"https:\/\/ent2d.ac-bordeaux.fr\/disciplines\/philosophie\/informations-sur-lacces-a-distance-via-loutil-numerique\/\">Lire la suite<\/a><\/p>\n","protected":false},"author":2078,"featured_media":0,"parent":0,"menu_order":0,"comment_status":"closed","ping_status":"closed","template":"","meta":{"footnotes":""},"class_list":["post-689","page","type-page","status-publish","hentry","nodate","item-wrap"],"_links":{"self":[{"href":"https:\/\/ent2d.ac-bordeaux.fr\/disciplines\/philosophie\/wp-json\/wp\/v2\/pages\/689","targetHints":{"allow":["GET"]}}],"collection":[{"href":"https:\/\/ent2d.ac-bordeaux.fr\/disciplines\/philosophie\/wp-json\/wp\/v2\/pages"}],"about":[{"href":"https:\/\/ent2d.ac-bordeaux.fr\/disciplines\/philosophie\/wp-json\/wp\/v2\/types\/page"}],"author":[{"embeddable":true,"href":"https:\/\/ent2d.ac-bordeaux.fr\/disciplines\/philosophie\/wp-json\/wp\/v2\/users\/2078"}],"replies":[{"embeddable":true,"href":"https:\/\/ent2d.ac-bordeaux.fr\/disciplines\/philosophie\/wp-json\/wp\/v2\/comments?post=689"}],"version-history":[{"count":3,"href":"https:\/\/ent2d.ac-bordeaux.fr\/disciplines\/philosophie\/wp-json\/wp\/v2\/pages\/689\/revisions"}],"predecessor-version":[{"id":705,"href":"https:\/\/ent2d.ac-bordeaux.fr\/disciplines\/philosophie\/wp-json\/wp\/v2\/pages\/689\/revisions\/705"}],"wp:attachment":[{"href":"https:\/\/ent2d.ac-bordeaux.fr\/disciplines\/philosophie\/wp-json\/wp\/v2\/media?parent=689"}],"curies":[{"name":"wp","href":"https:\/\/api.w.org\/{rel}","templated":true}]}}