{"id":673,"date":"2017-10-22T15:00:58","date_gmt":"2017-10-22T13:00:58","guid":{"rendered":"https:\/\/ent2d.ac-bordeaux.fr\/disciplines\/philosophie\/?page_id=673"},"modified":"2025-12-28T18:50:16","modified_gmt":"2025-12-28T17:50:16","slug":"informations-sur-les-sessions-de-preparation","status":"publish","type":"page","link":"https:\/\/ent2d.ac-bordeaux.fr\/disciplines\/philosophie\/preparation-a-lagregation-interne\/informations-sur-les-sessions-de-preparation\/","title":{"rendered":"Sujets trait\u00e9s et consultables des ann\u00e9es pr\u00e9c\u00e9dentes"},"content":{"rendered":"<p><a href=\"https:\/\/ent2d.ac-bordeaux.fr\/disciplines\/philosophie\/preparation-a-lagregation-interne\/informations-sur-les-sessions-de-preparation\/capture-decran-2021-08-23-a-13-57-04\/\" rel=\"attachment wp-att-1246\"><img loading=\"lazy\" decoding=\"async\" class=\"alignnone  wp-image-1246\" src=\"https:\/\/ent2d.ac-bordeaux.fr\/disciplines\/philosophie\/wp-content\/uploads\/sites\/24\/2021\/08\/Capture-d\u2019\u00e9cran-2021-08-23-\u00e0-13.57.04-300x32.png\" alt=\"\" width=\"572\" height=\"61\" \/><\/a><\/p>\n<ul>\n<li style=\"text-align: justify\">Une pr\u00e9sentation sur la notion de v\u00e9rit\u00e9 propos\u00e9 par Laurent Neveu: <a href=\"https:\/\/ent2d.ac-bordeaux.fr\/disciplines\/philosophie\/preparation-a-lagregation-interne\/sessions-et-materiels-de-preparation\/la-verite\/\" rel=\"attachment wp-att-1021\">La v\u00e9rit\u00e9<\/a><\/li>\n<li>Travail sur le sujet: <em>La v\u00e9rit\u00e9 a-t-elle une histoire ?\u00a0<\/em>\u00a0<a href=\"https:\/\/ent2d.ac-bordeaux.fr\/disciplines\/philosophie\/preparation-a-lagregation-interne\/sessions-et-materiels-de-preparation\/la-verite-agreg-interne-2\/\" rel=\"attachment wp-att-1153\">La v\u00e9rit\u00e9 &#8211; agreg interne<\/a><\/li>\n<li>Reprise du sujet par Yvan Elissalde: <a href=\"https:\/\/ent2d.ac-bordeaux.fr\/disciplines\/philosophie\/preparation-a-lagregation-interne\/sessions-et-materiels-de-preparation\/la-verite-se-montre-t-elle\/\" rel=\"attachment wp-att-1186\">La v\u00e9rit\u00e9 se montre-t-elle ?<\/a><\/li>\n<li>Reprise par Yvan Elissalde : <a href=\"https:\/\/ent2d.ac-bordeaux.fr\/disciplines\/philosophie\/preparation-a-lagregation-interne\/sessions-et-materiels-de-preparation\/verite-et-realite\/\" rel=\"attachment wp-att-1184\">V\u00c9RIT\u00c9 ET R\u00c9ALIT\u00c9<\/a><\/li>\n<li>Un corrig\u00e9 de l&#8217;<em>\u00c9thique \u00e0 Nicomaque\u00a0<\/em>III, 7\u00a0par Marie Gomes:\n<ul>\n<li style=\"text-align: justify\">Le texte: <a href=\"https:\/\/ent2d.ac-bordeaux.fr\/disciplines\/philosophie\/preparation-a-lagregation-interne\/sessions-et-materiels-de-preparation\/prepa-agreg-texte-aristote-injuste-volontairement\/\" rel=\"attachment wp-att-1079\">pr\u00e9pa agreg. Texte Aristote injuste volontairement<\/a><\/li>\n<li style=\"text-align: justify\">Le corrig\u00e9: <a href=\"https:\/\/ent2d.ac-bordeaux.fr\/disciplines\/philosophie\/preparation-a-lagregation-interne\/sessions-et-materiels-de-preparation\/prepa-agreg-corrige-texte-aristote-sur-la-morale\/\" rel=\"attachment wp-att-1024\">Pr\u00e9pa agreg. Corrig\u00e9 texte Aristote sur la morale<\/a><\/li>\n<\/ul>\n<\/li>\n<\/ul>\n<ul>\n<li>Texte de Rousseau: <a href=\"https:\/\/ent2d.ac-bordeaux.fr\/disciplines\/philosophie\/preparation-a-lagregation-interne\/sessions-et-materiels-de-preparation\/prepa-agreg-texte-rousseau-sur-la-morale\/\" rel=\"attachment wp-att-1075\">Pr\u00e9pa agreg. Texte Rousseau sur la morale<\/a>\n<ul>\n<li>Travail autour d&#8217;un texte de Rousseau: <a href=\"https:\/\/ent2d.ac-bordeaux.fr\/disciplines\/philosophie\/preparation-a-lagregation-interne\/sessions-et-materiels-de-preparation\/prepa-agreg-texte-rousseau-sur-la-morale\/\" rel=\"attachment wp-att-1075\">Pr\u00e9pa agreg. Texte Rousseau sur la morale<\/a><\/li>\n<li>Travail autour d&#8217;un texte de Kant: <a href=\"https:\/\/ent2d.ac-bordeaux.fr\/disciplines\/philosophie\/preparation-a-lagregation-interne\/sessions-et-materiels-de-preparation\/prepa-agreg-texte-kant-sur-la-morale-agregatifs\/\" rel=\"attachment wp-att-1115\">pr\u00e9pa agreg. Texte Kant sur la morale agr\u00e9gatifs<\/a><\/li>\n<\/ul>\n<\/li>\n<li>Correction propos\u00e9e par Marie Gomes pour le texte de Rousseau: <a href=\"https:\/\/ent2d.ac-bordeaux.fr\/disciplines\/philosophie\/preparation-a-lagregation-interne\/sessions-et-materiels-de-preparation\/prepa-agreg-la-morale-corrige-rousseau-1\/\" rel=\"attachment wp-att-1117\">Pr\u00e9pa agreg. La morale. Corrig\u00e9 Rousseau (1)<\/a><\/li>\n<li>Texte de Ricoeur \u00e0 travailler en vue de la s\u00e9ance (qui commence \u00e0 &#8220;<em>Qu&#8217;en est-il maintenant&#8230;<\/em>&#8221; et qui finit \u00e0 &#8220;<em>un d\u00e9pli de l&#8217;ips\u00e9it\u00e9<\/em>&#8221; =&gt; des petites fl\u00e8ches indiquent dans le texte): <a href=\"https:\/\/ent2d.ac-bordeaux.fr\/disciplines\/philosophie\/preparation-a-lagregation-interne\/sessions-et-materiels-de-preparation\/prepa-agreg-texte-ricoeur\/\" rel=\"attachment wp-att-1118\">pr\u00e9pa agreg texte Ricoeur<\/a>\n<ul>\n<li>Correction de l&#8217;explication de texte sur Ricoeur: <a href=\"https:\/\/ent2d.ac-bordeaux.fr\/disciplines\/philosophie\/preparation-a-lagregation-interne\/sessions-et-materiels-de-preparation\/prepa-agreg-la-morale-corrige-ricoeur-13-26\/\" rel=\"attachment wp-att-1168\">Pr\u00e9pa agreg. La morale. Corrig\u00e9 Ricoeur 13.26<\/a><\/li>\n<\/ul>\n<\/li>\n<\/ul>\n<p><a href=\"https:\/\/ent2d.ac-bordeaux.fr\/disciplines\/philosophie\/preparation-a-lagregation-interne\/informations-sur-les-sessions-de-preparation\/capture-decran-2021-08-23-a-13-57-23\/\" rel=\"attachment wp-att-1243\"><img loading=\"lazy\" decoding=\"async\" class=\"alignnone  wp-image-1243\" src=\"https:\/\/ent2d.ac-bordeaux.fr\/disciplines\/philosophie\/wp-content\/uploads\/sites\/24\/2021\/08\/Capture-d\u2019\u00e9cran-2021-08-23-\u00e0-13.57.23-300x32.png\" alt=\"\" width=\"572\" height=\"61\" \/><\/a><\/p>\n<p>Quelques sujets trait\u00e9s &amp; consultables sur la p\u00e9riode 2018-2019<\/p>\n<ul>\n<li><em><strong>&#8220;La th\u00e9orie&#8221;<\/strong><\/em> (Laurent Neveu) <a href=\"https:\/\/ent2d.ac-bordeaux.fr\/disciplines\/philosophie\/preparation-a-lagregation-interne\/informations-sur-les-sessions-de-preparation\/la-theorie-2\/\" rel=\"attachment wp-att-1005\">La-th\u00e9orie<\/a><\/li>\n<li>&#8220;<strong><em>Les th\u00e9ories d\u00e9pendent-elles de l&#8217;observation ?<\/em><\/strong>&#8221; (Sylvie Hello) <a href=\"https:\/\/ent2d.ac-bordeaux.fr\/disciplines\/philosophie\/preparation-a-lagregation-interne\/informations-sur-les-sessions-de-preparation\/les-theories-dependent-elles-de-lobservation-2\/\" rel=\"attachment wp-att-1006\">Les-th\u00e9ories-d\u00e9pendent-elles-de-lobservation-<\/a><\/li>\n<li>\n<p class=\"Standard\" style=\"text-align: left\" align=\"center\"><b>Hegel, <i>Esth\u00e9tique<\/i><\/b>, I, Ch. III\u00a0: C &#8211; l\u2019artiste\u00a0<b>\u00ab\u00a0<em>Mais deuxi\u00e8mement, l\u2019imagination&#8230;ne sait pas ce qu\u2019il fait.<\/em>\u00a0\u00bb\u00a0<\/b>(Y. Elissalde) <a href=\"https:\/\/ent2d.ac-bordeaux.fr\/disciplines\/philosophie\/preparation-a-lagregation-interne\/informations-sur-les-sessions-de-preparation\/hegel-lesthetique-2\/\" rel=\"attachment wp-att-1007\">Hegel-lEsth\u00e9tique<\/a><\/p>\n<\/li>\n<li><strong>Aristote , <\/strong><em><strong>La po\u00e9tique<\/strong>, <\/em>4, 1448b\u00a0\u00ab<em><strong>\u00a0Il semble que l\u2019art po\u00e9tique [&#8230;] plus d\u2019ampleur et de valeur que les autres.\u00a0<\/strong><\/em>\u00bb (Marie Gomes) <a href=\"https:\/\/ent2d.ac-bordeaux.fr\/disciplines\/philosophie\/preparation-a-lagregation-interne\/informations-sur-les-sessions-de-preparation\/prepa-agreg-corrige-texte-aristote-1-2\/\" rel=\"attachment wp-att-1008\">pr\u00e9pa-agreg.-corrig\u00e9-texte-Aristote-1<\/a><\/li>\n<\/ul>\n<p><a href=\"https:\/\/ent2d.ac-bordeaux.fr\/disciplines\/philosophie\/preparation-a-lagregation-interne\/informations-sur-les-sessions-de-preparation\/capture-decran-2021-08-23-a-13-57-42\/\" rel=\"attachment wp-att-1245\"><img loading=\"lazy\" decoding=\"async\" class=\"alignnone  wp-image-1245\" src=\"https:\/\/ent2d.ac-bordeaux.fr\/disciplines\/philosophie\/wp-content\/uploads\/sites\/24\/2021\/08\/Capture-d\u2019\u00e9cran-2021-08-23-\u00e0-13.57.42-300x32.png\" alt=\"\" width=\"572\" height=\"61\" \/><\/a><\/p>\n<p>Quelques sujets trait\u00e9s &amp; consultables sur la p\u00e9riode 2017-2018 (Interpr\u00e9tation)<\/p>\n<ul>\n<li>&#8220;<em><strong>Toute parole est-elle d&#8217;essence herm\u00e9neutique?<\/strong><\/em>&#8221; \u00a0<a href=\"https:\/\/ent2d.ac-bordeaux.fr\/disciplines\/philosophie\/informations-sur-les-sessions-de-preparation\/toute-parole-est-copie\/\" rel=\"attachment wp-att-739\">Toute parole est &#8211; Copie<\/a><\/li>\n<li>&#8220;<em><strong>Qu&#8217;est-ce qu&#8217;une bonne interpr\u00e9tation?<\/strong><\/em>&#8221;\u00a0<a href=\"https:\/\/ent2d.ac-bordeaux.fr\/disciplines\/philosophie\/informations-sur-les-sessions-de-preparation\/bonne-interpretation-2\/\" rel=\"attachment wp-att-677\">bonne interpr\u00e9tation 2<\/a><\/li>\n<li><em><strong>&#8220;Surinterpr\u00e9ter&#8221;<\/strong><\/em> \u00a0<a href=\"https:\/\/ent2d.ac-bordeaux.fr\/disciplines\/philosophie\/informations-sur-les-sessions-de-preparation\/surinterpreter\/\" rel=\"attachment wp-att-727\">Surinterpr\u00e9ter<\/a>.<\/li>\n<li>&#8220;<em><strong>Interpr\u00e9tation et cr\u00e9ation<\/strong><\/em>&#8221;\u00a0\u00a0<a href=\"https:\/\/ent2d.ac-bordeaux.fr\/disciplines\/philosophie\/informations-sur-les-sessions-de-preparation\/interpretation-et-creation-copie\/\" rel=\"attachment wp-att-744\">Interpr\u00e9tation et cr\u00e9ation &#8211; Copie<\/a><\/li>\n<li>&#8220;<strong><em>Faut-il chercher la v\u00e9rit\u00e9 dans les livres?<\/em><\/strong>&#8221;\u00a0\u00a0<a href=\"https:\/\/ent2d.ac-bordeaux.fr\/disciplines\/philosophie\/informations-sur-les-sessions-de-preparation\/verite-livres\/\" rel=\"attachment wp-att-748\">V\u00e9rit\u00e9 -livres<\/a><\/li>\n<\/ul>\n<hr \/>\n","protected":false},"excerpt":{"rendered":"<p>Une pr\u00e9sentation sur la notion de v\u00e9rit\u00e9 propos\u00e9 par Laurent Neveu: La v\u00e9rit\u00e9 Travail sur le sujet: La v\u00e9rit\u00e9 a-t-elle une histoire ?\u00a0\u00a0La v\u00e9rit\u00e9 &#8211; agreg interne Reprise du sujet par Yvan Elissalde: La v\u00e9rit\u00e9 se montre-t-elle ? Reprise par Yvan Elissalde : V\u00c9RIT\u00c9 ET R\u00c9ALIT\u00c9 Un corrig\u00e9 de l&#8217;\u00c9thique \u00e0 Nicomaque\u00a0III, 7\u00a0par Marie Gomes: &hellip; <\/p>\n<p><a class=\"more-link btn\" href=\"https:\/\/ent2d.ac-bordeaux.fr\/disciplines\/philosophie\/preparation-a-lagregation-interne\/informations-sur-les-sessions-de-preparation\/\">Lire la suite<\/a><\/p>\n","protected":false},"author":2078,"featured_media":0,"parent":618,"menu_order":0,"comment_status":"closed","ping_status":"closed","template":"","meta":{"footnotes":""},"class_list":["post-673","page","type-page","status-publish","hentry","nodate","item-wrap"],"_links":{"self":[{"href":"https:\/\/ent2d.ac-bordeaux.fr\/disciplines\/philosophie\/wp-json\/wp\/v2\/pages\/673","targetHints":{"allow":["GET"]}}],"collection":[{"href":"https:\/\/ent2d.ac-bordeaux.fr\/disciplines\/philosophie\/wp-json\/wp\/v2\/pages"}],"about":[{"href":"https:\/\/ent2d.ac-bordeaux.fr\/disciplines\/philosophie\/wp-json\/wp\/v2\/types\/page"}],"author":[{"embeddable":true,"href":"https:\/\/ent2d.ac-bordeaux.fr\/disciplines\/philosophie\/wp-json\/wp\/v2\/users\/2078"}],"replies":[{"embeddable":true,"href":"https:\/\/ent2d.ac-bordeaux.fr\/disciplines\/philosophie\/wp-json\/wp\/v2\/comments?post=673"}],"version-history":[{"count":21,"href":"https:\/\/ent2d.ac-bordeaux.fr\/disciplines\/philosophie\/wp-json\/wp\/v2\/pages\/673\/revisions"}],"predecessor-version":[{"id":1644,"href":"https:\/\/ent2d.ac-bordeaux.fr\/disciplines\/philosophie\/wp-json\/wp\/v2\/pages\/673\/revisions\/1644"}],"up":[{"embeddable":true,"href":"https:\/\/ent2d.ac-bordeaux.fr\/disciplines\/philosophie\/wp-json\/wp\/v2\/pages\/618"}],"wp:attachment":[{"href":"https:\/\/ent2d.ac-bordeaux.fr\/disciplines\/philosophie\/wp-json\/wp\/v2\/media?parent=673"}],"curies":[{"name":"wp","href":"https:\/\/api.w.org\/{rel}","templated":true}]}}