{"id":618,"date":"2017-10-22T14:57:31","date_gmt":"2017-10-22T12:57:31","guid":{"rendered":"https:\/\/ent2d.ac-bordeaux.fr\/disciplines\/philosophie\/?page_id=618"},"modified":"2025-12-28T18:50:29","modified_gmt":"2025-12-28T17:50:29","slug":"preparation-a-lagregation-interne","status":"publish","type":"page","link":"https:\/\/ent2d.ac-bordeaux.fr\/disciplines\/philosophie\/preparation-a-lagregation-interne\/","title":{"rendered":"Pr\u00e9paration \u00e0 l&#8217;agr\u00e9gation interne 2023-2024."},"content":{"rendered":"<p><img loading=\"lazy\" decoding=\"async\" class=\"wp-image-636 aligncenter\" src=\"https:\/\/ent2d.ac-bordeaux.fr\/disciplines\/philosophie\/wp-content\/uploads\/sites\/24\/2017\/10\/banner-7-300x37.jpg\" alt=\"\" width=\"738\" height=\"91\" srcset=\"https:\/\/ent2d.ac-bordeaux.fr\/disciplines\/philosophie\/wp-content\/uploads\/sites\/24\/2017\/10\/banner-7-300x37.jpg 300w, https:\/\/ent2d.ac-bordeaux.fr\/disciplines\/philosophie\/wp-content\/uploads\/sites\/24\/2017\/10\/banner-7.jpg 728w\" sizes=\"auto, (max-width: 738px) 100vw, 738px\" \/><\/p>\n<p>Depuis 2017, l&#8217;acad\u00e9mie de Bordeaux propose, aux candidats d\u00e9sireux de pr\u00e9parer l&#8217;agr\u00e9gation interne, une formation permettant la pr\u00e9paration des \u00e9preuves \u00e9crites.<\/p>\n<div>\n<p id=\"yui_3_17_2_1_1531297353244_765\">La formation en pr\u00e9sentiel est organis\u00e9e en deux parties:<\/p>\n<ul>\n<li>L&#8217;une est consacr\u00e9e \u00e0 la notion de <strong>La Cr\u00e9ation.\u00a0<\/strong><\/li>\n<li>L&#8217;autre est consacr\u00e9e \u00e0 la notion de <strong>La Science<\/strong>.<\/li>\n<\/ul>\n<\/div>\n<p>Vous trouverez ici les informations pratiques, les intitul\u00e9s des s\u00e9ances, les sujets et les corrig\u00e9s seront communiqu\u00e9s sur la plateforme Magist\u00e8re lors de votre inscription \u00e0 la pr\u00e9paration au concours.<\/p>\n<hr \/>\n<p><a href=\"https:\/\/ent2d.ac-bordeaux.fr\/disciplines\/philosophie\/informations-pratiques-concernant-les-sessions\/\"><img loading=\"lazy\" decoding=\"async\" class=\"wp-image-640 aligncenter\" src=\"https:\/\/ent2d.ac-bordeaux.fr\/disciplines\/philosophie\/wp-content\/uploads\/sites\/24\/2017\/10\/ban9-300x19.jpg\" alt=\"\" width=\"726\" height=\"46\" srcset=\"https:\/\/ent2d.ac-bordeaux.fr\/disciplines\/philosophie\/wp-content\/uploads\/sites\/24\/2017\/10\/ban9-300x19.jpg 300w, https:\/\/ent2d.ac-bordeaux.fr\/disciplines\/philosophie\/wp-content\/uploads\/sites\/24\/2017\/10\/ban9.jpg 728w\" sizes=\"auto, (max-width: 726px) 100vw, 726px\" \/><\/a><\/p>\n<p><a href=\"https:\/\/ent2d.ac-bordeaux.fr\/disciplines\/philosophie\/?page_id=792&amp;preview=true\"><img loading=\"lazy\" decoding=\"async\" class=\"aligncenter wp-image-641\" src=\"https:\/\/ent2d.ac-bordeaux.fr\/disciplines\/philosophie\/wp-content\/uploads\/sites\/24\/2017\/10\/ban8-300x19.jpg\" alt=\"\" width=\"726\" height=\"46\" srcset=\"https:\/\/ent2d.ac-bordeaux.fr\/disciplines\/philosophie\/wp-content\/uploads\/sites\/24\/2017\/10\/ban8-300x19.jpg 300w, https:\/\/ent2d.ac-bordeaux.fr\/disciplines\/philosophie\/wp-content\/uploads\/sites\/24\/2017\/10\/ban8.jpg 728w\" sizes=\"auto, (max-width: 726px) 100vw, 726px\" \/><\/a><\/p>\n<p><a href=\"https:\/\/ent2d.ac-bordeaux.fr\/disciplines\/philosophie\/informations-sur-lacces-a-distance-via-loutil-numerique\/\"><img loading=\"lazy\" decoding=\"async\" class=\"wp-image-638 aligncenter\" src=\"https:\/\/ent2d.ac-bordeaux.fr\/disciplines\/philosophie\/wp-content\/uploads\/sites\/24\/2017\/10\/ban11-300x19.jpg\" alt=\"\" width=\"726\" height=\"46\" srcset=\"https:\/\/ent2d.ac-bordeaux.fr\/disciplines\/philosophie\/wp-content\/uploads\/sites\/24\/2017\/10\/ban11-300x19.jpg 300w, https:\/\/ent2d.ac-bordeaux.fr\/disciplines\/philosophie\/wp-content\/uploads\/sites\/24\/2017\/10\/ban11.jpg 728w\" sizes=\"auto, (max-width: 726px) 100vw, 726px\" \/><\/a><\/p>\n<hr \/>\n","protected":false},"excerpt":{"rendered":"<p>Depuis 2017, l&#8217;acad\u00e9mie de Bordeaux propose, aux candidats d\u00e9sireux de pr\u00e9parer l&#8217;agr\u00e9gation interne, une formation permettant la pr\u00e9paration des \u00e9preuves \u00e9crites. La formation en pr\u00e9sentiel est organis\u00e9e en deux parties: L&#8217;une est consacr\u00e9e \u00e0 la notion de La Cr\u00e9ation.\u00a0 L&#8217;autre est consacr\u00e9e \u00e0 la notion de La Science. Vous trouverez ici les informations pratiques, les &hellip; <\/p>\n<p><a class=\"more-link btn\" href=\"https:\/\/ent2d.ac-bordeaux.fr\/disciplines\/philosophie\/preparation-a-lagregation-interne\/\">Lire la suite<\/a><\/p>\n","protected":false},"author":2078,"featured_media":0,"parent":0,"menu_order":0,"comment_status":"closed","ping_status":"closed","template":"","meta":{"footnotes":""},"class_list":["post-618","page","type-page","status-publish","hentry","nodate","item-wrap"],"_links":{"self":[{"href":"https:\/\/ent2d.ac-bordeaux.fr\/disciplines\/philosophie\/wp-json\/wp\/v2\/pages\/618","targetHints":{"allow":["GET"]}}],"collection":[{"href":"https:\/\/ent2d.ac-bordeaux.fr\/disciplines\/philosophie\/wp-json\/wp\/v2\/pages"}],"about":[{"href":"https:\/\/ent2d.ac-bordeaux.fr\/disciplines\/philosophie\/wp-json\/wp\/v2\/types\/page"}],"author":[{"embeddable":true,"href":"https:\/\/ent2d.ac-bordeaux.fr\/disciplines\/philosophie\/wp-json\/wp\/v2\/users\/2078"}],"replies":[{"embeddable":true,"href":"https:\/\/ent2d.ac-bordeaux.fr\/disciplines\/philosophie\/wp-json\/wp\/v2\/comments?post=618"}],"version-history":[{"count":42,"href":"https:\/\/ent2d.ac-bordeaux.fr\/disciplines\/philosophie\/wp-json\/wp\/v2\/pages\/618\/revisions"}],"predecessor-version":[{"id":1775,"href":"https:\/\/ent2d.ac-bordeaux.fr\/disciplines\/philosophie\/wp-json\/wp\/v2\/pages\/618\/revisions\/1775"}],"wp:attachment":[{"href":"https:\/\/ent2d.ac-bordeaux.fr\/disciplines\/philosophie\/wp-json\/wp\/v2\/media?parent=618"}],"curies":[{"name":"wp","href":"https:\/\/api.w.org\/{rel}","templated":true}]}}