{"id":541,"date":"2017-06-08T14:39:55","date_gmt":"2017-06-08T12:39:55","guid":{"rendered":"https:\/\/ent2d.ac-bordeaux.fr\/disciplines\/philosophie\/?page_id=541"},"modified":"2026-01-27T13:31:23","modified_gmt":"2026-01-27T12:31:23","slug":"ressources-pedagogiques","status":"publish","type":"page","link":"https:\/\/ent2d.ac-bordeaux.fr\/disciplines\/philosophie\/ressources-pedagogiques\/","title":{"rendered":"Ressources p\u00e9dagogiques"},"content":{"rendered":"<p><img loading=\"lazy\" decoding=\"async\" class=\"alignnone size-full wp-image-542\" src=\"https:\/\/ent2d.ac-bordeaux.fr\/disciplines\/philosophie\/wp-content\/uploads\/sites\/24\/2017\/06\/TN_science_burner.gif\" alt=\"\" width=\"181\" height=\"132\" \/><img loading=\"lazy\" decoding=\"async\" class=\"alignnone wp-image-550\" src=\"https:\/\/ent2d.ac-bordeaux.fr\/disciplines\/philosophie\/wp-content\/uploads\/sites\/24\/2017\/06\/Capture-d\u2019\u00e9cran-2017-06-08-\u00e0-14.43.13-300x96.png\" alt=\"\" width=\"485\" height=\"155\" \/><\/p>\n<hr \/>\n<p>Cette page est consacr\u00e9e aux ressources p\u00e9dagogiques fournies par les enseignants de philosophie de\u00a0l&#8217;acad\u00e9mie.\u00a0N&#8217;h\u00e9sitez pas \u00e0 contacter le\u00a0webmaster du site (rnavaron@gmail.com) pour proposer des\u00a0travaux et exp\u00e9rimentations\u00a0p\u00e9dagogiques susceptibles d&#8217;int\u00e9resser les coll\u00e8gues de philosophie de l&#8217;acad\u00e9mie.<\/p>\n<hr \/>\n<p><a href=\"https:\/\/ent2d.ac-bordeaux.fr\/disciplines\/philosophie\/562-2\/\"><img loading=\"lazy\" decoding=\"async\" class=\"aligncenter wp-image-553\" src=\"https:\/\/ent2d.ac-bordeaux.fr\/disciplines\/philosophie\/wp-content\/uploads\/sites\/24\/2017\/06\/Capture-d\u2019\u00e9cran-2017-06-08-\u00e0-14.51.58-300x115.png\" alt=\"\" width=\"449\" height=\"172\" \/><\/a><\/p>\n<p><a href=\"https:\/\/ent2d.ac-bordeaux.fr\/disciplines\/philosophie\/experimentations-pedagogiques\/\"><img loading=\"lazy\" decoding=\"async\" class=\"aligncenter wp-image-555\" src=\"https:\/\/ent2d.ac-bordeaux.fr\/disciplines\/philosophie\/wp-content\/uploads\/sites\/24\/2017\/06\/Capture-d\u2019\u00e9cran-2017-06-08-\u00e0-14.51.20-300x117.png\" alt=\"\" width=\"452\" height=\"176\" \/><\/a><\/p>\n<hr \/>\n<p>&nbsp;<\/p>\n","protected":false},"excerpt":{"rendered":"<p>Cette page est consacr\u00e9e aux ressources p\u00e9dagogiques fournies par les enseignants de philosophie de\u00a0l&#8217;acad\u00e9mie.\u00a0N&#8217;h\u00e9sitez pas \u00e0 contacter le\u00a0webmaster du site (rnavaron@gmail.com) pour proposer des\u00a0travaux et exp\u00e9rimentations\u00a0p\u00e9dagogiques susceptibles d&#8217;int\u00e9resser les coll\u00e8gues de philosophie de l&#8217;acad\u00e9mie. &nbsp;<\/p>\n","protected":false},"author":2078,"featured_media":0,"parent":0,"menu_order":0,"comment_status":"closed","ping_status":"closed","template":"","meta":{"footnotes":""},"class_list":["post-541","page","type-page","status-publish","hentry","nodate","item-wrap"],"_links":{"self":[{"href":"https:\/\/ent2d.ac-bordeaux.fr\/disciplines\/philosophie\/wp-json\/wp\/v2\/pages\/541","targetHints":{"allow":["GET"]}}],"collection":[{"href":"https:\/\/ent2d.ac-bordeaux.fr\/disciplines\/philosophie\/wp-json\/wp\/v2\/pages"}],"about":[{"href":"https:\/\/ent2d.ac-bordeaux.fr\/disciplines\/philosophie\/wp-json\/wp\/v2\/types\/page"}],"author":[{"embeddable":true,"href":"https:\/\/ent2d.ac-bordeaux.fr\/disciplines\/philosophie\/wp-json\/wp\/v2\/users\/2078"}],"replies":[{"embeddable":true,"href":"https:\/\/ent2d.ac-bordeaux.fr\/disciplines\/philosophie\/wp-json\/wp\/v2\/comments?post=541"}],"version-history":[{"count":17,"href":"https:\/\/ent2d.ac-bordeaux.fr\/disciplines\/philosophie\/wp-json\/wp\/v2\/pages\/541\/revisions"}],"predecessor-version":[{"id":1773,"href":"https:\/\/ent2d.ac-bordeaux.fr\/disciplines\/philosophie\/wp-json\/wp\/v2\/pages\/541\/revisions\/1773"}],"wp:attachment":[{"href":"https:\/\/ent2d.ac-bordeaux.fr\/disciplines\/philosophie\/wp-json\/wp\/v2\/media?parent=541"}],"curies":[{"name":"wp","href":"https:\/\/api.w.org\/{rel}","templated":true}]}}