{"id":437,"date":"2017-06-04T21:14:25","date_gmt":"2017-06-04T19:14:25","guid":{"rendered":"https:\/\/ent2d.ac-bordeaux.fr\/disciplines\/philosophie\/?page_id=437"},"modified":"2025-12-28T18:50:47","modified_gmt":"2025-12-28T17:50:47","slug":"penser-le-numerique-2","status":"publish","type":"page","link":"https:\/\/ent2d.ac-bordeaux.fr\/disciplines\/philosophie\/penser-le-numerique-2\/","title":{"rendered":"Penser (avec) le num\u00e9rique"},"content":{"rendered":"<p>Cette page propose de mettre \u00e0 la disposition des enseignants:<\/p>\n<ul>\n<li>Des textes, articles, conf\u00e9rences et vid\u00e9os tentant de penser la question du num\u00e9rique en g\u00e9n\u00e9ral, et au travers de la perspective plus restreinte de l&#8217;enseignement de la philosophie.<\/li>\n<li>Des outils num\u00e9riques pouvant \u00eatre mis en place dans le cadre de l&#8217;enseignement de la philosophie en classe.<\/li>\n<\/ul>\n<p><a href=\"https:\/\/ent2d.ac-bordeaux.fr\/disciplines\/philosophie\/ressources-numeriques-textes\/\"><img loading=\"lazy\" decoding=\"async\" class=\"aligncenter wp-image-438 \" src=\"https:\/\/ent2d.ac-bordeaux.fr\/disciplines\/philosophie\/wp-content\/uploads\/sites\/24\/2017\/06\/Capture-d\u2019\u00e9cran-2017-06-04-\u00e0-21.06.37-300x75.png\" alt=\"\" width=\"624\" height=\"156\" \/><\/a><\/p>\n<p><a href=\"https:\/\/ent2d.ac-bordeaux.fr\/disciplines\/philosophie\/ressources\/\"><img loading=\"lazy\" decoding=\"async\" class=\"aligncenter wp-image-439 \" src=\"https:\/\/ent2d.ac-bordeaux.fr\/disciplines\/philosophie\/wp-content\/uploads\/sites\/24\/2017\/06\/Capture-d\u2019\u00e9cran-2017-06-04-\u00e0-21.11.26-300x75.png\" alt=\"\" width=\"620\" height=\"155\" \/><\/a><\/p>\n<p><a href=\"https:\/\/ent2d.ac-bordeaux.fr\/disciplines\/philosophie\/penser-le-numerique\/\"><img loading=\"lazy\" decoding=\"async\" class=\"aligncenter wp-image-440 \" src=\"https:\/\/ent2d.ac-bordeaux.fr\/disciplines\/philosophie\/wp-content\/uploads\/sites\/24\/2017\/06\/Capture-d\u2019\u00e9cran-2017-06-04-\u00e0-21.11.53-300x75.png\" alt=\"\" width=\"616\" height=\"154\" \/><\/a><\/p>\n","protected":false},"excerpt":{"rendered":"<p>Cette page propose de mettre \u00e0 la disposition des enseignants: Des textes, articles, conf\u00e9rences et vid\u00e9os tentant de penser la question du num\u00e9rique en g\u00e9n\u00e9ral, et au travers de la perspective plus restreinte de l&#8217;enseignement de la philosophie. Des outils num\u00e9riques pouvant \u00eatre mis en place dans le cadre de l&#8217;enseignement de la philosophie en &hellip; <\/p>\n<p><a class=\"more-link btn\" href=\"https:\/\/ent2d.ac-bordeaux.fr\/disciplines\/philosophie\/penser-le-numerique-2\/\">Lire la suite<\/a><\/p>\n","protected":false},"author":2078,"featured_media":0,"parent":0,"menu_order":0,"comment_status":"closed","ping_status":"closed","template":"","meta":{"footnotes":""},"class_list":["post-437","page","type-page","status-publish","hentry","nodate","item-wrap"],"_links":{"self":[{"href":"https:\/\/ent2d.ac-bordeaux.fr\/disciplines\/philosophie\/wp-json\/wp\/v2\/pages\/437","targetHints":{"allow":["GET"]}}],"collection":[{"href":"https:\/\/ent2d.ac-bordeaux.fr\/disciplines\/philosophie\/wp-json\/wp\/v2\/pages"}],"about":[{"href":"https:\/\/ent2d.ac-bordeaux.fr\/disciplines\/philosophie\/wp-json\/wp\/v2\/types\/page"}],"author":[{"embeddable":true,"href":"https:\/\/ent2d.ac-bordeaux.fr\/disciplines\/philosophie\/wp-json\/wp\/v2\/users\/2078"}],"replies":[{"embeddable":true,"href":"https:\/\/ent2d.ac-bordeaux.fr\/disciplines\/philosophie\/wp-json\/wp\/v2\/comments?post=437"}],"version-history":[{"count":5,"href":"https:\/\/ent2d.ac-bordeaux.fr\/disciplines\/philosophie\/wp-json\/wp\/v2\/pages\/437\/revisions"}],"predecessor-version":[{"id":516,"href":"https:\/\/ent2d.ac-bordeaux.fr\/disciplines\/philosophie\/wp-json\/wp\/v2\/pages\/437\/revisions\/516"}],"wp:attachment":[{"href":"https:\/\/ent2d.ac-bordeaux.fr\/disciplines\/philosophie\/wp-json\/wp\/v2\/media?parent=437"}],"curies":[{"name":"wp","href":"https:\/\/api.w.org\/{rel}","templated":true}]}}