{"id":424,"date":"2017-06-04T19:45:55","date_gmt":"2017-06-04T17:45:55","guid":{"rendered":"https:\/\/ent2d.ac-bordeaux.fr\/disciplines\/philosophie\/?page_id=424"},"modified":"2025-12-28T18:50:53","modified_gmt":"2025-12-28T17:50:53","slug":"penser-le-numerique","status":"publish","type":"page","link":"https:\/\/ent2d.ac-bordeaux.fr\/disciplines\/philosophie\/penser-le-numerique-2\/penser-le-numerique\/","title":{"rendered":"Penser le num\u00e9rique"},"content":{"rendered":"<h6><strong><img loading=\"lazy\" decoding=\"async\" class=\"alignnone wp-image-154\" src=\"https:\/\/ent2d.ac-bordeaux.fr\/disciplines\/philosophie\/wp-content\/uploads\/sites\/24\/2017\/06\/Minervas_ugle-1-124x300.png\" alt=\"\" width=\"10\" height=\"24\" srcset=\"https:\/\/ent2d.ac-bordeaux.fr\/disciplines\/philosophie\/wp-content\/uploads\/sites\/24\/2017\/06\/Minervas_ugle-1-124x300.png 124w, https:\/\/ent2d.ac-bordeaux.fr\/disciplines\/philosophie\/wp-content\/uploads\/sites\/24\/2017\/06\/Minervas_ugle-1-425x1024.png 425w, https:\/\/ent2d.ac-bordeaux.fr\/disciplines\/philosophie\/wp-content\/uploads\/sites\/24\/2017\/06\/Minervas_ugle-1.png 523w\" sizes=\"auto, (max-width: 10px) 100vw, 10px\" \/><span style=\"color: #800000\">\u00a0\u00a0R\u00e9fl\u00e9chir sur les TICE (Technologies de l&#8217;information et de la communication pour l&#8217;enseignement)<\/span><\/strong><\/h6>\n<ul>\n<li><a href=\"http:\/\/www.education.gouv.fr\/cid208\/l-utilisation-du-numerique-et-des-tice-a-l-ecole.html\">Texte relatif \u00e0 l&#8217;utilisation des TICE<\/a> sur le site de l&#8217;\u00e9ducation nationale.<\/li>\n<li>Guide de la mise en oeuvre du num\u00e9rique \u00e9ducatif propos\u00e9 par l&#8217;acad\u00e9mie de Cr\u00e9teil:\u00a0<a href=\"https:\/\/ent2d.ac-bordeaux.fr\/disciplines\/philosophie\/wp-content\/uploads\/sites\/24\/2017\/06\/guide_jalons_pour_ecran.pdf\">guide_jalons_pour_ecran<\/a>\u00a0(Format PDF)<\/li>\n<li>Le discours &#8220;Petite Poucette&#8221; prononc\u00e9 par Michel Serres de l&#8217;Acad\u00e9mie Fran\u00e7aise en s\u00e9ance solennelle du 1er Mars 2011 dans le cadre des nouveaux d\u00e9fis de l&#8217;\u00e9ducation:\u00a0<a href=\"https:\/\/ent2d.ac-bordeaux.fr\/disciplines\/philosophie\/wp-content\/uploads\/sites\/24\/2017\/06\/serres.pdf\">serres<\/a>\u00a0(Format PDF).<\/li>\n<li>La remise en question du discours de Michel Serres par julien Gautier: &#8220;<a href=\"http:\/\/skhole.fr\/petite-poucette-la-douteuse-fable-de-michel-serres\">Petite poucette: la douteuse fable de Michel Serres<\/a>&#8220;<\/li>\n<li>Un article de Carole Prompsy &#8220;<a href=\"http:\/\/www.cafepedagogique.net\/lexpresso\/pages\/philosophieettice.aspx\">Philosophie et Tice<\/a>&#8221; sur le Caf\u00e9 P\u00e9dagogique.<\/li>\n<li>St\u00e9phane Vend\u00e9, professeur de philosophie de l&#8217;acad\u00e9mie de Nantes s&#8217;interroge sur la nature du gain propos\u00e9 par l&#8217;entr\u00e9e du num\u00e9rique \u00e0 l&#8217;\u00e9cole. Un compte rendu est disponible ici au format PDF:\u00a0<a href=\"https:\/\/ent2d.ac-bordeaux.fr\/disciplines\/philosophie\/wp-content\/uploads\/sites\/24\/2017\/06\/le-gain-vaut-il-la-perte-s-vende-08-05-2015.pdf\">le-gain-vaut-il-la-perte-s-vende-08-05-2015<\/a><\/li>\n<li>Sur Eduscol, , un cycle &#8220;<a href=\"http:\/\/eduscol.education.fr\/philosophie\/actualites\/le-numerique-pense-t-il-pour-nous\">Penser le num\u00e9rique<\/a>&#8221; avec de nombreuses interventions.<\/li>\n<li>Sur Eduscol, la 4\u00e8me visioconf\u00e9rence (2017) du cycle &#8220;<a href=\"http:\/\/eduscol.education.fr\/philosophie\/actualites\/penser-le-numerique-internet-nouvelle-encyclopedie\">Penser le num\u00e9rique<\/a>&#8220;.<\/li>\n<li>Un article de Paul Mathias, IGEN de philosophie, dans la revue Sens Public (2006) disponible ici en format PDF:\u00a0<a href=\"https:\/\/ent2d.ac-bordeaux.fr\/disciplines\/philosophie\/wp-content\/uploads\/sites\/24\/2017\/06\/SensPublic_PMathias_Internet_et_la_question_de_la_normativite.pdf\">SensPublic_PMathias_Internet_et_la_question_de_la_normativite<\/a><\/li>\n<li><a href=\"http:\/\/www2.cndp.fr\/DOSSIERSIE\/59\/ptidos59.asp\">Un dossier de l&#8217;ing\u00e9nierie \u00e9ducative <\/a>sur la\u00a0philosophie et les TICE avec une s\u00e9rie d&#8217;articles t\u00e9l\u00e9chargeables au format PDF.<\/li>\n<li>Un dossier &#8220;Ontologie du Num\u00e9rique&#8221; sous la direction\u00a0de Servanne Monjour, Matteo Treleani et Marcello Vitali Rosati dont tous les articles sont disponibles ici:\u00a0http:\/\/sens-public.org\/article1282.html<\/li>\n<\/ul>\n<h6><div><iframe loading=\"lazy\" frameborder=\"0\" width=\"550\" height=\"490.28497409326\" src=\"https:\/\/ent2d.ac-bordeaux.fr\/mediacad\/m\/10979\/d\/i\" webkitAllowFullScreen=\"true\" mozallowfullscreen=\"true\" allowFullScreen=\"true\" ><\/iframe><\/div><\/h6>\n<h6><\/h6>\n<h6><strong><img loading=\"lazy\" decoding=\"async\" class=\"alignnone wp-image-154\" src=\"https:\/\/ent2d.ac-bordeaux.fr\/disciplines\/philosophie\/wp-content\/uploads\/sites\/24\/2017\/06\/Minervas_ugle-1-124x300.png\" alt=\"\" width=\"10\" height=\"24\" srcset=\"https:\/\/ent2d.ac-bordeaux.fr\/disciplines\/philosophie\/wp-content\/uploads\/sites\/24\/2017\/06\/Minervas_ugle-1-124x300.png 124w, https:\/\/ent2d.ac-bordeaux.fr\/disciplines\/philosophie\/wp-content\/uploads\/sites\/24\/2017\/06\/Minervas_ugle-1-425x1024.png 425w, https:\/\/ent2d.ac-bordeaux.fr\/disciplines\/philosophie\/wp-content\/uploads\/sites\/24\/2017\/06\/Minervas_ugle-1.png 523w\" sizes=\"auto, (max-width: 10px) 100vw, 10px\" \/><span style=\"color: #800000\">\u00a0 Enseigner avec le num\u00e9rique<\/span><\/strong><\/h6>\n<ul>\n<li>L&#8217;Encyclop\u00e9die Philosophique Num\u00e9rique, avec des articles de qualit\u00e9 universitaire et dont l&#8217;acc\u00e8s est gratuit.\n<ul>\n<li>Sa pr\u00e9sentation sur <a href=\"http:\/\/eduscol.education.fr\/philosophie\/actualites\/encyclopedie-philosophique\">Eduscol<\/a>.<\/li>\n<li>Sa <a href=\"http:\/\/encyclo-philo.fr\">page d&#8217;accueil<\/a>.<\/li>\n<\/ul>\n<\/li>\n<li>TIC&#8217;\u00c9du Philosophie et sa lettre d&#8217;information est disponible sur <a href=\"http:\/\/eduscol.education.fr\/philosophie\/edunum\/ticedu-philo-01\">Eduscol<\/a>.<\/li>\n<li>Le site de philosophie de l&#8217;acad\u00e9mie de Nantes <a href=\"http:\/\/www.pedagogie.ac-nantes.fr\/philosophie\/enseignement\/exercices\/\">propose une s\u00e9rie d&#8217;activit\u00e9s liant Philosophie et Tice<\/a>.<\/li>\n<li>Le <a href=\"https:\/\/philo-labo.fr\">laboratoire des IANs de philosophie<\/a>\u00a0qui propose des exercices philosophiques r\u00e9alis\u00e9s par l&#8217;IAN de l&#8217;acad\u00e9mie de Cr\u00e9teil sur la notion de <a href=\"https:\/\/philo-labo.fr\/index.php\/Public\/ExoTechD\u00e9finir\">technique<\/a>.<\/li>\n<li>Le site <a href=\"https:\/\/learningapps.org\/index.php?category=79&amp;s\">LearningApps.org<\/a> propose, apr\u00e8s inscription, la consultation et la possibilit\u00e9 de r\u00e9aliser des exercices en ligne.<\/li>\n<li>Le site <a href=\"http:\/\/bdbac.admin.free.fr\/index.html\">BdBac 2015<\/a>, con\u00e7u par un IA-IPR, propose la consultation en ligne, ou le t\u00e9l\u00e9chargement d&#8217;un logiciel libre permettant le cr\u00e9er et diffuser des exercices philosophiques. Il est \u00e9galement accompagn\u00e9 d&#8217;une banque de donn\u00e9es de sujets et textes.<\/li>\n<li>Un article de Bernard Stiegler &#8220;<a href=\"https:\/\/esprit.presse.fr\/article\/stiegler-bernard\/le-numerique-empeche-t-il-de-penser-bernard-stiegler-37683\">Le num\u00e9rique nous emp\u00eache-t-il de penser<\/a>?<\/li>\n<\/ul>\n<p><span style=\"font-family: Menlo, Monaco, Consolas, 'Courier New', monospace;font-size: 13px;background-color: #f5f5f5\">\u00a0<\/span><\/p>\n","protected":false},"excerpt":{"rendered":"<p>\u00a0\u00a0R\u00e9fl\u00e9chir sur les TICE (Technologies de l&#8217;information et de la communication pour l&#8217;enseignement) Texte relatif \u00e0 l&#8217;utilisation des TICE sur le site de l&#8217;\u00e9ducation nationale. Guide de la mise en oeuvre du num\u00e9rique \u00e9ducatif propos\u00e9 par l&#8217;acad\u00e9mie de Cr\u00e9teil:\u00a0guide_jalons_pour_ecran\u00a0(Format PDF) Le discours &#8220;Petite Poucette&#8221; prononc\u00e9 par Michel Serres de l&#8217;Acad\u00e9mie Fran\u00e7aise en s\u00e9ance solennelle du &hellip; <\/p>\n<p><a class=\"more-link btn\" href=\"https:\/\/ent2d.ac-bordeaux.fr\/disciplines\/philosophie\/penser-le-numerique-2\/penser-le-numerique\/\">Lire la suite<\/a><\/p>\n","protected":false},"author":2078,"featured_media":0,"parent":437,"menu_order":0,"comment_status":"closed","ping_status":"closed","template":"","meta":{"footnotes":""},"class_list":["post-424","page","type-page","status-publish","hentry","nodate","item-wrap"],"_links":{"self":[{"href":"https:\/\/ent2d.ac-bordeaux.fr\/disciplines\/philosophie\/wp-json\/wp\/v2\/pages\/424","targetHints":{"allow":["GET"]}}],"collection":[{"href":"https:\/\/ent2d.ac-bordeaux.fr\/disciplines\/philosophie\/wp-json\/wp\/v2\/pages"}],"about":[{"href":"https:\/\/ent2d.ac-bordeaux.fr\/disciplines\/philosophie\/wp-json\/wp\/v2\/types\/page"}],"author":[{"embeddable":true,"href":"https:\/\/ent2d.ac-bordeaux.fr\/disciplines\/philosophie\/wp-json\/wp\/v2\/users\/2078"}],"replies":[{"embeddable":true,"href":"https:\/\/ent2d.ac-bordeaux.fr\/disciplines\/philosophie\/wp-json\/wp\/v2\/comments?post=424"}],"version-history":[{"count":7,"href":"https:\/\/ent2d.ac-bordeaux.fr\/disciplines\/philosophie\/wp-json\/wp\/v2\/pages\/424\/revisions"}],"predecessor-version":[{"id":847,"href":"https:\/\/ent2d.ac-bordeaux.fr\/disciplines\/philosophie\/wp-json\/wp\/v2\/pages\/424\/revisions\/847"}],"up":[{"embeddable":true,"href":"https:\/\/ent2d.ac-bordeaux.fr\/disciplines\/philosophie\/wp-json\/wp\/v2\/pages\/437"}],"wp:attachment":[{"href":"https:\/\/ent2d.ac-bordeaux.fr\/disciplines\/philosophie\/wp-json\/wp\/v2\/media?parent=424"}],"curies":[{"name":"wp","href":"https:\/\/api.w.org\/{rel}","templated":true}]}}