{"id":413,"date":"2017-06-04T19:23:48","date_gmt":"2017-06-04T17:23:48","guid":{"rendered":"https:\/\/ent2d.ac-bordeaux.fr\/disciplines\/philosophie\/?page_id=413"},"modified":"2025-12-28T18:50:59","modified_gmt":"2025-12-28T17:50:59","slug":"ressources-numeriques-textes","status":"publish","type":"page","link":"https:\/\/ent2d.ac-bordeaux.fr\/disciplines\/philosophie\/penser-le-numerique-2\/ressources-numeriques-textes\/","title":{"rendered":"Ressources num\u00e9riques (textes)"},"content":{"rendered":"<h6><strong><img loading=\"lazy\" decoding=\"async\" class=\"alignnone wp-image-154\" src=\"https:\/\/ent2d.ac-bordeaux.fr\/disciplines\/philosophie\/wp-content\/uploads\/sites\/24\/2017\/06\/Minervas_ugle-1-124x300.png\" alt=\"\" width=\"10\" height=\"24\" srcset=\"https:\/\/ent2d.ac-bordeaux.fr\/disciplines\/philosophie\/wp-content\/uploads\/sites\/24\/2017\/06\/Minervas_ugle-1-124x300.png 124w, https:\/\/ent2d.ac-bordeaux.fr\/disciplines\/philosophie\/wp-content\/uploads\/sites\/24\/2017\/06\/Minervas_ugle-1-425x1024.png 425w, https:\/\/ent2d.ac-bordeaux.fr\/disciplines\/philosophie\/wp-content\/uploads\/sites\/24\/2017\/06\/Minervas_ugle-1.png 523w\" sizes=\"auto, (max-width: 10px) 100vw, 10px\" \/><span style=\"color: #800000\">\u00a0\u00a0Banques\u00a0d&#8217;oeuvres compl\u00e8tes<\/span><\/strong><\/h6>\n<ul>\n<li><a href=\"http:\/\/classiques.uqac.ca\/classiques\/\">Banque d&#8217;oeuvres compl\u00e8tes de philosophie<\/a>, et plus largement de sciences humaines de l&#8217;UQAC.<\/li>\n<\/ul>\n<ul>\n<li><a href=\"http:\/\/gallica.bnf.fr\/FromHomeToThemes?lang=FR\">Banque d&#8217;oeuvres compl\u00e8tes de\u00a0philosophie<\/a>\u00a0de la biblioth\u00e8que nationale de France (Gallica).<\/li>\n<\/ul>\n<h6><strong><img loading=\"lazy\" decoding=\"async\" class=\"alignnone wp-image-154\" src=\"https:\/\/ent2d.ac-bordeaux.fr\/disciplines\/philosophie\/wp-content\/uploads\/sites\/24\/2017\/06\/Minervas_ugle-1-124x300.png\" alt=\"\" width=\"10\" height=\"24\" srcset=\"https:\/\/ent2d.ac-bordeaux.fr\/disciplines\/philosophie\/wp-content\/uploads\/sites\/24\/2017\/06\/Minervas_ugle-1-124x300.png 124w, https:\/\/ent2d.ac-bordeaux.fr\/disciplines\/philosophie\/wp-content\/uploads\/sites\/24\/2017\/06\/Minervas_ugle-1-425x1024.png 425w, https:\/\/ent2d.ac-bordeaux.fr\/disciplines\/philosophie\/wp-content\/uploads\/sites\/24\/2017\/06\/Minervas_ugle-1.png 523w\" sizes=\"auto, (max-width: 10px) 100vw, 10px\" \/><span style=\"color: #800000\">\u00a0\u00a0Banques\u00a0de textes de philosophie<\/span><\/strong><\/h6>\n<ul>\n<li><a href=\"http:\/\/pedagogie.ac-toulouse.fr\/philosophie\/textesdephilosophes.htm\">L&#8217;acad\u00e9mie de Toulouse<\/a> propose plus de 150 textes \u00e0 t\u00e9l\u00e9charger dans leur langue originale.<\/li>\n<li><a href=\"http:\/\/dialog.ac-reims.fr\/wphilo\/philoreims\/articlesd50c.html\">L&#8217;acad\u00e9mie de Reims propose une banque de textes et de sujets<\/a> class\u00e9s en fonction des programmes de s\u00e9ries g\u00e9n\u00e9rales ou technologiques.<\/li>\n<li><a href=\"https:\/\/pedagogie.ac-montpellier.fr\/sites\/default\/files\/ressources\/Sujets-Bac-Philo_Dissertation_1996-2022.pdf\">L&#8217;acad\u00e9mie d&#8217;Aix-Marseille a r\u00e9pertori\u00e9 tous les sujets de dissertation du bac g\u00e9n\u00e9ral et du bac technologique<\/a> de 1996 \u00e0 2022.<\/li>\n<li><a href=\"https:\/\/pedagogie.ac-montpellier.fr\/sites\/default\/files\/ressources\/Sujets-Bac-philo_Texte_1996-2022.pdf\">L&#8217;acad\u00e9mie d&#8217;Aix-Marseille a r\u00e9pertori\u00e9 tous les sujets d&#8217;explication de texte du bac g\u00e9n\u00e9ral et du bac technologique<\/a> de 1996 \u00e0 2022.<\/li>\n<li><a href=\"https:\/\/pedagogie.ac-lille.fr\/lettres\/wp-content\/uploads\/sites\/36\/2023\/03\/SUJETS-HLP-Terminale-Banque-totale-indexee.pdf\">L&#8217;acad\u00e9mie de Lille a r\u00e9pertori\u00e9 tous les sujets de HLP<\/a> de 2020 \u00e0 2022.<\/li>\n<\/ul>\n<ul>\n<li>Ale<a href=\"http:\/\/infomotions.com\/alex\/\">x Catalogue of Electronic Texts<\/a> propose des textes de plus de 130 auteurs anglo-saxons.<\/li>\n<\/ul>\n<ul>\n<li>Le Projet ARTFL propose la premi\u00e8re mise en ligne de l&#8217;<a class=\"spip_out\" href=\"http:\/\/portail.atilf.fr\/encyclopedie\/\" target=\"_blank\" rel=\"external noopener noreferrer\">Encyclop\u00e9die ou Dictionnaire Raisonn\u00e9 des Sciences, des Arts et des M\u00e9tiers, de Diderot et d\u2019Alembert<\/a>\u00a0 (Universit\u00e9 de Chicago) avec des possibilit\u00e9s de recherches avanc\u00e9es sur le texte.<\/li>\n<\/ul>\n<ul>\n<li><a href=\"http:\/\/www.vigdor.com\">Le site des \u00e9ditions Vigdor<\/a> propose la mise en ligne d&#8217;ouvrages d&#8217;\u00e9pist\u00e9mologie, de logique et sciences du langage, parfois \u00e9puis\u00e9s.<\/li>\n<\/ul>\n<ul>\n<li><a href=\"http:\/\/www.placita.org\">Le site Placita<\/a> propose de mettre en ligne la reconstitution des textes dits\u00a0pr\u00e9socratiques.<\/li>\n<\/ul>\n<ul>\n<li><a href=\"http:\/\/www.gutenberg.org\">Le projet Gutemberg<\/a> a \u00e9t\u00e9 le premier projet d&#8217;envergure visant la num\u00e9risation des oeuvres tomb\u00e9es dans le domaine public, et leur mise en ligne sous des formats commodes.<\/li>\n<\/ul>\n<ul>\n<li>L&#8217;universit\u00e9 canadienne McMaster propose une <a href=\"http:\/\/www.mcmaster.ca\/russdocs\/russell.htm\">banque de donn\u00e9es de textes autour du philosophe britannique Russell<\/a>.<\/li>\n<\/ul>\n","protected":false},"excerpt":{"rendered":"<p>\u00a0\u00a0Banques\u00a0d&#8217;oeuvres compl\u00e8tes Banque d&#8217;oeuvres compl\u00e8tes de philosophie, et plus largement de sciences humaines de l&#8217;UQAC. Banque d&#8217;oeuvres compl\u00e8tes de\u00a0philosophie\u00a0de la biblioth\u00e8que nationale de France (Gallica). \u00a0\u00a0Banques\u00a0de textes de philosophie L&#8217;acad\u00e9mie de Toulouse propose plus de 150 textes \u00e0 t\u00e9l\u00e9charger dans leur langue originale. L&#8217;acad\u00e9mie de Reims propose une banque de textes et de sujets class\u00e9s &hellip; <\/p>\n<p><a class=\"more-link btn\" href=\"https:\/\/ent2d.ac-bordeaux.fr\/disciplines\/philosophie\/penser-le-numerique-2\/ressources-numeriques-textes\/\">Lire la suite<\/a><\/p>\n","protected":false},"author":2078,"featured_media":0,"parent":437,"menu_order":0,"comment_status":"closed","ping_status":"closed","template":"","meta":{"footnotes":""},"class_list":["post-413","page","type-page","status-publish","hentry","nodate","item-wrap"],"_links":{"self":[{"href":"https:\/\/ent2d.ac-bordeaux.fr\/disciplines\/philosophie\/wp-json\/wp\/v2\/pages\/413","targetHints":{"allow":["GET"]}}],"collection":[{"href":"https:\/\/ent2d.ac-bordeaux.fr\/disciplines\/philosophie\/wp-json\/wp\/v2\/pages"}],"about":[{"href":"https:\/\/ent2d.ac-bordeaux.fr\/disciplines\/philosophie\/wp-json\/wp\/v2\/types\/page"}],"author":[{"embeddable":true,"href":"https:\/\/ent2d.ac-bordeaux.fr\/disciplines\/philosophie\/wp-json\/wp\/v2\/users\/2078"}],"replies":[{"embeddable":true,"href":"https:\/\/ent2d.ac-bordeaux.fr\/disciplines\/philosophie\/wp-json\/wp\/v2\/comments?post=413"}],"version-history":[{"count":4,"href":"https:\/\/ent2d.ac-bordeaux.fr\/disciplines\/philosophie\/wp-json\/wp\/v2\/pages\/413\/revisions"}],"predecessor-version":[{"id":1607,"href":"https:\/\/ent2d.ac-bordeaux.fr\/disciplines\/philosophie\/wp-json\/wp\/v2\/pages\/413\/revisions\/1607"}],"up":[{"embeddable":true,"href":"https:\/\/ent2d.ac-bordeaux.fr\/disciplines\/philosophie\/wp-json\/wp\/v2\/pages\/437"}],"wp:attachment":[{"href":"https:\/\/ent2d.ac-bordeaux.fr\/disciplines\/philosophie\/wp-json\/wp\/v2\/media?parent=413"}],"curies":[{"name":"wp","href":"https:\/\/api.w.org\/{rel}","templated":true}]}}