{"id":402,"date":"2017-06-04T18:53:02","date_gmt":"2017-06-04T16:53:02","guid":{"rendered":"https:\/\/ent2d.ac-bordeaux.fr\/disciplines\/philosophie\/?page_id=402"},"modified":"2025-12-28T18:50:36","modified_gmt":"2025-12-28T17:50:36","slug":"ressources","status":"publish","type":"page","link":"https:\/\/ent2d.ac-bordeaux.fr\/disciplines\/philosophie\/penser-le-numerique-2\/ressources\/","title":{"rendered":"Ressources vid\u00e9os"},"content":{"rendered":"<h6><\/h6>\n<h6><strong><img loading=\"lazy\" decoding=\"async\" class=\"alignnone wp-image-154\" src=\"https:\/\/ent2d.ac-bordeaux.fr\/disciplines\/philosophie\/wp-content\/uploads\/sites\/24\/2017\/06\/Minervas_ugle-1-124x300.png\" alt=\"\" width=\"10\" height=\"24\" srcset=\"https:\/\/ent2d.ac-bordeaux.fr\/disciplines\/philosophie\/wp-content\/uploads\/sites\/24\/2017\/06\/Minervas_ugle-1-124x300.png 124w, https:\/\/ent2d.ac-bordeaux.fr\/disciplines\/philosophie\/wp-content\/uploads\/sites\/24\/2017\/06\/Minervas_ugle-1-425x1024.png 425w, https:\/\/ent2d.ac-bordeaux.fr\/disciplines\/philosophie\/wp-content\/uploads\/sites\/24\/2017\/06\/Minervas_ugle-1.png 523w\" sizes=\"auto, (max-width: 10px) 100vw, 10px\" \/><span style=\"color: #800000\">\u00a0\u00a0Ressources num\u00e9riques pour la classe de philosophie<\/span><\/strong><\/h6>\n<ul>\n<li><a href=\"http:\/\/lyc-sevres.ac-versailles.fr\/eee.13-14.cours_philo_en_ligne.php\">Cours de philosophie en ligne en visioconf\u00e9rence sur le site du lyc\u00e9e de S\u00e8vres<\/a> de l&#8217;acad\u00e9mie de Versailles (cours class\u00e9s en r\u00e9f\u00e9rence au programme de philosophie en terminale).<\/li>\n<li><a href=\"http:\/\/www.projet-eee.ac-versailles.fr\/videotheque\">Vid\u00e9oth\u00e8que E.E.E<\/a> (Europe \u00c9ducation \u00c9cole de l&#8217;acad\u00e9mie de Versailles).<\/li>\n<\/ul>\n<p><a href=\"http:\/\/www.projet-eee.ac-versailles.fr\/videotheque\"><img loading=\"lazy\" decoding=\"async\" class=\"aligncenter wp-image-405\" src=\"https:\/\/ent2d.ac-bordeaux.fr\/disciplines\/philosophie\/wp-content\/uploads\/sites\/24\/2017\/06\/Capture-d\u2019\u00e9cran-2017-06-04-\u00e0-18.37.21-300x35.png\" alt=\"\" width=\"446\" height=\"52\" srcset=\"https:\/\/ent2d.ac-bordeaux.fr\/disciplines\/philosophie\/wp-content\/uploads\/sites\/24\/2017\/06\/Capture-d\u2019\u00e9cran-2017-06-04-\u00e0-18.37.21-300x35.png 300w, https:\/\/ent2d.ac-bordeaux.fr\/disciplines\/philosophie\/wp-content\/uploads\/sites\/24\/2017\/06\/Capture-d\u2019\u00e9cran-2017-06-04-\u00e0-18.37.21-768x89.png 768w, https:\/\/ent2d.ac-bordeaux.fr\/disciplines\/philosophie\/wp-content\/uploads\/sites\/24\/2017\/06\/Capture-d\u2019\u00e9cran-2017-06-04-\u00e0-18.37.21.png 929w\" sizes=\"auto, (max-width: 446px) 100vw, 446px\" \/><\/a><\/p>\n<ul>\n<li><a href=\"http:\/\/eduscol.education.fr\/pid26143\/rencontres-philosophiques.html\">Les rencontres de Langres<\/a> (dans le cadre de la formation continue des professeurs de philosophie)<\/li>\n<\/ul>\n<p><a href=\"http:\/\/eduscol.education.fr\/pid26143\/rencontres-philosophiques.html\"><img loading=\"lazy\" decoding=\"async\" class=\"aligncenter wp-image-406\" src=\"https:\/\/ent2d.ac-bordeaux.fr\/disciplines\/philosophie\/wp-content\/uploads\/sites\/24\/2017\/06\/Capture-d\u2019\u00e9cran-2017-06-04-\u00e0-18.41.45-300x209.png\" alt=\"\" width=\"189\" height=\"132\" srcset=\"https:\/\/ent2d.ac-bordeaux.fr\/disciplines\/philosophie\/wp-content\/uploads\/sites\/24\/2017\/06\/Capture-d\u2019\u00e9cran-2017-06-04-\u00e0-18.41.45-300x209.png 300w, https:\/\/ent2d.ac-bordeaux.fr\/disciplines\/philosophie\/wp-content\/uploads\/sites\/24\/2017\/06\/Capture-d\u2019\u00e9cran-2017-06-04-\u00e0-18.41.45-392x272.png 392w, https:\/\/ent2d.ac-bordeaux.fr\/disciplines\/philosophie\/wp-content\/uploads\/sites\/24\/2017\/06\/Capture-d\u2019\u00e9cran-2017-06-04-\u00e0-18.41.45-130x90.png 130w, https:\/\/ent2d.ac-bordeaux.fr\/disciplines\/philosophie\/wp-content\/uploads\/sites\/24\/2017\/06\/Capture-d\u2019\u00e9cran-2017-06-04-\u00e0-18.41.45.png 557w\" sizes=\"auto, (max-width: 189px) 100vw, 189px\" \/><\/a><\/p>\n<ul>\n<li><a href=\"https:\/\/philosophies.tv\">Philosophie-TV <\/a>(Des vid\u00e9os en streaming de conf\u00e9rences et d\u00e9bats film\u00e9s lors de festivals de philosophie, de s\u00e9minaires ou de tables rondes organis\u00e9es par certains journaux: attention, l&#8217;accessibilit\u00e9 \u00e0 une\u00a0grande partie des programmes est payante).<\/li>\n<\/ul>\n<p><img loading=\"lazy\" decoding=\"async\" class=\" wp-image-407 aligncenter\" src=\"https:\/\/ent2d.ac-bordeaux.fr\/disciplines\/philosophie\/wp-content\/uploads\/sites\/24\/2017\/06\/Capture-d\u2019\u00e9cran-2017-06-04-\u00e0-18.46.17-300x61.png\" alt=\"\" width=\"389\" height=\"79\" srcset=\"https:\/\/ent2d.ac-bordeaux.fr\/disciplines\/philosophie\/wp-content\/uploads\/sites\/24\/2017\/06\/Capture-d\u2019\u00e9cran-2017-06-04-\u00e0-18.46.17-300x61.png 300w, https:\/\/ent2d.ac-bordeaux.fr\/disciplines\/philosophie\/wp-content\/uploads\/sites\/24\/2017\/06\/Capture-d\u2019\u00e9cran-2017-06-04-\u00e0-18.46.17.png 386w\" sizes=\"auto, (max-width: 389px) 100vw, 389px\" \/><\/p>\n<ul>\n<li>La banque multim\u00e9dia de l&#8217;\u00c9cole Normale Sup\u00e9rieure (EN Savoir):\n<ul>\n<li><a href=\"http:\/\/www.diffusion.ens.fr\/index.php?res=themes&amp;idtheme=33\">Banque d&#8217;archives jusqu&#8217;\u00e0 2011<\/a>.<\/li>\n<li><a href=\"http:\/\/savoirs.ens.fr\/\/recherche.php?rechercheOption=&amp;rechercheTerme=philosophie\">Banque d&#8217;archives \u00e0 partir de 2011<\/a>.<\/li>\n<\/ul>\n<\/li>\n<\/ul>\n<p><a href=\"http:\/\/savoirs.ens.fr\/\/recherche.php?rechercheOption=&amp;rechercheTerme=philosophie\"><img loading=\"lazy\" decoding=\"async\" class=\"aligncenter wp-image-408\" src=\"https:\/\/ent2d.ac-bordeaux.fr\/disciplines\/philosophie\/wp-content\/uploads\/sites\/24\/2017\/06\/Capture-d\u2019\u00e9cran-2017-06-04-\u00e0-18.49.16-300x43.png\" alt=\"\" width=\"523\" height=\"75\" \/><\/a><\/p>\n<ul>\n<li><a href=\"https:\/\/www.youtube.com\/user\/M1962Editer\">Vid\u00e9oconf\u00e9rences des \u00e9ditions M-\u00c9diter<\/a> (catalogue de vid\u00e9os de sciences humaines et de la philosophie)<\/li>\n<\/ul>\n<p><img loading=\"lazy\" decoding=\"async\" class=\" wp-image-409 aligncenter\" src=\"https:\/\/ent2d.ac-bordeaux.fr\/disciplines\/philosophie\/wp-content\/uploads\/sites\/24\/2017\/06\/Capture-d\u2019\u00e9cran-2017-06-04-\u00e0-18.50.08-300x42.png\" alt=\"\" width=\"514\" height=\"72\" \/><\/p>\n<ul>\n<li><a href=\"http:\/\/philosophie.ac-creteil.fr\/spip.php?rubrique35\">Le site disciplinaire de philosophie de l&#8217;acad\u00e9mie de Cr\u00e9teil <\/a>propose une s\u00e9rie de vid\u00e9os class\u00e9es selon les notions du programme de terminale Litt\u00e9raire.<\/li>\n<li><a href=\"http:\/\/philosophie.ac-amiens.fr\/313-petites-videos-pour-illustrer-le-cours.html\">Le site disciplinaire de l&#8217;acad\u00e9mie d&#8217;Amiens<\/a> propose une s\u00e9rie de courtes vid\u00e9os pour illustrer le cours de philosophie.<\/li>\n<\/ul>\n","protected":false},"excerpt":{"rendered":"<p>\u00a0\u00a0Ressources num\u00e9riques pour la classe de philosophie Cours de philosophie en ligne en visioconf\u00e9rence sur le site du lyc\u00e9e de S\u00e8vres de l&#8217;acad\u00e9mie de Versailles (cours class\u00e9s en r\u00e9f\u00e9rence au programme de philosophie en terminale). Vid\u00e9oth\u00e8que E.E.E (Europe \u00c9ducation \u00c9cole de l&#8217;acad\u00e9mie de Versailles). Les rencontres de Langres (dans le cadre de la formation continue &hellip; <\/p>\n<p><a class=\"more-link btn\" href=\"https:\/\/ent2d.ac-bordeaux.fr\/disciplines\/philosophie\/penser-le-numerique-2\/ressources\/\">Lire la suite<\/a><\/p>\n","protected":false},"author":2078,"featured_media":0,"parent":437,"menu_order":0,"comment_status":"closed","ping_status":"closed","template":"","meta":{"footnotes":""},"class_list":["post-402","page","type-page","status-publish","hentry","nodate","item-wrap"],"_links":{"self":[{"href":"https:\/\/ent2d.ac-bordeaux.fr\/disciplines\/philosophie\/wp-json\/wp\/v2\/pages\/402","targetHints":{"allow":["GET"]}}],"collection":[{"href":"https:\/\/ent2d.ac-bordeaux.fr\/disciplines\/philosophie\/wp-json\/wp\/v2\/pages"}],"about":[{"href":"https:\/\/ent2d.ac-bordeaux.fr\/disciplines\/philosophie\/wp-json\/wp\/v2\/types\/page"}],"author":[{"embeddable":true,"href":"https:\/\/ent2d.ac-bordeaux.fr\/disciplines\/philosophie\/wp-json\/wp\/v2\/users\/2078"}],"replies":[{"embeddable":true,"href":"https:\/\/ent2d.ac-bordeaux.fr\/disciplines\/philosophie\/wp-json\/wp\/v2\/comments?post=402"}],"version-history":[{"count":3,"href":"https:\/\/ent2d.ac-bordeaux.fr\/disciplines\/philosophie\/wp-json\/wp\/v2\/pages\/402\/revisions"}],"predecessor-version":[{"id":412,"href":"https:\/\/ent2d.ac-bordeaux.fr\/disciplines\/philosophie\/wp-json\/wp\/v2\/pages\/402\/revisions\/412"}],"up":[{"embeddable":true,"href":"https:\/\/ent2d.ac-bordeaux.fr\/disciplines\/philosophie\/wp-json\/wp\/v2\/pages\/437"}],"wp:attachment":[{"href":"https:\/\/ent2d.ac-bordeaux.fr\/disciplines\/philosophie\/wp-json\/wp\/v2\/media?parent=402"}],"curies":[{"name":"wp","href":"https:\/\/api.w.org\/{rel}","templated":true}]}}