{"id":384,"date":"2017-06-04T17:15:30","date_gmt":"2017-06-04T15:15:30","guid":{"rendered":"https:\/\/ent2d.ac-bordeaux.fr\/disciplines\/philosophie\/?page_id=384"},"modified":"2025-12-28T18:52:38","modified_gmt":"2025-12-28T17:52:38","slug":"formation-continue","status":"publish","type":"page","link":"https:\/\/ent2d.ac-bordeaux.fr\/disciplines\/philosophie\/formation-continue\/","title":{"rendered":"Formation continue"},"content":{"rendered":"<h6><strong><img loading=\"lazy\" decoding=\"async\" class=\"alignnone wp-image-154\" src=\"https:\/\/ent2d.ac-bordeaux.fr\/disciplines\/philosophie\/wp-content\/uploads\/sites\/24\/2017\/06\/Minervas_ugle-1-124x300.png\" alt=\"\" width=\"10\" height=\"24\" srcset=\"https:\/\/ent2d.ac-bordeaux.fr\/disciplines\/philosophie\/wp-content\/uploads\/sites\/24\/2017\/06\/Minervas_ugle-1-124x300.png 124w, https:\/\/ent2d.ac-bordeaux.fr\/disciplines\/philosophie\/wp-content\/uploads\/sites\/24\/2017\/06\/Minervas_ugle-1-425x1024.png 425w, https:\/\/ent2d.ac-bordeaux.fr\/disciplines\/philosophie\/wp-content\/uploads\/sites\/24\/2017\/06\/Minervas_ugle-1.png 523w\" sizes=\"auto, (max-width: 10px) 100vw, 10px\" \/><span style=\"color: #800000\">\u00a0\u00a0Inscription \u00e0 la formation continue<\/span><\/strong><\/h6>\n<ul>\n<li>Le plan acad\u00e9mique de formation est disponible <a href=\"https:\/\/portailrh.ac-bordeaux.fr\/sofia\/nthem\/treeview\/opentree\/0\">ici<\/a>.<\/li>\n<li>Les campagnes d&#8217;inscription pour l&#8217;ann\u00e9e \u00e0 venir se font via <strong>GAIA<\/strong>.\n<ul>\n<li>Pour cela, il faut se rendre sur le <a href=\"https:\/\/portailrh.ac-bordeaux.fr\/arena\/pages\/accueill.jsf\">portail ARENA<\/a>\u00a0et saisir vos\u00a0identifiants de messagerie acad\u00e9mique (si jamais ces derniers ont \u00e9t\u00e9 oubli\u00e9s, <a href=\"http:\/\/www.ac-bordeaux.fr\/cid82007\/assistance-informatique.html\">rendez-vous ici<\/a>).<\/li>\n<li>Cliquez sur la rubrique &#8220;<em>Gestion du personnel<\/em>&#8221; dans la colonne de gauche, puis sur &#8220;<em>GAIA-acc\u00e8s individuel<\/em>&#8221; dans la sous-rubrique &#8220;<em>Gestion de la formation continue<\/em>&#8220;. Vous parvenez alors sur cette page:<\/li>\n<\/ul>\n<\/li>\n<\/ul>\n<p><img loading=\"lazy\" decoding=\"async\" class=\"size-medium wp-image-385 aligncenter\" src=\"https:\/\/ent2d.ac-bordeaux.fr\/disciplines\/philosophie\/wp-content\/uploads\/sites\/24\/2017\/06\/Capture-d\u2019\u00e9cran-2017-06-04-\u00e0-16.58.00-300x114.png\" alt=\"\" width=\"300\" height=\"114\" \/><\/p>\n<p style=\"padding-left: 90px\">Une fois dans GAIA, cliquez sur &#8220;<em>Inscription individuelle<\/em>&#8220;, puis sur &#8220;<em>Rechercher<\/em>&#8221; une fois \u00e0 l&#8217;\u00e9cran suivant. \u00a0Entrez l\u2019identifiant du dispositif (code de 10 caract\u00e8res commen\u00e7ant par 15) puis cliquez sur &#8220;<em>Suivant<\/em>&#8221; pour s\u00e9lectionner l&#8217;intitul\u00e9 de la formation. Il s&#8217;agit alors de cocher les cases des modules d\u00e9sir\u00e9s et validez en cliquant sur &#8220;<em>Suivant<\/em>&#8220;.<\/p>\n<p style=\"padding-left: 90px\">Attention cependant puisque, dans l&#8217;application GAIA, une fois tous vos dispositifs et modules s\u00e9lectionn\u00e9s, il faudra\u00a0classer vos v\u0153ux\u00a0en cliquant sur &#8220;<em>Classer<\/em>&#8220;. Si vous n&#8217;avez fait qu&#8217;un seul voeu, il faudra, quoiqu&#8217;il en soit, le classer en position 1. Au contraire, si vous en avez fait plusieurs, le traitement de vos demandes seront bien effectu\u00e9es en prenant en compte cet ordre de voeu afin d&#8217;\u00e9tablir leur\u00a0priorit\u00e9.<\/p>\n","protected":false},"excerpt":{"rendered":"<p>\u00a0\u00a0Inscription \u00e0 la formation continue Le plan acad\u00e9mique de formation est disponible ici. Les campagnes d&#8217;inscription pour l&#8217;ann\u00e9e \u00e0 venir se font via GAIA. Pour cela, il faut se rendre sur le portail ARENA\u00a0et saisir vos\u00a0identifiants de messagerie acad\u00e9mique (si jamais ces derniers ont \u00e9t\u00e9 oubli\u00e9s, rendez-vous ici). Cliquez sur la rubrique &#8220;Gestion du personnel&#8221; &hellip; <\/p>\n<p><a class=\"more-link btn\" href=\"https:\/\/ent2d.ac-bordeaux.fr\/disciplines\/philosophie\/formation-continue\/\">Lire la suite<\/a><\/p>\n","protected":false},"author":2078,"featured_media":0,"parent":0,"menu_order":0,"comment_status":"closed","ping_status":"closed","template":"","meta":{"footnotes":""},"class_list":["post-384","page","type-page","status-publish","hentry","nodate","item-wrap"],"_links":{"self":[{"href":"https:\/\/ent2d.ac-bordeaux.fr\/disciplines\/philosophie\/wp-json\/wp\/v2\/pages\/384","targetHints":{"allow":["GET"]}}],"collection":[{"href":"https:\/\/ent2d.ac-bordeaux.fr\/disciplines\/philosophie\/wp-json\/wp\/v2\/pages"}],"about":[{"href":"https:\/\/ent2d.ac-bordeaux.fr\/disciplines\/philosophie\/wp-json\/wp\/v2\/types\/page"}],"author":[{"embeddable":true,"href":"https:\/\/ent2d.ac-bordeaux.fr\/disciplines\/philosophie\/wp-json\/wp\/v2\/users\/2078"}],"replies":[{"embeddable":true,"href":"https:\/\/ent2d.ac-bordeaux.fr\/disciplines\/philosophie\/wp-json\/wp\/v2\/comments?post=384"}],"version-history":[{"count":3,"href":"https:\/\/ent2d.ac-bordeaux.fr\/disciplines\/philosophie\/wp-json\/wp\/v2\/pages\/384\/revisions"}],"predecessor-version":[{"id":1698,"href":"https:\/\/ent2d.ac-bordeaux.fr\/disciplines\/philosophie\/wp-json\/wp\/v2\/pages\/384\/revisions\/1698"}],"wp:attachment":[{"href":"https:\/\/ent2d.ac-bordeaux.fr\/disciplines\/philosophie\/wp-json\/wp\/v2\/media?parent=384"}],"curies":[{"name":"wp","href":"https:\/\/api.w.org\/{rel}","templated":true}]}}