{"id":362,"date":"2017-06-04T02:12:43","date_gmt":"2017-06-04T00:12:43","guid":{"rendered":"https:\/\/ent2d.ac-bordeaux.fr\/disciplines\/philosophie\/?page_id=362"},"modified":"2025-12-28T18:51:49","modified_gmt":"2025-12-28T17:51:49","slug":"concours","status":"publish","type":"page","link":"https:\/\/ent2d.ac-bordeaux.fr\/disciplines\/philosophie\/concours\/","title":{"rendered":"Concours"},"content":{"rendered":"<p>Vous pourrez trouver dans cette rubrique l&#8217;ensemble des informations n\u00e9cessaires concernant les textes relatifs aux concours (agr\u00e9gation externe, agr\u00e9gation interne\/CAERPA, capes externe\/CAFEP, capes interne\/CAER et concours g\u00e9n\u00e9ral), les modalit\u00e9s d&#8217;inscription, les programmes et les rapports du jury (disponibles au format PDF).<\/p>\n<p><a href=\"https:\/\/ent2d.ac-bordeaux.fr\/disciplines\/philosophie\/dates-et-modalites-dinscription\/\"><img loading=\"lazy\" decoding=\"async\" class=\"aligncenter wp-image-363\" src=\"https:\/\/ent2d.ac-bordeaux.fr\/disciplines\/philosophie\/wp-content\/uploads\/sites\/24\/2017\/06\/Capture-d\u2019\u00e9cran-2017-06-04-\u00e0-02.05.40-300x75.png\" alt=\"\" width=\"680\" height=\"170\" srcset=\"https:\/\/ent2d.ac-bordeaux.fr\/disciplines\/philosophie\/wp-content\/uploads\/sites\/24\/2017\/06\/Capture-d\u2019\u00e9cran-2017-06-04-\u00e0-02.05.40-300x75.png 300w, https:\/\/ent2d.ac-bordeaux.fr\/disciplines\/philosophie\/wp-content\/uploads\/sites\/24\/2017\/06\/Capture-d\u2019\u00e9cran-2017-06-04-\u00e0-02.05.40-768x192.png 768w, https:\/\/ent2d.ac-bordeaux.fr\/disciplines\/philosophie\/wp-content\/uploads\/sites\/24\/2017\/06\/Capture-d\u2019\u00e9cran-2017-06-04-\u00e0-02.05.40-1024x256.png 1024w, https:\/\/ent2d.ac-bordeaux.fr\/disciplines\/philosophie\/wp-content\/uploads\/sites\/24\/2017\/06\/Capture-d\u2019\u00e9cran-2017-06-04-\u00e0-02.05.40.png 1142w\" sizes=\"auto, (max-width: 680px) 100vw, 680px\" \/><\/a><\/p>\n<p><a href=\"https:\/\/ent2d.ac-bordeaux.fr\/disciplines\/philosophie\/agregation-externe\/\"><img loading=\"lazy\" decoding=\"async\" class=\"aligncenter wp-image-364\" src=\"https:\/\/ent2d.ac-bordeaux.fr\/disciplines\/philosophie\/wp-content\/uploads\/sites\/24\/2017\/06\/Capture-d\u2019\u00e9cran-2017-06-04-\u00e0-02.06.57-300x75.png\" alt=\"\" width=\"676\" height=\"169\" srcset=\"https:\/\/ent2d.ac-bordeaux.fr\/disciplines\/philosophie\/wp-content\/uploads\/sites\/24\/2017\/06\/Capture-d\u2019\u00e9cran-2017-06-04-\u00e0-02.06.57-300x75.png 300w, https:\/\/ent2d.ac-bordeaux.fr\/disciplines\/philosophie\/wp-content\/uploads\/sites\/24\/2017\/06\/Capture-d\u2019\u00e9cran-2017-06-04-\u00e0-02.06.57-768x192.png 768w, https:\/\/ent2d.ac-bordeaux.fr\/disciplines\/philosophie\/wp-content\/uploads\/sites\/24\/2017\/06\/Capture-d\u2019\u00e9cran-2017-06-04-\u00e0-02.06.57-1024x256.png 1024w, https:\/\/ent2d.ac-bordeaux.fr\/disciplines\/philosophie\/wp-content\/uploads\/sites\/24\/2017\/06\/Capture-d\u2019\u00e9cran-2017-06-04-\u00e0-02.06.57.png 1142w\" sizes=\"auto, (max-width: 676px) 100vw, 676px\" \/><\/a><\/p>\n<p><a href=\"https:\/\/ent2d.ac-bordeaux.fr\/disciplines\/philosophie\/agregation-interne\/\"><img loading=\"lazy\" decoding=\"async\" class=\"aligncenter wp-image-365\" src=\"https:\/\/ent2d.ac-bordeaux.fr\/disciplines\/philosophie\/wp-content\/uploads\/sites\/24\/2017\/06\/Capture-d\u2019\u00e9cran-2017-06-04-\u00e0-02.07.32-300x76.png\" alt=\"\" width=\"675\" height=\"171\" srcset=\"https:\/\/ent2d.ac-bordeaux.fr\/disciplines\/philosophie\/wp-content\/uploads\/sites\/24\/2017\/06\/Capture-d\u2019\u00e9cran-2017-06-04-\u00e0-02.07.32-300x76.png 300w, https:\/\/ent2d.ac-bordeaux.fr\/disciplines\/philosophie\/wp-content\/uploads\/sites\/24\/2017\/06\/Capture-d\u2019\u00e9cran-2017-06-04-\u00e0-02.07.32-768x193.png 768w, https:\/\/ent2d.ac-bordeaux.fr\/disciplines\/philosophie\/wp-content\/uploads\/sites\/24\/2017\/06\/Capture-d\u2019\u00e9cran-2017-06-04-\u00e0-02.07.32-1024x258.png 1024w, https:\/\/ent2d.ac-bordeaux.fr\/disciplines\/philosophie\/wp-content\/uploads\/sites\/24\/2017\/06\/Capture-d\u2019\u00e9cran-2017-06-04-\u00e0-02.07.32.png 1140w\" sizes=\"auto, (max-width: 675px) 100vw, 675px\" \/><\/a><\/p>\n<p><a href=\"https:\/\/ent2d.ac-bordeaux.fr\/disciplines\/philosophie\/capes-externe-cafep-capes-interne-et-caer\/\"><img loading=\"lazy\" decoding=\"async\" class=\"aligncenter wp-image-366\" src=\"https:\/\/ent2d.ac-bordeaux.fr\/disciplines\/philosophie\/wp-content\/uploads\/sites\/24\/2017\/06\/Capture-d\u2019\u00e9cran-2017-06-04-\u00e0-02.08.31-300x75.png\" alt=\"\" width=\"676\" height=\"169\" srcset=\"https:\/\/ent2d.ac-bordeaux.fr\/disciplines\/philosophie\/wp-content\/uploads\/sites\/24\/2017\/06\/Capture-d\u2019\u00e9cran-2017-06-04-\u00e0-02.08.31-300x75.png 300w, https:\/\/ent2d.ac-bordeaux.fr\/disciplines\/philosophie\/wp-content\/uploads\/sites\/24\/2017\/06\/Capture-d\u2019\u00e9cran-2017-06-04-\u00e0-02.08.31-768x192.png 768w, https:\/\/ent2d.ac-bordeaux.fr\/disciplines\/philosophie\/wp-content\/uploads\/sites\/24\/2017\/06\/Capture-d\u2019\u00e9cran-2017-06-04-\u00e0-02.08.31-1024x256.png 1024w, https:\/\/ent2d.ac-bordeaux.fr\/disciplines\/philosophie\/wp-content\/uploads\/sites\/24\/2017\/06\/Capture-d\u2019\u00e9cran-2017-06-04-\u00e0-02.08.31.png 1142w\" sizes=\"auto, (max-width: 676px) 100vw, 676px\" \/><\/a><\/p>\n<p><a href=\"https:\/\/ent2d.ac-bordeaux.fr\/disciplines\/philosophie\/concours-general\/\"><img loading=\"lazy\" decoding=\"async\" class=\"aligncenter wp-image-367\" src=\"https:\/\/ent2d.ac-bordeaux.fr\/disciplines\/philosophie\/wp-content\/uploads\/sites\/24\/2017\/06\/Capture-d\u2019\u00e9cran-2017-06-04-\u00e0-02.09.01-300x75.png\" alt=\"\" width=\"676\" height=\"169\" srcset=\"https:\/\/ent2d.ac-bordeaux.fr\/disciplines\/philosophie\/wp-content\/uploads\/sites\/24\/2017\/06\/Capture-d\u2019\u00e9cran-2017-06-04-\u00e0-02.09.01-300x75.png 300w, https:\/\/ent2d.ac-bordeaux.fr\/disciplines\/philosophie\/wp-content\/uploads\/sites\/24\/2017\/06\/Capture-d\u2019\u00e9cran-2017-06-04-\u00e0-02.09.01-768x193.png 768w, https:\/\/ent2d.ac-bordeaux.fr\/disciplines\/philosophie\/wp-content\/uploads\/sites\/24\/2017\/06\/Capture-d\u2019\u00e9cran-2017-06-04-\u00e0-02.09.01-1024x257.png 1024w, https:\/\/ent2d.ac-bordeaux.fr\/disciplines\/philosophie\/wp-content\/uploads\/sites\/24\/2017\/06\/Capture-d\u2019\u00e9cran-2017-06-04-\u00e0-02.09.01.png 1142w\" sizes=\"auto, (max-width: 676px) 100vw, 676px\" \/><\/a><\/p>\n<p><a href=\"https:\/\/ent2d.ac-bordeaux.fr\/disciplines\/philosophie\/formation-continue\/\"><img loading=\"lazy\" decoding=\"async\" class=\"aligncenter wp-image-391\" src=\"https:\/\/ent2d.ac-bordeaux.fr\/disciplines\/philosophie\/wp-content\/uploads\/sites\/24\/2017\/06\/Capture-d\u2019\u00e9cran-2017-06-04-\u00e0-17.25.09-300x75.png\" alt=\"\" width=\"676\" height=\"169\" srcset=\"https:\/\/ent2d.ac-bordeaux.fr\/disciplines\/philosophie\/wp-content\/uploads\/sites\/24\/2017\/06\/Capture-d\u2019\u00e9cran-2017-06-04-\u00e0-17.25.09-300x75.png 300w, https:\/\/ent2d.ac-bordeaux.fr\/disciplines\/philosophie\/wp-content\/uploads\/sites\/24\/2017\/06\/Capture-d\u2019\u00e9cran-2017-06-04-\u00e0-17.25.09-768x193.png 768w, https:\/\/ent2d.ac-bordeaux.fr\/disciplines\/philosophie\/wp-content\/uploads\/sites\/24\/2017\/06\/Capture-d\u2019\u00e9cran-2017-06-04-\u00e0-17.25.09-1024x257.png 1024w, https:\/\/ent2d.ac-bordeaux.fr\/disciplines\/philosophie\/wp-content\/uploads\/sites\/24\/2017\/06\/Capture-d\u2019\u00e9cran-2017-06-04-\u00e0-17.25.09.png 1141w\" sizes=\"auto, (max-width: 676px) 100vw, 676px\" \/><\/a><\/p>\n","protected":false},"excerpt":{"rendered":"<p>Vous pourrez trouver dans cette rubrique l&#8217;ensemble des informations n\u00e9cessaires concernant les textes relatifs aux concours (agr\u00e9gation externe, agr\u00e9gation interne\/CAERPA, capes externe\/CAFEP, capes interne\/CAER et concours g\u00e9n\u00e9ral), les modalit\u00e9s d&#8217;inscription, les programmes et les rapports du jury (disponibles au format PDF).<\/p>\n","protected":false},"author":2078,"featured_media":0,"parent":0,"menu_order":0,"comment_status":"closed","ping_status":"closed","template":"","meta":{"footnotes":""},"class_list":["post-362","page","type-page","status-publish","hentry","nodate","item-wrap"],"_links":{"self":[{"href":"https:\/\/ent2d.ac-bordeaux.fr\/disciplines\/philosophie\/wp-json\/wp\/v2\/pages\/362","targetHints":{"allow":["GET"]}}],"collection":[{"href":"https:\/\/ent2d.ac-bordeaux.fr\/disciplines\/philosophie\/wp-json\/wp\/v2\/pages"}],"about":[{"href":"https:\/\/ent2d.ac-bordeaux.fr\/disciplines\/philosophie\/wp-json\/wp\/v2\/types\/page"}],"author":[{"embeddable":true,"href":"https:\/\/ent2d.ac-bordeaux.fr\/disciplines\/philosophie\/wp-json\/wp\/v2\/users\/2078"}],"replies":[{"embeddable":true,"href":"https:\/\/ent2d.ac-bordeaux.fr\/disciplines\/philosophie\/wp-json\/wp\/v2\/comments?post=362"}],"version-history":[{"count":9,"href":"https:\/\/ent2d.ac-bordeaux.fr\/disciplines\/philosophie\/wp-json\/wp\/v2\/pages\/362\/revisions"}],"predecessor-version":[{"id":392,"href":"https:\/\/ent2d.ac-bordeaux.fr\/disciplines\/philosophie\/wp-json\/wp\/v2\/pages\/362\/revisions\/392"}],"wp:attachment":[{"href":"https:\/\/ent2d.ac-bordeaux.fr\/disciplines\/philosophie\/wp-json\/wp\/v2\/media?parent=362"}],"curies":[{"name":"wp","href":"https:\/\/api.w.org\/{rel}","templated":true}]}}