{"id":341,"date":"2017-06-04T00:50:17","date_gmt":"2017-06-03T22:50:17","guid":{"rendered":"https:\/\/ent2d.ac-bordeaux.fr\/disciplines\/philosophie\/?page_id=341"},"modified":"2025-12-28T18:51:42","modified_gmt":"2025-12-28T17:51:42","slug":"capes-externe-cafep-capes-interne-et-caer","status":"publish","type":"page","link":"https:\/\/ent2d.ac-bordeaux.fr\/disciplines\/philosophie\/capes-externe-cafep-capes-interne-et-caer\/","title":{"rendered":"CAPES externe, CAFEP, CAPES interne et CAER"},"content":{"rendered":"<h6><\/h6>\n<h6><strong><img loading=\"lazy\" decoding=\"async\" class=\"alignnone wp-image-154\" src=\"https:\/\/ent2d.ac-bordeaux.fr\/disciplines\/philosophie\/wp-content\/uploads\/sites\/24\/2017\/06\/Minervas_ugle-1-124x300.png\" alt=\"\" width=\"10\" height=\"24\" srcset=\"https:\/\/ent2d.ac-bordeaux.fr\/disciplines\/philosophie\/wp-content\/uploads\/sites\/24\/2017\/06\/Minervas_ugle-1-124x300.png 124w, https:\/\/ent2d.ac-bordeaux.fr\/disciplines\/philosophie\/wp-content\/uploads\/sites\/24\/2017\/06\/Minervas_ugle-1-425x1024.png 425w, https:\/\/ent2d.ac-bordeaux.fr\/disciplines\/philosophie\/wp-content\/uploads\/sites\/24\/2017\/06\/Minervas_ugle-1.png 523w\" sizes=\"auto, (max-width: 10px) 100vw, 10px\" \/><span style=\"color: #800000\">\u00a0 Programme, rapports du jury et nombre de postes disponibles pour les ann\u00e9es pr\u00e9c\u00e9dentes du CAPES Interne\/CAER<\/span><\/strong><\/h6>\n<ul>\n<li>Pour la session 2026 :\n<ul>\n<li>Nombre de postes (susceptibles d&#8217;\u00eatre ouverts) : 32 postes au Capes et 24 au CAER.<\/li>\n<\/ul>\n<\/li>\n<li>Pour la session 2025 :\n<ul>\n<li>Rapport du jury :\u00a0<a href=\"https:\/\/www.devenirenseignant.gouv.fr\/media\/17908\/download\">https:\/\/www.devenirenseignant.gouv.fr\/media\/17908\/download<\/a><\/li>\n<li>Nombre de postes : \u00a0145 postes au Capes et 19 au CAER.<\/li>\n<\/ul>\n<\/li>\n<li>Pour la session 2024 :\n<ul>\n<li>Rapport du jury :<a href=\"https:\/\/www.devenirenseignant.gouv.fr\/media\/14756\/download\">https:\/\/www.devenirenseignant.gouv.fr\/media\/14756\/download<\/a><\/li>\n<li>Nombre de postes : \u00a0140 postes au Capes et 20 au CAER.<\/li>\n<\/ul>\n<\/li>\n<li>Pour la session 2023 :\n<ul>\n<li>Rapport du jury :<a href=\"https:\/\/www.devenirenseignant.gouv.fr\/media\/11265\/download\">https:\/\/www.devenirenseignant.gouv.fr\/media\/11265\/download<\/a><\/li>\n<li>Nombre de postes : \u00a0121 postes au Capes et 20 au CAER.<\/li>\n<\/ul>\n<\/li>\n<\/ul>\n<h6><strong><img loading=\"lazy\" decoding=\"async\" class=\"alignnone wp-image-154\" src=\"https:\/\/ent2d.ac-bordeaux.fr\/disciplines\/philosophie\/wp-content\/uploads\/sites\/24\/2017\/06\/Minervas_ugle-1-124x300.png\" alt=\"\" width=\"10\" height=\"24\" srcset=\"https:\/\/ent2d.ac-bordeaux.fr\/disciplines\/philosophie\/wp-content\/uploads\/sites\/24\/2017\/06\/Minervas_ugle-1-124x300.png 124w, https:\/\/ent2d.ac-bordeaux.fr\/disciplines\/philosophie\/wp-content\/uploads\/sites\/24\/2017\/06\/Minervas_ugle-1-425x1024.png 425w, https:\/\/ent2d.ac-bordeaux.fr\/disciplines\/philosophie\/wp-content\/uploads\/sites\/24\/2017\/06\/Minervas_ugle-1.png 523w\" sizes=\"auto, (max-width: 10px) 100vw, 10px\" \/><span style=\"color: #800000\">\u00a0 Programme, rapports du jury et nombre de postes disponibles pour les ann\u00e9es pr\u00e9c\u00e9dentes du CAPES Interne\/CAER<\/span><\/strong><\/h6>\n<ul>\n<li>Pour la session 2026 :\n<ul>\n<li>Nombre de postes (susceptibles d&#8217;\u00eatre ouverts) : 32 postes au Capes et 24 au CAER.<\/li>\n<\/ul>\n<\/li>\n<li>Pour la session 2025 :\n<ul>\n<li>Rapport du jury :\u00a0<a href=\"https:\/\/www.devenirenseignant.gouv.fr\/media\/17421\/download\">https:\/\/www.devenirenseignant.gouv.fr\/media\/17421\/download<\/a><\/li>\n<li>Nombre de postes : 32 \u00a0postes au Capes et 21\u00a0au CAER.<\/li>\n<\/ul>\n<\/li>\n<li>Pour la session 2024 :\n<ul>\n<li>Rapport du jury :\u00a0<a href=\"https:\/\/www.devenirenseignant.gouv.fr\/media\/14182\/download\">https:\/\/www.devenirenseignant.gouv.fr\/media\/14182\/download<\/a><\/li>\n<li>Nombre de postes : 32 postes au Capes et 17 au CAER.<\/li>\n<\/ul>\n<\/li>\n<li>Pour la session 2023 :\n<ul>\n<li>Rapport du jury :\u00a0<a href=\"https:\/\/www.devenirenseignant.gouv.fr\/media\/9688\/download\">https:\/\/www.devenirenseignant.gouv.fr\/media\/9688\/download<\/a><\/li>\n<li>Nombre de postes : 45 postes au Capes et 17 au CAER.<\/li>\n<\/ul>\n<\/li>\n<li>Pour la session 2022 :\n<ul>\n<li>Rapport du jury :\u00a0<a href=\"https:\/\/www.devenirenseignant.gouv.fr\/media\/2389\/download\">https:\/\/www.devenirenseignant.gouv.fr\/media\/2389\/download<\/a><\/li>\n<li>Nombre de postes : 32 postes au Capes et 16 au CAER.<\/li>\n<\/ul>\n<\/li>\n<li>Pour la session 2021:\n<ul>\n<li>Rapport du jury :\u00a0<a href=\"https:\/\/www.devenirenseignant.gouv.fr\/media\/985\/download\">https:\/\/www.devenirenseignant.gouv.fr\/media\/985\/download<\/a><\/li>\n<li>Nombre de postes: 45 postes au Capes et 22 au CAER.<\/li>\n<\/ul>\n<\/li>\n<li>Pour la session 2020:\n<ul>\n<li>Rapport du jury : <a href=\"https:\/\/ent2d.ac-bordeaux.fr\/disciplines\/philosophie\/capes-externe-cafep-capes-interne-et-caer\/rj-2020-capes-interne-philosophie_1359009\/\" rel=\"attachment wp-att-1276\">rj-2020-CAPES-interne-philosophie_1359009<\/a><\/li>\n<li>Nombre de postes : 45 postes au Capes et 24 au CAER.<\/li>\n<\/ul>\n<\/li>\n<li>Pour la session 2019:\n<ul>\n<li>Rapport du jury: <a href=\"https:\/\/ent2d.ac-bordeaux.fr\/disciplines\/philosophie\/capes-externe-cafep-capes-interne-et-caer\/rj-2019-capes-interne-philosophie_modifie_1197063\/\" rel=\"attachment wp-att-1274\">rj-2019-capes-interne-philosophie_modifie_1197063<\/a><\/li>\n<li>Nombre de postes: 45 postes au Capes et 22 au CAER.<\/li>\n<\/ul>\n<\/li>\n<li>Pour la session 2018:\n<ul>\n<li>Rapport du jury: Pas encore disponible.<\/li>\n<li>Nombre de postes: 15 postes au Capes et 14 postes au CAER.<\/li>\n<li>Sujets.<\/li>\n<\/ul>\n<\/li>\n<li>Pour la session 2017:\n<ul>\n<li>Rapport du jury: <a href=\"https:\/\/ent2d.ac-bordeaux.fr\/disciplines\/philosophie\/capes-externe-cafep-capes-interne-et-caer\/rj-2017-capes-interne-philosophie_825167\/\" rel=\"attachment wp-att-824\">rj-2017-capes-interne-philosophie_825167<\/a><\/li>\n<li>Nombre de postes: <strong>15<\/strong> postes au Capes et <strong>17<\/strong> postes au CAER.<\/li>\n<li><a href=\"http:\/\/www.devenirenseignant.gouv.fr\/cid111527\/sujets-et-rapports-des-jurys-capes-2017.html\">Sujets<\/a>.<\/li>\n<\/ul>\n<\/li>\n<li>Pour la session 2016:\n<ul>\n<li>Rapport du jury:\u00a0<a href=\"https:\/\/ent2d.ac-bordeaux.fr\/disciplines\/philosophie\/wp-content\/uploads\/sites\/24\/2017\/06\/rj_2016_CAPES_interne_philosophiev2_621076.pdf\">rj_2016_CAPES_interne_philosophiev2_621076<\/a><\/li>\n<li>Nombre de postes: <strong>17<\/strong> postes au Capes et <strong>13<\/strong> postes au CAER.<\/li>\n<li><a href=\"http:\/\/www.devenirenseignant.gouv.fr\/cid98470\/sujets-des-epreuves-d-admissibilite-et-rapports-des-jurys-des-concours-du-capes-de-la-session-2016.html\">Sujets<\/a>.<\/li>\n<\/ul>\n<\/li>\n<li>Pour la session 2015:\n<ul>\n<li>Rapport du jury:\u00a0<a href=\"https:\/\/ent2d.ac-bordeaux.fr\/disciplines\/philosophie\/wp-content\/uploads\/sites\/24\/2017\/06\/capes_interne_2015_2015-09-12_20-04-9_775.pdf\">capes_interne_2015_2015-09-12_20-04-9_775<\/a><\/li>\n<li>Nombre de postes: <strong>16<\/strong> postes au Capes et <strong>18<\/strong> postes au CAER.<\/li>\n<li><a href=\"http:\/\/www.devenirenseignant.gouv.fr\/cid98473\/sujets-des-epreuves-d-admissibilite-et-rapports-des-jurys-des-concours-du-capes-de-la-session-2015.html\">Sujets<\/a>.<\/li>\n<\/ul>\n<\/li>\n<li>Pour la session 2014:\n<ul>\n<li>Rapport du jury:\u00a0<a href=\"https:\/\/ent2d.ac-bordeaux.fr\/disciplines\/philosophie\/wp-content\/uploads\/sites\/24\/2017\/06\/philo_361987.pdf\">philo_361987<\/a><\/li>\n<li>Nombre de postes: <strong>15<\/strong> postes au Capes et <strong>14<\/strong> postes au CAER.<\/li>\n<li><a href=\"http:\/\/www.devenirenseignant.gouv.fr\/cid98474\/sujets-des-epreuves-d-admissibilite-et-rapports-des-jurys-des-concours-du-capes-de-la-session-2014.html\">Sujets<\/a>.<\/li>\n<\/ul>\n<\/li>\n<li>Pour la session 2013:\n<ul>\n<li>Rapport du jury:\u00a0<a href=\"https:\/\/ent2d.ac-bordeaux.fr\/disciplines\/philosophie\/wp-content\/uploads\/sites\/24\/2017\/06\/capes_interne.pdf\">capes_interne<\/a><\/li>\n<li>Nombre de postes: <strong>15<\/strong> postes au Capes interne et <strong>10<\/strong> postes au CAER.<\/li>\n<li><a href=\"http:\/\/www.devenirenseignant.gouv.fr\/cid98471\/sujets-des-epreuves-admissibilite-rapports-des-jurys-des-concours-capes-session-2013.html\">Sujets<\/a>.<\/li>\n<\/ul>\n<\/li>\n<\/ul>\n<h6><strong><img loading=\"lazy\" decoding=\"async\" class=\"alignnone wp-image-154\" src=\"https:\/\/ent2d.ac-bordeaux.fr\/disciplines\/philosophie\/wp-content\/uploads\/sites\/24\/2017\/06\/Minervas_ugle-1-124x300.png\" alt=\"\" width=\"10\" height=\"24\" srcset=\"https:\/\/ent2d.ac-bordeaux.fr\/disciplines\/philosophie\/wp-content\/uploads\/sites\/24\/2017\/06\/Minervas_ugle-1-124x300.png 124w, https:\/\/ent2d.ac-bordeaux.fr\/disciplines\/philosophie\/wp-content\/uploads\/sites\/24\/2017\/06\/Minervas_ugle-1-425x1024.png 425w, https:\/\/ent2d.ac-bordeaux.fr\/disciplines\/philosophie\/wp-content\/uploads\/sites\/24\/2017\/06\/Minervas_ugle-1.png 523w\" sizes=\"auto, (max-width: 10px) 100vw, 10px\" \/><span style=\"color: #800000\">\u00a0 Programme, rapports du jury et nombre de postes disponibles pour les\u00a0ann\u00e9es pr\u00e9c\u00e9dentes du CAPES externe et CAFEP:<\/span><\/strong><\/h6>\n<ul>\n<li>Pour la session 2021:\n<ul>\n<li>Rapport du jury: NC.<\/li>\n<li>Nombre de postes: <strong>129<\/strong> postes au CAPES et <strong>22<\/strong> au CAFEP.<\/li>\n<\/ul>\n<\/li>\n<li>Pour la session 2020:\n<ul>\n<li>Rapport du jury : <a href=\"https:\/\/ent2d.ac-bordeaux.fr\/disciplines\/philosophie\/capes-externe-cafep-capes-interne-et-caer\/rj-2020-capes-externe-philosophie_1360799-2\/\" rel=\"attachment wp-att-1279\">rj-2020-CAPES-externe-philosophie_1360799-2<\/a><\/li>\n<li>Nombre de postes: <strong>130<\/strong> postes au CAPES et <strong>22<\/strong> au CAFEP.<\/li>\n<li><a href=\"https:\/\/www.devenirenseignant.gouv.fr\/cid149235\/sujets-rapports-des-jurys-2020.html\">Sujets<\/a>.<\/li>\n<\/ul>\n<\/li>\n<li>Pour la session 2019:\n<ul>\n<li>Rapport du jury: <a href=\"https:\/\/ent2d.ac-bordeaux.fr\/disciplines\/philosophie\/capes-externe-cafep-capes-interne-et-caer\/rj-2019-capes-externe-philosophie_1197056\/\" rel=\"attachment wp-att-1278\">rj-2019-capes-externe-philosophie_1197056<\/a><\/li>\n<li>Nombre de postes: <strong>120<\/strong> postes au CAPES et <strong>20<\/strong> postes au CAFEP.<\/li>\n<li><a href=\"https:\/\/www.devenirenseignant.gouv.fr\/cid138733\/sujets-rapports-des-jurys-capes-2019.html\">Sujets<\/a>.<\/li>\n<\/ul>\n<\/li>\n<li>Pour la session 2018:\n<ul>\n<li>Rapport du jury: <a href=\"https:\/\/ent2d.ac-bordeaux.fr\/disciplines\/philosophie\/capes-externe-cafep-capes-interne-et-caer\/rj-2018-capes-externe-philosophie_1027074\/\" rel=\"attachment wp-att-1277\">rj-2018-capes-externe-philosophie_1027074<\/a><\/li>\n<li>Nombre de postes: <strong>100<\/strong> postes au CAPES et <strong>20<\/strong> postes au CAFEP.<\/li>\n<li><a href=\"http:\/\/www.devenirenseignant.gouv.fr\/cid126090\/sujets-rapports-des-jurys-capes-2018.html\">Sujets<\/a>.<\/li>\n<\/ul>\n<\/li>\n<li>Pour la session 2017:\n<ul>\n<li>Rapport du jury:\u00a0<a href=\"https:\/\/ent2d.ac-bordeaux.fr\/disciplines\/philosophie\/capes-externe-cafep-capes-interne-et-caer\/rj-2017-capes-externe-philosophie_836649-2\/\" rel=\"attachment wp-att-827\">rj-2017-capes-externe-philosophie_836649-2<\/a><\/li>\n<li>Nombre de postes: <strong>100<\/strong> postes au CAPES et <strong>25<\/strong> postes au CAFEP.<\/li>\n<li><a href=\"http:\/\/www.devenirenseignant.gouv.fr\/cid111527\/sujets-et-rapports-des-jurys-capes-2017.html\">Sujets<\/a>.<\/li>\n<\/ul>\n<\/li>\n<li>Pour la session 2016:\n<ul>\n<li>Rapport du jury:\u00a0<a href=\"https:\/\/ent2d.ac-bordeaux.fr\/disciplines\/philosophie\/wp-content\/uploads\/sites\/24\/2017\/06\/rj-2016-capes-externe-philosophie_644144.pdf\">rj-2016-capes-externe-philosophie_644144<\/a><\/li>\n<li>Nombre de postes: <strong>110<\/strong> postes au CAPES et <strong>25<\/strong> postes au CAFEP.<\/li>\n<li><a href=\"http:\/\/www.devenirenseignant.gouv.fr\/cid98470\/sujets-des-epreuves-d-admissibilite-et-rapports-des-jurys-des-concours-du-capes-de-la-session-2016.html\">Sujets<\/a>.<\/li>\n<\/ul>\n<\/li>\n<li>Pour la session 2015:\n<ul>\n<li>Rapport du jury:\u00a0<a href=\"https:\/\/ent2d.ac-bordeaux.fr\/disciplines\/philosophie\/wp-content\/uploads\/sites\/24\/2017\/06\/philo_471389.pdf\">philo_471389<\/a><\/li>\n<li>Nombre de postes: <strong>103<\/strong> postes au CAPES et <strong>20<\/strong> postes au CAFEP.<\/li>\n<li><a href=\"http:\/\/www.devenirenseignant.gouv.fr\/cid98473\/sujets-des-epreuves-d-admissibilite-et-rapports-des-jurys-des-concours-du-capes-de-la-session-2015.html\">Sujets<\/a>.<\/li>\n<\/ul>\n<\/li>\n<li>Pour la session 2014:\n<ul>\n<li>Rapport du jury:\u00a0<a href=\"https:\/\/ent2d.ac-bordeaux.fr\/disciplines\/philosophie\/wp-content\/uploads\/sites\/24\/2017\/06\/philo2_351140.pdf\">philo2_351140<\/a><\/li>\n<li>Nombre de postes: <strong>80<\/strong> postes au CAPES et <strong>20<\/strong> postes au CAFEP.<\/li>\n<li><a href=\"http:\/\/www.devenirenseignant.gouv.fr\/cid98474\/sujets-des-epreuves-d-admissibilite-et-rapports-des-jurys-des-concours-du-capes-de-la-session-2014.html\">Sujets<\/a>.<\/li>\n<\/ul>\n<\/li>\n<li>Pour la session 2013:\n<ul>\n<li>Rapport du jury:\u00a0<a href=\"https:\/\/ent2d.ac-bordeaux.fr\/disciplines\/philosophie\/wp-content\/uploads\/sites\/24\/2017\/06\/philo_284636.pdf\">philo_284636<\/a><\/li>\n<li>Nombre de postes: <strong>80<\/strong> postes au CAPES et <strong>10<\/strong> postes au CAFEP.<\/li>\n<li><a href=\"http:\/\/www.devenirenseignant.gouv.fr\/cid98471\/sujets-des-epreuves-admissibilite-rapports-des-jurys-des-concours-capes-session-2013.html\">Sujets<\/a>.<\/li>\n<\/ul>\n<\/li>\n<\/ul>\n<h6><strong><img loading=\"lazy\" decoding=\"async\" class=\"alignnone wp-image-154\" src=\"https:\/\/ent2d.ac-bordeaux.fr\/disciplines\/philosophie\/wp-content\/uploads\/sites\/24\/2017\/06\/Minervas_ugle-1-124x300.png\" alt=\"\" width=\"10\" height=\"24\" srcset=\"https:\/\/ent2d.ac-bordeaux.fr\/disciplines\/philosophie\/wp-content\/uploads\/sites\/24\/2017\/06\/Minervas_ugle-1-124x300.png 124w, https:\/\/ent2d.ac-bordeaux.fr\/disciplines\/philosophie\/wp-content\/uploads\/sites\/24\/2017\/06\/Minervas_ugle-1-425x1024.png 425w, https:\/\/ent2d.ac-bordeaux.fr\/disciplines\/philosophie\/wp-content\/uploads\/sites\/24\/2017\/06\/Minervas_ugle-1.png 523w\" sizes=\"auto, (max-width: 10px) 100vw, 10px\" \/><span style=\"color: #800000\">\u00a0\u00a0Liens utiles<\/span><\/strong><\/h6>\n<ul>\n<li><a href=\"http:\/\/www.devenirenseignant.gouv.fr\/cid98523\/les-epreuves-du-capes-interne-et-du-caer-capes-section-philosophie.html\">Descriptif de l&#8217;\u00e9preuve interne<\/a> (CAPES interne et CAER)<\/li>\n<li><a href=\"http:\/\/www.devenirenseignant.gouv.fr\/cid98571\/les-epreuves-du-capes-externe-et-du-cafep-capes-section-philosophie.html\">Descriptif de l&#8217;\u00e9preuve externe<\/a> (CAPES externe et CAFEP)<\/li>\n<li>Comment\u00a0<a href=\"http:\/\/www.devenirenseignant.gouv.fr\/pid36527\/communication-des-copies-des-concours.html\">obtenir sa copie lors d&#8217;un concours<\/a>.<\/li>\n<li>Le site &#8220;<a href=\"http:\/\/www.devenirenseignant.gouv.fr\/cid98730\/les-epreuves-de-l-agregation-externe-section-philosophie.html\">Devenir Enseignant<\/a>&#8220;<\/li>\n<li>Le site &#8220;<a href=\"http:\/\/www.philopsis.fr\/spip.php?rubrique2\">Philopsis<\/a>&#8220;<\/li>\n<li>Le site &#8220;<a href=\"http:\/\/www.college-de-france.fr\/site\/philippe-descola\/index.htm\">Coll\u00e8ge de France<\/a>&#8220;<\/li>\n<li>Le site &#8220;<a href=\"http:\/\/savoirs.ens.fr\/recherche.php?class=12&amp;rechercheOption=ThemeRacine&amp;rechercheTerme=Philosophie&amp;classe=Lettres\">Savoir ENS<\/a>&#8220;<\/li>\n<\/ul>\n","protected":false},"excerpt":{"rendered":"<p>\u00a0 Programme, rapports du jury et nombre de postes disponibles pour les ann\u00e9es pr\u00e9c\u00e9dentes du CAPES Interne\/CAER Pour la session 2026 : Nombre de postes (susceptibles d&#8217;\u00eatre ouverts) : 32 postes au Capes et 24 au CAER. Pour la session 2025 : Rapport du jury :\u00a0https:\/\/www.devenirenseignant.gouv.fr\/media\/17908\/download Nombre de postes : \u00a0145 postes au Capes et &hellip; <\/p>\n<p><a class=\"more-link btn\" href=\"https:\/\/ent2d.ac-bordeaux.fr\/disciplines\/philosophie\/capes-externe-cafep-capes-interne-et-caer\/\">Lire la suite<\/a><\/p>\n","protected":false},"author":2078,"featured_media":0,"parent":0,"menu_order":0,"comment_status":"closed","ping_status":"closed","template":"","meta":{"footnotes":""},"class_list":["post-341","page","type-page","status-publish","hentry","nodate","item-wrap"],"_links":{"self":[{"href":"https:\/\/ent2d.ac-bordeaux.fr\/disciplines\/philosophie\/wp-json\/wp\/v2\/pages\/341","targetHints":{"allow":["GET"]}}],"collection":[{"href":"https:\/\/ent2d.ac-bordeaux.fr\/disciplines\/philosophie\/wp-json\/wp\/v2\/pages"}],"about":[{"href":"https:\/\/ent2d.ac-bordeaux.fr\/disciplines\/philosophie\/wp-json\/wp\/v2\/types\/page"}],"author":[{"embeddable":true,"href":"https:\/\/ent2d.ac-bordeaux.fr\/disciplines\/philosophie\/wp-json\/wp\/v2\/users\/2078"}],"replies":[{"embeddable":true,"href":"https:\/\/ent2d.ac-bordeaux.fr\/disciplines\/philosophie\/wp-json\/wp\/v2\/comments?post=341"}],"version-history":[{"count":11,"href":"https:\/\/ent2d.ac-bordeaux.fr\/disciplines\/philosophie\/wp-json\/wp\/v2\/pages\/341\/revisions"}],"predecessor-version":[{"id":1707,"href":"https:\/\/ent2d.ac-bordeaux.fr\/disciplines\/philosophie\/wp-json\/wp\/v2\/pages\/341\/revisions\/1707"}],"wp:attachment":[{"href":"https:\/\/ent2d.ac-bordeaux.fr\/disciplines\/philosophie\/wp-json\/wp\/v2\/media?parent=341"}],"curies":[{"name":"wp","href":"https:\/\/api.w.org\/{rel}","templated":true}]}}