{"id":323,"date":"2017-06-04T00:20:09","date_gmt":"2017-06-03T22:20:09","guid":{"rendered":"https:\/\/ent2d.ac-bordeaux.fr\/disciplines\/philosophie\/?page_id=323"},"modified":"2025-12-28T18:51:35","modified_gmt":"2025-12-28T17:51:35","slug":"agregation-interne","status":"publish","type":"page","link":"https:\/\/ent2d.ac-bordeaux.fr\/disciplines\/philosophie\/agregation-interne\/","title":{"rendered":"Agr\u00e9gation interne"},"content":{"rendered":"<h6><strong><img loading=\"lazy\" decoding=\"async\" class=\"alignnone wp-image-154\" src=\"https:\/\/ent2d.ac-bordeaux.fr\/disciplines\/philosophie\/wp-content\/uploads\/sites\/24\/2017\/06\/Minervas_ugle-1-124x300.png\" alt=\"\" width=\"10\" height=\"24\" srcset=\"https:\/\/ent2d.ac-bordeaux.fr\/disciplines\/philosophie\/wp-content\/uploads\/sites\/24\/2017\/06\/Minervas_ugle-1-124x300.png 124w, https:\/\/ent2d.ac-bordeaux.fr\/disciplines\/philosophie\/wp-content\/uploads\/sites\/24\/2017\/06\/Minervas_ugle-1-425x1024.png 425w, https:\/\/ent2d.ac-bordeaux.fr\/disciplines\/philosophie\/wp-content\/uploads\/sites\/24\/2017\/06\/Minervas_ugle-1.png 523w\" sizes=\"auto, (max-width: 10px) 100vw, 10px\" \/><span style=\"color: #800000\"> \u00a0Programme de l&#8217;agr\u00e9gation interne pour la session 2026<\/span><\/strong><\/h6>\n<p>Programme :Premi\u00e8re \u00e9preuve\u00a0: composition de philosophie (explication de texte)\u00a0: <strong>La nature<\/strong><\/p>\n<p>Deuxi\u00e8me \u00e9preuve\u00a0: composition de philosophie (dissertation)\u00a0: <strong>La violence<\/strong><\/p>\n<h6><strong><img loading=\"lazy\" decoding=\"async\" class=\"alignnone wp-image-154\" src=\"https:\/\/ent2d.ac-bordeaux.fr\/disciplines\/philosophie\/wp-content\/uploads\/sites\/24\/2017\/06\/Minervas_ugle-1-124x300.png\" alt=\"\" width=\"10\" height=\"24\" srcset=\"https:\/\/ent2d.ac-bordeaux.fr\/disciplines\/philosophie\/wp-content\/uploads\/sites\/24\/2017\/06\/Minervas_ugle-1-124x300.png 124w, https:\/\/ent2d.ac-bordeaux.fr\/disciplines\/philosophie\/wp-content\/uploads\/sites\/24\/2017\/06\/Minervas_ugle-1-425x1024.png 425w, https:\/\/ent2d.ac-bordeaux.fr\/disciplines\/philosophie\/wp-content\/uploads\/sites\/24\/2017\/06\/Minervas_ugle-1.png 523w\" sizes=\"auto, (max-width: 10px) 100vw, 10px\" \/><span style=\"color: #800000\">\u00a0 Programme, rapports du jury et nombre de postes disponibles pour les\u00a0ann\u00e9es pr\u00e9c\u00e9dentes<\/span><\/strong><\/h6>\n<ul>\n<li>Pour la session 2026 :\n<ul>\n<li>Rapport du jury :<\/li>\n<li>Nombre de postes : <strong>20<\/strong> postes \u00e0 l&#8217;agr\u00e9gation interne et ? postes au CAERPA.<\/li>\n<\/ul>\n<\/li>\n<li>Pour la session 2025 :\n<ul>\n<li>Rapport du jury :\u00a0<a href=\"https:\/\/www.devenirenseignant.gouv.fr\/media\/17598\/download\">https:\/\/www.devenirenseignant.gouv.fr\/media\/17598\/download<\/a><\/li>\n<li>Nombre de postes : <strong>23<\/strong> postes \u00e0 l&#8217;agr\u00e9gation interne et <strong>9<\/strong> postes au CAERPA.<\/li>\n<\/ul>\n<\/li>\n<li>Pour la session 2024 :\n<ul>\n<li>Rapport du jury :\u00a0<a href=\"https:\/\/www.devenirenseignant.gouv.fr\/media\/14155\/download\">https:\/\/www.devenirenseignant.gouv.fr\/media\/14155\/download<\/a><\/li>\n<li>Nombre de postes : <strong>23<\/strong> postes \u00e0 l&#8217;agr\u00e9gation interne et <strong>9<\/strong> postes au CAERPA.<\/li>\n<\/ul>\n<\/li>\n<li>Pour la session 2023: <a href=\"https:\/\/ent2d.ac-bordeaux.fr\/disciplines\/philosophie\/agregation-interne\/p2021_agreg_int_philosophie_1274967\/\" rel=\"attachment wp-att-1270\">p2021_agreg_int_philosophie_1274967<\/a>\n<ul>\n<li>Rapport du jury : NC<\/li>\n<li>Nombre de postes : <strong>23<\/strong> postes \u00e0 l&#8217;agr\u00e9gation interne et <strong>9<\/strong> postes au CAERPA.<\/li>\n<\/ul>\n<\/li>\n<\/ul>\n<ul>\n<li>Pour la session 2022:\n<ul>\n<li>Rapport du jury :\u00a0<a href=\"https:\/\/www.devenirenseignant.gouv.fr\/media\/3659\/download\">Rapport du jury Agr\u00e9gation interne de philosophie 2022 <\/a><\/li>\n<li>Nombre de postes : <strong>23<\/strong> postes \u00e0 l&#8217;agr\u00e9gation interne et <strong>9<\/strong> postes au CAERPA.<\/li>\n<\/ul>\n<\/li>\n<\/ul>\n<ul>\n<li>Pour la session 2021: <a href=\"https:\/\/ent2d.ac-bordeaux.fr\/disciplines\/philosophie\/agregation-interne\/p2021_agreg_int_philosophie_1274967\/\" rel=\"attachment wp-att-1270\">p2021_agreg_int_philosophie_1274967<\/a>\n<ul>\n<li>Rapport du jury :\u00a0<a href=\"https:\/\/media.devenirenseignant.gouv.fr\/file\/agregation_interne\/56\/4\/rj-2021-agregation-interne-philosophie_1419564.pdf\">Rapport du jury Agr\u00e9gation interne de philosophie 2021 <\/a><\/li>\n<li>Nombre de postes : <strong>23<\/strong> postes \u00e0 l&#8217;agr\u00e9gation interne et <strong>9<\/strong> postes au CAERPA.<\/li>\n<\/ul>\n<\/li>\n<li>Pour la session 2020 : <a href=\"https:\/\/ent2d.ac-bordeaux.fr\/disciplines\/philosophie\/agregation-interne\/p2020_agreg_int_philo_1107720\/\" rel=\"attachment wp-att-1268\">p2020_agreg_int_philo_1107720<\/a>\n<ul>\n<li>Rapport du jury: <a href=\"https:\/\/ent2d.ac-bordeaux.fr\/disciplines\/philosophie\/agregation-interne\/rj-2020-agregation-interne-philosophie_1358774\/\" rel=\"attachment wp-att-1269\">rj-2020-agregation-interne-philosophie_1358774<\/a><\/li>\n<li>Nombre de postes : <strong>27<\/strong> postes \u00e0 l&#8217;agr\u00e9gation interne et <strong>9<\/strong> postes au CAERPA.<\/li>\n<\/ul>\n<\/li>\n<li>Pour la session 2019 : <a href=\"https:\/\/ent2d.ac-bordeaux.fr\/disciplines\/philosophie\/dates-et-modalites-dinscription\/p2019_agreg_int_philo_931516\/\" rel=\"attachment wp-att-815\">p2019_agreg_int_philo_931516<\/a>\n<ul>\n<li>Rapport du jury: <a href=\"https:\/\/ent2d.ac-bordeaux.fr\/disciplines\/philosophie\/agregation-interne\/rj-2019-agregation-interne-philosophie_1181416\/\" rel=\"attachment wp-att-1267\">Rj-2019-agregation-interne-philosophie_1181416<\/a><\/li>\n<li>Nombre de postes : <strong>27<\/strong> postes \u00e0 l&#8217;agr\u00e9gation interne et <strong>8<\/strong> postes au CAERPA.<\/li>\n<\/ul>\n<\/li>\n<li>Pour la session 2018 : <a href=\"https:\/\/ent2d.ac-bordeaux.fr\/disciplines\/philosophie\/wp-content\/uploads\/sites\/24\/2017\/06\/p2018_agreg_int_philosophie_741090.pdf\">p2018_agreg_int_philosophie_741090<\/a>\n<ul>\n<li>Rapport du jury: <a href=\"https:\/\/ent2d.ac-bordeaux.fr\/disciplines\/philosophie\/agregation-interne\/rj-2018-agregation-interne-philosophie_1001055_1005326\/\" rel=\"attachment wp-att-1265\">Rj-2018-agregation-interne-philosophie_1001055_1005326<\/a><\/li>\n<li>Nombre de postes: <strong>23<\/strong> postes \u00e0 l&#8217;agr\u00e9gation interne et<strong> 8<\/strong> postes au CAERPA.<\/li>\n<\/ul>\n<\/li>\n<li>Pour la session 2017 :\u00a0<a href=\"https:\/\/ent2d.ac-bordeaux.fr\/disciplines\/philosophie\/wp-content\/uploads\/sites\/24\/2017\/06\/p2017_agreg_int_philo_556567.pdf\">p2017_agreg_int_philo_556567<\/a>\n<ul>\n<li>Rapport du jury:\u00a0<a href=\"https:\/\/ent2d.ac-bordeaux.fr\/disciplines\/philosophie\/agregation-interne\/rj_2017_agregation_interne_philosophie_827527\/\" rel=\"attachment wp-att-820\">rj_2017_agregation_interne_philosophie_827527<\/a><\/li>\n<li style=\"text-align: justify\">Nombre de postes: <strong>23<\/strong> postes \u00e0 l&#8217;agr\u00e9gation interne et <strong>8<\/strong> postes au CAERPA.<\/li>\n<li style=\"text-align: justify\"><a href=\"http:\/\/www.devenirenseignant.gouv.fr\/cid111368\/sujets-et-rapports-des-jurys-agregation-2017.html\">Sujets<\/a>.<\/li>\n<\/ul>\n<\/li>\n<li style=\"text-align: justify\">Pour la session 2016 :\n<ul>\n<li>Premi\u00e8re \u00e9preuve: explication de texte (La religion) et dissertation (Le sujet)<\/li>\n<li>Rapport du jury:\u00a0<a href=\"https:\/\/ent2d.ac-bordeaux.fr\/disciplines\/philosophie\/wp-content\/uploads\/sites\/24\/2017\/06\/rj-2016-agreg-interne-philosophieV2_628556-2.pdf\">rj-2016-agreg-interne-philosophieV2_628556-2<\/a><\/li>\n<li>Nombre de postes: <strong>23<\/strong> postes \u00e0 l&#8217;agr\u00e9gation interne et<strong> 8<\/strong> postes au CAERPA.<\/li>\n<li><a href=\"http:\/\/www.devenirenseignant.gouv.fr\/cid98775\/les-sujets-des-epreuves-d-admissibilite-et-rapports-des-jury-des-concours-de-l-agregation-de-la-session-2016.html\">Sujets<\/a>.<\/li>\n<\/ul>\n<\/li>\n<li style=\"text-align: justify\">Pour la session 2015 :\u00a0explication de texte (Le langage) et dissertation (Le r\u00e9el)\n<ul>\n<li>Rapport du jury:\u00a0<a href=\"https:\/\/ent2d.ac-bordeaux.fr\/disciplines\/philosophie\/wp-content\/uploads\/sites\/24\/2017\/06\/agregation-interne-2015_2015-09-07_21-33-1_10.pdf\">agregation-interne-2015_2015-09-07_21-33-1_10<\/a><\/li>\n<li>Nombre de postes: <strong>21<\/strong> postes \u00e0 l&#8217;agr\u00e9gation interne et <strong>8<\/strong> postes au CAERPA.<\/li>\n<li><a href=\"http:\/\/www.devenirenseignant.gouv.fr\/cid98790\/les-sujets-et-rapports-des-jurys-des-concours-de-l-agregation-session-2015.html\">Sujets<\/a>.<\/li>\n<\/ul>\n<\/li>\n<li style=\"text-align: justify\">Pour la session 2014 :\u00a0explication de texte (La soci\u00e9t\u00e9) et dissertation (La croyance)\n<ul>\n<li>Rapport du jury:\u00a0<a href=\"https:\/\/ent2d.ac-bordeaux.fr\/disciplines\/philosophie\/wp-content\/uploads\/sites\/24\/2017\/06\/rapport_agreg_int_2014.pdf\">rapport_agreg_int_2014<\/a><\/li>\n<li>Nombre de postes: <strong>18<\/strong> postes \u00e0 l&#8217;agr\u00e9gation interne et <strong>6<\/strong> postes au CAERPA.<\/li>\n<li><a href=\"http:\/\/www.devenirenseignant.gouv.fr\/cid98789\/les-sujets-des-epreuves-d-admissibilite-et-rapports-des-jurys-des-concours-de-l-agregation-de-la-session-2014.html\">Sujets<\/a>.<\/li>\n<\/ul>\n<\/li>\n<li style=\"text-align: justify\">Pour la session 2013:\u00a0explication de texte (Le temps) et dissertation (La libert\u00e9)\n<ul>\n<li>Rapport du jury:\u00a0<a href=\"https:\/\/ent2d.ac-bordeaux.fr\/disciplines\/philosophie\/wp-content\/uploads\/sites\/24\/2017\/06\/agreginterne2013-philo_269753.pdf\">agreginterne2013-philo_269753<\/a><\/li>\n<li>Nombre de postes: <strong>18<\/strong> postes \u00e0 l&#8217;agr\u00e9gation interne et <strong>5<\/strong> postes au CAERPA.<\/li>\n<li><a href=\"http:\/\/www.devenirenseignant.gouv.fr\/cid98787\/sujets-des-epreuves-d-admissibilite-et-rapports-des-jurys-des-concours-de-l-agregation-de-la-session-2013.html#Concours_interne%20de%20l%27agr\u00e9gation%20et%20C\">Sujets<\/a>.<\/li>\n<\/ul>\n<\/li>\n<\/ul>\n<h6 style=\"text-align: justify\"><strong><img loading=\"lazy\" decoding=\"async\" class=\"alignnone wp-image-154\" src=\"https:\/\/ent2d.ac-bordeaux.fr\/disciplines\/philosophie\/wp-content\/uploads\/sites\/24\/2017\/06\/Minervas_ugle-1-124x300.png\" alt=\"\" width=\"10\" height=\"24\" srcset=\"https:\/\/ent2d.ac-bordeaux.fr\/disciplines\/philosophie\/wp-content\/uploads\/sites\/24\/2017\/06\/Minervas_ugle-1-124x300.png 124w, https:\/\/ent2d.ac-bordeaux.fr\/disciplines\/philosophie\/wp-content\/uploads\/sites\/24\/2017\/06\/Minervas_ugle-1-425x1024.png 425w, https:\/\/ent2d.ac-bordeaux.fr\/disciplines\/philosophie\/wp-content\/uploads\/sites\/24\/2017\/06\/Minervas_ugle-1.png 523w\" sizes=\"auto, (max-width: 10px) 100vw, 10px\" \/><span style=\"color: #800000\">\u00a0\u00a0Liens utiles<\/span><\/strong><\/h6>\n<ul>\n<li>Descriptif de\u00a0<a href=\"http:\/\/www.devenirenseignant.gouv.fr\/cid98750\/les-epreuves-de-l-agregation-interne-et-du-caerpa-section-philosophie.html\">l&#8217;\u00e9preuve de l&#8217;agr\u00e9gation interne\/CAERPA<\/a>.<\/li>\n<li>Comment\u00a0<a href=\"http:\/\/www.devenirenseignant.gouv.fr\/pid36527\/communication-des-copies-des-concours.html\">obtenir sa copie lors d&#8217;un concours<\/a>.<\/li>\n<li style=\"text-align: justify\">Le site &#8220;<a href=\"http:\/\/www.devenirenseignant.gouv.fr\/cid98730\/les-epreuves-de-l-agregation-externe-section-philosophie.html\">Devenir Enseignant<\/a>&#8220;<\/li>\n<li style=\"text-align: justify\">Le site &#8220;<a href=\"http:\/\/www.philopsis.fr\/spip.php?rubrique2\">Philopsis<\/a>&#8220;<\/li>\n<li style=\"text-align: justify\">Le site &#8220;<a href=\"http:\/\/www.college-de-france.fr\/site\/philippe-descola\/index.htm\">Coll\u00e8ge de France<\/a>&#8220;<\/li>\n<li style=\"text-align: justify\">Le site &#8220;<a href=\"http:\/\/savoirs.ens.fr\/recherche.php?class=12&amp;rechercheOption=ThemeRacine&amp;rechercheTerme=Philosophie&amp;classe=Lettres\">Savoir ENS<\/a>&#8220;<\/li>\n<\/ul>\n","protected":false},"excerpt":{"rendered":"<p>\u00a0Programme de l&#8217;agr\u00e9gation interne pour la session 2026 Programme :Premi\u00e8re \u00e9preuve\u00a0: composition de philosophie (explication de texte)\u00a0: La nature Deuxi\u00e8me \u00e9preuve\u00a0: composition de philosophie (dissertation)\u00a0: La violence \u00a0 Programme, rapports du jury et nombre de postes disponibles pour les\u00a0ann\u00e9es pr\u00e9c\u00e9dentes Pour la session 2026 : Rapport du jury : Nombre de postes : 20 postes &hellip; <\/p>\n<p><a class=\"more-link btn\" href=\"https:\/\/ent2d.ac-bordeaux.fr\/disciplines\/philosophie\/agregation-interne\/\">Lire la suite<\/a><\/p>\n","protected":false},"author":2078,"featured_media":0,"parent":0,"menu_order":0,"comment_status":"closed","ping_status":"closed","template":"","meta":{"footnotes":""},"class_list":["post-323","page","type-page","status-publish","hentry","nodate","item-wrap"],"_links":{"self":[{"href":"https:\/\/ent2d.ac-bordeaux.fr\/disciplines\/philosophie\/wp-json\/wp\/v2\/pages\/323","targetHints":{"allow":["GET"]}}],"collection":[{"href":"https:\/\/ent2d.ac-bordeaux.fr\/disciplines\/philosophie\/wp-json\/wp\/v2\/pages"}],"about":[{"href":"https:\/\/ent2d.ac-bordeaux.fr\/disciplines\/philosophie\/wp-json\/wp\/v2\/types\/page"}],"author":[{"embeddable":true,"href":"https:\/\/ent2d.ac-bordeaux.fr\/disciplines\/philosophie\/wp-json\/wp\/v2\/users\/2078"}],"replies":[{"embeddable":true,"href":"https:\/\/ent2d.ac-bordeaux.fr\/disciplines\/philosophie\/wp-json\/wp\/v2\/comments?post=323"}],"version-history":[{"count":15,"href":"https:\/\/ent2d.ac-bordeaux.fr\/disciplines\/philosophie\/wp-json\/wp\/v2\/pages\/323\/revisions"}],"predecessor-version":[{"id":1700,"href":"https:\/\/ent2d.ac-bordeaux.fr\/disciplines\/philosophie\/wp-json\/wp\/v2\/pages\/323\/revisions\/1700"}],"wp:attachment":[{"href":"https:\/\/ent2d.ac-bordeaux.fr\/disciplines\/philosophie\/wp-json\/wp\/v2\/media?parent=323"}],"curies":[{"name":"wp","href":"https:\/\/api.w.org\/{rel}","templated":true}]}}