{"id":26,"date":"2017-01-12T11:33:49","date_gmt":"2017-01-12T10:33:49","guid":{"rendered":"https:\/\/ent2d.ac-bordeaux.fr\/disciplines\/philosophie\/?page_id=26"},"modified":"2025-12-28T18:53:32","modified_gmt":"2025-12-28T17:53:32","slug":"page-daccueil","status":"publish","type":"page","link":"https:\/\/ent2d.ac-bordeaux.fr\/disciplines\/philosophie\/","title":{"rendered":"La philosophie dans l&#8217;acad\u00e9mie de Bordeaux"},"content":{"rendered":"<p><img loading=\"lazy\" decoding=\"async\" class=\"wp-image-457 alignleft\" src=\"https:\/\/ent2d.ac-bordeaux.fr\/disciplines\/philosophie\/wp-content\/uploads\/sites\/24\/2017\/01\/Bordeaux-300x74.jpg\" alt=\"\" width=\"835\" height=\"206\" srcset=\"https:\/\/ent2d.ac-bordeaux.fr\/disciplines\/philosophie\/wp-content\/uploads\/sites\/24\/2017\/01\/Bordeaux-300x74.jpg 300w, https:\/\/ent2d.ac-bordeaux.fr\/disciplines\/philosophie\/wp-content\/uploads\/sites\/24\/2017\/01\/Bordeaux-768x190.jpg 768w, https:\/\/ent2d.ac-bordeaux.fr\/disciplines\/philosophie\/wp-content\/uploads\/sites\/24\/2017\/01\/Bordeaux.jpg 859w\" sizes=\"auto, (max-width: 835px) 100vw, 835px\" \/><\/p>\n<hr \/>\n<p><a href=\"https:\/\/ent2d.ac-bordeaux.fr\/disciplines\/philosophie\/category\/actualite-philosophique\/lactualite-nationale-de-la-philosophie\/\"><img loading=\"lazy\" decoding=\"async\" class=\"alignleft wp-image-484\" src=\"https:\/\/ent2d.ac-bordeaux.fr\/disciplines\/philosophie\/wp-content\/uploads\/sites\/24\/2017\/01\/Capture-d\u2019\u00e9cran-2017-06-05-\u00e0-16.47.05.png\" alt=\"\" width=\"50\" height=\"54\" \/><\/a>Ce dernier propose d&#8217;informer les enseignants de philosophie des actualit\u00e9s (journ\u00e9es d&#8217;\u00e9tude, colloques, conf\u00e9rences) se d\u00e9roulant dans l&#8217;acad\u00e9mie, qu&#8217;elles se rattachent \u00e0 la formation continue, ou plus sp\u00e9cifiquement \u00e0 la pr\u00e9paration des concours de l&#8217;enseignement (le capes externe\/cafep, le capes interne\/CAER, l&#8217;agr\u00e9gation externe, et l&#8217;agr\u00e9gation interne\/CAERPA).<\/p>\n<p><a href=\"https:\/\/ent2d.ac-bordeaux.fr\/disciplines\/philosophie\/test-rubriques\/\"><img loading=\"lazy\" decoding=\"async\" class=\"alignleft wp-image-486\" src=\"https:\/\/ent2d.ac-bordeaux.fr\/disciplines\/philosophie\/wp-content\/uploads\/sites\/24\/2017\/01\/Capture-d\u2019\u00e9cran-2017-06-05-\u00e0-16.49.47.png\" alt=\"\" width=\"51\" height=\"55\" \/><\/a>Le site propose \u00e9galement un rappel des textes officiels relatifs \u00e0 l&#8217;exercice de l&#8217;enseignement de la philosophie dans les classes de terminale, aux \u00e9preuves des s\u00e9ries g\u00e9n\u00e9rales et technologiques. Il fait \u00e9galement r\u00e9f\u00e9rence aux textes concernant le programme d&#8217;EMC en premi\u00e8re et terminale, et l&#8217;encadrement des Travaux Personnels Encadr\u00e9s.<\/p>\n<p><a href=\"https:\/\/ent2d.ac-bordeaux.fr\/disciplines\/philosophie\/concours\/\"><img loading=\"lazy\" decoding=\"async\" class=\"alignleft wp-image-487\" src=\"https:\/\/ent2d.ac-bordeaux.fr\/disciplines\/philosophie\/wp-content\/uploads\/sites\/24\/2017\/01\/Capture-d\u2019\u00e9cran-2017-06-05-\u00e0-16.51.37.png\" alt=\"\" width=\"51\" height=\"55\" \/><\/a>Une rubrique est consacr\u00e9e aux concours (concours de l&#8217;enseignement ou concours g\u00e9n\u00e9ral \u00e0 destination des \u00e9l\u00e8ves de premi\u00e8re et terminale). Elle rappelle les dates et modalit\u00e9s d&#8217;inscription, programmes, sujets tomb\u00e9s et rapports du jury depuis 2013. On y trouvera aussi\u00a0les informations relatives \u00e0 la formation continue dans l&#8217;acad\u00e9mie et le guide concernant les modalit\u00e9s d&#8217;inscription.<a href=\"https:\/\/ent2d.ac-bordeaux.fr\/disciplines\/philosophie\/penser-le-numerique-2\/\"><br \/>\n<\/a><\/p>\n<hr \/>\n\n\n<p><\/p>\n","protected":false},"excerpt":{"rendered":"<p>Ce dernier propose d&#8217;informer les enseignants de philosophie des actualit\u00e9s (journ\u00e9es d&#8217;\u00e9tude, colloques, conf\u00e9rences) se d\u00e9roulant dans l&#8217;acad\u00e9mie, qu&#8217;elles se rattachent \u00e0 la formation continue, ou plus sp\u00e9cifiquement \u00e0 la pr\u00e9paration des concours de l&#8217;enseignement (le capes externe\/cafep, le capes interne\/CAER, l&#8217;agr\u00e9gation externe, et l&#8217;agr\u00e9gation interne\/CAERPA). Le site propose \u00e9galement un rappel des textes officiels &hellip; <\/p>\n<p><a class=\"more-link btn\" href=\"https:\/\/ent2d.ac-bordeaux.fr\/disciplines\/philosophie\/\">Lire la suite<\/a><\/p>\n","protected":false},"author":2078,"featured_media":0,"parent":0,"menu_order":0,"comment_status":"closed","ping_status":"closed","template":"","meta":{"footnotes":""},"class_list":["post-26","page","type-page","status-publish","hentry","nodate","item-wrap"],"_links":{"self":[{"href":"https:\/\/ent2d.ac-bordeaux.fr\/disciplines\/philosophie\/wp-json\/wp\/v2\/pages\/26","targetHints":{"allow":["GET"]}}],"collection":[{"href":"https:\/\/ent2d.ac-bordeaux.fr\/disciplines\/philosophie\/wp-json\/wp\/v2\/pages"}],"about":[{"href":"https:\/\/ent2d.ac-bordeaux.fr\/disciplines\/philosophie\/wp-json\/wp\/v2\/types\/page"}],"author":[{"embeddable":true,"href":"https:\/\/ent2d.ac-bordeaux.fr\/disciplines\/philosophie\/wp-json\/wp\/v2\/users\/2078"}],"replies":[{"embeddable":true,"href":"https:\/\/ent2d.ac-bordeaux.fr\/disciplines\/philosophie\/wp-json\/wp\/v2\/comments?post=26"}],"version-history":[{"count":46,"href":"https:\/\/ent2d.ac-bordeaux.fr\/disciplines\/philosophie\/wp-json\/wp\/v2\/pages\/26\/revisions"}],"predecessor-version":[{"id":1665,"href":"https:\/\/ent2d.ac-bordeaux.fr\/disciplines\/philosophie\/wp-json\/wp\/v2\/pages\/26\/revisions\/1665"}],"wp:attachment":[{"href":"https:\/\/ent2d.ac-bordeaux.fr\/disciplines\/philosophie\/wp-json\/wp\/v2\/media?parent=26"}],"curies":[{"name":"wp","href":"https:\/\/api.w.org\/{rel}","templated":true}]}}