{"id":231,"date":"2017-06-03T16:05:15","date_gmt":"2017-06-03T14:05:15","guid":{"rendered":"https:\/\/ent2d.ac-bordeaux.fr\/disciplines\/philosophie\/?page_id=231"},"modified":"2026-01-05T18:01:12","modified_gmt":"2026-01-05T17:01:12","slug":"test-rubriques","status":"publish","type":"page","link":"https:\/\/ent2d.ac-bordeaux.fr\/disciplines\/philosophie\/test-rubriques\/","title":{"rendered":"TEXTES OFFICIELS"},"content":{"rendered":"<p style=\"text-align: left\">Dans cette rubrique, vous aurez acc\u00e8s aux textes officiels relatifs au programme de philosophie des classes du lyc\u00e9e, aux \u00e9preuves du baccalaur\u00e9at, ainsi qu&#8217;\u00e0 la pr\u00e9paration de l&#8217;inspection individuelle en philosophie. Vous pourrez \u00e9galement retrouver l&#8217;ensemble des sujets du baccalaur\u00e9at en France m\u00e9tropolitaine, dans les voies g\u00e9n\u00e9rales et technologiques, depuis 2021.<\/p>\n<ul>\n<li><a href=\"https:\/\/ent2d.ac-bordeaux.fr\/disciplines\/philosophie\/les-programmes\/\"><span style=\"color: #993300\">PROGRAMME<\/span><\/a><\/li>\n<li><a href=\"https:\/\/ent2d.ac-bordeaux.fr\/disciplines\/philosophie\/programme-de-lenseignement-moral-et-civique\/\"><span style=\"color: #993300\">PROGRAMME D&#8217;EMC<\/span><\/a><\/li>\n<li><a href=\"https:\/\/ent2d.ac-bordeaux.fr\/disciplines\/philosophie\/se-preparer-a-linspection-individuelle\/\"><span style=\"color: #993300\">SE PR\u00c9PARER \u00c0 L&#8217;INSPECTION<\/span><\/a><\/li>\n<li><a href=\"https:\/\/ent2d.ac-bordeaux.fr\/disciplines\/philosophie\/sujets-du-baccalaureat\/\"><span style=\"color: #993300\">SUJET DU BACCALAUR\u00c9AT<\/span><\/a><\/li>\n<\/ul>\n","protected":false},"excerpt":{"rendered":"<p>Dans cette rubrique, vous aurez acc\u00e8s aux textes officiels relatifs au programme de philosophie des classes du lyc\u00e9e, aux \u00e9preuves du baccalaur\u00e9at, ainsi qu&#8217;\u00e0 la pr\u00e9paration de l&#8217;inspection individuelle en philosophie. Vous pourrez \u00e9galement retrouver l&#8217;ensemble des sujets du baccalaur\u00e9at en France m\u00e9tropolitaine, dans les voies g\u00e9n\u00e9rales et technologiques, depuis 2021. PROGRAMME PROGRAMME D&#8217;EMC SE &hellip; <\/p>\n<p><a class=\"more-link btn\" href=\"https:\/\/ent2d.ac-bordeaux.fr\/disciplines\/philosophie\/test-rubriques\/\">Lire la suite<\/a><\/p>\n","protected":false},"author":2078,"featured_media":0,"parent":0,"menu_order":0,"comment_status":"closed","ping_status":"closed","template":"","meta":{"footnotes":""},"class_list":["post-231","page","type-page","status-publish","hentry","nodate","item-wrap"],"_links":{"self":[{"href":"https:\/\/ent2d.ac-bordeaux.fr\/disciplines\/philosophie\/wp-json\/wp\/v2\/pages\/231","targetHints":{"allow":["GET"]}}],"collection":[{"href":"https:\/\/ent2d.ac-bordeaux.fr\/disciplines\/philosophie\/wp-json\/wp\/v2\/pages"}],"about":[{"href":"https:\/\/ent2d.ac-bordeaux.fr\/disciplines\/philosophie\/wp-json\/wp\/v2\/types\/page"}],"author":[{"embeddable":true,"href":"https:\/\/ent2d.ac-bordeaux.fr\/disciplines\/philosophie\/wp-json\/wp\/v2\/users\/2078"}],"replies":[{"embeddable":true,"href":"https:\/\/ent2d.ac-bordeaux.fr\/disciplines\/philosophie\/wp-json\/wp\/v2\/comments?post=231"}],"version-history":[{"count":39,"href":"https:\/\/ent2d.ac-bordeaux.fr\/disciplines\/philosophie\/wp-json\/wp\/v2\/pages\/231\/revisions"}],"predecessor-version":[{"id":1735,"href":"https:\/\/ent2d.ac-bordeaux.fr\/disciplines\/philosophie\/wp-json\/wp\/v2\/pages\/231\/revisions\/1735"}],"wp:attachment":[{"href":"https:\/\/ent2d.ac-bordeaux.fr\/disciplines\/philosophie\/wp-json\/wp\/v2\/media?parent=231"}],"curies":[{"name":"wp","href":"https:\/\/api.w.org\/{rel}","templated":true}]}}