{"id":185,"date":"2017-06-03T15:00:08","date_gmt":"2017-06-03T13:00:08","guid":{"rendered":"https:\/\/ent2d.ac-bordeaux.fr\/disciplines\/philosophie\/?page_id=185"},"modified":"2026-01-07T20:06:52","modified_gmt":"2026-01-07T19:06:52","slug":"sujets-du-baccalaureat","status":"publish","type":"page","link":"https:\/\/ent2d.ac-bordeaux.fr\/disciplines\/philosophie\/sujets-du-baccalaureat\/","title":{"rendered":"Sujets du baccalaur\u00e9at"},"content":{"rendered":"<ul>\n<li><span style=\"color: #800000\">Sujets 2025 de philosophie pour la voie g\u00e9n\u00e9rale :\u00a0<\/span>\n<ul>\n<li>Sujet France m\u00e9tropolitaine : <a href=\"https:\/\/www.sujetdebac.fr\/annales-pdf\/2025\/philosophie-2025-metropole-sujet-officiel.pdf\" rel=\"attachment wp-att-1223\">philosophie-2025-metropole-sujet-officiel<\/a><\/li>\n<li>Sujet Am\u00e9rique du Nord : <a href=\"https:\/\/www.sujetdebac.fr\/annales-pdf\/2025\/philosophie-2025-amerique-nord-sujet-officiel.pdf\" rel=\"attachment wp-att-1224\">philosophie-2025-amerique-nord-sujet-officiel<\/a><\/li>\n<li>Sujet Antilles-Guyane : <a href=\"https:\/\/www.sujetdebac.fr\/annales-pdf\/2025\/philosophie-2025-antilles-guyane-sujet-officiel.pdf\" rel=\"attachment wp-att-1225\">philosophie-2025-antilles-guyane-sujet-officiel<\/a><\/li>\n<li>Sujet Asie : <a href=\"https:\/\/www.sujetdebac.fr\/annales-pdf\/2025\/philosophie-2025-asie-sujet-officiel.pdf\" rel=\"attachment wp-att-1226\">philosophie-2025-asie-sujet-officiel<\/a><\/li>\n<li>Sujet Centre \u00c9trangers Afrique : <a href=\"https:\/\/www.sujetdebac.fr\/annales-pdf\/2025\/philosophie-2025-centres-etrangers-sujet-officiel.pdf\" rel=\"attachment wp-att-1227\">philosophie-2025-centres-etrangers-sujet-officiel<\/a><\/li>\n<li>Sujet Polyn\u00e9sie : <a href=\"https:\/\/www.sujetdebac.fr\/annales-pdf\/2025\/philosophie-2025-polynesie-sujet-officiel.pdf\" rel=\"attachment wp-att-1228\">philosophie-2025-polynesie-sujet-officiel<\/a><\/li>\n<\/ul>\n<\/li>\n<\/ul>\n<ul>\n<li><span style=\"color: #800000\">Sujets 2025 de philosophie pour la voie technologique :<\/span>\n<ul>\n<li>Sujet France m\u00e9tropolitaine : <a href=\"https:\/\/www.sujetdebac.fr\/annales-pdf\/2025\/stmg-sti2d-st2s-philosophie-2025-metropole-sujet-officiel.pdf\" rel=\"attachment wp-att-1231\">stmg-sti2d-st2s-philosophie-2025-metropole-sujet-officiel<\/a><\/li>\n<li>Sujet Antilles-Guyane : <a href=\"https:\/\/www.sujetdebac.fr\/annales-pdf\/2025\/stmg-sti2d-st2s-philosophie-2025-antilles-guyane-remplacement-sujet-officiel.pdf\" rel=\"attachment wp-att-1232\">stmg-sti2d-st2s-philosophie-2025-antilles-guyane-sujet-officiel<\/a><\/li>\n<li>Sujet Asie : <a href=\"https:\/\/www.sujetdebac.fr\/annales-pdf\/2025\/stmg-sti2d-st2s-philosophie-2025-asie-sujet-officiel.pdf\" rel=\"attachment wp-att-1233\">stmg-sti2d-st2s-philosophie-2025-asie-sujet-officiel<\/a><\/li>\n<li>Sujet Centre \u00c9trangers Afrique : <a href=\"https:\/\/www.sujetdebac.fr\/annales-pdf\/2025\/stmg-sti2d-st2s-philosophie-2025-centres-etrangers-sujet-officiel.pdf\" rel=\"attachment wp-att-1234\">stmg-sti2d-st2s-philosophie-2025-centres-etrangers-sujet-officiel<\/a><\/li>\n<li>Sujet Polyn\u00e9sie : <a href=\"https:\/\/www.sujetdebac.fr\/annales-pdf\/2025\/stmg-sti2d-st2s-philosophie-2025-metropole-sujet-officiel.pdf\" rel=\"attachment wp-att-1235\">stmg-sti2d-st2s-philosophie-2025-polynesie-sujet-officiel<\/a><\/li>\n<li>Sujet Polyn\u00e9sie (remplacement) :\u00a0<a href=\"https:\/\/www.sujetdebac.fr\/annales-pdf\/2025\/philosophie-2025-polynesie-remplacement-sujet-officiel.pdf\">Sujet STMG Polyn\u00e9sie (remplacement) <\/a><\/li>\n<\/ul>\n<\/li>\n<\/ul>\n<ul>\n<li><span style=\"color: #993300\">Sujet 2025 HLP : \u00a0<\/span>\n<ul>\n<li>Sujet 1 : <a href=\"https:\/\/www.education.gouv.fr\/media\/227821\/download\">Sujet HLP Jour 1<\/a><\/li>\n<li>Sujet 2 :\u00a0<a href=\"https:\/\/www.education.gouv.fr\/media\/227885\/download\">Sujet HLP Jour 2 <\/a><\/li>\n<\/ul>\n<\/li>\n<\/ul>\n","protected":false},"excerpt":{"rendered":"<p>Sujets 2025 de philosophie pour la voie g\u00e9n\u00e9rale :\u00a0 Sujet France m\u00e9tropolitaine : philosophie-2025-metropole-sujet-officiel Sujet Am\u00e9rique du Nord : philosophie-2025-amerique-nord-sujet-officiel Sujet Antilles-Guyane : philosophie-2025-antilles-guyane-sujet-officiel Sujet Asie : philosophie-2025-asie-sujet-officiel Sujet Centre \u00c9trangers Afrique : philosophie-2025-centres-etrangers-sujet-officiel Sujet Polyn\u00e9sie : philosophie-2025-polynesie-sujet-officiel Sujets 2025 de philosophie pour la voie technologique : Sujet France m\u00e9tropolitaine : stmg-sti2d-st2s-philosophie-2025-metropole-sujet-officiel Sujet Antilles-Guyane : &hellip; <\/p>\n<p><a class=\"more-link btn\" href=\"https:\/\/ent2d.ac-bordeaux.fr\/disciplines\/philosophie\/sujets-du-baccalaureat\/\">Lire la suite<\/a><\/p>\n","protected":false},"author":2078,"featured_media":0,"parent":0,"menu_order":0,"comment_status":"closed","ping_status":"closed","template":"","meta":{"footnotes":""},"class_list":["post-185","page","type-page","status-publish","hentry","nodate","item-wrap"],"_links":{"self":[{"href":"https:\/\/ent2d.ac-bordeaux.fr\/disciplines\/philosophie\/wp-json\/wp\/v2\/pages\/185","targetHints":{"allow":["GET"]}}],"collection":[{"href":"https:\/\/ent2d.ac-bordeaux.fr\/disciplines\/philosophie\/wp-json\/wp\/v2\/pages"}],"about":[{"href":"https:\/\/ent2d.ac-bordeaux.fr\/disciplines\/philosophie\/wp-json\/wp\/v2\/types\/page"}],"author":[{"embeddable":true,"href":"https:\/\/ent2d.ac-bordeaux.fr\/disciplines\/philosophie\/wp-json\/wp\/v2\/users\/2078"}],"replies":[{"embeddable":true,"href":"https:\/\/ent2d.ac-bordeaux.fr\/disciplines\/philosophie\/wp-json\/wp\/v2\/comments?post=185"}],"version-history":[{"count":9,"href":"https:\/\/ent2d.ac-bordeaux.fr\/disciplines\/philosophie\/wp-json\/wp\/v2\/pages\/185\/revisions"}],"predecessor-version":[{"id":1743,"href":"https:\/\/ent2d.ac-bordeaux.fr\/disciplines\/philosophie\/wp-json\/wp\/v2\/pages\/185\/revisions\/1743"}],"wp:attachment":[{"href":"https:\/\/ent2d.ac-bordeaux.fr\/disciplines\/philosophie\/wp-json\/wp\/v2\/media?parent=185"}],"curies":[{"name":"wp","href":"https:\/\/api.w.org\/{rel}","templated":true}]}}