{"id":179,"date":"2023-06-02T13:55:49","date_gmt":"2023-06-02T11:55:49","guid":{"rendered":"https:\/\/ent2d.ac-bordeaux.fr\/disciplines\/philosophie\/?page_id=179"},"modified":"2023-07-07T13:55:57","modified_gmt":"2023-07-07T11:55:57","slug":"se-preparer-a-linspection-individuelle","status":"publish","type":"page","link":"https:\/\/ent2d.ac-bordeaux.fr\/disciplines\/philosophie\/se-preparer-a-linspection-individuelle\/","title":{"rendered":"Se pr\u00e9parer \u00e0 l&#8217;inspection individuelle"},"content":{"rendered":"<hr \/>\n<h6><span style=\"color: #800000\"><img loading=\"lazy\" decoding=\"async\" class=\"alignnone wp-image-154\" src=\"https:\/\/ent2d.ac-bordeaux.fr\/disciplines\/philosophie\/wp-content\/uploads\/sites\/24\/2017\/06\/Minervas_ugle-1-124x300.png\" alt=\"\" width=\"10\" height=\"24\" srcset=\"https:\/\/ent2d.ac-bordeaux.fr\/disciplines\/philosophie\/wp-content\/uploads\/sites\/24\/2017\/06\/Minervas_ugle-1-124x300.png 124w, https:\/\/ent2d.ac-bordeaux.fr\/disciplines\/philosophie\/wp-content\/uploads\/sites\/24\/2017\/06\/Minervas_ugle-1-425x1024.png 425w, https:\/\/ent2d.ac-bordeaux.fr\/disciplines\/philosophie\/wp-content\/uploads\/sites\/24\/2017\/06\/Minervas_ugle-1.png 523w\" sizes=\"auto, (max-width: 10px) 100vw, 10px\" \/>\u00a0Textes relatifs \u00e0 l&#8217;inspection individuelle<\/span><\/h6>\n<ul>\n<li><a href=\"https:\/\/www.ac-paris.fr\/portail\/jcms\/piapp1_58637\/jcms\/p1_1012647\/note-relative-aux-documents-pour-inspections-16oct14\">Note relative aux documents \u00e0 pr\u00e9senter lors de l&#8217;inspection individuelle<\/a>\u00a0propos\u00e9e par le site disciplinaire de philosophie de l&#8217;acad\u00e9mie de Paris (27 octobre 2014)<\/li>\n<li><a href=\"https:\/\/www.ac-paris.fr\/portail\/jcms\/piapp1_58637\/jcms\/p1_1012648\/documents-a-fournir-lors-d-une-inspection\">Documents \u00e0 fournir lors d&#8217;une inspection individuelle<\/a>\u00a0propos\u00e9s par le site disciplinaire de philosophie de l&#8217;acad\u00e9mie de Paris.<\/li>\n<li><a href=\"https:\/\/www.ac-paris.fr\/portail\/jcms\/piapp1_58637\/jcms\/p1_1012649\/notice-d-inspection\">Notice individuelle\u00a0d&#8217;inspection<\/a>\u00a0\u00e0 remplir et remettre \u00e0 l&#8217;inspecteur le jour de la visite<\/li>\n<li><a href=\"https:\/\/www.education.gouv.fr\/rendez-vous-de-carriere-mode-d-emploi-41627\" target=\"_blank\" rel=\"noopener\">Notice du rendez-vous de carri\u00e8re.<\/a><\/li>\n<\/ul>\n\n\n<p><\/p>\n","protected":false},"excerpt":{"rendered":"<p>\u00a0Textes relatifs \u00e0 l&#8217;inspection individuelle Note relative aux documents \u00e0 pr\u00e9senter lors de l&#8217;inspection individuelle\u00a0propos\u00e9e par le site disciplinaire de philosophie de l&#8217;acad\u00e9mie de Paris (27 octobre 2014) Documents \u00e0 fournir lors d&#8217;une inspection individuelle\u00a0propos\u00e9s par le site disciplinaire de philosophie de l&#8217;acad\u00e9mie de Paris. Notice individuelle\u00a0d&#8217;inspection\u00a0\u00e0 remplir et remettre \u00e0 l&#8217;inspecteur le jour de &hellip; <\/p>\n<p><a class=\"more-link btn\" href=\"https:\/\/ent2d.ac-bordeaux.fr\/disciplines\/philosophie\/se-preparer-a-linspection-individuelle\/\">Lire la suite<\/a><\/p>\n","protected":false},"author":2078,"featured_media":0,"parent":0,"menu_order":0,"comment_status":"closed","ping_status":"closed","template":"","meta":{"footnotes":""},"class_list":["post-179","page","type-page","status-publish","hentry","nodate","item-wrap"],"_links":{"self":[{"href":"https:\/\/ent2d.ac-bordeaux.fr\/disciplines\/philosophie\/wp-json\/wp\/v2\/pages\/179","targetHints":{"allow":["GET"]}}],"collection":[{"href":"https:\/\/ent2d.ac-bordeaux.fr\/disciplines\/philosophie\/wp-json\/wp\/v2\/pages"}],"about":[{"href":"https:\/\/ent2d.ac-bordeaux.fr\/disciplines\/philosophie\/wp-json\/wp\/v2\/types\/page"}],"author":[{"embeddable":true,"href":"https:\/\/ent2d.ac-bordeaux.fr\/disciplines\/philosophie\/wp-json\/wp\/v2\/users\/2078"}],"replies":[{"embeddable":true,"href":"https:\/\/ent2d.ac-bordeaux.fr\/disciplines\/philosophie\/wp-json\/wp\/v2\/comments?post=179"}],"version-history":[{"count":4,"href":"https:\/\/ent2d.ac-bordeaux.fr\/disciplines\/philosophie\/wp-json\/wp\/v2\/pages\/179\/revisions"}],"predecessor-version":[{"id":1426,"href":"https:\/\/ent2d.ac-bordeaux.fr\/disciplines\/philosophie\/wp-json\/wp\/v2\/pages\/179\/revisions\/1426"}],"wp:attachment":[{"href":"https:\/\/ent2d.ac-bordeaux.fr\/disciplines\/philosophie\/wp-json\/wp\/v2\/media?parent=179"}],"curies":[{"name":"wp","href":"https:\/\/api.w.org\/{rel}","templated":true}]}}