{"id":159,"date":"2017-06-03T14:06:55","date_gmt":"2017-06-03T12:06:55","guid":{"rendered":"https:\/\/ent2d.ac-bordeaux.fr\/disciplines\/philosophie\/?page_id=159"},"modified":"2026-01-05T18:12:22","modified_gmt":"2026-01-05T17:12:22","slug":"les-programmes","status":"publish","type":"page","link":"https:\/\/ent2d.ac-bordeaux.fr\/disciplines\/philosophie\/les-programmes\/","title":{"rendered":"Programmes"},"content":{"rendered":"\n<hr class=\"wp-block-separator has-alpha-channel-opacity\" \/>\n\n\n\n<h6 class=\"wp-block-heading\"><span style=\"color: #993300\"><strong><figure><img loading=\"lazy\" decoding=\"async\" class=\"alignnone wp-image-154\" src=\"https:\/\/ent2d.ac-bordeaux.fr\/disciplines\/philosophie\/wp-content\/uploads\/sites\/24\/2017\/06\/Minervas_ugle-1-124x300.png\" alt=\"\" width=\"10\" height=\"24\" srcset=\"https:\/\/ent2d.ac-bordeaux.fr\/disciplines\/philosophie\/wp-content\/uploads\/sites\/24\/2017\/06\/Minervas_ugle-1-124x300.png 124w, https:\/\/ent2d.ac-bordeaux.fr\/disciplines\/philosophie\/wp-content\/uploads\/sites\/24\/2017\/06\/Minervas_ugle-1-425x1024.png 425w, https:\/\/ent2d.ac-bordeaux.fr\/disciplines\/philosophie\/wp-content\/uploads\/sites\/24\/2017\/06\/Minervas_ugle-1.png 523w\" sizes=\"auto, (max-width: 10px) 100vw, 10px\" \/><\/figure>&nbsp;Programme de philosophie pour la voie g\u00e9n\u00e9rale<\/strong><\/span><\/h6>\n\n\n\n<ul class=\"wp-block-list\">\n<li>Retrouvez ici le programme de philosophie pour la s\u00e9rie g\u00e9n\u00e9rale&nbsp;(<em>B.O. sp\u00e9cial n\u00b0 8 du 25 juillet 2019<\/em>) : <a href=\"https:\/\/ent2d.ac-bordeaux.fr\/disciplines\/philosophie\/les-programmes\/spe238_annexe1_1159159-2\/\" rel=\"attachment wp-att-1202\">spe238_annexe1_1159159-2<\/a><\/li>\n<\/ul>\n\n\n\n<h6 class=\"wp-block-heading\"><span style=\"color: #993300\"><strong><figure><img loading=\"lazy\" decoding=\"async\" class=\"alignnone wp-image-154\" src=\"https:\/\/ent2d.ac-bordeaux.fr\/disciplines\/philosophie\/wp-content\/uploads\/sites\/24\/2017\/06\/Minervas_ugle-1-124x300.png\" alt=\"\" width=\"10\" height=\"24\" srcset=\"https:\/\/ent2d.ac-bordeaux.fr\/disciplines\/philosophie\/wp-content\/uploads\/sites\/24\/2017\/06\/Minervas_ugle-1-124x300.png 124w, https:\/\/ent2d.ac-bordeaux.fr\/disciplines\/philosophie\/wp-content\/uploads\/sites\/24\/2017\/06\/Minervas_ugle-1-425x1024.png 425w, https:\/\/ent2d.ac-bordeaux.fr\/disciplines\/philosophie\/wp-content\/uploads\/sites\/24\/2017\/06\/Minervas_ugle-1.png 523w\" sizes=\"auto, (max-width: 10px) 100vw, 10px\" \/><\/figure>&nbsp;Programme de philosophie pour la voie technologique<\/strong><\/span><\/h6>\n\n\n\n<ul class=\"wp-block-list\">\n<li>Retrouvez&nbsp;ici le programme de philosophie pour les s\u00e9ries technologiques (<em>B.O. sp\u00e9cial <\/em>) : <a href=\"https:\/\/www.education.gouv.fr\/bo\/2023\/Hebdo36\/MENE2323020N\">Programme s\u00e9ries technologiques<\/a><\/li>\n<\/ul>\n\n\n\n<h6 class=\"wp-block-heading\"><span style=\"color: #993300\"><strong><figure><img loading=\"lazy\" decoding=\"async\" class=\"alignnone wp-image-154\" src=\"https:\/\/ent2d.ac-bordeaux.fr\/disciplines\/philosophie\/wp-content\/uploads\/sites\/24\/2017\/06\/Minervas_ugle-1-124x300.png\" alt=\"\" width=\"10\" height=\"24\" srcset=\"https:\/\/ent2d.ac-bordeaux.fr\/disciplines\/philosophie\/wp-content\/uploads\/sites\/24\/2017\/06\/Minervas_ugle-1-124x300.png 124w, https:\/\/ent2d.ac-bordeaux.fr\/disciplines\/philosophie\/wp-content\/uploads\/sites\/24\/2017\/06\/Minervas_ugle-1-425x1024.png 425w, https:\/\/ent2d.ac-bordeaux.fr\/disciplines\/philosophie\/wp-content\/uploads\/sites\/24\/2017\/06\/Minervas_ugle-1.png 523w\" sizes=\"auto, (max-width: 10px) 100vw, 10px\" \/><\/figure>&nbsp;Autour des \u00e9preuves de philosophie tronc commun<\/strong><\/span><\/h6>\n\n\n\n<ul class=\"wp-block-list\">\n<li>Epreuve de philosophie de la voie g\u00e9n\u00e9rale \u00e0 compter de la session 2021 de l&#8217;examen du baccalaur\u00e9at (<a href=\"https:\/\/www.education.gouv.fr\/bo\/20\/Special2\/MENE2001789N.htm\"><em>B.0 sp\u00e9cial n\u00b02 du 13 f\u00e9vrier 2020<\/em><\/a>)<\/li>\n\n\n\n<li>Epreuve de philosophie de la voie technologique \u00e0 compter de la session 2021 de l&#8217;examen du baccalaur\u00e9at (<a href=\"https:\/\/www.education.gouv.fr\/bo\/20\/Special2\/MENE2001090N.htm\"><em>B.O sp\u00e9cial n\u00b02 du 13 f\u00e9vrier 2020 pour la voie technologique<\/em><\/a>)<\/li>\n<\/ul>\n\n\n\n<h6 class=\"wp-block-heading\"><span style=\"color: #993300\"><strong><figure><img loading=\"lazy\" decoding=\"async\" class=\"alignnone wp-image-154\" src=\"https:\/\/ent2d.ac-bordeaux.fr\/disciplines\/philosophie\/wp-content\/uploads\/sites\/24\/2017\/06\/Minervas_ugle-1-124x300.png\" alt=\"\" width=\"10\" height=\"24\" srcset=\"https:\/\/ent2d.ac-bordeaux.fr\/disciplines\/philosophie\/wp-content\/uploads\/sites\/24\/2017\/06\/Minervas_ugle-1-124x300.png 124w, https:\/\/ent2d.ac-bordeaux.fr\/disciplines\/philosophie\/wp-content\/uploads\/sites\/24\/2017\/06\/Minervas_ugle-1-425x1024.png 425w, https:\/\/ent2d.ac-bordeaux.fr\/disciplines\/philosophie\/wp-content\/uploads\/sites\/24\/2017\/06\/Minervas_ugle-1.png 523w\" sizes=\"auto, (max-width: 10px) 100vw, 10px\" \/><\/figure>&nbsp;Programme H.L.P en classe de premi\u00e8re<\/strong><\/span><\/h6>\n\n\n\n<ul class=\"wp-block-list\">\n<li>Retrouvez ici le programme H.L.P pour la classe de premi\u00e8re (<em>B.O. sp\u00e9cial n\u00b01 du 22 janvier 2019<\/em>) : <a href=\"https:\/\/ent2d.ac-bordeaux.fr\/disciplines\/philosophie\/les-programmes\/annexe_humalittephilo_spe_1eg_bo\/\" rel=\"attachment wp-att-1205\">annexe_humalittephilo_spe_1eg_bo<\/a><\/li>\n\n\n\n<li><\/li>\n<\/ul>\n\n\n\n<h6 class=\"wp-block-heading\"><span style=\"color: #993300\"><strong><figure><img loading=\"lazy\" decoding=\"async\" class=\"alignnone wp-image-154\" src=\"https:\/\/ent2d.ac-bordeaux.fr\/disciplines\/philosophie\/wp-content\/uploads\/sites\/24\/2017\/06\/Minervas_ugle-1-124x300.png\" alt=\"\" width=\"10\" height=\"24\" srcset=\"https:\/\/ent2d.ac-bordeaux.fr\/disciplines\/philosophie\/wp-content\/uploads\/sites\/24\/2017\/06\/Minervas_ugle-1-124x300.png 124w, https:\/\/ent2d.ac-bordeaux.fr\/disciplines\/philosophie\/wp-content\/uploads\/sites\/24\/2017\/06\/Minervas_ugle-1-425x1024.png 425w, https:\/\/ent2d.ac-bordeaux.fr\/disciplines\/philosophie\/wp-content\/uploads\/sites\/24\/2017\/06\/Minervas_ugle-1.png 523w\" sizes=\"auto, (max-width: 10px) 100vw, 10px\" \/><\/figure>&nbsp;Programme H.L.P en classe de terminale<\/strong><\/span><\/h6>\n\n\n\n<p>Retrouvez ici le programme H.L.P pour la classe de terminale (<em>B.O sp\u00e9cial n\u00b08 du 25 juillet 2019<\/em>) : <a href=\"https:\/\/ent2d.ac-bordeaux.fr\/disciplines\/philosophie\/les-programmes\/spe255_annexe_1158920-2\/\" rel=\"attachment wp-att-1206\">spe255_annexe_1158920<\/a><\/p>\n\n\n\n<p>Tout un ensemble de documents utiles pour la pr\u00e9paration des cours de la sp\u00e9cialit\u00e9 HLP : <a href=\"https:\/\/eduscol.education.fr\/1711\/programmes-et-ressources-en-humanites-litterature-et-philosophie-voie-g\">Documents HLP Eduscol<\/a><\/p>\n\n\n\n<h6 class=\"wp-block-heading\"><span style=\"color: #993300\"><strong><figure><img loading=\"lazy\" decoding=\"async\" class=\"alignnone wp-image-154\" src=\"https:\/\/ent2d.ac-bordeaux.fr\/disciplines\/philosophie\/wp-content\/uploads\/sites\/24\/2017\/06\/Minervas_ugle-1-124x300.png\" alt=\"\" width=\"10\" height=\"24\" srcset=\"https:\/\/ent2d.ac-bordeaux.fr\/disciplines\/philosophie\/wp-content\/uploads\/sites\/24\/2017\/06\/Minervas_ugle-1-124x300.png 124w, https:\/\/ent2d.ac-bordeaux.fr\/disciplines\/philosophie\/wp-content\/uploads\/sites\/24\/2017\/06\/Minervas_ugle-1-425x1024.png 425w, https:\/\/ent2d.ac-bordeaux.fr\/disciplines\/philosophie\/wp-content\/uploads\/sites\/24\/2017\/06\/Minervas_ugle-1.png 523w\" sizes=\"auto, (max-width: 10px) 100vw, 10px\" \/><\/figure>&nbsp;Autour des \u00e9preuves de H.L.P<\/strong><\/span><\/h6>\n\n\n\n<ul class=\"wp-block-list\">\n<li>Attendus des \u00e9preuves et \u00e9l\u00e9ments d&#8217;\u00e9valuations : <a href=\"https:\/\/ent2d.ac-bordeaux.fr\/disciplines\/philosophie\/les-programmes\/ra19_lycee_g_1-t_hlp_attendus-epreuves_elements-evaluation_1205353-2\/\" rel=\"attachment wp-att-1209\">ra19_lycee_g_1-t_hlp_attendus-epreuves_elements-evaluation_1205353<\/a><\/li>\n\n\n\n<li>L&#8217;oral dans l&#8217;enseignement de sp\u00e9cialit\u00e9 &#8220;Humanit\u00e9s, litt\u00e9rature et philosophie&#8221; : <a href=\"https:\/\/ent2d.ac-bordeaux.fr\/disciplines\/philosophie\/les-programmes\/ra19_lycee_g_1-t-hlp_oral-enseignement-hlp_1219741\/\" rel=\"attachment wp-att-1211\">ra19_lycee_g_1-t-hlp_oral-enseignement-hlp_1219741<\/a><\/li>\n\n\n\n<li>Philosophie : l&#8217;apprentissage de l&#8217;oral au service de l&#8217;\u00e9tude des textes : <a href=\"https:\/\/ent2d.ac-bordeaux.fr\/disciplines\/philosophie\/les-programmes\/ra19_lycee_g_1-t-hlp_philosophie-apprentissage-oral-etude-textes_12197501\/\" rel=\"attachment wp-att-1212\">ra19_lycee_g_1-t-hlp_philosophie-apprentissage-oral-etude-textes_12197501<\/a><\/li>\n\n\n\n<li>Recommandations conjointes des groupes Lettres et Philosophie de l&#8217;IGEN concernant la sp\u00e9cialit\u00e9 HLP (<em>F\u00e9vrier 2019<\/em>): <a href=\"https:\/\/ent2d.ac-bordeaux.fr\/disciplines\/philosophie\/les-programmes\/recommandations_igen-lettres-philosophie_hlp-fevrier2019_2019-02-15_07-55-53_269\/\" rel=\"attachment wp-att-1213\">recommandations_igen-lettres-philosophie_hlp-fevrier2019_2019-02-15_07-55-53_269<\/a><\/li>\n\n\n\n<li>Grand Oral et HLP&nbsp;: <br><a href=\"https:\/\/pia.ac-paris.fr\/portail\/jcms\/p1_3142703\/guide-go-disciplines-igesr-2023-0?details=true\">Guide Grand oral IGSER<\/a> (ao\u00fbt 2023) <br><a href=\"https:\/\/eduscol.education.fr\/729\/presentation-du-grand-oral\">Pr\u00e9sentation du grand oral<\/a> (ao\u00fbt 2025) <\/li>\n<\/ul>\n\n\n\n<h6 class=\"wp-block-heading\"><span style=\"color: #993300\"><strong><figure><img loading=\"lazy\" decoding=\"async\" class=\"alignnone wp-image-154\" src=\"https:\/\/ent2d.ac-bordeaux.fr\/disciplines\/philosophie\/wp-content\/uploads\/sites\/24\/2017\/06\/Minervas_ugle-1-124x300.png\" alt=\"\" width=\"10\" height=\"24\" srcset=\"https:\/\/ent2d.ac-bordeaux.fr\/disciplines\/philosophie\/wp-content\/uploads\/sites\/24\/2017\/06\/Minervas_ugle-1-124x300.png 124w, https:\/\/ent2d.ac-bordeaux.fr\/disciplines\/philosophie\/wp-content\/uploads\/sites\/24\/2017\/06\/Minervas_ugle-1-425x1024.png 425w, https:\/\/ent2d.ac-bordeaux.fr\/disciplines\/philosophie\/wp-content\/uploads\/sites\/24\/2017\/06\/Minervas_ugle-1.png 523w\" sizes=\"auto, (max-width: 10px) 100vw, 10px\" \/><\/figure>&nbsp;Recommandation de l&#8217;I.G.E.N<\/strong><\/span><\/h6>\n\n\n\n<p><a href=\"https:\/\/eduscol.education.fr\/document\/11789\/download\">Recommandations concernant le travail dans les classes de philosophie<\/a> (Eduscol).<\/p>\n\n\n\n<p><\/p>\n\n\n\n<p><figure><img loading=\"lazy\" decoding=\"async\" width=\"300\" height=\"151\" class=\"alignnone size-medium wp-image-165 aligncenter\" src=\"https:\/\/ent2d.ac-bordeaux.fr\/disciplines\/philosophie\/wp-content\/uploads\/sites\/24\/2017\/06\/iu-39-300x151.jpeg\" alt=\"\" srcset=\"https:\/\/ent2d.ac-bordeaux.fr\/disciplines\/philosophie\/wp-content\/uploads\/sites\/24\/2017\/06\/iu-39-300x151.jpeg 300w, https:\/\/ent2d.ac-bordeaux.fr\/disciplines\/philosophie\/wp-content\/uploads\/sites\/24\/2017\/06\/iu-39.jpeg 540w\" sizes=\"auto, (max-width: 300px) 100vw, 300px\" \/><\/figure><\/p>\n","protected":false},"excerpt":{"rendered":"<p>&nbsp;Programme de philosophie pour la voie g\u00e9n\u00e9rale &nbsp;Programme de philosophie pour la voie technologique &nbsp;Autour des \u00e9preuves de philosophie tronc commun &nbsp;Programme H.L.P en classe de premi\u00e8re &nbsp;Programme H.L.P en classe de terminale Retrouvez ici le programme H.L.P pour la classe de terminale (B.O sp\u00e9cial n\u00b08 du 25 juillet 2019) : spe255_annexe_1158920 Tout un ensemble &hellip; <\/p>\n<p><a class=\"more-link btn\" href=\"https:\/\/ent2d.ac-bordeaux.fr\/disciplines\/philosophie\/les-programmes\/\">Lire la suite<\/a><\/p>\n","protected":false},"author":2078,"featured_media":0,"parent":0,"menu_order":0,"comment_status":"closed","ping_status":"closed","template":"","meta":{"footnotes":""},"class_list":["post-159","page","type-page","status-publish","hentry","nodate","item-wrap"],"_links":{"self":[{"href":"https:\/\/ent2d.ac-bordeaux.fr\/disciplines\/philosophie\/wp-json\/wp\/v2\/pages\/159","targetHints":{"allow":["GET"]}}],"collection":[{"href":"https:\/\/ent2d.ac-bordeaux.fr\/disciplines\/philosophie\/wp-json\/wp\/v2\/pages"}],"about":[{"href":"https:\/\/ent2d.ac-bordeaux.fr\/disciplines\/philosophie\/wp-json\/wp\/v2\/types\/page"}],"author":[{"embeddable":true,"href":"https:\/\/ent2d.ac-bordeaux.fr\/disciplines\/philosophie\/wp-json\/wp\/v2\/users\/2078"}],"replies":[{"embeddable":true,"href":"https:\/\/ent2d.ac-bordeaux.fr\/disciplines\/philosophie\/wp-json\/wp\/v2\/comments?post=159"}],"version-history":[{"count":18,"href":"https:\/\/ent2d.ac-bordeaux.fr\/disciplines\/philosophie\/wp-json\/wp\/v2\/pages\/159\/revisions"}],"predecessor-version":[{"id":1737,"href":"https:\/\/ent2d.ac-bordeaux.fr\/disciplines\/philosophie\/wp-json\/wp\/v2\/pages\/159\/revisions\/1737"}],"wp:attachment":[{"href":"https:\/\/ent2d.ac-bordeaux.fr\/disciplines\/philosophie\/wp-json\/wp\/v2\/media?parent=159"}],"curies":[{"name":"wp","href":"https:\/\/api.w.org\/{rel}","templated":true}]}}