{"id":14,"date":"2017-01-06T14:03:11","date_gmt":"2017-01-06T13:03:11","guid":{"rendered":"https:\/\/ent2d.ac-bordeaux.fr\/disciplines\/philosophie\/?page_id=14"},"modified":"2021-08-23T16:29:56","modified_gmt":"2021-08-23T14:29:56","slug":"mentions-legales","status":"publish","type":"page","link":"https:\/\/ent2d.ac-bordeaux.fr\/disciplines\/philosophie\/mentions-legales\/","title":{"rendered":"Mentions l\u00e9gales"},"content":{"rendered":"<p><span style=\"color: #800000\"><strong><img loading=\"lazy\" decoding=\"async\" class=\"alignnone wp-image-463\" src=\"https:\/\/ent2d.ac-bordeaux.fr\/disciplines\/philosophie\/wp-content\/uploads\/sites\/24\/2017\/01\/Minervas_ugle-124x300.png\" alt=\"\" width=\"9\" height=\"22\" srcset=\"https:\/\/ent2d.ac-bordeaux.fr\/disciplines\/philosophie\/wp-content\/uploads\/sites\/24\/2017\/01\/Minervas_ugle-124x300.png 124w, https:\/\/ent2d.ac-bordeaux.fr\/disciplines\/philosophie\/wp-content\/uploads\/sites\/24\/2017\/01\/Minervas_ugle-425x1024.png 425w, https:\/\/ent2d.ac-bordeaux.fr\/disciplines\/philosophie\/wp-content\/uploads\/sites\/24\/2017\/01\/Minervas_ugle.png 523w\" sizes=\"auto, (max-width: 9px) 100vw, 9px\" \/>\u00a0Editeur\u00a0:<\/strong><\/span><\/p>\n<p>Le rectorat de l\u2019acad\u00e9mie de Bordeaux<\/p>\n<p>5 rue Joseph de Carayon-Latour<\/p>\n<p>CS 81499<\/p>\n<p>33060 Bordeaux Cedex<\/p>\n<p>T\u00e9l\u00e9phone\u00a0: 05 57 57 38 00\u00a0; Fax\u00a0: 05 56 96 29 42<\/p>\n<p><span style=\"color: #800000\"><strong><img loading=\"lazy\" decoding=\"async\" class=\"alignnone wp-image-463\" src=\"https:\/\/ent2d.ac-bordeaux.fr\/disciplines\/philosophie\/wp-content\/uploads\/sites\/24\/2017\/01\/Minervas_ugle-124x300.png\" alt=\"\" width=\"9\" height=\"22\" srcset=\"https:\/\/ent2d.ac-bordeaux.fr\/disciplines\/philosophie\/wp-content\/uploads\/sites\/24\/2017\/01\/Minervas_ugle-124x300.png 124w, https:\/\/ent2d.ac-bordeaux.fr\/disciplines\/philosophie\/wp-content\/uploads\/sites\/24\/2017\/01\/Minervas_ugle-425x1024.png 425w, https:\/\/ent2d.ac-bordeaux.fr\/disciplines\/philosophie\/wp-content\/uploads\/sites\/24\/2017\/01\/Minervas_ugle.png 523w\" sizes=\"auto, (max-width: 9px) 100vw, 9px\" \/>\u00a0Renseignements \u00e9ditoriaux\u00a0:<\/strong><\/span><\/p>\n<ul>\n<li><strong>Directeur de la publication<\/strong>: Jean-Michel Lespade, IA-IPR de Philosophie<em>\u00a0<\/em>(<a href=\"http:\/\/www.ac-bordeaux.fr\/cid78777\/sites-disciplinaires-academiques.html\">site acad\u00e9mique<\/a>).<\/li>\n<li><strong>Administrateur et r\u00e9dacteur des contenus<\/strong>: <a href=\"http:\/\/rnavaron@gmail.com\">R\u00e9mi Navaron<\/a>, IAN-Philosophie aquitaine.<\/li>\n<\/ul>\n<p><span style=\"color: #800000\"><strong><img loading=\"lazy\" decoding=\"async\" class=\"alignnone wp-image-463\" src=\"https:\/\/ent2d.ac-bordeaux.fr\/disciplines\/philosophie\/wp-content\/uploads\/sites\/24\/2017\/01\/Minervas_ugle-124x300.png\" alt=\"\" width=\"9\" height=\"22\" srcset=\"https:\/\/ent2d.ac-bordeaux.fr\/disciplines\/philosophie\/wp-content\/uploads\/sites\/24\/2017\/01\/Minervas_ugle-124x300.png 124w, https:\/\/ent2d.ac-bordeaux.fr\/disciplines\/philosophie\/wp-content\/uploads\/sites\/24\/2017\/01\/Minervas_ugle-425x1024.png 425w, https:\/\/ent2d.ac-bordeaux.fr\/disciplines\/philosophie\/wp-content\/uploads\/sites\/24\/2017\/01\/Minervas_ugle.png 523w\" sizes=\"auto, (max-width: 9px) 100vw, 9px\" \/>\u00a0H\u00e9bergement\u00a0:<\/strong><\/span><\/p>\n<p>Le site est h\u00e9berg\u00e9 par la Direction des Syst\u00e8mes d&#8217;Information (D.S.I.) de l&#8217;acad\u00e9mie de Bordeaux, 5, rue Joseph de Carayon-Latour, Bordeaux.<\/p>\n<p><strong><span style=\"color: #800000\"><img loading=\"lazy\" decoding=\"async\" class=\"alignnone wp-image-463\" src=\"https:\/\/ent2d.ac-bordeaux.fr\/disciplines\/philosophie\/wp-content\/uploads\/sites\/24\/2017\/01\/Minervas_ugle-124x300.png\" alt=\"\" width=\"9\" height=\"22\" srcset=\"https:\/\/ent2d.ac-bordeaux.fr\/disciplines\/philosophie\/wp-content\/uploads\/sites\/24\/2017\/01\/Minervas_ugle-124x300.png 124w, https:\/\/ent2d.ac-bordeaux.fr\/disciplines\/philosophie\/wp-content\/uploads\/sites\/24\/2017\/01\/Minervas_ugle-425x1024.png 425w, https:\/\/ent2d.ac-bordeaux.fr\/disciplines\/philosophie\/wp-content\/uploads\/sites\/24\/2017\/01\/Minervas_ugle.png 523w\" sizes=\"auto, (max-width: 9px) 100vw, 9px\" \/>\u00a0Responsabilit\u00e9 face aux liens hypertextes:<\/span><\/strong><\/p>\n<p>Ce site contient des liens hypertextes permettant l&#8217;acc\u00e8s \u00e0 des sites qui ne sont pas \u00e9dit\u00e9s par le responsable de ce site. En cons\u00e9quence le directeur de publication ne saurait \u00eatre tenu pour responsable du contenu des sites auxquels l&#8217;internaute aurait ainsi acc\u00e8s.<\/p>\n<p>A l&#8217;exception de sites diffusant des informations et\/ou contenus ayant un caract\u00e8re ill\u00e9gal et\/ou \u00e0 caract\u00e8re politique, religieux, pornographique, x\u00e9nophobe, ce site autorise, sans autorisation pr\u00e9alable, la mise en place de liens hypertextes pointant vers ses pages, sous r\u00e9serve de :<\/p>\n<ul>\n<li>ne pas utiliser la technique du lien profond, c&#8217;est-\u00e0-dire que les pages du site ne doivent pas \u00eatre imbriqu\u00e9es \u00e0 l&#8217;int\u00e9rieur des pages d&#8217;un autre site, mais visibles par l&#8217;ouverture d&#8217;une fen\u00eatre ind\u00e9pendante<\/li>\n<li>mentionner la source qui pointera gr\u00e2ce \u00e0 un lien hypertexte directement sur le contenu vis\u00e9.<\/li>\n<\/ul>\n<p>Les sites qui font le choix de pointer vers ce site engagent leur responsabilit\u00e9 d\u00e8s lors qu&#8217;ils porteraient atteinte \u00e0 l&#8217;image du site public.<\/p>\n<p><strong><span style=\"color: #800000\"><img loading=\"lazy\" decoding=\"async\" class=\"alignnone wp-image-463\" src=\"https:\/\/ent2d.ac-bordeaux.fr\/disciplines\/philosophie\/wp-content\/uploads\/sites\/24\/2017\/01\/Minervas_ugle-124x300.png\" alt=\"\" width=\"9\" height=\"22\" srcset=\"https:\/\/ent2d.ac-bordeaux.fr\/disciplines\/philosophie\/wp-content\/uploads\/sites\/24\/2017\/01\/Minervas_ugle-124x300.png 124w, https:\/\/ent2d.ac-bordeaux.fr\/disciplines\/philosophie\/wp-content\/uploads\/sites\/24\/2017\/01\/Minervas_ugle-425x1024.png 425w, https:\/\/ent2d.ac-bordeaux.fr\/disciplines\/philosophie\/wp-content\/uploads\/sites\/24\/2017\/01\/Minervas_ugle.png 523w\" sizes=\"auto, (max-width: 9px) 100vw, 9px\" \/>\u00a0Creative Commons licence et attribution:<\/span><\/strong><\/p>\n<ul>\n<li><span style=\"color: #808080\">The owl of Minerva. A logo and mascot for the Philosophy Wikiproject in the Spanish Wikipedia. Source:\u00a0Own work. Author:\u00a0<a class=\"new\" style=\"color: #808080\" title=\"User:ThomasN\u00f8hr (page does not exist)\" href=\"https:\/\/commons.wikimedia.org\/w\/index.php?title=User:ThomasN%C3%B8hr&amp;action=edit&amp;redlink=1\">ThomasN\u00f8hr<\/a>.\u00a0 Creative Commons Attribution-Share Alike 3.0 Unported\u00a0<\/span><\/li>\n<li><span style=\"color: #808080\">Place de la Bourse with the Hotel and Palais de la Bourse in Bordeaux. In front the Miroir d&#8217;eau can be seen. Source:\u00a0Travail personnel. Author:\u00a0<a class=\"new\" style=\"color: #808080\" title=\"User:Xellery (page does not exist)\" href=\"https:\/\/commons.wikimedia.org\/w\/index.php?title=User:Xellery&amp;action=edit&amp;redlink=1\">Xellery<\/a>. Creative Commons paternit\u00e9 \u2013 partage \u00e0 l\u2019identique 3.0 (non transpos\u00e9e)<\/span><\/li>\n<li><span style=\"color: #808080\">Sokrates, Antisthenes, Chrysippos, Epikouros. Source: Greek philosophers. Author: Matt Neal.\u00a0\u00a0Creative Commons\u00a0Attribution 2.0 Generic<\/span><\/li>\n<li><span style=\"color: #808080\">Library Books Knowledge Bookshelves Bookcase. Source: Max Pixel &#8211; freegreatpicture.com.\u00a0CC0 Public Domain<\/span><\/li>\n<li><span style=\"color: #808080\">Texture X Motherboard Circut blue stock photo tech texture. Source: Flickr.<\/span>\u00a0<span style=\"color: #808080\">CC\u00a0Feel free to download and use the full resolution for personal or commercial purposes.<\/span><\/li>\n<li><span style=\"color: #808080\">Owl standing right, head facing. Reverse of a silver tetradrachm from Athens, ca. 480\u2013420 BC. Current Location: Lyon Museum of fine arts. First floor, room 19. Credit line: Found in the area of Lyon. Source\/photographer: Marie-Lan Nguyen (<a style=\"color: #808080\" title=\"User:Jastrow\" href=\"https:\/\/commons.wikimedia.org\/wiki\/User:Jastrow\">User:Jastrow<\/a>),\u00a0<a class=\"new\" style=\"color: #808080\" title=\"2009-02-28 (page does not exist)\" href=\"https:\/\/commons.wikimedia.org\/w\/index.php?title=2009-02-28&amp;action=edit&amp;redlink=1\">2009-02-28<\/a>.\u00a0\u00a0Creative Commons\u00a0Attribution 2.5 Generic<\/span><\/li>\n<li>&#8220;Book&#8221;\u00a0by Kamil Porembi\u0144ski\u00a0is licensed with CC BY-SA 2.0. To view a copy of this license, visit https:\/\/creativecommons.org\/licenses\/by-sa\/2.0\/<\/li>\n<\/ul>\n","protected":false},"excerpt":{"rendered":"<p>\u00a0Editeur\u00a0: Le rectorat de l\u2019acad\u00e9mie de Bordeaux 5 rue Joseph de Carayon-Latour CS 81499 33060 Bordeaux Cedex T\u00e9l\u00e9phone\u00a0: 05 57 57 38 00\u00a0; Fax\u00a0: 05 56 96 29 42 \u00a0Renseignements \u00e9ditoriaux\u00a0: Directeur de la publication: Jean-Michel Lespade, IA-IPR de Philosophie\u00a0(site acad\u00e9mique). Administrateur et r\u00e9dacteur des contenus: R\u00e9mi Navaron, IAN-Philosophie aquitaine. \u00a0H\u00e9bergement\u00a0: Le site est h\u00e9berg\u00e9 &hellip; <\/p>\n<p><a class=\"more-link btn\" href=\"https:\/\/ent2d.ac-bordeaux.fr\/disciplines\/philosophie\/mentions-legales\/\">Lire la suite<\/a><\/p>\n","protected":false},"author":4,"featured_media":0,"parent":0,"menu_order":0,"comment_status":"closed","ping_status":"closed","template":"","meta":{"footnotes":""},"class_list":["post-14","page","type-page","status-publish","hentry","nodate","item-wrap"],"_links":{"self":[{"href":"https:\/\/ent2d.ac-bordeaux.fr\/disciplines\/philosophie\/wp-json\/wp\/v2\/pages\/14","targetHints":{"allow":["GET"]}}],"collection":[{"href":"https:\/\/ent2d.ac-bordeaux.fr\/disciplines\/philosophie\/wp-json\/wp\/v2\/pages"}],"about":[{"href":"https:\/\/ent2d.ac-bordeaux.fr\/disciplines\/philosophie\/wp-json\/wp\/v2\/types\/page"}],"author":[{"embeddable":true,"href":"https:\/\/ent2d.ac-bordeaux.fr\/disciplines\/philosophie\/wp-json\/wp\/v2\/users\/4"}],"replies":[{"embeddable":true,"href":"https:\/\/ent2d.ac-bordeaux.fr\/disciplines\/philosophie\/wp-json\/wp\/v2\/comments?post=14"}],"version-history":[{"count":5,"href":"https:\/\/ent2d.ac-bordeaux.fr\/disciplines\/philosophie\/wp-json\/wp\/v2\/pages\/14\/revisions"}],"predecessor-version":[{"id":1288,"href":"https:\/\/ent2d.ac-bordeaux.fr\/disciplines\/philosophie\/wp-json\/wp\/v2\/pages\/14\/revisions\/1288"}],"wp:attachment":[{"href":"https:\/\/ent2d.ac-bordeaux.fr\/disciplines\/philosophie\/wp-json\/wp\/v2\/media?parent=14"}],"curies":[{"name":"wp","href":"https:\/\/api.w.org\/{rel}","templated":true}]}}