{"id":1344,"date":"2021-09-10T10:53:54","date_gmt":"2021-09-10T08:53:54","guid":{"rendered":"https:\/\/ent2d.ac-bordeaux.fr\/disciplines\/philosophie\/?page_id=1344"},"modified":"2023-07-07T16:22:32","modified_gmt":"2023-07-07T14:22:32","slug":"preparation-du-capes-interne-de-philosophie","status":"publish","type":"page","link":"https:\/\/ent2d.ac-bordeaux.fr\/disciplines\/philosophie\/preparation-du-capes-interne-de-philosophie\/","title":{"rendered":"Pr\u00e9paration du Capes interne de philosophie dans l&#8217;acad\u00e9mie"},"content":{"rendered":"\n<figure class=\"wp-block-image size-large\"><img loading=\"lazy\" decoding=\"async\" width=\"859\" height=\"212\" src=\"https:\/\/ent2d.ac-bordeaux.fr\/disciplines\/philosophie\/wp-content\/uploads\/sites\/24\/2017\/01\/Bordeaux.jpg\" alt=\"\" class=\"wp-image-457\" srcset=\"https:\/\/ent2d.ac-bordeaux.fr\/disciplines\/philosophie\/wp-content\/uploads\/sites\/24\/2017\/01\/Bordeaux.jpg 859w, https:\/\/ent2d.ac-bordeaux.fr\/disciplines\/philosophie\/wp-content\/uploads\/sites\/24\/2017\/01\/Bordeaux-300x74.jpg 300w, https:\/\/ent2d.ac-bordeaux.fr\/disciplines\/philosophie\/wp-content\/uploads\/sites\/24\/2017\/01\/Bordeaux-768x190.jpg 768w\" sizes=\"auto, (max-width: 859px) 100vw, 859px\" \/><\/figure>\n\n\n\n<p class=\"has-very-light-gray-color has-vivid-red-background-color has-text-color has-background\"><strong><mark class=\"has-inline-color has-very-light-gray-color\">Information concernant la session d&#8217;inscription pour l&#8217;ann\u00e9e 202<\/mark><\/strong>3-2024<\/p>\n\n\n\n<p>&nbsp;<\/p>\n\n\n\n<p>Une pr\u00e9paration acad\u00e9mique est organis\u00e9e. Des informations seront bient\u00f4t mises en ligne. <\/p>\n\n\n\n<p><\/p>\n\n\n\n<p><\/p>\n\n\n\n<p>&nbsp;<\/p>\n\n\n\n<p class=\"has-vivid-red-background-color has-background\"><strong><span class=\"has-inline-color has-very-light-gray-color\">Modalit\u00e9 d&#8217;inscription la pr\u00e9paration du capes interne dans l&#8217;acad\u00e9mie<\/span><\/strong><\/p>\n\n\n\n<p>&nbsp;<\/p>\n\n\n\n<p>Pour s\u2019inscrire \u00e0 une formation relevant de la campagne de septembre sur GAIA, connectez vous sur le site du rectorat&nbsp;:&nbsp;<a rel=\"noreferrer noopener\" href=\"https:\/\/www.ac-bordeaux.fr\/\" target=\"_blank\">https:\/\/www.ac-bordeaux.fr\/<\/a><\/p>\n\n\n\n<p>Cliquez en haut \u00e0 droite sur le menu \u00ab&nbsp;Acc\u00e8s rapides&nbsp;\u00bb puis choisissez la rubrique ARENA. Identifiez vous.<\/p>\n\n\n\n<p>Une fois dans l\u2019espace ARENA, cliquez sur la rubrique \u00ab&nbsp;Gestion des personnels&nbsp;\u00bb dans le bandeau \u00e0 gauche, puis sur le lien GAIA \u2013 Acc\u00e8s individuel.<\/p>\n\n\n\n<p>Une fois dans l\u2019espace GAIA, choisissez la rubrique \u00ab&nbsp;Inscription individuelle&nbsp;\u00bb, cliquez sur le bouton \u00ab&nbsp;Rechercher&nbsp;\u00bb et entrez les identifiants des dispositifs auxquels vous souhaitez vous inscrire.&nbsp; Mots-cl\u00e9s : CAPES, PHILOSOPHIE. N\u00b0 21A0040798<\/p>\n\n\n\n<p>&nbsp;<\/p>\n\n\n\n<p><\/p>\n\n\n\n<p class=\"has-vivid-red-background-color has-background\"><strong><span class=\"has-inline-color has-very-light-gray-color\">Rapport du jury des ann\u00e9es pr\u00e9c\u00e9dentes pour le capes interne<\/span><\/strong><\/p>\n\n\n\n<p>Rapport du jury session 2022 : <\/p>\n\n\n\n<p><a href=\"https:\/\/media.devenirenseignant.gouv.fr\/file\/capes_externe\/04\/2\/rj-2022-capes-externe-philosophie_1429042.pdf\">https:\/\/media.devenirenseignant.gouv.fr\/file\/capes_externe\/04\/2\/rj-2022-capes-externe-philosophie_1429042.pdf<\/a><\/p>\n\n\n\n<p>Rapport du jury session 2021 :<\/p>\n\n\n\n<div class=\"wp-block-file\"><a id=\"wp-block-file--media-f829a363-ce83-4719-a273-fc6b46b13b22\" href=\"https:\/\/ent2d.ac-bordeaux.fr\/disciplines\/philosophie\/wp-content\/uploads\/sites\/24\/2021\/09\/rj-2021-capes-interne-philosophie_1418423.pdf\">rj-2021-capes-interne-philosophie_1418423<\/a><a href=\"https:\/\/ent2d.ac-bordeaux.fr\/disciplines\/philosophie\/wp-content\/uploads\/sites\/24\/2021\/09\/rj-2021-capes-interne-philosophie_1418423.pdf\" class=\"wp-block-file__button wp-element-button\" download aria-describedby=\"wp-block-file--media-f829a363-ce83-4719-a273-fc6b46b13b22\">T\u00e9l\u00e9charger<\/a><\/div>\n\n\n\n<p>Pour avoir acc\u00e8s aux rapports du jury des ann\u00e9es pr\u00e9c\u00e9dentes, <a href=\"https:\/\/ent2d.ac-bordeaux.fr\/disciplines\/philosophie\/capes-externe-cafep-capes-interne-et-caer\/\">veuillez cliquer ici<\/a>. <\/p>\n","protected":false},"excerpt":{"rendered":"<p>Information concernant la session d&#8217;inscription pour l&#8217;ann\u00e9e 2023-2024 &nbsp; Une pr\u00e9paration acad\u00e9mique est organis\u00e9e. Des informations seront bient\u00f4t mises en ligne. &nbsp; Modalit\u00e9 d&#8217;inscription la pr\u00e9paration du capes interne dans l&#8217;acad\u00e9mie &nbsp; Pour s\u2019inscrire \u00e0 une formation relevant de la campagne de septembre sur GAIA, connectez vous sur le site du rectorat&nbsp;:&nbsp;https:\/\/www.ac-bordeaux.fr\/ Cliquez en haut &hellip; <\/p>\n<p><a class=\"more-link btn\" href=\"https:\/\/ent2d.ac-bordeaux.fr\/disciplines\/philosophie\/preparation-du-capes-interne-de-philosophie\/\">Lire la suite<\/a><\/p>\n","protected":false},"author":2078,"featured_media":0,"parent":0,"menu_order":0,"comment_status":"closed","ping_status":"closed","template":"","meta":{"footnotes":""},"class_list":["post-1344","page","type-page","status-publish","hentry","nodate","item-wrap"],"_links":{"self":[{"href":"https:\/\/ent2d.ac-bordeaux.fr\/disciplines\/philosophie\/wp-json\/wp\/v2\/pages\/1344","targetHints":{"allow":["GET"]}}],"collection":[{"href":"https:\/\/ent2d.ac-bordeaux.fr\/disciplines\/philosophie\/wp-json\/wp\/v2\/pages"}],"about":[{"href":"https:\/\/ent2d.ac-bordeaux.fr\/disciplines\/philosophie\/wp-json\/wp\/v2\/types\/page"}],"author":[{"embeddable":true,"href":"https:\/\/ent2d.ac-bordeaux.fr\/disciplines\/philosophie\/wp-json\/wp\/v2\/users\/2078"}],"replies":[{"embeddable":true,"href":"https:\/\/ent2d.ac-bordeaux.fr\/disciplines\/philosophie\/wp-json\/wp\/v2\/comments?post=1344"}],"version-history":[{"count":13,"href":"https:\/\/ent2d.ac-bordeaux.fr\/disciplines\/philosophie\/wp-json\/wp\/v2\/pages\/1344\/revisions"}],"predecessor-version":[{"id":1460,"href":"https:\/\/ent2d.ac-bordeaux.fr\/disciplines\/philosophie\/wp-json\/wp\/v2\/pages\/1344\/revisions\/1460"}],"wp:attachment":[{"href":"https:\/\/ent2d.ac-bordeaux.fr\/disciplines\/philosophie\/wp-json\/wp\/v2\/media?parent=1344"}],"curies":[{"name":"wp","href":"https:\/\/api.w.org\/{rel}","templated":true}]}}