{"id":1121,"date":"2019-10-19T12:15:50","date_gmt":"2019-10-19T10:15:50","guid":{"rendered":"https:\/\/ent2d.ac-bordeaux.fr\/disciplines\/philosophie\/?page_id=1121"},"modified":"2025-12-28T18:53:44","modified_gmt":"2025-12-28T17:53:44","slug":"les-liens-utiles-hors-academie","status":"publish","type":"page","link":"https:\/\/ent2d.ac-bordeaux.fr\/disciplines\/philosophie\/les-liens-utiles-hors-academie\/","title":{"rendered":"Les liens utiles hors acad\u00e9mie"},"content":{"rendered":"\n<p>Nous vous proposons ici une petite s\u00e9lection de sites acad\u00e9miques utiles pour la pr\u00e9paration des s\u00e9ances d&#8217;HLP. <\/p>\n\n\n\n<h2 class=\"wp-block-heading\"><\/h2>\n\n\n\n<figure class=\"wp-block-image\"><a href=\"https:\/\/philosophie.ac-creteil.fr\/spip.php?rubrique245\"><img loading=\"lazy\" decoding=\"async\" width=\"1001\" height=\"116\" src=\"https:\/\/ent2d.ac-bordeaux.fr\/disciplines\/philosophie\/wp-content\/uploads\/sites\/24\/2019\/10\/Cr\u00e9teil-banni\u00e8re.jpg\" alt=\"\" class=\"wp-image-1126\" srcset=\"https:\/\/ent2d.ac-bordeaux.fr\/disciplines\/philosophie\/wp-content\/uploads\/sites\/24\/2019\/10\/Cr\u00e9teil-banni\u00e8re.jpg 1001w, https:\/\/ent2d.ac-bordeaux.fr\/disciplines\/philosophie\/wp-content\/uploads\/sites\/24\/2019\/10\/Cr\u00e9teil-banni\u00e8re-300x35.jpg 300w, https:\/\/ent2d.ac-bordeaux.fr\/disciplines\/philosophie\/wp-content\/uploads\/sites\/24\/2019\/10\/Cr\u00e9teil-banni\u00e8re-768x89.jpg 768w\" sizes=\"auto, (max-width: 1001px) 100vw, 1001px\" \/><\/a><\/figure>\n\n\n\n<h2 class=\"wp-block-heading\"><\/h2>\n\n\n\n<figure class=\"wp-block-image\"><a href=\"https:\/\/philosophie.ac-versailles.fr\/spip.php?rubrique77\"><img loading=\"lazy\" decoding=\"async\" width=\"997\" height=\"129\" src=\"https:\/\/ent2d.ac-bordeaux.fr\/disciplines\/philosophie\/wp-content\/uploads\/sites\/24\/2019\/10\/Versailles-Banni\u00e8re.jpg\" alt=\"\" class=\"wp-image-1127\" srcset=\"https:\/\/ent2d.ac-bordeaux.fr\/disciplines\/philosophie\/wp-content\/uploads\/sites\/24\/2019\/10\/Versailles-Banni\u00e8re.jpg 997w, https:\/\/ent2d.ac-bordeaux.fr\/disciplines\/philosophie\/wp-content\/uploads\/sites\/24\/2019\/10\/Versailles-Banni\u00e8re-300x39.jpg 300w, https:\/\/ent2d.ac-bordeaux.fr\/disciplines\/philosophie\/wp-content\/uploads\/sites\/24\/2019\/10\/Versailles-Banni\u00e8re-768x99.jpg 768w\" sizes=\"auto, (max-width: 997px) 100vw, 997px\" \/><\/a><\/figure>\n\n\n\n<h2 class=\"wp-block-heading\"><\/h2>\n\n\n\n<figure class=\"wp-block-image\"><a href=\"https:\/\/www.ac-strasbourg.fr\/pedagogie\/philosophie\/ressources-specialite-hlp\/\"><img loading=\"lazy\" decoding=\"async\" width=\"1024\" height=\"97\" src=\"https:\/\/ent2d.ac-bordeaux.fr\/disciplines\/philosophie\/wp-content\/uploads\/sites\/24\/2019\/10\/Strasbourg-banni\u00e8re.jpg\" alt=\"\" class=\"wp-image-1128\" srcset=\"https:\/\/ent2d.ac-bordeaux.fr\/disciplines\/philosophie\/wp-content\/uploads\/sites\/24\/2019\/10\/Strasbourg-banni\u00e8re.jpg 1024w, https:\/\/ent2d.ac-bordeaux.fr\/disciplines\/philosophie\/wp-content\/uploads\/sites\/24\/2019\/10\/Strasbourg-banni\u00e8re-300x28.jpg 300w, https:\/\/ent2d.ac-bordeaux.fr\/disciplines\/philosophie\/wp-content\/uploads\/sites\/24\/2019\/10\/Strasbourg-banni\u00e8re-768x73.jpg 768w\" sizes=\"auto, (max-width: 1024px) 100vw, 1024px\" \/><\/a><\/figure>\n\n\n\n<h2 class=\"wp-block-heading\"><\/h2>\n\n\n\n<figure class=\"wp-block-image\"><a href=\"http:\/\/www4.ac-nancy-metz.fr\/lettres\/new\/humanites-litterature-et-philosophie\/\"><img decoding=\"async\" src=\"https:\/\/ent2d.ac-bordeaux.fr\/disciplines\/philosophie\/wp-content\/uploads\/sites\/24\/2019\/10\/Nancy-Banni\u00e8re.jpg\" alt=\"\" class=\"wp-image-1129\" \/><\/a><\/figure>\n\n\n\n<h2 class=\"wp-block-heading\"><\/h2>\n\n\n\n<figure class=\"wp-block-image\"><a href=\"http:\/\/philosophie.discipline.ac-lille.fr\"><img loading=\"lazy\" decoding=\"async\" width=\"892\" height=\"156\" src=\"https:\/\/ent2d.ac-bordeaux.fr\/disciplines\/philosophie\/wp-content\/uploads\/sites\/24\/2019\/10\/Lille-banni\u00e8re.jpg\" alt=\"\" class=\"wp-image-1130\" srcset=\"https:\/\/ent2d.ac-bordeaux.fr\/disciplines\/philosophie\/wp-content\/uploads\/sites\/24\/2019\/10\/Lille-banni\u00e8re.jpg 892w, https:\/\/ent2d.ac-bordeaux.fr\/disciplines\/philosophie\/wp-content\/uploads\/sites\/24\/2019\/10\/Lille-banni\u00e8re-300x52.jpg 300w, https:\/\/ent2d.ac-bordeaux.fr\/disciplines\/philosophie\/wp-content\/uploads\/sites\/24\/2019\/10\/Lille-banni\u00e8re-768x134.jpg 768w\" sizes=\"auto, (max-width: 892px) 100vw, 892px\" \/><\/a><\/figure>\n\n\n\n<figure class=\"wp-block-image size-large\"><a href=\"https:\/\/www.ac-paris.fr\/portail\/jcms\/p2_1975027\/ressources-humanites-litterature-philosophie?cid=p2_2009407&amp;portal=piapp1_58678\"><img loading=\"lazy\" decoding=\"async\" width=\"1024\" height=\"184\" src=\"https:\/\/ent2d.ac-bordeaux.fr\/disciplines\/philosophie\/wp-content\/uploads\/sites\/24\/2021\/08\/Capture-d\u2019\u00e9cran-2021-08-23-\u00e0-19.06.27.png\" alt=\"\" class=\"wp-image-1337\" srcset=\"https:\/\/ent2d.ac-bordeaux.fr\/disciplines\/philosophie\/wp-content\/uploads\/sites\/24\/2021\/08\/Capture-d\u2019\u00e9cran-2021-08-23-\u00e0-19.06.27.png 1024w, https:\/\/ent2d.ac-bordeaux.fr\/disciplines\/philosophie\/wp-content\/uploads\/sites\/24\/2021\/08\/Capture-d\u2019\u00e9cran-2021-08-23-\u00e0-19.06.27-300x54.png 300w, https:\/\/ent2d.ac-bordeaux.fr\/disciplines\/philosophie\/wp-content\/uploads\/sites\/24\/2021\/08\/Capture-d\u2019\u00e9cran-2021-08-23-\u00e0-19.06.27-768x138.png 768w, https:\/\/ent2d.ac-bordeaux.fr\/disciplines\/philosophie\/wp-content\/uploads\/sites\/24\/2021\/08\/Capture-d\u2019\u00e9cran-2021-08-23-\u00e0-19.06.27-1536x276.png 1536w\" sizes=\"auto, (max-width: 1024px) 100vw, 1024px\" \/><\/a><\/figure>\n\n\n\n<p><\/p>\n","protected":false},"excerpt":{"rendered":"<p>Nous vous proposons ici une petite s\u00e9lection de sites acad\u00e9miques utiles pour la pr\u00e9paration des s\u00e9ances d&#8217;HLP.<\/p>\n","protected":false},"author":2078,"featured_media":0,"parent":0,"menu_order":0,"comment_status":"closed","ping_status":"closed","template":"","meta":{"footnotes":""},"class_list":["post-1121","page","type-page","status-publish","hentry","nodate","item-wrap"],"_links":{"self":[{"href":"https:\/\/ent2d.ac-bordeaux.fr\/disciplines\/philosophie\/wp-json\/wp\/v2\/pages\/1121","targetHints":{"allow":["GET"]}}],"collection":[{"href":"https:\/\/ent2d.ac-bordeaux.fr\/disciplines\/philosophie\/wp-json\/wp\/v2\/pages"}],"about":[{"href":"https:\/\/ent2d.ac-bordeaux.fr\/disciplines\/philosophie\/wp-json\/wp\/v2\/types\/page"}],"author":[{"embeddable":true,"href":"https:\/\/ent2d.ac-bordeaux.fr\/disciplines\/philosophie\/wp-json\/wp\/v2\/users\/2078"}],"replies":[{"embeddable":true,"href":"https:\/\/ent2d.ac-bordeaux.fr\/disciplines\/philosophie\/wp-json\/wp\/v2\/comments?post=1121"}],"version-history":[{"count":2,"href":"https:\/\/ent2d.ac-bordeaux.fr\/disciplines\/philosophie\/wp-json\/wp\/v2\/pages\/1121\/revisions"}],"predecessor-version":[{"id":1338,"href":"https:\/\/ent2d.ac-bordeaux.fr\/disciplines\/philosophie\/wp-json\/wp\/v2\/pages\/1121\/revisions\/1338"}],"wp:attachment":[{"href":"https:\/\/ent2d.ac-bordeaux.fr\/disciplines\/philosophie\/wp-json\/wp\/v2\/media?parent=1121"}],"curies":[{"name":"wp","href":"https:\/\/api.w.org\/{rel}","templated":true}]}}