{"id":128,"date":"2022-06-30T08:58:30","date_gmt":"2022-06-30T06:58:30","guid":{"rendered":"https:\/\/ent2d.ac-bordeaux.fr\/disciplines\/nsi\/?page_id=128"},"modified":"2022-06-30T09:13:29","modified_gmt":"2022-06-30T07:13:29","slug":"accueil","status":"publish","type":"page","link":"https:\/\/ent2d.ac-bordeaux.fr\/disciplines\/nsi\/","title":{"rendered":"Bienvenue"},"content":{"rendered":"\n<p class=\"has-medium-font-size\">Ce site est un appui pour les enseignants de la sp\u00e9cialit\u00e9 Num\u00e9rique et Sciences Informatiques de l&rsquo;acad\u00e9mie de Bordeaux. Il regroupe les informations officielles de la discipline et plusieurs ressources p\u00e9dagogiques pour inspirer les \u00e9quipes.<\/p>\n","protected":false},"excerpt":{"rendered":"<p>Ce site est un appui pour les enseignants de la sp\u00e9cialit\u00e9 Num\u00e9rique et Sciences Informatiques de l&rsquo;acad\u00e9mie de Bordeaux. Il regroupe les informations officielles de la discipline et plusieurs ressources p\u00e9dagogiques pour inspirer les \u00e9quipes.<\/p>\n","protected":false},"author":1993,"featured_media":0,"parent":0,"menu_order":0,"comment_status":"closed","ping_status":"closed","template":"","meta":{"footnotes":""},"class_list":["post-128","page","type-page","status-publish","hentry","nodate","item-wrap"],"_links":{"self":[{"href":"https:\/\/ent2d.ac-bordeaux.fr\/disciplines\/nsi\/wp-json\/wp\/v2\/pages\/128","targetHints":{"allow":["GET"]}}],"collection":[{"href":"https:\/\/ent2d.ac-bordeaux.fr\/disciplines\/nsi\/wp-json\/wp\/v2\/pages"}],"about":[{"href":"https:\/\/ent2d.ac-bordeaux.fr\/disciplines\/nsi\/wp-json\/wp\/v2\/types\/page"}],"author":[{"embeddable":true,"href":"https:\/\/ent2d.ac-bordeaux.fr\/disciplines\/nsi\/wp-json\/wp\/v2\/users\/1993"}],"replies":[{"embeddable":true,"href":"https:\/\/ent2d.ac-bordeaux.fr\/disciplines\/nsi\/wp-json\/wp\/v2\/comments?post=128"}],"version-history":[{"count":5,"href":"https:\/\/ent2d.ac-bordeaux.fr\/disciplines\/nsi\/wp-json\/wp\/v2\/pages\/128\/revisions"}],"predecessor-version":[{"id":140,"href":"https:\/\/ent2d.ac-bordeaux.fr\/disciplines\/nsi\/wp-json\/wp\/v2\/pages\/128\/revisions\/140"}],"wp:attachment":[{"href":"https:\/\/ent2d.ac-bordeaux.fr\/disciplines\/nsi\/wp-json\/wp\/v2\/media?parent=128"}],"curies":[{"name":"wp","href":"https:\/\/api.w.org\/{rel}","templated":true}]}}