{"id":981,"date":"2019-02-27T14:23:41","date_gmt":"2019-02-27T13:23:41","guid":{"rendered":"https:\/\/ent2d.ac-bordeaux.fr\/disciplines\/musique\/?page_id=981"},"modified":"2025-07-09T11:02:58","modified_gmt":"2025-07-09T09:02:58","slug":"autres-ressources-pedagogiques","status":"publish","type":"page","link":"https:\/\/ent2d.ac-bordeaux.fr\/disciplines\/musique\/college\/programmes\/autres-ressources-pedagogiques\/","title":{"rendered":"Autres ressources p\u00e9dagogiques"},"content":{"rendered":"<hr \/>\n<h2><strong>Sites &#8211; Padlets &#8211; Liens (tr\u00e8s) utiles \ud83d\ude09<br \/>\n<\/strong><\/h2>\n<h5><strong>\u25ba Le site de R\u00e9mi Mass\u00e9<\/strong><\/h5>\n<ul>\n<li class=\"justif\"><a href=\"http:\/\/flipmusiclab.fr\/\" target=\"_blank\" rel=\"noopener noreferrer\">Le site<\/a>, \u00e0 la pointe de l&rsquo;innovation p\u00e9dagogique. Vous manquez d&rsquo;inspiration ? voici un oc\u00e9an d&rsquo;id\u00e9es!<\/li>\n<\/ul>\n<h5><strong>\u25ba Le site de B\u00e9atrice Cartron<\/strong><\/h5>\n<ul>\n<li class=\"justif\"><a href=\"http:\/\/musibisca8.wixsite.com\/edmus\" target=\"_blank\" rel=\"noopener noreferrer\">La p\u00e9dagogie de la classe invers\u00e9e<\/a> toujours, avec cet autre site personnel : une mine de ressources, s\u00e9quences et documents en tous genres \u00e0 explorer encore et encore.<\/li>\n<\/ul>\n<h5><strong>\u25ba Les padlets de Michel Dufreix<\/strong><\/h5>\n<ul>\n<li class=\"justif\"><a href=\"https:\/\/padlet.com\/michelmusiquecollegelrb\/s-quences-musicales-coll-ge-la-roche-beaulieu-coll-ge-montai-9837wgn7fjvmeakv\" target=\"_blank\" rel=\"noopener noreferrer\">Sur ce padlet<\/a> : un ensemble de s\u00e9quences compl\u00e8tes pour tous les niveaux, autour de probl\u00e9matiques inspirantes et de documents ou fiches pratiques.<\/li>\n<\/ul>\n<ul>\n<li class=\"justif\"><a href=\"https:\/\/padlet.com\/tromborby\/tnwsmpxt092j\" target=\"_blank\" rel=\"noopener noreferrer\">Ici, un autre padlet de ressources<\/a>, con\u00e7u \u00e0 l&rsquo;origine pour des \u00e9l\u00e8ves allophones, mais tr\u00e8s largement r\u00e9utilisable \u00e0 tous les niveaux et qui fait le point sur les principaux \u00e9l\u00e9ments de compr\u00e9hension de la musique de fa\u00e7on tr\u00e8s accessible (langage, formations vocales, instrumentales&#8230;) et compl\u00e9t\u00e9 par d&rsquo;autres ressources (projets, vid\u00e9os d&rsquo;Arte, applis&#8230;) toutes aussi indispensables.<\/li>\n<\/ul>\n<p>&nbsp;<\/p>\n<hr \/>\n","protected":false},"excerpt":{"rendered":"<h2>Sites &#8211; Padlets &#8211; Liens (tr\u00e8s) utiles \ud83d\ude09 <\/h2>\n<h5>\u25ba Le site de R\u00e9mi Mass\u00e9<\/h5>\n<ul>\n<li class=\"justif\">Le site, \u00e0 la pointe de l&rsquo;innovation p\u00e9dagogique. Vous manquez d&rsquo;inspiration ? voici un oc\u00e9an d&rsquo;id\u00e9es!<\/li>\n<\/ul>\n<h5>\u25ba Le site de B\u00e9atrice Cartron<\/h5>\n<ul>\n<li class=\"justif\">La p\u00e9dagogie de la classe invers\u00e9e toujours, avec cet autre site personnel : &hellip;\n<p><a class=\"more-link block-button\" href=\"https:\/\/ent2d.ac-bordeaux.fr\/disciplines\/musique\/college\/programmes\/autres-ressources-pedagogiques\/\">Lire la Suite &raquo;<\/a><\/p>\n<\/li>\n<\/ul>\n","protected":false},"author":178,"featured_media":0,"parent":44,"menu_order":1,"comment_status":"closed","ping_status":"closed","template":"","meta":{"footnotes":""},"class_list":["post-981","page","type-page","status-publish","hentry","nodate"],"_links":{"self":[{"href":"https:\/\/ent2d.ac-bordeaux.fr\/disciplines\/musique\/wp-json\/wp\/v2\/pages\/981","targetHints":{"allow":["GET"]}}],"collection":[{"href":"https:\/\/ent2d.ac-bordeaux.fr\/disciplines\/musique\/wp-json\/wp\/v2\/pages"}],"about":[{"href":"https:\/\/ent2d.ac-bordeaux.fr\/disciplines\/musique\/wp-json\/wp\/v2\/types\/page"}],"author":[{"embeddable":true,"href":"https:\/\/ent2d.ac-bordeaux.fr\/disciplines\/musique\/wp-json\/wp\/v2\/users\/178"}],"replies":[{"embeddable":true,"href":"https:\/\/ent2d.ac-bordeaux.fr\/disciplines\/musique\/wp-json\/wp\/v2\/comments?post=981"}],"version-history":[{"count":16,"href":"https:\/\/ent2d.ac-bordeaux.fr\/disciplines\/musique\/wp-json\/wp\/v2\/pages\/981\/revisions"}],"predecessor-version":[{"id":3891,"href":"https:\/\/ent2d.ac-bordeaux.fr\/disciplines\/musique\/wp-json\/wp\/v2\/pages\/981\/revisions\/3891"}],"up":[{"embeddable":true,"href":"https:\/\/ent2d.ac-bordeaux.fr\/disciplines\/musique\/wp-json\/wp\/v2\/pages\/44"}],"wp:attachment":[{"href":"https:\/\/ent2d.ac-bordeaux.fr\/disciplines\/musique\/wp-json\/wp\/v2\/media?parent=981"}],"curies":[{"name":"wp","href":"https:\/\/api.w.org\/{rel}","templated":true}]}}