{"id":80,"date":"2017-04-29T13:20:40","date_gmt":"2017-04-29T11:20:40","guid":{"rendered":"https:\/\/ent2d.ac-bordeaux.fr\/disciplines\/musique\/?page_id=80"},"modified":"2025-10-04T10:02:32","modified_gmt":"2025-10-04T08:02:32","slug":"traam","status":"publish","type":"page","link":"https:\/\/ent2d.ac-bordeaux.fr\/disciplines\/musique\/usages-du-numerique\/traam\/","title":{"rendered":"Les TraAM"},"content":{"rendered":"<h2><strong>Les TraAM en \u00c9ducation Musicale<\/strong> 2024-2025<\/h2>\n<p class=\"justif\"><img loading=\"lazy\" decoding=\"async\" class=\"alignright size-medium wp-image-3917\" src=\"https:\/\/ent2d.ac-bordeaux.fr\/disciplines\/musique\/wp-content\/uploads\/sites\/32\/2025\/10\/TraAM-2024-25-300x160.png\" alt=\"\" width=\"300\" height=\"160\" srcset=\"https:\/\/ent2d.ac-bordeaux.fr\/disciplines\/musique\/wp-content\/uploads\/sites\/32\/2025\/10\/TraAM-2024-25-300x160.png 300w, https:\/\/ent2d.ac-bordeaux.fr\/disciplines\/musique\/wp-content\/uploads\/sites\/32\/2025\/10\/TraAM-2024-25-768x409.png 768w, https:\/\/ent2d.ac-bordeaux.fr\/disciplines\/musique\/wp-content\/uploads\/sites\/32\/2025\/10\/TraAM-2024-25-1536x819.png 1536w, https:\/\/ent2d.ac-bordeaux.fr\/disciplines\/musique\/wp-content\/uploads\/sites\/32\/2025\/10\/TraAM-2024-25-2048x1091.png 2048w, https:\/\/ent2d.ac-bordeaux.fr\/disciplines\/musique\/wp-content\/uploads\/sites\/32\/2025\/10\/TraAM-2024-25.png 1024w\" sizes=\"auto, (max-width: 300px) 100vw, 300px\" \/>En janvier dernier, vous avez pu d\u00e9couvrir \u00e0 travers un teaser, les objectifs du groupe de pilotage des TraAM 2024-2025, portant sur la th\u00e9matique \u00ab Ma\u00eetrise de la langue et EMMCC \u00bb. Ce projet est coordonn\u00e9 par notre IAN en \u00c9ducation Musicale, Audric CHASSAINT, en collaboration avec Jean-Marie CANIARD, IA-IPR de notre discipline.<\/p>\n<p class=\"justif\">Aujourd\u2019hui, ce groupe a le plaisir de vous pr\u00e9senter les premiers r\u00e9sultats de ses recherches sous la forme d\u2019une pr\u00e9sentation interactive <a href=\"https:\/\/view.genially.com\/67e66758872a3258860d548f\/presentation-traam-2024-2025\" target=\"_blank\" rel=\"noopener\">Genially<\/a>, qui sera r\u00e9guli\u00e8rement enrichie au fil de leurs travaux.<\/p>\n<p class=\"justif\">Un grand merci \u00e0 eux pour la richesse de leurs r\u00e9flexions et leur partage !<\/p>\n<hr \/>\n<h2><strong>Travaux Acad\u00e9miques Mutualis\u00e9s<\/strong><\/h2>\n<table>\n<tbody>\n<tr>\n<td><a href=\"https:\/\/eduscol.education.fr\/cid98083\/les-travaux-academiques-mutualises-traams-des-laboratoires-des-pratiques-numeriques.html\" target=\"_blank\" rel=\"noopener noreferrer\"><img loading=\"lazy\" decoding=\"async\" class=\"aligncenter wp-image-1101 size-medium\" src=\"https:\/\/ent2d.ac-bordeaux.fr\/disciplines\/musique\/wp-content\/uploads\/sites\/32\/2019\/06\/eduscol_logo-300x46.png\" alt=\"\" width=\"300\" height=\"46\" srcset=\"https:\/\/ent2d.ac-bordeaux.fr\/disciplines\/musique\/wp-content\/uploads\/sites\/32\/2019\/06\/eduscol_logo-300x46.png 300w, https:\/\/ent2d.ac-bordeaux.fr\/disciplines\/musique\/wp-content\/uploads\/sites\/32\/2019\/06\/eduscol_logo.png 356w\" sizes=\"auto, (max-width: 300px) 100vw, 300px\" \/><\/a><\/td>\n<td><a href=\"https:\/\/eduscol.education.fr\/cid98083\/les-travaux-academiques-mutualises-traams-des-laboratoires-des-pratiques-numeriques.html\" target=\"_blank\" rel=\"noopener noreferrer\">Les TraAM sur EDUSCOL<\/a><\/td>\n<\/tr>\n<\/tbody>\n<\/table>\n<p>&nbsp;<\/p>\n<hr \/>\n<h2><strong>Les TraAM en \u00c9ducation Musicale<\/strong><\/h2>\n<p>\u00ab\u00a0<em>Anticiper, prolonger, inverser les temps, les espaces, les r\u00f4les au b\u00e9n\u00e9fice de la p\u00e9dagogie<\/em>\u00a0\u00bb<\/p>\n<p class=\"justif\">Comment le num\u00e9rique peut-il inverser la logique traditionnelle des apprentissages o\u00f9 l\u2019\u00e9l\u00e8ve re\u00e7oit puis, dans le meilleur des cas, exploite ce qu\u2019il a appris ? C&rsquo;est-\u00e0-dire, comment l\u2019\u00e9l\u00e8ve peut- il \u00eatre conduit \u00e0 \u00ab\u00a0recevoir\u00a0\u00bb efficacement les apports de son professeur par l\u2019induction d\u2019un travail en amont et autonome au cours d\u2019\u00e9ducation musicale \u00e0 proprement parler ? Qu\u2019il s\u2019agisse du domaine de la perception ou de celui de la production, il appara\u00eet que de nombreuses strat\u00e9gies sont d\u2019ores et d\u00e9j\u00e0 mises en \u0153uvre.<\/p>\n<h2><span style=\"color: #ff0000\"><strong><span class=\"surligne\">NOUVEAU :<\/span> <span style=\"color: #000000\">TraAM 2022-2023<a href=\"https:\/\/ent2d.ac-bordeaux.fr\/disciplines\/musique\/wp-content\/uploads\/sites\/32\/2023\/05\/Traam-I.A.quitaine.mp4\" target=\"_blank\" rel=\"noopener\"><img loading=\"lazy\" decoding=\"async\" class=\"alignleft wp-image-3201 size-medium\" src=\"https:\/\/ent2d.ac-bordeaux.fr\/disciplines\/musique\/wp-content\/uploads\/sites\/32\/2023\/05\/Traam-300x205.png\" alt=\"\" width=\"300\" height=\"205\" srcset=\"https:\/\/ent2d.ac-bordeaux.fr\/disciplines\/musique\/wp-content\/uploads\/sites\/32\/2023\/05\/Traam-300x205.png 300w, https:\/\/ent2d.ac-bordeaux.fr\/disciplines\/musique\/wp-content\/uploads\/sites\/32\/2023\/05\/Traam.png 768w\" sizes=\"auto, (max-width: 300px) 100vw, 300px\" \/><\/a><\/span><\/strong><\/span><\/h2>\n<p class=\"justif\">Les TraAM 2022-23 portent sur l\u2019usage de <a href=\"https:\/\/ent2d.ac-bordeaux.fr\/disciplines\/musique\/wp-content\/uploads\/sites\/32\/2023\/05\/Traam-I.A.quitaine.mp4\" target=\"_blank\" rel=\"noopener\">l\u2019Intelligence Artificielle en EMCC<\/a>. Les coll\u00e8gues en charge d\u2019exp\u00e9rimentation sont cette ann\u00e9e :<br \/>\nSarah Boissou (Ambar\u00e8s et Lagrave), Kevin Duriez (Cestas), Frederic Wojtyniak (Bayonne) et R\u00e9mi Mass\u00e9 (Lalinde). Il importera la place de ces nouvelles technologies en compatibilit\u00e9 avec notre p\u00e9dagogie. Les travaux finalis\u00e9s et retours d\u2019exp\u00e9rience suivront en fin d\u2019ann\u00e9e.<\/p>\n<p>&nbsp;<\/p>\n<hr \/>\n<h2><strong>Objectifs des TraAM 2022-2023<\/strong><\/h2>\n<p class=\"justif\">Les TraAM 2022-2023 viseront \u00e0 proposer des pistes qui interrogeront sur l&rsquo;utilisation et l&rsquo;int\u00e9gration de l&rsquo;intelligence artificielle dans nos pratiques p\u00e9dagogiques. Ainsi, R\u00e9mi Mass\u00e9, IAN de notre acad\u00e9mie, a pour mission de constituer un groupe de r\u00e9flexion qui portera sur le sujet suivant :<\/p>\n<p><strong><em>\u00ab\u00a0Intelligence artificielle et \u00e9ducation musicale\u00a0: de l\u2019automation \u00e0 la cr\u00e9ation. Quels enjeux p\u00e9dagogiques pour le cours d\u2019\u00e9ducation musicale\u00a0?\u00a0\u00bb.<\/em><\/strong><\/p>\n<p>Le sujet vous int\u00e9resse ? Vous utilisez des outils comme dans le message ci-dessous diffus\u00e9 par notre IAN ? N&rsquo;h\u00e9sitez pas le <a href=\"mailto:Remi.Masse@ac-bordeaux.fr\">contacter<\/a> !<\/p>\n<p>\u00ab\u00a0<span class=\"s1\">Si jamais vous utilisez vocoder, g\u00e9n\u00e9ration, s\u00e9lection de sample automatiques ou m\u00eame al\u00e9atoires, automatismes num\u00e9riques (chain), identification num\u00e9rique (Shazam et autres), autotune, mode song de patterns g\u00e9n\u00e9r\u00e9s automatiquement, enl\u00e8vement de voix ou de musique sur morceaux, programmes d\u2019entra\u00eenement par IA (M\u00e9ludia ou autres) etc&#8230;<\/span><\/p>\n<p class=\"p1\"><span class=\"s1\">Si jamais votre p\u00e9dagogie comprend des aspects d\u00e9cisionnels collectifs, mix\u00e9s, que vos \u00e9l\u00e8ves fassent des cr\u00e9ations sur d\u2019autres cr\u00e9ations en les s\u00e9lectionnant, que vous participez \u00e0 des r\u00e9seaux sociaux musicaux o\u00f9 des compositions peuvent \u00eatre am\u00e9lior\u00e9es par n\u2019importe qui, que vos groupes\/\u00eelots travaillent sur des oeuvres d\u2019autres groupes\/\u00eelots, que vous fassiez faire des parodies d\u2019\u0153uvres (ou toutes autres intermusicalit\u00e9s) qui \u00e0 leur tour en engendrent d\u2019autres etc&#8230;<\/span><\/p>\n<p class=\"p1\"><span class=\"s1\">Si jamais m\u00eame sans \u00e7a et si vous n\u2019avez rien compris \u00e0 ces deux derniers paragraphes (ce qui serait m\u00eame tr\u00e8s normal tellement cette approche est r\u00e9cente), si cela vous int\u00e9resse d\u2019une fa\u00e7on ou d\u2019une autre, n\u2019h\u00e9sitez pas \u00e0 vous manifester, aupr\u00e8s de notre <a href=\"mailto:Jean-Marie.Caniard@ac-bordeaux.fr\">IA-IPR<\/a> ou moi-m\u00eame\u00a0\u00bb.<\/span><\/p>\n<p>&nbsp;<\/p>\n<p>&nbsp;<\/p>\n<h2><strong>TraAM 2020-2021<\/strong><\/h2>\n<table>\n<tbody>\n<tr>\n<td><a href=\"https:\/\/eduscol.education.fr\/2452\/les-travaux-academiques-mutualises-traam-bilans-et-perspectives\" target=\"_blank\" rel=\"noopener noreferrer\"><img loading=\"lazy\" decoding=\"async\" class=\"alignnone wp-image-2155 size-medium\" src=\"https:\/\/ent2d.ac-bordeaux.fr\/disciplines\/musique\/wp-content\/uploads\/sites\/32\/2021\/03\/traam-logo2-300x115.jpeg\" alt=\"\" width=\"300\" height=\"115\" srcset=\"https:\/\/ent2d.ac-bordeaux.fr\/disciplines\/musique\/wp-content\/uploads\/sites\/32\/2021\/03\/traam-logo2-300x115.jpeg 300w, https:\/\/ent2d.ac-bordeaux.fr\/disciplines\/musique\/wp-content\/uploads\/sites\/32\/2021\/03\/traam-logo2-768x293.jpeg 768w, https:\/\/ent2d.ac-bordeaux.fr\/disciplines\/musique\/wp-content\/uploads\/sites\/32\/2021\/03\/traam-logo2.jpeg 1000w\" sizes=\"auto, (max-width: 300px) 100vw, 300px\" \/><\/a><\/td>\n<td class=\"justif\">Teaser de pr\u00e9sentation des TraAM 2020-21 \u00e0 retrouver sur youtube \u25ba<\/td>\n<td><a href=\"https:\/\/youtu.be\/l1yACd2Y4CU\"><img loading=\"lazy\" decoding=\"async\" class=\"alignright wp-image-2152 size-full\" src=\"https:\/\/ent2d.ac-bordeaux.fr\/disciplines\/musique\/wp-content\/uploads\/sites\/32\/2021\/03\/traam-teaser-youtubeb.png\" alt=\"\" width=\"300\" height=\"169\" \/><\/a><\/td>\n<\/tr>\n<\/tbody>\n<\/table>\n<h4 class=\"justif\">Les Travaux Acad\u00e9miques Mutualis\u00e9s cette ann\u00e9e ont pour th\u00e8me la ludification.<\/h4>\n<p class=\"justif\">La D.N.E. (Direction du Num\u00e9rique pour l\u2019\u00c9ducation) met en \u0153uvre les TraAM qui permettent de favoriser la rencontre entre les acad\u00e9mies autour de th\u00e8mes \u00e9mergents du num\u00e9rique \u00e9ducatif.<\/p>\n<ul>\n<li><a href=\"https:\/\/eduscol.education.fr\/692\/les-travaux-academiques-mutualises-traam\" target=\"_blank\" rel=\"noopener noreferrer\">https:\/\/eduscol.education.fr\/692\/les-travaux-academiques-mutualises-traam<\/a><\/li>\n<\/ul>\n<p class=\"justif\">D\u00e8s lors, une \u00e9quipe par acad\u00e9mie se charge d\u2019exp\u00e9rimenter autour du th\u00e8me une ou plusieurs probl\u00e9matiques relatives, en bin\u00f4me avec une autre acad\u00e9mie. Cette ann\u00e9e, nous travaillions avec l\u2019acad\u00e9mie de Caen.<\/p>\n<p class=\"justif\">Enseignants participants aux travaux acad\u00e9miques mutualis\u00e9s Ac-Normandie :<\/p>\n<ul>\n<li>Antonella Boubchir, P\u00e9n\u00e9lope Boyer, Romain Cahu, C\u00e9dric Coursolle, Denis Dussartre, Virginie Maquet<\/li>\n<li>IA-IPR : Fran\u00e7ois Marzelle<\/li>\n<li>Contact coordination TraAM : <a href=\"mailto:penelope.boyer@ac-normandie.fr\">penelope.boyer@ac-normandie.fr<\/a><\/li>\n<\/ul>\n<p class=\"justif\"><a href=\"https:\/\/ent2d.ac-bordeaux.fr\/disciplines\/musique\/wp-content\/uploads\/sites\/32\/2021\/03\/traam-mindmap-des-axes-scaled.jpeg\"><img loading=\"lazy\" decoding=\"async\" class=\"alignleft wp-image-2156\" src=\"https:\/\/ent2d.ac-bordeaux.fr\/disciplines\/musique\/wp-content\/uploads\/sites\/32\/2021\/03\/traam-mindmap-des-axes-300x194.jpeg\" alt=\"\" width=\"200\" height=\"129\" srcset=\"https:\/\/ent2d.ac-bordeaux.fr\/disciplines\/musique\/wp-content\/uploads\/sites\/32\/2021\/03\/traam-mindmap-des-axes-300x194.jpeg 300w, https:\/\/ent2d.ac-bordeaux.fr\/disciplines\/musique\/wp-content\/uploads\/sites\/32\/2021\/03\/traam-mindmap-des-axes-768x497.jpeg 768w, https:\/\/ent2d.ac-bordeaux.fr\/disciplines\/musique\/wp-content\/uploads\/sites\/32\/2021\/03\/traam-mindmap-des-axes-1536x994.jpeg 1536w, https:\/\/ent2d.ac-bordeaux.fr\/disciplines\/musique\/wp-content\/uploads\/sites\/32\/2021\/03\/traam-mindmap-des-axes-2048x1325.jpeg 2048w, https:\/\/ent2d.ac-bordeaux.fr\/disciplines\/musique\/wp-content\/uploads\/sites\/32\/2021\/03\/traam-mindmap-des-axes-scaled.jpeg 1024w\" sizes=\"auto, (max-width: 200px) 100vw, 200px\" \/><\/a>Cette ann\u00e9e, notre angle d\u2019approche est d\u2019enqu\u00eater autour du d\u00e9sir engendr\u00e9 par la ludification, afin d\u2019\u00e9prouver son impact sur les s\u00e9quences d\u2019EMC2. Chaque membre de l\u2019\u00e9quipe des TraAM s\u2019est ainsi positionn\u00e9 sur un axe de recherche particulier, notre ambition \u00e9tant de d\u00e9velopper une analyse du terrain, concr\u00e8te, r\u00e9aliste et \u00e9prouv\u00e9e de fa\u00e7on scientifique.<\/p>\n<p>&nbsp;<\/p>\n<p>&nbsp;<\/p>\n<p class=\"justif\"><a href=\"http:\/\/padlet.com\/Imer\/traam2020\" target=\"_blank\" rel=\"noopener noreferrer\"><img loading=\"lazy\" decoding=\"async\" class=\"alignright wp-image-2153\" src=\"https:\/\/ent2d.ac-bordeaux.fr\/disciplines\/musique\/wp-content\/uploads\/sites\/32\/2021\/03\/traam-padlet-300x201.jpeg\" alt=\"\" width=\"200\" height=\"134\" srcset=\"https:\/\/ent2d.ac-bordeaux.fr\/disciplines\/musique\/wp-content\/uploads\/sites\/32\/2021\/03\/traam-padlet-300x201.jpeg 300w, https:\/\/ent2d.ac-bordeaux.fr\/disciplines\/musique\/wp-content\/uploads\/sites\/32\/2021\/03\/traam-padlet-768x514.jpeg 768w, https:\/\/ent2d.ac-bordeaux.fr\/disciplines\/musique\/wp-content\/uploads\/sites\/32\/2021\/03\/traam-padlet-1536x1029.jpeg 1536w, https:\/\/ent2d.ac-bordeaux.fr\/disciplines\/musique\/wp-content\/uploads\/sites\/32\/2021\/03\/traam-padlet-2048x1372.jpeg 2048w, https:\/\/ent2d.ac-bordeaux.fr\/disciplines\/musique\/wp-content\/uploads\/sites\/32\/2021\/03\/traam-padlet-scaled.jpeg 1024w\" sizes=\"auto, (max-width: 200px) 100vw, 200px\" \/><\/a>Plusieurs points de vue compl\u00e9mentaires \u00e9mergent donc, \u00e0 travers les cr\u00e9ations de plusieurs s\u00e9quences diff\u00e9rentes (\u00e0 para\u00eetre sur le site) autour de la ludification : produire, percevoir mais aussi \u00e9valuer, cr\u00e9er, faire cr\u00e9er, transmettre, apprendre, sous la forme de jeux de soci\u00e9t\u00e9, d\u2019escape games, de jeux de r\u00f4le, d\u2019aventure, de s\u00e9quences ludifi\u00e9es ou de syst\u00e8mes d\u2019\u00eelots ludifi\u00e9s.<br \/>\nPlusieurs fa\u00e7ons d\u2019\u00e9valuer le d\u00e9sir apparaissent alors, ainsi que de nouvelles id\u00e9es d\u2019organisations de cours, avec l\u2019inscription de ce travail dans le Cadre de R\u00e9f\u00e9rence des Comp\u00e9tences Num\u00e9riques et un travail de cr\u00e9ation et de test au coll\u00e8ge et au lyc\u00e9e.<\/p>\n<p class=\"justif\">Le Groupe d\u2019Exp\u00e9rimentation P\u00e9dagogique acad\u00e9mique (Twitter du GEP : @ATicce) est constitu\u00e9 de :<\/p>\n<ul>\n<li>Ga\u00eblle R\u00e9vidat, Philippe Lemoine, Laurence Poirot, C\u00e9dric Desclaux, Laurence Goicoechea, Jean-Baptiste Arrizabalaga, No\u00e9llie Ziami<\/li>\n<li>Pilotage IAN : R\u00e9mi Mass\u00e9<\/li>\n<li>Co-pilotage : Guillaume Vallet<\/li>\n<li>Encadrement IA-IPR : Jean-Marie Caniard.<\/li>\n<\/ul>\n<h2><strong>Bilan des TraAM 2018-2019<\/strong><\/h2>\n<h5>Anticiper, prolonger, inverser les temps, les espaces et les r\u00f4les au b\u00e9n\u00e9fice de la p\u00e9dagogie \/ La classe invers\u00e9e<\/h5>\n<p class=\"justif\">Une th\u00e9matique, travaill\u00e9e en bin\u00f4me avec l&rsquo;Acad\u00e9mie de Lyon et pilot\u00e9e pour l&rsquo;Aquitaine par Jean-Marie Caniard et R\u00e9mi Mass\u00e9 \u00e0 la t\u00eate d&rsquo;un petit collectif de professeurs d&rsquo;\u00c9ducation Musicale : <a href=\"https:\/\/ent2d.ac-bordeaux.fr\/disciplines\/musique\/wp-content\/uploads\/sites\/32\/2019\/06\/TraAM-article-site-acad\u00e9mique.pdf\" target=\"_blank\" rel=\"noopener noreferrer\">t\u00e9l\u00e9charger l&rsquo;article<\/a>.<\/p>\n","protected":false},"excerpt":{"rendered":"<h2>Les TraAM en \u00c9ducation Musicale 2024-2025<\/h2>\n<p class=\"justif\">En janvier dernier, vous avez pu d\u00e9couvrir \u00e0 travers un teaser, les objectifs du groupe de pilotage des TraAM 2024-2025, portant sur la th\u00e9matique \u00ab Ma\u00eetrise de la langue et EMMCC \u00bb. Ce projet est coordonn\u00e9 par notre IAN en \u00c9ducation Musicale, Audric CHASSAINT, en collaboration avec Jean-Marie &hellip; <\/p>\n<p><a class=\"more-link block-button\" href=\"https:\/\/ent2d.ac-bordeaux.fr\/disciplines\/musique\/usages-du-numerique\/traam\/\">Lire la Suite &raquo;<\/a><\/p>\n","protected":false},"author":178,"featured_media":0,"parent":31,"menu_order":3,"comment_status":"closed","ping_status":"closed","template":"","meta":{"footnotes":""},"class_list":["post-80","page","type-page","status-publish","hentry","nodate"],"_links":{"self":[{"href":"https:\/\/ent2d.ac-bordeaux.fr\/disciplines\/musique\/wp-json\/wp\/v2\/pages\/80","targetHints":{"allow":["GET"]}}],"collection":[{"href":"https:\/\/ent2d.ac-bordeaux.fr\/disciplines\/musique\/wp-json\/wp\/v2\/pages"}],"about":[{"href":"https:\/\/ent2d.ac-bordeaux.fr\/disciplines\/musique\/wp-json\/wp\/v2\/types\/page"}],"author":[{"embeddable":true,"href":"https:\/\/ent2d.ac-bordeaux.fr\/disciplines\/musique\/wp-json\/wp\/v2\/users\/178"}],"replies":[{"embeddable":true,"href":"https:\/\/ent2d.ac-bordeaux.fr\/disciplines\/musique\/wp-json\/wp\/v2\/comments?post=80"}],"version-history":[{"count":67,"href":"https:\/\/ent2d.ac-bordeaux.fr\/disciplines\/musique\/wp-json\/wp\/v2\/pages\/80\/revisions"}],"predecessor-version":[{"id":3918,"href":"https:\/\/ent2d.ac-bordeaux.fr\/disciplines\/musique\/wp-json\/wp\/v2\/pages\/80\/revisions\/3918"}],"up":[{"embeddable":true,"href":"https:\/\/ent2d.ac-bordeaux.fr\/disciplines\/musique\/wp-json\/wp\/v2\/pages\/31"}],"wp:attachment":[{"href":"https:\/\/ent2d.ac-bordeaux.fr\/disciplines\/musique\/wp-json\/wp\/v2\/media?parent=80"}],"curies":[{"name":"wp","href":"https:\/\/api.w.org\/{rel}","templated":true}]}}