{"id":78,"date":"2017-04-29T13:12:50","date_gmt":"2017-04-29T11:12:50","guid":{"rendered":"https:\/\/ent2d.ac-bordeaux.fr\/disciplines\/musique\/?page_id=78"},"modified":"2021-10-01T20:21:05","modified_gmt":"2021-10-01T18:21:05","slug":"exemples-pratiques","status":"publish","type":"page","link":"https:\/\/ent2d.ac-bordeaux.fr\/disciplines\/musique\/usages-du-numerique\/exemples-pratiques\/","title":{"rendered":"Exemples pratiques"},"content":{"rendered":"<hr \/>\n<h2><strong>Acousmographe<\/strong><\/h2>\n<ul>\n<li><strong>Gustav Holst : <em>Mars (Les Plan\u00e8tes)<\/em> :<\/strong> <a href=\"https:\/\/drive.google.com\/drive\/folders\/0B6ZYofcGspRcSi1WaGtFTXhvejA?resourcekey=0-MmgPA2fhKaHH1d3Y1-cd1g&amp;usp=sharing\" target=\"_blank\" rel=\"noopener noreferrer\">acousmographie<\/a> (dossier zipp\u00e9) propos\u00e9e par Marc Bouny avec tous les fichiers de l&rsquo;acousmographie + fiche \u00e9l\u00e8ve et fiche indications professeur.<\/li>\n<li><strong>Jacques Ibert : <em>Tunis-Nefta<\/em> <\/strong>-extrait-<strong> (<em>Escales<\/em>) :<\/strong> <a href=\"https:\/\/drive.google.com\/drive\/folders\/0B6ZYofcGspRcSi1WaGtFTXhvejA?resourcekey=0-MmgPA2fhKaHH1d3Y1-cd1g&amp;usp=sharing\" target=\"_blank\" rel=\"noopener noreferrer\">acousmographie<\/a> (dossier zipp\u00e9) propos\u00e9e par Didier Lonca avec tous les fichiers de l&rsquo;acousmographie + fiche indications professeur.<\/li>\n<\/ul>\n<p>&nbsp;<\/p>\n<hr \/>\n<h2><strong>Audacity<\/strong><\/h2>\n<ul>\n<li><strong>Musique et Civilisation grecque :<\/strong> <a href=\"https:\/\/drive.google.com\/drive\/folders\/0B6ZYofcGspRcSi1WaGtFTXhvejA?resourcekey=0-MmgPA2fhKaHH1d3Y1-cd1g&amp;usp=sharing\" target=\"_blank\" rel=\"noopener noreferrer\">document explicatif d\u00e9taill\u00e9<\/a> (dossier zipp\u00e9) r\u00e9alis\u00e9 par Michel Dufreix sur la cr\u00e9ation par des \u00e9l\u00e8ves de 6\u00e8me d&rsquo;\u00e9l\u00e9ments m\u00e9lodiques inspir\u00e9s de la musique antique grecque, jou\u00e9s sur un clavier num\u00e9rique, enregistr\u00e9s \u00e0 l&rsquo;aide d&rsquo;un micro de type <em>Zoom H2<\/em> et mont\u00e9s sur <em>Audacity<\/em>.<br \/>\nVoir \u00e9galement la fiche s\u00e9quence associ\u00e9e dans la rubrique <a href=\"https:\/\/ent2d.ac-bordeaux.fr\/disciplines\/musique\/college\/sequences\/\" target=\"_blank\" rel=\"noopener noreferrer\">Coll\u00e8ge &#8211; S\u00e9quences<\/a>.<\/li>\n<\/ul>\n<ul>\n<li><strong>Le Blues :<\/strong> <a href=\"https:\/\/drive.google.com\/drive\/folders\/0B6ZYofcGspRcSi1WaGtFTXhvejA?resourcekey=0-MmgPA2fhKaHH1d3Y1-cd1g&amp;usp=sharing\" target=\"_blank\" rel=\"noopener noreferrer\">document explicatif d\u00e9taill\u00e9<\/a> (dossier zipp\u00e9) r\u00e9alis\u00e9 par Michel Dufreix sur la reconnaissance par des \u00e9l\u00e8ves de 5\u00e8me de la grille du blues.<br \/>\nVoir \u00e9galement la fiche s\u00e9quence associ\u00e9e dans la rubrique <a href=\"https:\/\/ent2d.ac-bordeaux.fr\/disciplines\/musique\/college\/sequences\/\" target=\"_blank\" rel=\"noopener noreferrer\">Coll\u00e8ge &#8211; S\u00e9quences<\/a>.<\/li>\n<\/ul>\n<p>&nbsp;<\/p>\n<hr \/>\n<h2><strong>Didapages<\/strong><\/h2>\n<ul>\n<li><strong>Variations sur les <em>Folies d&rsquo;Espagne<\/em> (3 dossiers zipp\u00e9s) :<\/strong> <a href=\"https:\/\/drive.google.com\/drive\/folders\/0B6ZYofcGspRcSi1WaGtFTXhvejA?resourcekey=0-MmgPA2fhKaHH1d3Y1-cd1g&amp;usp=sharing\" target=\"_blank\" rel=\"noopener noreferrer\">La danse baroque<\/a> ; <a href=\"https:\/\/drive.google.com\/drive\/folders\/0B6ZYofcGspRcSi1WaGtFTXhvejA?resourcekey=0-MmgPA2fhKaHH1d3Y1-cd1g&amp;usp=sharing\" target=\"_blank\" rel=\"noopener noreferrer\">Musique et mouvement<\/a> ; <a href=\"https:\/\/drive.google.com\/drive\/folders\/0B6ZYofcGspRcSi1WaGtFTXhvejA?resourcekey=0-MmgPA2fhKaHH1d3Y1-cd1g&amp;usp=sharing\" target=\"_blank\" rel=\"noopener noreferrer\">Th\u00e8me et variations<\/a>.<br \/>\nCes documents interactifs sont propos\u00e9s par Mme Walczak dans le cadre des journ\u00e9es <em>actualit\u00e9 de la discipline 2012-2013<\/em> (cf. rubrique P\u00e9dagogie\/Didactique) &#8211; (info pratique : une fois le dossier d\u00e9compress\u00e9, double-cliquer sur le fichier <em>index.html<\/em> pour ouvrir le document)<\/li>\n<li><strong>Musique du Moyen-\u00c2ge (dossier zipp\u00e9) :<\/strong> <a href=\"https:\/\/drive.google.com\/drive\/folders\/0B6ZYofcGspRcSi1WaGtFTXhvejA?resourcekey=0-MmgPA2fhKaHH1d3Y1-cd1g&amp;usp=sharing\" target=\"_blank\" rel=\"noopener noreferrer\">document multim\u00e9dia interactif<\/a> r\u00e9alis\u00e9 par Florence Boulley sur la reconnaissance d&rsquo;instruments, de plans sonores, d&rsquo;\u00e9poque&#8230; (\u00e9l\u00e9ments \u00e0 d\u00e9placer) &#8211; (info pratique : voir ci-dessus)<\/li>\n<li><strong>Musique africaine (dossier zipp\u00e9) :<\/strong> <a href=\"https:\/\/drive.google.com\/drive\/folders\/0B6ZYofcGspRcSi1WaGtFTXhvejA?resourcekey=0-MmgPA2fhKaHH1d3Y1-cd1g&amp;usp=sharing\">document multim\u00e9dia interactif<\/a> r\u00e9alis\u00e9 par Florence Boulley avec menus \u00e0 choix multiples, textes \u00e0 trous, images \u00e0 d\u00e9placer&#8230; (info pratique : voir ci-dessus)<\/li>\n<\/ul>\n<p>&nbsp;<\/p>\n<hr \/>\n<h2><strong>Musique et Image<\/strong><\/h2>\n<h3>\u25ba Stop Motion<\/h3>\n<ul>\n<li><strong>Projet de Cr\u00e9ation de film en Stop-motion (dossier zipp\u00e9) :<\/strong> <a href=\"https:\/\/drive.google.com\/drive\/folders\/0B6ZYofcGspRcSi1WaGtFTXhvejA?resourcekey=0-MmgPA2fhKaHH1d3Y1-cd1g&amp;usp=sharing\" target=\"_blank\" rel=\"noopener noreferrer\">ensemble de documents<\/a> (dossier zipp\u00e9) propos\u00e9 par Michel Dufreix et contenant fiches explicatives et exemples vid\u00e9o.<\/li>\n<\/ul>\n<h3>\u25ba Windows Movie Maker ou VideoSpin<\/h3>\n<ul>\n<li><strong>L&rsquo;\u0153uvre d&rsquo;art et la m\u00e9moire (dossier zipp\u00e9) :<\/strong> <a href=\"https:\/\/drive.google.com\/drive\/folders\/0B6ZYofcGspRcSi1WaGtFTXhvejA?resourcekey=0-MmgPA2fhKaHH1d3Y1-cd1g&amp;usp=sharing\" target=\"_blank\" rel=\"noopener noreferrer\">document explicatif d\u00e9taill\u00e9<\/a> (dossier zipp\u00e9) r\u00e9alis\u00e9 par Michel Dufreix sur le montage simple d&rsquo;\u00e9l\u00e9ments visuels (photos, peintures, graphiques&#8230;) en rapport avec la th\u00e9matique, synchronis\u00e9s \u00e0 une piste audio (chanson, <em>Fanfare for the Common Man<\/em>&#8230;)<\/li>\n<\/ul>\n","protected":false},"excerpt":{"rendered":"<h2>Acousmographe<\/h2>\n<ul>\n<li>Gustav Holst : Mars (Les Plan\u00e8tes) : acousmographie (dossier zipp\u00e9) propos\u00e9e par Marc Bouny avec tous les fichiers de l&rsquo;acousmographie + fiche \u00e9l\u00e8ve et fiche indications professeur.<\/li>\n<li>Jacques Ibert : Tunis-Nefta -extrait- (Escales) : acousmographie (dossier zipp\u00e9) propos\u00e9e par Didier Lonca avec tous les fichiers de l&rsquo;acousmographie + fiche indications professeur.<\/li>\n<\/ul>\n<p>&nbsp;<\/p>\n<p> &hellip; <\/p>\n<p><a class=\"more-link block-button\" href=\"https:\/\/ent2d.ac-bordeaux.fr\/disciplines\/musique\/usages-du-numerique\/exemples-pratiques\/\">Lire la Suite &raquo;<\/a><\/p>\n","protected":false},"author":178,"featured_media":0,"parent":31,"menu_order":7,"comment_status":"closed","ping_status":"closed","template":"","meta":{"footnotes":""},"class_list":["post-78","page","type-page","status-publish","hentry","nodate"],"_links":{"self":[{"href":"https:\/\/ent2d.ac-bordeaux.fr\/disciplines\/musique\/wp-json\/wp\/v2\/pages\/78","targetHints":{"allow":["GET"]}}],"collection":[{"href":"https:\/\/ent2d.ac-bordeaux.fr\/disciplines\/musique\/wp-json\/wp\/v2\/pages"}],"about":[{"href":"https:\/\/ent2d.ac-bordeaux.fr\/disciplines\/musique\/wp-json\/wp\/v2\/types\/page"}],"author":[{"embeddable":true,"href":"https:\/\/ent2d.ac-bordeaux.fr\/disciplines\/musique\/wp-json\/wp\/v2\/users\/178"}],"replies":[{"embeddable":true,"href":"https:\/\/ent2d.ac-bordeaux.fr\/disciplines\/musique\/wp-json\/wp\/v2\/comments?post=78"}],"version-history":[{"count":8,"href":"https:\/\/ent2d.ac-bordeaux.fr\/disciplines\/musique\/wp-json\/wp\/v2\/pages\/78\/revisions"}],"predecessor-version":[{"id":2613,"href":"https:\/\/ent2d.ac-bordeaux.fr\/disciplines\/musique\/wp-json\/wp\/v2\/pages\/78\/revisions\/2613"}],"up":[{"embeddable":true,"href":"https:\/\/ent2d.ac-bordeaux.fr\/disciplines\/musique\/wp-json\/wp\/v2\/pages\/31"}],"wp:attachment":[{"href":"https:\/\/ent2d.ac-bordeaux.fr\/disciplines\/musique\/wp-json\/wp\/v2\/media?parent=78"}],"curies":[{"name":"wp","href":"https:\/\/api.w.org\/{rel}","templated":true}]}}