{"id":74,"date":"2017-04-29T13:05:47","date_gmt":"2017-04-29T11:05:47","guid":{"rendered":"https:\/\/ent2d.ac-bordeaux.fr\/disciplines\/musique\/?page_id=74"},"modified":"2023-05-24T23:26:31","modified_gmt":"2023-05-24T21:26:31","slug":"logiciels","status":"publish","type":"page","link":"https:\/\/ent2d.ac-bordeaux.fr\/disciplines\/musique\/usages-du-numerique\/logiciels\/","title":{"rendered":"Logiciels"},"content":{"rendered":"<hr \/>\n<h2><strong>Logiciels et outils recommand\u00e9s<\/strong><\/h2>\n<p class=\"justif\">La s\u00e9lection de logiciels pr\u00e9sent\u00e9s ci-dessous permet \u00e0 chacun de se constituer une trousse de base avec des outils \u00e0 la fois indispensables, faciles \u00e0 prendre en main, gratuits et multi-plateformes (lorsque possible). D&rsquo;usage courant, ils couvrent la plupart des besoins de l&rsquo;enseignant de musique. Cependant, d&rsquo;autres logiciels peuvent rendre \u00e9galement de grands services. On en trouvera une large s\u00e9lection, couvrant la quasi totalit\u00e9 de nos usages, <span class=\"surligne\">dans cette mise \u00e0 jour :<\/span> (musique, vid\u00e9o, graphisme, bureautique, utilitaires divers&#8230;) \u00e9tablie et comment\u00e9e par Michel Dufreix (professeur d&rsquo;\u00c9ducation Musicale) ; document pdf : <a href=\"https:\/\/ent2d.ac-bordeaux.fr\/disciplines\/musique\/wp-content\/uploads\/sites\/32\/2020\/05\/ressources_et_outils_numeriques_liste_md_bv2020b.pdf\" target=\"_blank\" rel=\"noopener noreferrer\">ressources_et_outils_numeriques_liste_md_bv2020b.pdf<\/a>.<\/p>\n<p class=\"justif\">Voir aussi la trousse \u00e0 outils propos\u00e9e par R\u00e9mi Mass\u00e9 sur un <a href=\"http:\/\/fr.padlet.com\/Imer\/maotice\" target=\"_blank\" rel=\"noopener noreferrer\">padlet<\/a> d\u00e9di\u00e9, particuli\u00e8rement utile dans le cadre de la p\u00e9dagogie en classe invers\u00e9e!<\/p>\n<p>&nbsp;<\/p>\n<h4><strong>\u25ba IA : utiliser l&rsquo;intelligence artificielle dans nos pratiques<\/strong><\/h4>\n<p>&nbsp;<\/p>\n<p>&nbsp;<\/p>\n<p>&nbsp;<\/p>\n<table>\n<tbody>\n<tr>\n<td width=\"20%\"><a href=\"https:\/\/pdf4teachers.org\" target=\"_blank\" rel=\"noopener\"><img loading=\"lazy\" decoding=\"async\" class=\"wp-image-3116 aligncenter\" src=\"https:\/\/ent2d.ac-bordeaux.fr\/disciplines\/musique\/wp-content\/uploads\/sites\/32\/2023\/04\/Screenshot2021-02-19at09_17_31_87324fc5b297fa7b2c98006d53b88022_800-300x166.jpg\" alt=\"\" width=\"61\" height=\"61\" \/><\/a><\/td>\n<td class=\"justif\" colspan=\"2\" width=\"80%\"><strong>PDF for Teachers<\/strong> : est un logiciel gratuit qui permet de corriger des copies num\u00e9ris\u00e9es au format .pdf.<\/p>\n<p>Pour comprendre ses fonctions et comment l&rsquo;utiliser, retrouvez <a href=\"https:\/\/outilstice.com\/2021\/02\/pdf-for-teachers-corriger-copies-numerisees\/\" target=\"_blank\" rel=\"noopener\">l&rsquo;article<\/a> \u00e9crit par Fidel Navamuel et un <a href=\"https:\/\/www.youtube.com\/watch?v=zqEOGA7G5bE\" target=\"_blank\" rel=\"noopener\">tutoriel<\/a> fait le concepteur lui-m\u00eame, Cl\u00e9ment Grennerat, \u00e2g\u00e9 de 16 ans.<\/td>\n<\/tr>\n<tr>\n<td width=\"20%\"><a href=\"https:\/\/quizbot.io\" target=\"_blank\" rel=\"noopener\"><img loading=\"lazy\" decoding=\"async\" class=\"wp-image-3117 aligncenter\" src=\"https:\/\/ent2d.ac-bordeaux.fr\/disciplines\/musique\/wp-content\/uploads\/sites\/32\/2023\/04\/Quiz_Bot__2_-removebg-preview_ckgfbems-300x300.png\" alt=\"\" width=\"61\" height=\"61\" srcset=\"https:\/\/ent2d.ac-bordeaux.fr\/disciplines\/musique\/wp-content\/uploads\/sites\/32\/2023\/04\/Quiz_Bot__2_-removebg-preview_ckgfbems-300x300.png 300w, https:\/\/ent2d.ac-bordeaux.fr\/disciplines\/musique\/wp-content\/uploads\/sites\/32\/2023\/04\/Quiz_Bot__2_-removebg-preview_ckgfbems-150x150.png 150w, https:\/\/ent2d.ac-bordeaux.fr\/disciplines\/musique\/wp-content\/uploads\/sites\/32\/2023\/04\/Quiz_Bot__2_-removebg-preview_ckgfbems.png 500w\" sizes=\"auto, (max-width: 61px) 100vw, 61px\" \/><\/a><\/td>\n<td class=\"justif\" colspan=\"2\" width=\"80%\"><strong>Quizbot<\/strong> : permet de g\u00e9n\u00e9rer en ligne des quiz personnalis\u00e9s en quelques secondes \u00e0 partir d&rsquo;un texte que l&rsquo;on aura copi\u00e9\/coll\u00e9.<\/p>\n<p>Le quiz g\u00e9n\u00e9r\u00e9 peut alors \u00eatre modifi\u00e9 \u00e0 sa guise.<\/p>\n<p>Attention : la version gratuit est compos\u00e9e de 10 quiz.<\/p>\n<p><a href=\"https:\/\/outilstice.com\/2023\/03\/quizbot-creer-quiz-avec-intelligence-artificielle\/\" target=\"_blank\" rel=\"noopener\">Article<\/a> de Fidel Navamuel.<\/td>\n<\/tr>\n<tr>\n<td width=\"20%\"><img loading=\"lazy\" decoding=\"async\" class=\"size-full wp-image-3122 aligncenter\" src=\"https:\/\/ent2d.ac-bordeaux.fr\/disciplines\/musique\/wp-content\/uploads\/sites\/32\/2023\/04\/OUTILS.png\" alt=\"\" width=\"200\" height=\"50\" \/><\/td>\n<td class=\"justif\" colspan=\"2\" width=\"80%\"><b>D&rsquo;autres applications qui utilisent l&rsquo;IA <\/b>: voici un <a href=\"https:\/\/outilsia.com\" target=\"_blank\" rel=\"noopener\">lien<\/a> sur lequel vous trouverez 14 outils aux objectifs divers. Cette page est enrichie peu \u00e0 peu.<\/td>\n<\/tr>\n<tr>\n<td width=\"20%\"><img loading=\"lazy\" decoding=\"async\" class=\"alignleft size-medium wp-image-3242\" src=\"https:\/\/ent2d.ac-bordeaux.fr\/disciplines\/musique\/wp-content\/uploads\/sites\/32\/2023\/05\/Capture-decran-2023-05-24-a-23.16.44-300x218.png\" alt=\"\" width=\"300\" height=\"218\" srcset=\"https:\/\/ent2d.ac-bordeaux.fr\/disciplines\/musique\/wp-content\/uploads\/sites\/32\/2023\/05\/Capture-decran-2023-05-24-a-23.16.44-300x218.png 300w, https:\/\/ent2d.ac-bordeaux.fr\/disciplines\/musique\/wp-content\/uploads\/sites\/32\/2023\/05\/Capture-decran-2023-05-24-a-23.16.44.png 598w\" sizes=\"auto, (max-width: 300px) 100vw, 300px\" \/><\/td>\n<td class=\"justif\" colspan=\"2\" width=\"80%\"><b>Magically <\/b>est un <a href=\"https:\/\/www.guidde.com\" target=\"_blank\" rel=\"noopener\">outil<\/a> qui permet de cr\u00e9er des tutoriels tr\u00e8s facilement avec l&rsquo;IA.<\/p>\n<p>\u00c0 noter que les 25 premiers sont gratuits.<\/td>\n<\/tr>\n<tr>\n<td width=\"20%\"><img loading=\"lazy\" decoding=\"async\" class=\"alignleft wp-image-3243 size-medium\" src=\"https:\/\/ent2d.ac-bordeaux.fr\/disciplines\/musique\/wp-content\/uploads\/sites\/32\/2023\/05\/Capture-decran-2023-05-24-a-23.22.20-300x197.png\" alt=\"\" width=\"300\" height=\"197\" srcset=\"https:\/\/ent2d.ac-bordeaux.fr\/disciplines\/musique\/wp-content\/uploads\/sites\/32\/2023\/05\/Capture-decran-2023-05-24-a-23.22.20-300x197.png 300w, https:\/\/ent2d.ac-bordeaux.fr\/disciplines\/musique\/wp-content\/uploads\/sites\/32\/2023\/05\/Capture-decran-2023-05-24-a-23.22.20-768x503.png 768w, https:\/\/ent2d.ac-bordeaux.fr\/disciplines\/musique\/wp-content\/uploads\/sites\/32\/2023\/05\/Capture-decran-2023-05-24-a-23.22.20-1536x1007.png 1536w, https:\/\/ent2d.ac-bordeaux.fr\/disciplines\/musique\/wp-content\/uploads\/sites\/32\/2023\/05\/Capture-decran-2023-05-24-a-23.22.20-2048x1342.png 2048w, https:\/\/ent2d.ac-bordeaux.fr\/disciplines\/musique\/wp-content\/uploads\/sites\/32\/2023\/05\/Capture-decran-2023-05-24-a-23.22.20.png 1024w\" sizes=\"auto, (max-width: 300px) 100vw, 300px\" \/><\/td>\n<td class=\"justif\" colspan=\"2\" width=\"80%\"><a href=\"https:\/\/tools.pdf24.org\/fr\/\" target=\"_blank\" rel=\"noopener\"><strong>PDF24 TOOLS<\/strong><\/a> est un outil de manipulation de ducments pdf complet et gratuit. L&rsquo;avantage de ce dernier est de trouver toutes les fonctions sur la m\u00eame page : d\u00e9coupage, fusion, compression, extraction d&rsquo;images, images en pdf&#8230;<\/td>\n<\/tr>\n<\/tbody>\n<\/table>\n<p>&nbsp;<\/p>\n<h4><strong>\u25ba Musique<\/strong><\/h4>\n<table>\n<tbody>\n<tr>\n<td width=\"20%\"><img loading=\"lazy\" decoding=\"async\" class=\"alignleft wp-image-2553 \" src=\"https:\/\/ent2d.ac-bordeaux.fr\/disciplines\/musique\/wp-content\/uploads\/sites\/32\/2021\/09\/JOUEPLAYPACKW-150x150.jpeg\" alt=\"\" width=\"61\" height=\"61\" \/><\/td>\n<td class=\"justif\" colspan=\"2\" width=\"80%\"><strong>Jou\u00e9 Play<\/strong> : compos\u00e9 d\u2019une \u00ab\u00a0board\u00a0\u00bb et de \u00ab\u00a0pads\u00a0\u00bb interchangeables, le tout connect\u00e9 \u00e0 une application, le <a href=\"https:\/\/jouemusic.com\/pages\/joue-play\" target=\"_blank\" rel=\"noopener\">Jou\u00e9 Play<\/a> est un instrument innovant qui permet de repenser nos moments de pratique instrumentale, de d\u00e9velopper la cr\u00e9ativit\u00e9 de nos \u00e9l\u00e8ves d\u2019une mani\u00e8re diff\u00e9rente\u2026<\/td>\n<\/tr>\n<tr>\n<td width=\"20%\"><a href=\"http:\/\/www.audacityteam.org\/\" target=\"_blank\" rel=\"noopener noreferrer\"><img loading=\"lazy\" decoding=\"async\" class=\"alignleft wp-image-101 size-full\" title=\"Logo Audacity\" src=\"https:\/\/ent2d.ac-bordeaux.fr\/disciplines\/musique\/wp-content\/uploads\/sites\/32\/2017\/04\/logo_audacity.jpg\" alt=\"\" width=\"70\" height=\"70\" \/><\/a><\/td>\n<td class=\"justif\" colspan=\"2\" width=\"80%\"><strong>Audacity<\/strong> (<em>Windows &#8211; Mac OS X &#8211; Linux<\/em>) On ne pr\u00e9sente plus cet \u00e9diteur audio, dont les fonctionnalit\u00e9s peuvent \u00eatre de plus \u00e9tendues par l&rsquo;adjonction de nombreux <a href=\"http:\/\/www.audacityteam.org\/download\/plug-ins\/\" target=\"_blank\" rel=\"noopener noreferrer\">plugins<\/a>.<\/td>\n<\/tr>\n<tr>\n<td width=\"20%\"><a href=\"https:\/\/musescore.org\/fr\" target=\"_blank\" rel=\"noopener noreferrer\"><img loading=\"lazy\" decoding=\"async\" class=\"alignleft wp-image-102 size-full\" title=\"Logo Musescore\" src=\"https:\/\/ent2d.ac-bordeaux.fr\/disciplines\/musique\/wp-content\/uploads\/sites\/32\/2017\/04\/logo_musescore.png\" alt=\"\" width=\"70\" height=\"70\" \/><\/a><\/td>\n<td class=\"justif\" colspan=\"2\" width=\"80%\"><strong>Musescore<\/strong> (<em>Windows &#8211; Mac OS X<\/em>) Un \u00e9diteur de partitions tr\u00e8s pratique et fonctionnel, qui permet l&rsquo;exportation vers diff\u00e9rents formats (<em>pdf<\/em>, <em>png<\/em> ou encore le format <em>xml<\/em>, qui peut \u00eatre ouvert par les leader de l&rsquo;\u00e9dition de partitions tels <em>Sibelius<\/em> ou <em>Finale<\/em>).<\/td>\n<\/tr>\n<tr>\n<td width=\"20%\"><a href=\"https:\/\/lmms.io\/\" target=\"_blank\" rel=\"noopener noreferrer\"><img loading=\"lazy\" decoding=\"async\" class=\"alignleft wp-image-95 size-full\" title=\"Logo LMMS\" src=\"https:\/\/ent2d.ac-bordeaux.fr\/disciplines\/musique\/wp-content\/uploads\/sites\/32\/2017\/04\/logo_lmms.png\" alt=\"\" width=\"70\" height=\"70\" \/><\/a><\/td>\n<td class=\"justif\" colspan=\"2\" width=\"80%\"><strong>LMMS<\/strong> (<em>Windows &#8211; Mac OS X &#8211; Linux<\/em>) Station de travail MAO : impressionnant s\u00e9quenceur, synth\u00e9tiseur et composeur gratuit, plut\u00f4t orient\u00e9 electro, mais qui permet \u00e9galement de composer dans d&rsquo;autres styles. Il prend \u00e9galement en charge les synth\u00e9tiseurs VSTi et les effets LAPSDA. De nombreux tutoriels en fran\u00e7ais sont propos\u00e9s sur youtube et en particulier ceux r\u00e9alis\u00e9s par MrOverdriveMusic et <a href=\"https:\/\/www.youtube.com\/watch?v=hqexTrQZuYw\" target=\"_blank\" rel=\"noopener noreferrer\">disponibles ici<\/a>.<\/td>\n<\/tr>\n<tr>\n<td width=\"20%\"><img loading=\"lazy\" decoding=\"async\" class=\"alignleft wp-image-97 size-full\" title=\"Logo MusiqueLab\" src=\"https:\/\/ent2d.ac-bordeaux.fr\/disciplines\/musique\/wp-content\/uploads\/sites\/32\/2017\/04\/logo_musique_lab.png\" alt=\"\" width=\"70\" height=\"70\" \/><\/td>\n<td class=\"justif\" width=\"20%\"><strong>Musique Lab 1 et 2<\/strong> et <strong>Acousmographe<\/strong> (<em>Windows<\/em>) Logiciels de manipulation du son ou de repr\u00e9sentation graphique du sonore, d\u00e9velopp\u00e9s en partenariat avec l&rsquo;<em>IRCAM<\/em>, l&rsquo;<em>INA-GRM<\/em> et le <em>Minist\u00e8re de l&rsquo;\u00c9ducation Nationale<\/em>. Ces ressources (gratuites pour les enseignants), sont t\u00e9l\u00e9chargeables \u00e0 partir du portail <a href=\"http:\/\/eduscol.education.fr\/education-musicale\/enseigner\/le-numerique\/boite-a-outils\/les-outils-pour-lecoute-et-la-creation.html\" target=\"_blank\" rel=\"noopener noreferrer\">Eduscol<\/a>.<\/td>\n<td width=\"20%\"><img loading=\"lazy\" decoding=\"async\" class=\"alignright wp-image-96 size-full\" title=\"Logo Acousmographe\" src=\"https:\/\/ent2d.ac-bordeaux.fr\/disciplines\/musique\/wp-content\/uploads\/sites\/32\/2017\/04\/logo_acousmographe.png\" alt=\"\" width=\"70\" height=\"70\" \/><\/td>\n<\/tr>\n<\/tbody>\n<\/table>\n<h4><strong>\u25ba Logiciels de pr\u00e9sentation multim\u00e9dias interactifs<\/strong><\/h4>\n<table>\n<tbody>\n<tr>\n<td width=\"20%\"><a href=\"https:\/\/fr.padlet.com\/\"><img loading=\"lazy\" decoding=\"async\" class=\"alignleft wp-image-1449 size-full\" title=\"Logo Padlet\" src=\"https:\/\/ent2d.ac-bordeaux.fr\/disciplines\/musique\/wp-content\/uploads\/sites\/32\/2020\/03\/logo_padlet.png\" alt=\"\" width=\"70\" height=\"70\" \/><\/a><\/td>\n<td class=\"justif\" width=\"80%\"><strong>Padlet<\/strong> Logiciel en ligne. Mur virtuel, tr\u00e8s facile d&rsquo;acc\u00e8s, permettant de disposer tous types de documents (audio, videos, images, liens, doc. pdf&#8230;). Plusieurs options de pr\u00e9sentation sont disponibles. Il est n\u00e9cessaire de cr\u00e9er un compte sur le site de l&rsquo;\u00e9diteur. La version gratuite permet de cr\u00e9er jusqu&rsquo;\u00e0 29 padlets!<\/td>\n<\/tr>\n<tr>\n<td width=\"20%\"><a href=\"https:\/\/www.genial.ly\/\"><img loading=\"lazy\" decoding=\"async\" class=\"alignleft wp-image-1448 size-full\" title=\"Logo Genialy\" src=\"https:\/\/ent2d.ac-bordeaux.fr\/disciplines\/musique\/wp-content\/uploads\/sites\/32\/2020\/03\/logo_genialy.png\" alt=\"\" width=\"70\" height=\"71\" \/><\/a><\/td>\n<td class=\"justif\" width=\"80%\"><strong>Genially<\/strong> Un incroyable outil de pr\u00e9sentation en ligne particuli\u00e8rement r\u00e9ussi, avec des dizaines de formats possibles et une interactivit\u00e9 tr\u00e8s pouss\u00e9e. Id\u00e9al pour dynamiser des pr\u00e9sentations et les rendre \u00e0 la fois ludique et captivantes, y compris dans sa version gratuite : un must. L&rsquo;inscription sur le site de l&rsquo;\u00e9diteur est n\u00e9cessaire.<\/td>\n<\/tr>\n<tr>\n<td width=\"20%\"><a href=\"http:\/\/www.didasystem.com\/index.php?page=licence-dida1\" target=\"_blank\" rel=\"noopener noreferrer\"><img loading=\"lazy\" decoding=\"async\" class=\"alignleft wp-image-125 size-full\" title=\"Logo Didapages\" src=\"https:\/\/ent2d.ac-bordeaux.fr\/disciplines\/musique\/wp-content\/uploads\/sites\/32\/2017\/04\/logo_didapages.png\" alt=\"\" width=\"70\" height=\"70\" \/><\/a><\/td>\n<td class=\"justif\" width=\"80%\"><strong>Didapages<\/strong> (version 1 : gratuite pour une utilisation non commerciale) (<em>Windows<\/em>) Logiciel permettant la cr\u00e9ation de livres ou documents multim\u00e9dias et interactifs.<\/td>\n<\/tr>\n<tr>\n<td width=\"20%\"><a href=\"https:\/\/prezi.com\/fr\/\" target=\"_blank\" rel=\"noopener noreferrer\"><img loading=\"lazy\" decoding=\"async\" class=\"alignleft wp-image-107 size-full\" title=\"Logo Prezi\" src=\"https:\/\/ent2d.ac-bordeaux.fr\/disciplines\/musique\/wp-content\/uploads\/sites\/32\/2017\/04\/prezi_logo.png\" alt=\"\" width=\"70\" height=\"70\" \/><\/a><\/td>\n<td class=\"justif\" width=\"80%\"><strong>Prezi<\/strong> Logiciel en ligne permettant de r\u00e9aliser des pr\u00e9sentations dynamiques (il est n\u00e9cessaire de cr\u00e9er un compte sur le site de l&rsquo;\u00e9diteur).<\/td>\n<\/tr>\n<\/tbody>\n<\/table>\n<h4><strong>\u25ba Suites bureautiques<\/strong><\/h4>\n<table>\n<tbody>\n<tr>\n<td width=\"40%\"><a href=\"https:\/\/www.libreoffice.org\/\" target=\"_blank\" rel=\"noopener noreferrer\"><img loading=\"lazy\" decoding=\"async\" class=\"alignleft wp-image-126 size-full\" title=\"Logo LibreOffice\" src=\"https:\/\/ent2d.ac-bordeaux.fr\/disciplines\/musique\/wp-content\/uploads\/sites\/32\/2017\/04\/logo_libreoffice.jpg\" alt=\"\" width=\"70\" height=\"70\" \/><\/a><\/td>\n<td class=\"justif\" width=\"60%\"><strong>LibreOffice<\/strong> (<em>Windows &#8211; Mac OS &#8211; Linux<\/em>), Suite bureautique gratuite, alternative compl\u00e8te et puissante, compatible (\u00e0 quelques d\u00e9tails pr\u00e8s) avec celle de <em>Microsoft<\/em>.<\/td>\n<\/tr>\n<tr>\n<td width=\"40%\"><a href=\"https:\/\/www.google.com\/intl\/fr_ALL\/drive\/\" target=\"_blank\" rel=\"noopener noreferrer\"><img loading=\"lazy\" decoding=\"async\" class=\"alignleft wp-image-127 size-full\" title=\"Logo Suite Google Drive\" src=\"https:\/\/ent2d.ac-bordeaux.fr\/disciplines\/musique\/wp-content\/uploads\/sites\/32\/2017\/04\/logo_suite-google.jpg\" alt=\"Suite Google : lien vers le site Google\" width=\"228\" height=\"70\" \/><\/a><\/td>\n<td class=\"justif\" width=\"60%\"><strong>Suite Google<\/strong> Autre suite bureautique alternative gratuite et compl\u00e8te. Solution d\u00e9port\u00e9e en ligne, elle permet de consulter ses documents en tout lieu sur n&rsquo;importe quel appareil connect\u00e9. La cr\u00e9ation d&rsquo;un compte google est n\u00e9cessaire.<\/td>\n<\/tr>\n<\/tbody>\n<\/table>\n<h4><strong>\u25ba Graphisme &#8211; dessin, retouche et vid\u00e9o &#8211;<\/strong><\/h4>\n<table>\n<tbody>\n<tr>\n<td width=\"40%\"><a href=\"https:\/\/www.getpaint.net\/\" target=\"_blank\" rel=\"noopener noreferrer\"><img loading=\"lazy\" decoding=\"async\" class=\"alignleft wp-image-129 size-full\" title=\"Logo Paint.net\" src=\"https:\/\/ent2d.ac-bordeaux.fr\/disciplines\/musique\/wp-content\/uploads\/sites\/32\/2017\/04\/logo_paintnet.png\" alt=\"\" width=\"279\" height=\"70\" \/><\/a><\/td>\n<td class=\"justif\" width=\"60%\"><strong>Paint.net<\/strong> (<em>Windows<\/em>) Un logiciel de retouche d&rsquo;image tr\u00e8s performant, qui permet de r\u00e9aliser toutes les op\u00e9rations courantes et qui g\u00e8re les couches multiples. Comme pour <em>Audacity<\/em>, de nombreux <em>plugins<\/em> permettent de le rendre encore plus efficient.<\/td>\n<\/tr>\n<tr>\n<td width=\"20%\"><a href=\"http:\/\/www.clubic.com\/telecharger-fiche433589-windows-live-movie-maker.html#433589\" target=\"_blank\" rel=\"noopener noreferrer\"><img loading=\"lazy\" decoding=\"async\" class=\"alignleft wp-image-130 size-full\" title=\"Logo Windows Movie Maker\" src=\"https:\/\/ent2d.ac-bordeaux.fr\/disciplines\/musique\/wp-content\/uploads\/sites\/32\/2017\/04\/logo_moviemaker.png\" alt=\"\" width=\"70\" height=\"70\" \/><\/a><\/td>\n<td class=\"justif\" width=\"60%\"><strong>Windows Movie Maker et Photostage<\/strong> Deux outils standard pour faire du montage vid\u00e9o simple ou pour cr\u00e9er des diaporamas am\u00e9lior\u00e9s (Photostage est gratuit pour une utilisation non commerciale). \u00c0 noter \u00e9galement l&rsquo;outil de cr\u00e9ation de diaporamas en ligne<br \/>\n<a href=\"https:\/\/spark.adobe.com\/\" target=\"_blank\" rel=\"noopener noreferrer\">AdobeSpark<\/a> (utilisation libre, mais n\u00e9cessite une inscription).<\/td>\n<td width=\"20%\"><a href=\"http:\/\/www.nchsoftware.com\/slideshow\/fr\/\" target=\"_blank\" rel=\"noopener noreferrer\"><img loading=\"lazy\" decoding=\"async\" class=\"alignright wp-image-128 size-full\" title=\"Logo Photostage\" src=\"https:\/\/ent2d.ac-bordeaux.fr\/disciplines\/musique\/wp-content\/uploads\/sites\/32\/2017\/04\/logo_photostage.jpg\" alt=\"\" width=\"70\" height=\"70\" \/><\/a><\/td>\n<\/tr>\n<\/tbody>\n<\/table>\n","protected":false},"excerpt":{"rendered":"<h2>Logiciels et outils recommand\u00e9s<\/h2>\n<p class=\"justif\">La s\u00e9lection de logiciels pr\u00e9sent\u00e9s ci-dessous permet \u00e0 chacun de se constituer une trousse de base avec des outils \u00e0 la fois indispensables, faciles \u00e0 prendre en main, gratuits et multi-plateformes (lorsque possible). D&rsquo;usage courant, ils couvrent la plupart des besoins de l&rsquo;enseignant de musique. Cependant, d&rsquo;autres logiciels peuvent rendre &hellip; <\/p>\n<p><a class=\"more-link block-button\" href=\"https:\/\/ent2d.ac-bordeaux.fr\/disciplines\/musique\/usages-du-numerique\/logiciels\/\">Lire la Suite &raquo;<\/a><\/p>\n","protected":false},"author":178,"featured_media":0,"parent":31,"menu_order":5,"comment_status":"closed","ping_status":"closed","template":"","meta":{"footnotes":""},"class_list":["post-74","page","type-page","status-publish","hentry","nodate"],"_links":{"self":[{"href":"https:\/\/ent2d.ac-bordeaux.fr\/disciplines\/musique\/wp-json\/wp\/v2\/pages\/74","targetHints":{"allow":["GET"]}}],"collection":[{"href":"https:\/\/ent2d.ac-bordeaux.fr\/disciplines\/musique\/wp-json\/wp\/v2\/pages"}],"about":[{"href":"https:\/\/ent2d.ac-bordeaux.fr\/disciplines\/musique\/wp-json\/wp\/v2\/types\/page"}],"author":[{"embeddable":true,"href":"https:\/\/ent2d.ac-bordeaux.fr\/disciplines\/musique\/wp-json\/wp\/v2\/users\/178"}],"replies":[{"embeddable":true,"href":"https:\/\/ent2d.ac-bordeaux.fr\/disciplines\/musique\/wp-json\/wp\/v2\/comments?post=74"}],"version-history":[{"count":61,"href":"https:\/\/ent2d.ac-bordeaux.fr\/disciplines\/musique\/wp-json\/wp\/v2\/pages\/74\/revisions"}],"predecessor-version":[{"id":3244,"href":"https:\/\/ent2d.ac-bordeaux.fr\/disciplines\/musique\/wp-json\/wp\/v2\/pages\/74\/revisions\/3244"}],"up":[{"embeddable":true,"href":"https:\/\/ent2d.ac-bordeaux.fr\/disciplines\/musique\/wp-json\/wp\/v2\/pages\/31"}],"wp:attachment":[{"href":"https:\/\/ent2d.ac-bordeaux.fr\/disciplines\/musique\/wp-json\/wp\/v2\/media?parent=74"}],"curies":[{"name":"wp","href":"https:\/\/api.w.org\/{rel}","templated":true}]}}