{"id":72,"date":"2017-04-29T13:04:27","date_gmt":"2017-04-29T11:04:27","guid":{"rendered":"https:\/\/ent2d.ac-bordeaux.fr\/disciplines\/musique\/?page_id=72"},"modified":"2020-04-28T18:16:35","modified_gmt":"2020-04-28T16:16:35","slug":"formateurs","status":"publish","type":"page","link":"https:\/\/ent2d.ac-bordeaux.fr\/disciplines\/musique\/usages-du-numerique\/formateurs\/","title":{"rendered":"Personnes ressource"},"content":{"rendered":"<hr \/>\n<h2><strong>Le Groupe TICE<\/strong><\/h2>\n<h5><strong>\u25ba Le correspondant acad\u00e9mique<\/strong><\/h5>\n<h6><strong>Notre IAN (Interlocuteur Acad\u00e9mique au num\u00e9rique) : R\u00e9mi Mass\u00e9<br \/>\n<\/strong><\/h6>\n<ul>\n<li class=\"justif\">Repr\u00e9sente l&rsquo;acad\u00e9mie dans la r\u00e9flexion et les actions engag\u00e9es par le minist\u00e8re de l\u2019\u00e9ducation nationale pour g\u00e9n\u00e9raliser l\u2019utilisation p\u00e9dagogique du num\u00e9rique dans l\u2019enseignement.<\/li>\n<li class=\"justif\">Relaie la diffusion des actions men\u00e9es par le minist\u00e8re de l\u2019\u00c9ducation nationale pour g\u00e9n\u00e9raliser l&rsquo;utilisation p\u00e9dagogique du num\u00e9rique.<\/li>\n<li class=\"justif\">contact : <em>orfeo24#orange.fr<\/em> ; coll\u00e8ge Jean Monnet, 24150 Lalinde<\/li>\n<\/ul>\n<p class=\"justif\"><span style=\"color: #808080\"><em>Pour contacter le IAN ou l&rsquo;un des formateurs : copiez l&rsquo;adresse de messagerie et remplacez le # par un @ (protection contre les robots moissonneurs).<\/em><\/span><\/p>\n<p>&nbsp;<\/p>\n<hr \/>\n<h5><strong>\u25ba Les formateurs d\u00e9partementaux<\/strong><\/h5>\n<p class=\"justif\">Une \u00e9quipe de formateurs d\u00e9partementaux assure l&rsquo;animation des stages TICE en \u00c9ducation Musicale, et se tient \u00e0 la disposition de l&rsquo;ensemble des coll\u00e8gues pour tout renseignement ou aide concernant les applications p\u00e9dagogiques des TICE.<\/p>\n<ul>\n<li><strong>24 &#8211; Dordogne<\/strong>\n<ul>\n<li class=\"justif\">Jean Bourdoncle : <em>jean.bourdoncle#ac-bordeaux.fr <\/em>; Clg Clos Chassaing (P\u00e9rigueux)<\/li>\n<li class=\"justif\">R\u00e9mi Mass\u00e9 : <em>orfeo24#orange.fr<\/em> ; Clg Jean Monnet (Lalinde) ; personnel ressource classe invers\u00e9e<\/li>\n<li class=\"justif\">Philippe Lemoine : <em>philippe.lemoine#ac-bordeaux.fr<\/em> ; Clg Pi\u00e9gut Pluviers et Mareuil ; personnel ressource classe invers\u00e9e<\/li>\n<\/ul>\n<\/li>\n<li><strong>33 &#8211; Gironde<\/strong>\n<ul>\n<li class=\"justif\">Jean-Claude Boudet : <em>jc-boudet#wanadoo.fr<\/em> ; Clg Jean Zay (Biganos)<\/li>\n<li class=\"justif\">Marc Bouny : <em>marc.bouny#ac-bordeaux.fr<\/em> ; Clg L\u00e9o Drouyn (V\u00e9rac)<\/li>\n<\/ul>\n<\/li>\n<li><strong>40 &#8211; Landes<\/strong>\n<ul>\n<li class=\"justif\">Florence Boulley : <em>boulley.florence#orange.fr<\/em> ; Clg Jacques Pr\u00e9vert (Mimizan)<\/li>\n<li class=\"justif\">\u00c9ric Limido :\u00a0<em>eric.limido#sfr.fr<\/em> ; Clg Langevin-Wallon (Tarnos)<\/li>\n<\/ul>\n<\/li>\n<li><strong>47 &#8211; Lot et Garonne<\/strong>\n<ul>\n<li class=\"justif\">Guillaume Vallet : <em>guillome.vallet#gmail.com<\/em> ; Clg Ducos du Hauron (Agen)<\/li>\n<\/ul>\n<\/li>\n<li><strong>64 &#8211; Pyr\u00e9n\u00e9es Atlantiques<\/strong>\n<ul>\n<li class=\"justif\">Philippe Esponda : <em>philippe.esponda#free.fr<\/em> ; Clg Villa Fal (Biarritz)<\/li>\n<li class=\"justif\">Didier Lonca : <em>didier.lonca#gmail.com<\/em> ; Clg Jean Moulin (Artix)<\/li>\n<li class=\"justif\">\u00c9ric Perrineau : <em>eric.perrineau01#orange.fr<\/em> ; Clg Ren\u00e9 Forgues (Serres-Castet)<\/li>\n<\/ul>\n<\/li>\n<\/ul>\n<p>&nbsp;<\/p>\n","protected":false},"excerpt":{"rendered":"<h2>Le Groupe TICE<\/h2>\n<h5>\u25ba Le correspondant acad\u00e9mique<\/h5>\n<p> Notre IAN (Interlocuteur Acad\u00e9mique au num\u00e9rique) : R\u00e9mi Mass\u00e9 <\/p>\n<ul>\n<li class=\"justif\">Repr\u00e9sente l&rsquo;acad\u00e9mie dans la r\u00e9flexion et les actions engag\u00e9es par le minist\u00e8re de l\u2019\u00e9ducation nationale pour g\u00e9n\u00e9raliser l\u2019utilisation p\u00e9dagogique du num\u00e9rique dans l\u2019enseignement.<\/li>\n<li class=\"justif\">Relaie la diffusion des actions men\u00e9es par le minist\u00e8re de l\u2019\u00c9ducation nationale pour &hellip;\n<p><a class=\"more-link block-button\" href=\"https:\/\/ent2d.ac-bordeaux.fr\/disciplines\/musique\/usages-du-numerique\/formateurs\/\">Lire la Suite &raquo;<\/a><\/p>\n<\/li>\n<\/ul>\n","protected":false},"author":178,"featured_media":0,"parent":31,"menu_order":8,"comment_status":"closed","ping_status":"closed","template":"","meta":{"footnotes":""},"class_list":["post-72","page","type-page","status-publish","hentry","nodate"],"_links":{"self":[{"href":"https:\/\/ent2d.ac-bordeaux.fr\/disciplines\/musique\/wp-json\/wp\/v2\/pages\/72","targetHints":{"allow":["GET"]}}],"collection":[{"href":"https:\/\/ent2d.ac-bordeaux.fr\/disciplines\/musique\/wp-json\/wp\/v2\/pages"}],"about":[{"href":"https:\/\/ent2d.ac-bordeaux.fr\/disciplines\/musique\/wp-json\/wp\/v2\/types\/page"}],"author":[{"embeddable":true,"href":"https:\/\/ent2d.ac-bordeaux.fr\/disciplines\/musique\/wp-json\/wp\/v2\/users\/178"}],"replies":[{"embeddable":true,"href":"https:\/\/ent2d.ac-bordeaux.fr\/disciplines\/musique\/wp-json\/wp\/v2\/comments?post=72"}],"version-history":[{"count":18,"href":"https:\/\/ent2d.ac-bordeaux.fr\/disciplines\/musique\/wp-json\/wp\/v2\/pages\/72\/revisions"}],"predecessor-version":[{"id":663,"href":"https:\/\/ent2d.ac-bordeaux.fr\/disciplines\/musique\/wp-json\/wp\/v2\/pages\/72\/revisions\/663"}],"up":[{"embeddable":true,"href":"https:\/\/ent2d.ac-bordeaux.fr\/disciplines\/musique\/wp-json\/wp\/v2\/pages\/31"}],"wp:attachment":[{"href":"https:\/\/ent2d.ac-bordeaux.fr\/disciplines\/musique\/wp-json\/wp\/v2\/media?parent=72"}],"curies":[{"name":"wp","href":"https:\/\/api.w.org\/{rel}","templated":true}]}}