{"id":604,"date":"2017-11-13T15:15:40","date_gmt":"2017-11-13T14:15:40","guid":{"rendered":"https:\/\/ent2d.ac-bordeaux.fr\/disciplines\/musique\/?page_id=604"},"modified":"2020-04-28T18:13:12","modified_gmt":"2020-04-28T16:13:12","slug":"gazette","status":"publish","type":"page","link":"https:\/\/ent2d.ac-bordeaux.fr\/disciplines\/musique\/usages-du-numerique\/gazette\/","title":{"rendered":"La Gazette AquiTicce"},"content":{"rendered":"<hr \/>\n<h2><strong>Pour tout savoir&#8230; ou presque<br \/>\n<\/strong><\/h2>\n<p>N\u00e9e sous l&rsquo;impulsion de R\u00e9mi Mass\u00e9, et dirig\u00e9e par M. J.M. Caniard, IA-IPR \u00c9ducation musicale &amp; chant choral, cette mini-gazette a pour vocation de proposer sous diff\u00e9rentes formes\u00a0 des micro tutoriels ou des astuces sur des logiciels, de petites applications ou des outils, connus ou moins connus, -surprenants parfois- et de faire partager des exp\u00e9riences personnelles en mettant en avant l&rsquo;axe p\u00e9dagogique.<\/p>\n<hr \/>\n<h2>Num\u00e9ros r\u00e9cents<\/h2>\n<table>\n<tbody>\n<tr>\n<td width=\"25%\"><a href=\"https:\/\/ent2d.ac-bordeaux.fr\/disciplines\/musique\/wp-content\/uploads\/sites\/32\/2017\/11\/Aquiticce_gazette.pdf\"><img loading=\"lazy\" decoding=\"async\" class=\"aligncenter wp-image-632 size-full\" src=\"https:\/\/ent2d.ac-bordeaux.fr\/disciplines\/musique\/wp-content\/uploads\/sites\/32\/2017\/11\/aquiticce01.jpg\" alt=\"\" width=\"200\" height=\"112\" \/><\/a><\/td>\n<td width=\"25%\"><a href=\"https:\/\/ent2d.ac-bordeaux.fr\/disciplines\/musique\/wp-content\/uploads\/sites\/32\/2017\/11\/Aquiticce_2.pdf\"><img loading=\"lazy\" decoding=\"async\" class=\"aligncenter wp-image-612 size-full\" title=\"Aquiticce\" src=\"https:\/\/ent2d.ac-bordeaux.fr\/disciplines\/musique\/wp-content\/uploads\/sites\/32\/2017\/11\/aquiticce02.jpg\" alt=\"\" width=\"200\" height=\"112\" \/><\/a><\/td>\n<td width=\"25%\"><a href=\"https:\/\/ent2d.ac-bordeaux.fr\/disciplines\/musique\/wp-content\/uploads\/sites\/32\/2018\/02\/Aquiticce_3.pdf\"><img loading=\"lazy\" decoding=\"async\" class=\"aligncenter wp-image-612 size-full\" title=\"Aquiticce\" src=\"https:\/\/ent2d.ac-bordeaux.fr\/disciplines\/musique\/wp-content\/uploads\/sites\/32\/2018\/02\/aquiticce03.jpg\" alt=\"\" width=\"200\" height=\"112\" \/><\/a><\/td>\n<td width=\"25%\"><img loading=\"lazy\" decoding=\"async\" class=\"aligncenter wp-image-612 size-full\" title=\"Aquiticce\" src=\"https:\/\/ent2d.ac-bordeaux.fr\/disciplines\/musique\/wp-content\/uploads\/sites\/32\/2017\/11\/aquiticcevide.jpg\" alt=\"\" width=\"200\" height=\"112\" \/><\/td>\n<\/tr>\n<tr>\n<td style=\"text-align: center\" width=\"25%\">n\u00b01 \/ novembre 2017<\/td>\n<td style=\"text-align: center\" width=\"25%\">n\u00b02 \/ d\u00e9cembre 2017<\/td>\n<td style=\"text-align: center\" width=\"25%\">n\u00b03 \/ f\u00e9vrier 2018<\/td>\n<\/tr>\n<\/tbody>\n<\/table>\n<h2>Anciens num\u00e9ros<\/h2>\n","protected":false},"excerpt":{"rendered":"<h2>Pour tout savoir&#8230; ou presque <\/h2>\n<p>N\u00e9e sous l&rsquo;impulsion de R\u00e9mi Mass\u00e9, et dirig\u00e9e par M. J.M. Caniard, IA-IPR \u00c9ducation musicale &amp; chant choral, cette mini-gazette a pour vocation de proposer sous diff\u00e9rentes formes\u00a0 des micro tutoriels ou des astuces sur des logiciels, de petites applications ou des outils, connus ou moins connus, -surprenants parfois- &hellip; <\/p>\n<p><a class=\"more-link block-button\" href=\"https:\/\/ent2d.ac-bordeaux.fr\/disciplines\/musique\/usages-du-numerique\/gazette\/\">Lire la Suite &raquo;<\/a><\/p>\n","protected":false},"author":178,"featured_media":0,"parent":31,"menu_order":4,"comment_status":"closed","ping_status":"closed","template":"","meta":{"footnotes":""},"class_list":["post-604","page","type-page","status-publish","hentry","nodate"],"_links":{"self":[{"href":"https:\/\/ent2d.ac-bordeaux.fr\/disciplines\/musique\/wp-json\/wp\/v2\/pages\/604","targetHints":{"allow":["GET"]}}],"collection":[{"href":"https:\/\/ent2d.ac-bordeaux.fr\/disciplines\/musique\/wp-json\/wp\/v2\/pages"}],"about":[{"href":"https:\/\/ent2d.ac-bordeaux.fr\/disciplines\/musique\/wp-json\/wp\/v2\/types\/page"}],"author":[{"embeddable":true,"href":"https:\/\/ent2d.ac-bordeaux.fr\/disciplines\/musique\/wp-json\/wp\/v2\/users\/178"}],"replies":[{"embeddable":true,"href":"https:\/\/ent2d.ac-bordeaux.fr\/disciplines\/musique\/wp-json\/wp\/v2\/comments?post=604"}],"version-history":[{"count":21,"href":"https:\/\/ent2d.ac-bordeaux.fr\/disciplines\/musique\/wp-json\/wp\/v2\/pages\/604\/revisions"}],"predecessor-version":[{"id":1114,"href":"https:\/\/ent2d.ac-bordeaux.fr\/disciplines\/musique\/wp-json\/wp\/v2\/pages\/604\/revisions\/1114"}],"up":[{"embeddable":true,"href":"https:\/\/ent2d.ac-bordeaux.fr\/disciplines\/musique\/wp-json\/wp\/v2\/pages\/31"}],"wp:attachment":[{"href":"https:\/\/ent2d.ac-bordeaux.fr\/disciplines\/musique\/wp-json\/wp\/v2\/media?parent=604"}],"curies":[{"name":"wp","href":"https:\/\/api.w.org\/{rel}","templated":true}]}}