{"id":60,"date":"2017-04-29T12:44:35","date_gmt":"2017-04-29T10:44:35","guid":{"rendered":"https:\/\/ent2d.ac-bordeaux.fr\/disciplines\/musique\/?page_id=60"},"modified":"2021-10-01T20:30:37","modified_gmt":"2021-10-01T18:30:37","slug":"bac-archives","status":"publish","type":"page","link":"https:\/\/ent2d.ac-bordeaux.fr\/disciplines\/musique\/lycee\/baccalaureat\/bac-archives\/","title":{"rendered":"Bac &#8211; Archives"},"content":{"rendered":"<hr \/>\n<h2><strong>Baccalaur\u00e9at &#8211; Archives<\/strong><\/h2>\n<h3><strong>\u25ba Sessions ant\u00e9rieures \u00e0 2020 &#8211; Informations<\/strong><\/h3>\n<p class=\"justif\">On trouvera ici une s\u00e9lection de pr\u00e9sentations relatives aux \u0153uvres du bac de sessions pr\u00e9c\u00e9dentes, t\u00e9l\u00e9chargeables ou \u00e0 visualiser en ligne. Elles sont class\u00e9es de la plus r\u00e9cente \u00e0 la plus ancienne. Le format des pr\u00e9sentations (open office, powerpoint, genialy, mediator (uniquement sous windows), pdf, en ligne&#8230; est indiqu\u00e9 en regard de chaque pr\u00e9sentation.<\/p>\n<p>&nbsp;<\/p>\n<hr \/>\n<h3><strong>\u25ba Les ressources<\/strong><\/h3>\n<ul>\n<li class=\"justif\"><strong>Les Quatre saisons, de Vivaldi \u00e0 Max Richter<\/strong><em>,<\/em> <a href=\"https:\/\/www.edmu.fr\/p\/les-quatre-saisons-de-vivaldi-max.html\" target=\"_blank\" rel=\"noopener noreferrer\">L&rsquo;analyse en ligne et beaucoup plus<\/a> par notre coll\u00e8gue Nicolas Martello (nikkojazz &#8211; Acad\u00e9mie de ), sur le site <a href=\"https:\/\/www.edmu.fr\/\" target=\"_blank\" rel=\"noopener noreferrer\">edmu.fr<\/a>.<\/li>\n<li class=\"justif\"><a href=\"https:\/\/ent2d.ac-bordeaux.fr\/disciplines\/musique\/wp-content\/uploads\/sites\/32\/2019\/02\/Etude_sur_l_album_Recomposed_de_Max_Richter.pdf\" target=\"_blank\" rel=\"noopener noreferrer\">\u00c9tude de l&rsquo;album<\/a> <strong>Recomposed (Vivaldi &#8211; The four seasons)<\/strong> de Max Richter (format pdf), publi\u00e9e sur le <a href=\"https:\/\/pedagogie.ac-orleans-tours.fr\/musique\/\" target=\"_blank\" rel=\"noopener noreferrer\">site de l&rsquo;Acad\u00e9mie d&rsquo;Orl\u00e9ans-Tours<\/a> (auteur : Fran\u00e7ois-J\u00e9r\u00f4me Gimenez)<\/li>\n<li class=\"justif\"><a href=\"https:\/\/ent2d.ac-bordeaux.fr\/disciplines\/musique\/wp-content\/uploads\/sites\/32\/2019\/02\/les-quatre-saisons-richter-dp.pdf\" target=\"_blank\" rel=\"noopener noreferrer\">Dossier p\u00e9dagogique<\/a> <strong>Richter &#8211; Les Quatre saisons<\/strong>, (format pdf) sur le <a href=\"http:\/\/www2.ac-lyon.fr\/daac\/docs\/les-quatre-saisons-richter-dp.pdf\" target=\"_blank\" rel=\"noopener noreferrer\">site de l&rsquo;Acad\u00e9mie de Lyon<\/a> (r\u00e9alisation du dossier par un collectif, autour d&rsquo;une production de l&rsquo;Op\u00e9ra de Saint-\u00c9tienne)<\/li>\n<\/ul>\n<ul>\n<li class=\"justif\"><strong>Birdland<\/strong>, Une <a href=\"https:\/\/www.education-musicale-arrizabalaga.com\/birdland2018\" target=\"_blank\" rel=\"noopener noreferrer\">pr\u00e9sentation<\/a> sous genial.ly\u00a0 propos\u00e9e par Jean-Baptiste Arrizabalaga (\u00c9tablissement Saint Gen\u00e8s &#8211; Bordeaux).<\/li>\n<li class=\"justif\"><strong>Germaine Tailleferre<\/strong>, <em>L&rsquo;affaire Tailleferre &#8211; Quatre op\u00e9ras<\/em> (format open office compress\u00e9 en zip &#8211; 198 Mo) &#8211; auteur J\u00e9r\u00f4me Gose &#8211; <a href=\"https:\/\/drive.google.com\/drive\/folders\/0B6ZYofcGspRcSi1WaGtFTXhvejA?resourcekey=0-MmgPA2fhKaHH1d3Y1-cd1g&amp;usp=sharing\" target=\"_blank\" rel=\"noopener noreferrer\">T\u00e9l\u00e9charger ici<\/a>.<br \/>\n\u25a0 Pour acc\u00e9der au webdocumentaire p\u00e9dagogique consacr\u00e9 \u00e0 l&rsquo;\u0153uvre radiophonique <em>Petite histoire lyrique de l&rsquo;art fran\u00e7ais. Du style galant au style m\u00e9chant<\/em>. &#8211; \u00a9 canop\u00e9 01\/07\/2015, <a href=\"https:\/\/www.reseau-canope.fr\/notice\/autour-de-laffaire-tailleferre.html\" target=\"_blank\" rel=\"noopener noreferrer\">suivre ce lien<\/a>.<br \/>\n\u25a0 Pour commander le DVD vid\u00e9o de l&rsquo;adaptation \u00e0 la sc\u00e8ne des <em>Quatre op\u00e9ras bouffe<\/em>, <a href=\"https:\/\/www.reseau-canope.fr\/notice\/laffaire-tailleferre.html\" target=\"_blank\" rel=\"noopener noreferrer\">suivre ce lien<\/a>.<\/li>\n<li class=\"justif\"><strong>Maurice Ravel<\/strong>, <em>Concerto pour la main gauche<\/em> (format powerpoint compress\u00e9 en zip &#8211; 87 Mo) &#8211; auteurs : r\u00e9alisation conjointe de Caroline Vives et Jean-Baptiste Arrizabalaga &#8211; <a href=\"https:\/\/ent2d.ac-bordeaux.fr\/disciplines\/musique\/wp-content\/uploads\/sites\/32\/2017\/06\/ravel_synthese.zip\" target=\"_blank\" rel=\"noopener noreferrer\">T\u00e9l\u00e9charger ici<\/a><\/li>\n<li class=\"justif\"><strong>Le Concerto<\/strong>, <em>Pr\u00e9sentation compl\u00e9mentaire autour de l&rsquo;histoire du concerto<\/em> (format Prezi &#8211; 57 Mo) &#8211; auteur : Didier LONCA &#8211; <a href=\"https:\/\/ent2d.ac-bordeaux.fr\/disciplines\/musique\/wp-content\/uploads\/sites\/32\/2017\/06\/le_concerto.zip\" target=\"_blank\" rel=\"noopener noreferrer\">T\u00e9l\u00e9charger ici<\/a><\/li>\n<li class=\"justif\"><strong>\u00a0Jazz &amp; Orient<\/strong>, <em>Ensemble de 5 pi\u00e8ces<\/em> (pr\u00e9sentation interactive, format open office compress\u00e9 en zip &#8211; 12 Mo) &#8211; auteur : Jean-Baptiste Arrizabalaga &#8211; <a href=\"https:\/\/ent2d.ac-bordeaux.fr\/disciplines\/musique\/wp-content\/uploads\/sites\/32\/2017\/04\/jazz_et_orient_net.zip\" target=\"_blank\" rel=\"noopener noreferrer\">T\u00e9l\u00e9charger ici<\/a><br \/>\n\u25a0 Pour commander la brochure du Sceren cndp <em>Le Jazz &amp; Orient<\/em>, Ouvrage coordonn\u00e9 par Pascal Bussy -\u00a9 canop\u00e9 mars 2015, <a href=\"https:\/\/www.reseau-canope.fr\/notice\/le-jazz-et-lorient.html\" target=\"_blank\" rel=\"noopener noreferrer\">suivre ce lien<\/a>.<\/li>\n<li class=\"justif\"><strong>Jean-Philippe Rameau<\/strong>, <em>Ensemble de pi\u00e8ces<\/em> (format open office compress\u00e9 en zip &#8211; 367 Mo) &#8211; auteur : Didier LONCA &#8211; <a href=\"https:\/\/drive.google.com\/drive\/folders\/0B6ZYofcGspRcSi1WaGtFTXhvejA?resourcekey=0-MmgPA2fhKaHH1d3Y1-cd1g&amp;usp=sharing\" target=\"_blank\" rel=\"noopener noreferrer\">T\u00e9l\u00e9charger ici<\/a><br \/>\nPour consulter le site du Centre Baroque de Versailles consacr\u00e9 \u00e0 Rameau <a href=\"http:\/\/www.rameau2014.fr\/2014#1216\" target=\"_blank\" rel=\"noopener noreferrer\">Suivre ce lien<\/a><\/li>\n<li class=\"justif\"><strong>Richard Galliano<\/strong>, <em>Ensemble de pi\u00e8ces<\/em> (format open office compress\u00e9 en zip &#8211; 103 Mo) &#8211; auteur : J\u00e9r\u00f4me Gose &#8211; <a href=\"https:\/\/drive.google.com\/drive\/folders\/0B6ZYofcGspRcSi1WaGtFTXhvejA?resourcekey=0-MmgPA2fhKaHH1d3Y1-cd1g&amp;usp=sharing\" target=\"_blank\" rel=\"noopener noreferrer\">T\u00e9l\u00e9charger ici<\/a><\/li>\n<li class=\"justif\"><strong>Miles Davis<\/strong>, <em>Tutu<\/em> (format open office compress\u00e9 en zip &#8211; 212 Mo) &#8211; auteur : R\u00e9mi Poymiro &#8211; <a href=\"https:\/\/drive.google.com\/drive\/folders\/0B6ZYofcGspRcSi1WaGtFTXhvejA?resourcekey=0-MmgPA2fhKaHH1d3Y1-cd1g&amp;usp=sharing\" target=\"_blank\" rel=\"noopener noreferrer\">T\u00e9l\u00e9charger ici<\/a><br \/>\nPour commander la brochure du SCEREN cndp-crdp d\u00e9di\u00e9e \u00e0 <em>Miles Davis &#8211; Tutu<\/em> par Vincent Cotro <a href=\"https:\/\/www.reseau-canope.fr\/notice\/miles-davis-tutu.html\" target=\"_blank\" rel=\"noopener noreferrer\">Suivre ce lien<\/a><\/li>\n<li class=\"justif\"><strong>Thierry Machuel<\/strong>, <em>Ensemble d&rsquo;\u0153uvres<\/em> (format powerpoint compress\u00e9 en zip &#8211; 398 Mo) &#8211; auteur : Patrick Murillo &#8211; <a href=\"https:\/\/drive.google.com\/drive\/folders\/0B6ZYofcGspRcSi1WaGtFTXhvejA?resourcekey=0-MmgPA2fhKaHH1d3Y1-cd1g&amp;usp=sharing\" target=\"_blank\" rel=\"noopener noreferrer\">T\u00e9l\u00e9charger ici<\/a><br \/>\nPour commander la brochure du SCEREN cndp-crdp d\u00e9di\u00e9e \u00e0 <em>Thierry Machuel &#8211; Voyageur de la voix<\/em> <a href=\"https:\/\/www.reseau-canope.fr\/notice\/thierry-machuel-voyageur-de-la-voix.html\" target=\"_blank\" rel=\"noopener noreferrer\">Suivre ce lien<\/a><\/li>\n<li class=\"justif\"><strong>Arcangelo Corelli<\/strong>, <em>Follia<\/em> (format open office compress\u00e9 en zip &#8211; 250 Mo) &#8211; auteur : Didier Lonca &#8211; <a href=\"https:\/\/drive.google.com\/drive\/folders\/0B6ZYofcGspRcSi1WaGtFTXhvejA?resourcekey=0-MmgPA2fhKaHH1d3Y1-cd1g&amp;usp=sharing\" target=\"_blank\" rel=\"noopener noreferrer\">T\u00e9l\u00e9charger ici<\/a><\/li>\n<li class=\"justif\"><strong>L&rsquo;esth\u00e9tique baroque<\/strong>, (format open office compress\u00e9 en zip &#8211; 510 Mo) &#8211; auteur : Paul-Marcel Nardi &#8211; <a href=\"https:\/\/drive.google.com\/open?id=0B6ZYofcGspRcX2I5a214RlVBbmM\" target=\"_blank\" rel=\"noopener noreferrer\">T\u00e9l\u00e9charger ici<\/a><\/li>\n<li class=\"justif\"><strong>Marc-Andr\u00e9 Dalbavie<\/strong>, <em>Color<\/em> (format open office compress\u00e9 en zip &#8211; 119 Mo) &#8211; auteur : Sylvie Walczak &#8211; <a href=\"https:\/\/drive.google.com\/drive\/folders\/0B6ZYofcGspRcSi1WaGtFTXhvejA?resourcekey=0-MmgPA2fhKaHH1d3Y1-cd1g&amp;usp=sharing\" target=\"_blank\" rel=\"noopener noreferrer\">T\u00e9l\u00e9charger ici<\/a> + une fiche de cours r\u00e9capitulative &#8211; auteur : Patrick Murillo &#8211; <a href=\"https:\/\/drive.google.com\/drive\/folders\/0B6ZYofcGspRcSi1WaGtFTXhvejA?resourcekey=0-MmgPA2fhKaHH1d3Y1-cd1g&amp;usp=sharing\" target=\"_blank\" rel=\"noopener noreferrer\">T\u00e9l\u00e9charger ici<\/a><br \/>\nPour commander la brochure du SCEREN cndp-crdp d\u00e9di\u00e9e \u00e0 <em>Color<\/em> <a href=\"https:\/\/www.reseau-canope.fr\/notice\/color-marc-andre-dalbavie.html\" target=\"_blank\" rel=\"noopener noreferrer\">Suivre ce lien<\/a><\/li>\n<li class=\"justif\"><strong>Jean-S\u00e9bastien Bach<\/strong>, <em>Messe en Si mineur<\/em> (extraits) (format open office compress\u00e9 en zip &#8211; 289 Mo) &#8211; auteur : Didier Lonca &#8211; <a href=\"https:\/\/drive.google.com\/drive\/folders\/0B6ZYofcGspRcSi1WaGtFTXhvejA?resourcekey=0-MmgPA2fhKaHH1d3Y1-cd1g&amp;usp=sharing\" target=\"_blank\" rel=\"noopener noreferrer\">T\u00e9l\u00e9charger ici<\/a><\/li>\n<li class=\"justif\"><strong>Aaron Copland<\/strong>, <em>Fanfare for the Common Man<\/em> (format open office &#8211; compress\u00e9 en zip &#8211; 258 Mo) &#8211; auteur : Didier Lonca &#8211; <a href=\"https:\/\/drive.google.com\/open?id=0B6ZYofcGspRcX2I5a214RlVBbmM\" target=\"_blank\" rel=\"noopener noreferrer\">T\u00e9l\u00e9charger ici<\/a><\/li>\n<li class=\"justif\"><strong>Wolfgang Amadeus Mozart<\/strong>, <em>Symphonie n\u00b041 \u00ab\u00a0Jupiter\u00a0\u00bb<\/em> (format open office &#8211; compress\u00e9 en zip &#8211; 207 Mo) &#8211; auteur : Didier Lonca &#8211; <a href=\"https:\/\/drive.google.com\/drive\/folders\/0B6ZYofcGspRcSi1WaGtFTXhvejA?resourcekey=0-MmgPA2fhKaHH1d3Y1-cd1g&amp;usp=sharing\" target=\"_blank\" rel=\"noopener noreferrer\">T\u00e9l\u00e9charger ici<\/a><\/li>\n<li class=\"justif\"><strong>Herrmann \/ Hitchcock<\/strong> ; <em>La Mort aux trousses<\/em> (format Mediator &#8211; compress\u00e9 en zip &#8211; 599 Mo) &#8211; auteur : Didier Lonca &#8211; <a href=\"https:\/\/drive.google.com\/drive\/folders\/0B6ZYofcGspRcSi1WaGtFTXhvejA?resourcekey=0-MmgPA2fhKaHH1d3Y1-cd1g&amp;usp=sharing\" target=\"_blank\" rel=\"noopener noreferrer\">T\u00e9l\u00e9charger ici<\/a><\/li>\n<li class=\"justif\"><strong>Jimi Hendrix<\/strong> ; <em>5 chansons<\/em> (format Mediator, fichier ex\u00e9cutable &#8211; 75 Mo) &#8211; auteur : Didier Lonca &#8211; <a href=\"https:\/\/drive.google.com\/drive\/folders\/0B6ZYofcGspRcSi1WaGtFTXhvejA?resourcekey=0-MmgPA2fhKaHH1d3Y1-cd1g&amp;usp=sharing\" target=\"_blank\" rel=\"noopener noreferrer\">T\u00e9l\u00e9charger ici<\/a><\/li>\n<li class=\"justif\"><strong>G\u00e9rard Grisey<\/strong> ; <em>Partiels<\/em> (en ligne : format html &#8211; peut \u00eatre imprim\u00e9e) &#8211; auteur : Thierry Alla &#8211; Ouvrir la page<\/li>\n<li class=\"justif\"><strong>Ludwig Van Beethoven<\/strong> ; <em>Quatuor \u00e0 cordes op 131<\/em> (en ligne : format html &#8211; compress\u00e9 en zip) &#8211; auteurs : Philippe Bazin, Didier Lonca &#8211; <a href=\"https:\/\/ent2d.ac-bordeaux.fr\/disciplines\/musique\/wp-content\/uploads\/sites\/32\/2017\/04\/beethoven_op_131.zip\" target=\"_blank\" rel=\"noopener noreferrer\">T\u00e9l\u00e9charger ici<\/a><\/li>\n<li class=\"justif\"><strong>Anton Webern<\/strong> ; <em>Cinq pi\u00e8ces op 10<\/em> (en ligne : format html &#8211; compress\u00e9 en zip) &#8211; auteur : Thierry Alla &#8211; <a href=\"https:\/\/ent2d.ac-bordeaux.fr\/disciplines\/musique\/wp-content\/uploads\/sites\/32\/2017\/04\/webern_op10.zip\" target=\"_blank\" rel=\"noopener noreferrer\">T\u00e9l\u00e9charger ici<\/a><\/li>\n<li class=\"justif\"><strong>Antonio Vivaldi<\/strong> ; <em>Gloria RV 589<\/em> (en ligne : format html &#8211; compress\u00e9 en zip) &#8211; auteur : Val\u00e9rie Maindron &#8211; <a href=\"https:\/\/ent2d.ac-bordeaux.fr\/disciplines\/musique\/wp-content\/uploads\/sites\/32\/2017\/04\/vivaldi_gloria.zip\" target=\"_blank\" rel=\"noopener noreferrer\">T\u00e9l\u00e9charger ici<\/a><\/li>\n<li class=\"justif\"><strong>Ludwig Van Beethoven<\/strong> ; <em>Fantaisie pour piano, orchestre et ch\u0153ur, op 80<\/em> (en ligne : format html &#8211; compress\u00e9 en zip) &#8211; auteur : Philippe Lemoine &#8211; <a href=\"https:\/\/ent2d.ac-bordeaux.fr\/disciplines\/musique\/wp-content\/uploads\/sites\/32\/2017\/04\/beethoven_fantaisie.zip\" target=\"_blank\" rel=\"noopener noreferrer\">T\u00e9l\u00e9charger ici<\/a><\/li>\n<\/ul>\n","protected":false},"excerpt":{"rendered":"<h2>Baccalaur\u00e9at &#8211; Archives<\/h2>\n<p> \u25ba Sessions ant\u00e9rieures \u00e0 2020 &#8211; Informations <\/p>\n<p class=\"justif\">On trouvera ici une s\u00e9lection de pr\u00e9sentations relatives aux \u0153uvres du bac de sessions pr\u00e9c\u00e9dentes, t\u00e9l\u00e9chargeables ou \u00e0 visualiser en ligne. Elles sont class\u00e9es de la plus r\u00e9cente \u00e0 la plus ancienne. Le format des pr\u00e9sentations (open office, powerpoint, genialy, mediator (uniquement sous windows), &hellip; <\/p>\n<p><a class=\"more-link block-button\" href=\"https:\/\/ent2d.ac-bordeaux.fr\/disciplines\/musique\/lycee\/baccalaureat\/bac-archives\/\">Lire la Suite &raquo;<\/a><\/p>\n","protected":false},"author":178,"featured_media":0,"parent":29,"menu_order":4,"comment_status":"closed","ping_status":"closed","template":"","meta":{"footnotes":""},"class_list":["post-60","page","type-page","status-publish","hentry","nodate"],"_links":{"self":[{"href":"https:\/\/ent2d.ac-bordeaux.fr\/disciplines\/musique\/wp-json\/wp\/v2\/pages\/60","targetHints":{"allow":["GET"]}}],"collection":[{"href":"https:\/\/ent2d.ac-bordeaux.fr\/disciplines\/musique\/wp-json\/wp\/v2\/pages"}],"about":[{"href":"https:\/\/ent2d.ac-bordeaux.fr\/disciplines\/musique\/wp-json\/wp\/v2\/types\/page"}],"author":[{"embeddable":true,"href":"https:\/\/ent2d.ac-bordeaux.fr\/disciplines\/musique\/wp-json\/wp\/v2\/users\/178"}],"replies":[{"embeddable":true,"href":"https:\/\/ent2d.ac-bordeaux.fr\/disciplines\/musique\/wp-json\/wp\/v2\/comments?post=60"}],"version-history":[{"count":28,"href":"https:\/\/ent2d.ac-bordeaux.fr\/disciplines\/musique\/wp-json\/wp\/v2\/pages\/60\/revisions"}],"predecessor-version":[{"id":2614,"href":"https:\/\/ent2d.ac-bordeaux.fr\/disciplines\/musique\/wp-json\/wp\/v2\/pages\/60\/revisions\/2614"}],"up":[{"embeddable":true,"href":"https:\/\/ent2d.ac-bordeaux.fr\/disciplines\/musique\/wp-json\/wp\/v2\/pages\/29"}],"wp:attachment":[{"href":"https:\/\/ent2d.ac-bordeaux.fr\/disciplines\/musique\/wp-json\/wp\/v2\/media?parent=60"}],"curies":[{"name":"wp","href":"https:\/\/api.w.org\/{rel}","templated":true}]}}