{"id":52,"date":"2017-04-29T12:39:23","date_gmt":"2017-04-29T10:39:23","guid":{"rendered":"https:\/\/ent2d.ac-bordeaux.fr\/disciplines\/musique\/?page_id=52"},"modified":"2020-04-28T18:17:52","modified_gmt":"2020-04-28T16:17:52","slug":"edubase","status":"publish","type":"page","link":"https:\/\/ent2d.ac-bordeaux.fr\/disciplines\/musique\/usages-du-numerique\/edubase\/","title":{"rendered":"\u00c9dubase"},"content":{"rendered":"<hr \/>\n<h2><strong>Base de donn\u00e9es Inter-Acad\u00e9miques<\/strong><\/h2>\n<p><strong>\u25ba EDU&rsquo;BASE \u00c9ducation Musicale<\/strong><\/p>\n<p><a href=\"https:\/\/eduscol.education.fr\/cid57544\/edubase.html\" target=\"_blank\" rel=\"noopener noreferrer\"><img loading=\"lazy\" decoding=\"async\" class=\"alignleft wp-image-1287\" src=\"https:\/\/ent2d.ac-bordeaux.fr\/disciplines\/musique\/wp-content\/uploads\/sites\/32\/2019\/12\/logo_edubase_20181-300x222.png\" alt=\"\" width=\"194\" height=\"144\" srcset=\"https:\/\/ent2d.ac-bordeaux.fr\/disciplines\/musique\/wp-content\/uploads\/sites\/32\/2019\/12\/logo_edubase_20181-300x222.png 300w, https:\/\/ent2d.ac-bordeaux.fr\/disciplines\/musique\/wp-content\/uploads\/sites\/32\/2019\/12\/logo_edubase_20181.png 500w\" sizes=\"auto, (max-width: 194px) 100vw, 194px\" \/><\/a><\/p>\n<p class=\"justif\">Accessible via <a href=\"https:\/\/eduscol.education.fr\/\" target=\"_blank\" rel=\"noopener noreferrer\">Eduscol<\/a>, depuis sa r\u00e9novation en 2018, le service Edubase propose un ensemble de ressources destin\u00e9es \u00e0 accompagner la mise en \u0153uvre de d\u00e9marches p\u00e9dagogiques mobilisant le num\u00e9rique, sous forme de fiches r\u00e9sum\u00e9 pointant vers le site acad\u00e9mique qui les h\u00e9berge.<\/p>\n<p class=\"justif\">La <a href=\"https:\/\/edubase.eduscol.education.fr\/recherche?discipline[0]=%C3%89ducation%20musicale\" target=\"_blank\" rel=\"noopener noreferrer\">discipline \u00c9ducation Musicale<\/a> y est pr\u00e9sente, avec une ensemble de plus de 70 fiches proposant des exp\u00e9riences p\u00e9dagogiques et des ressources d&rsquo;une grande richesse : \u00e0 visiter sans mod\u00e9ration!<\/p>\n","protected":false},"excerpt":{"rendered":"<h2>Base de donn\u00e9es Inter-Acad\u00e9miques<\/h2>\n<p>\u25ba EDU&rsquo;BASE \u00c9ducation Musicale<\/p>\n<\/p>\n<p class=\"justif\">Accessible via Eduscol, depuis sa r\u00e9novation en 2018, le service Edubase propose un ensemble de ressources destin\u00e9es \u00e0 accompagner la mise en \u0153uvre de d\u00e9marches p\u00e9dagogiques mobilisant le num\u00e9rique, sous forme de fiches r\u00e9sum\u00e9 pointant vers le site acad\u00e9mique qui les h\u00e9berge.<\/p>\n<p class=\"justif\">La discipline &hellip; <\/p>\n<p><a class=\"more-link block-button\" href=\"https:\/\/ent2d.ac-bordeaux.fr\/disciplines\/musique\/usages-du-numerique\/edubase\/\">Lire la Suite &raquo;<\/a><\/p>\n","protected":false},"author":178,"featured_media":0,"parent":31,"menu_order":2,"comment_status":"closed","ping_status":"closed","template":"","meta":{"footnotes":""},"class_list":["post-52","page","type-page","status-publish","hentry","nodate"],"_links":{"self":[{"href":"https:\/\/ent2d.ac-bordeaux.fr\/disciplines\/musique\/wp-json\/wp\/v2\/pages\/52","targetHints":{"allow":["GET"]}}],"collection":[{"href":"https:\/\/ent2d.ac-bordeaux.fr\/disciplines\/musique\/wp-json\/wp\/v2\/pages"}],"about":[{"href":"https:\/\/ent2d.ac-bordeaux.fr\/disciplines\/musique\/wp-json\/wp\/v2\/types\/page"}],"author":[{"embeddable":true,"href":"https:\/\/ent2d.ac-bordeaux.fr\/disciplines\/musique\/wp-json\/wp\/v2\/users\/178"}],"replies":[{"embeddable":true,"href":"https:\/\/ent2d.ac-bordeaux.fr\/disciplines\/musique\/wp-json\/wp\/v2\/comments?post=52"}],"version-history":[{"count":10,"href":"https:\/\/ent2d.ac-bordeaux.fr\/disciplines\/musique\/wp-json\/wp\/v2\/pages\/52\/revisions"}],"predecessor-version":[{"id":1289,"href":"https:\/\/ent2d.ac-bordeaux.fr\/disciplines\/musique\/wp-json\/wp\/v2\/pages\/52\/revisions\/1289"}],"up":[{"embeddable":true,"href":"https:\/\/ent2d.ac-bordeaux.fr\/disciplines\/musique\/wp-json\/wp\/v2\/pages\/31"}],"wp:attachment":[{"href":"https:\/\/ent2d.ac-bordeaux.fr\/disciplines\/musique\/wp-json\/wp\/v2\/media?parent=52"}],"curies":[{"name":"wp","href":"https:\/\/api.w.org\/{rel}","templated":true}]}}