{"id":48,"date":"2017-04-29T12:37:47","date_gmt":"2017-04-29T10:37:47","guid":{"rendered":"https:\/\/ent2d.ac-bordeaux.fr\/disciplines\/musique\/?page_id=48"},"modified":"2024-03-10T12:41:43","modified_gmt":"2024-03-10T11:41:43","slug":"sequences","status":"publish","type":"page","link":"https:\/\/ent2d.ac-bordeaux.fr\/disciplines\/musique\/college\/sequences\/","title":{"rendered":"Coll\u00e8ge &#8211; S\u00e9quences &#8211; Ressources"},"content":{"rendered":"<hr \/>\n<h2><strong>En pr\u00e9ambule<\/strong><\/h2>\n<p class=\"justif\">Les s\u00e9quences pr\u00e9sent\u00e9es ci-dessous, \u00e9labor\u00e9es par des professeurs d&rsquo;\u00c9ducation musicale et Chant Choral de l&rsquo;Acad\u00e9mie de Bordeaux, constituent des exemples de mise en application des pr\u00e9c\u00e9dents programmes de coll\u00e8ge. Elles peuvent cependant \u00eatre enti\u00e8rement r\u00e9adapt\u00e9es dans le cadre des <span class=\"surligne\">nouveaux programmes<\/span>, pour lesquels on trouvera d\u2019autres exemples \u00e9labor\u00e9s lors des journ\u00e9es de formation sur la <a href=\"https:\/\/ent2d.ac-bordeaux.fr\/disciplines\/musique\/pedagogie\/pedago-programmes\/\" target=\"_blank\" rel=\"noopener noreferrer\">page d\u00e9di\u00e9e<\/a>. Ces s\u00e9quences, sous forme de pr\u00e9sentations multim\u00e9dia ou dans un dossier regroupant plusieurs documents*,\u00a0 sont propos\u00e9es dans un format \u00ab\u00a0ouvert\u00a0\u00bb\u00a0 laissant \u00e0 chacun une grande libert\u00e9 d&rsquo;action.<br \/>\nQuelques ressources compl\u00e9mentaires sont \u00e9galement disponibles en derni\u00e8re page.<\/p>\n<p>*<em>fiches objectifs, professeur et \u00e9l\u00e8ve, partition du chant, r\u00e9f\u00e9rences des \u00e9coutes&#8230;<\/em><!--nextpage--><\/p>\n<h2><strong>S\u00e9quences niveau 6<sup>\u00e8me<\/sup><\/strong><\/h2>\n<ul>\n<li class=\"justif\"><em>Temps lisse, temps stri\u00e9<\/em> : une s\u00e9quence autour de la pulsation, propos\u00e9e par Didier Lonca sous forme d&rsquo;une pr\u00e9sentation pr\u00e9sentation compl\u00e8te, au format <em>Open Office<\/em>.<br \/>\n<a href=\"https:\/\/drive.google.com\/drive\/folders\/0B6ZYofcGspRcSi1WaGtFTXhvejA?resourcekey=0-MmgPA2fhKaHH1d3Y1-cd1g&amp;usp=sharing\" target=\"_blank\" rel=\"noopener noreferrer\">T\u00e9l\u00e9charger la pr\u00e9sentation (114 Mo)<\/a><\/li>\n<\/ul>\n<p><!--nextpage--><\/p>\n<h2><strong>S\u00e9quences niveau 5<sup>\u00e8me<\/sup><\/strong><\/h2>\n<ul>\n<li class=\"justif\"><em>Le Blues<\/em> : Propos\u00e9e par Michel Dufreix : une s\u00e9quence compl\u00e8te autour de l&rsquo;esth\u00e9tique et des \u00e9l\u00e9ments techniques du blues (ensemble de fiches r\u00e9unies dans un dossier .zip) prolong\u00e9e par une activit\u00e9 de cr\u00e9ation sur la grille du blues \u00e0 retrouver dans la rubrique <a href=\"https:\/\/ent2d.ac-bordeaux.fr\/disciplines\/musique\/tice\/exemples-pratiques\/\" target=\"_blank\" rel=\"noopener noreferrer\">Tice\/Exemples pratiques<\/a>.<br \/>\n<a href=\"https:\/\/drive.google.com\/drive\/folders\/0B6ZYofcGspRcSi1WaGtFTXhvejA?resourcekey=0-MmgPA2fhKaHH1d3Y1-cd1g&amp;usp=sharing\" target=\"_blank\" rel=\"noopener noreferrer\">T\u00e9l\u00e9charger le dossier (1 Mo)<\/a><\/li>\n<\/ul>\n<p><!--nextpage--><\/p>\n<h2><strong>S\u00e9quences niveau 4<sup>\u00e8me<\/sup><\/strong><\/h2>\n<ul>\n<li class=\"justif\"><span class=\"surligne\">Nouveau :<\/span> <em>Pr\u00e9vention des risques auditifs<\/em> : une s\u00e9quence, propos\u00e9e par Christophe Suarez autour de l&rsquo;oreille, son fonctionnement, et les moyens de la prot\u00e9ger. Pr\u00e9sentation en ligne au format <em>genial.ly<\/em>.<br \/>\n<a href=\"https:\/\/view.genial.ly\/5ed61069bacf2c0da6554fee\/presentation-prevention-des-risques-auditifs\" target=\"_blank\" rel=\"noopener noreferrer\">Acc\u00e9der \u00e0 la pr\u00e9sentation<\/a><\/li>\n<li class=\"justif\"><em>La voix dans la musique contemporaine : du Pierrot Lunaire de Schoenberg aux R\u00e9citations de Georges Aperghis<\/em>, cette s\u00e9quence, propos\u00e9e par Franck Artigas, est une pr\u00e9sentation multim\u00e9dia compl\u00e8te, au format <em>Open Office<\/em>.<br \/>\n<a href=\"https:\/\/drive.google.com\/drive\/folders\/0B6ZYofcGspRcSi1WaGtFTXhvejA?resourcekey=0-MmgPA2fhKaHH1d3Y1-cd1g&amp;usp=sharing\" target=\"_blank\" rel=\"noopener noreferrer\">T\u00e9l\u00e9charger la pr\u00e9sentation (30 Mo)<\/a><\/li>\n<li class=\"justif\"><em>La Marseillaise<\/em> : \u0153uvre, d\u00e9tournement, cr\u00e9ation ; une s\u00e9quence multim\u00e9dia autour de l&rsquo;hymne national propos\u00e9e par Jean-Claude Boudet (format <em>Open Office<\/em>).<br \/>\n<a href=\"https:\/\/drive.google.com\/open?id=0B6ZYofcGspRcUW1LcXNhRGhPNkU\" target=\"_blank\" rel=\"noopener noreferrer\">T\u00e9l\u00e9charger la pr\u00e9sentation (56 Mo)<\/a><\/li>\n<li class=\"justif\"><em>Musique et images<\/em> : analyse comparative de 2 s\u00e9quences filmiques ayant pour support musical la chanson <em>Raindrops keep falling on my head<\/em> : s\u00e9quence multim\u00e9dia compl\u00e8te au format <em>Open Office<\/em>, propos\u00e9e par Didier Lonca.<br \/>\n<a href=\"https:\/\/drive.google.com\/drive\/folders\/0B6ZYofcGspRcSi1WaGtFTXhvejA?resourcekey=0-MmgPA2fhKaHH1d3Y1-cd1g&amp;usp=sharing\" target=\"_blank\" rel=\"noopener noreferrer\">T\u00e9l\u00e9charger la pr\u00e9sentation (129 Mo)<\/a><\/li>\n<\/ul>\n<p><!--nextpage--><\/p>\n<h2><strong>S\u00e9quences niveau 3<sup>\u00e8me<\/sup><\/strong><\/h2>\n<ul>\n<li class=\"justif\"><em>Le Blues<\/em> : Propos\u00e9e par Marc Bouny : une s\u00e9quence compl\u00e8te autour de l&rsquo;esth\u00e9tique et des \u00e9l\u00e9ments techniques du blues et avec une attention toute particuli\u00e8re port\u00e9e \u00e0 la \u00ab\u00a0grille\u00a0\u00bb. Cette pr\u00e9sentation multim\u00e9dia est au format <em>Open Office<\/em>.<br \/>\n<a href=\"https:\/\/drive.google.com\/drive\/folders\/0B6ZYofcGspRcSi1WaGtFTXhvejA?resourcekey=0-MmgPA2fhKaHH1d3Y1-cd1g&amp;usp=sharing\" target=\"_blank\" rel=\"noopener noreferrer\">T\u00e9l\u00e9charger la pr\u00e9sentation (277 Mo)<\/a><\/li>\n<\/ul>\n<p><!--nextpage--><\/p>\n<h2><strong>S\u00e9quences \u00ab\u00a0HIDA\u00a0\u00bb<\/strong><\/h2>\n<ul>\n<li class=\"justif\"><em>Musique et civilisation grecque<\/em> : une s\u00e9quence 6<sup>\u00e8me<\/sup> propos\u00e9e par Michel Dufreix (ensemble de fiches, r\u00e9unies dans un dossier .zip). L&rsquo;activit\u00e9 de cr\u00e9ation musicale associ\u00e9e est \u00e0 retrouver dans la rubrique <a href=\"https:\/\/ent2d.ac-bordeaux.fr\/disciplines\/musique\/tice\/exemples-pratiques\/\" target=\"_blank\" rel=\"noopener noreferrer\">Tice\/Exemples pratiques<\/a>.<br \/>\n<a href=\"https:\/\/drive.google.com\/drive\/folders\/0B6ZYofcGspRcSi1WaGtFTXhvejA?resourcekey=0-MmgPA2fhKaHH1d3Y1-cd1g&amp;usp=sharing\" target=\"_blank\" rel=\"noopener noreferrer\">T\u00e9l\u00e9charger le dossier (6 Mo)<\/a><\/li>\n<li class=\"justif\">Th\u00e9matique <em>Arts &#8211; \u00c9tat &#8211; Pouvoir<\/em> : une s\u00e9quence 3<sup>\u00e8me<\/sup> sur l&rsquo;\u0153uvre d&rsquo;art et la m\u00e9moire, propos\u00e9e par Michel Dufreix (ensemble de fiches, r\u00e9unies dans un dossier .zip). L&rsquo;activit\u00e9 de cr\u00e9ation musicale associ\u00e9e est \u00e0 retrouver dans la rubrique <a href=\"https:\/\/ent2d.ac-bordeaux.fr\/disciplines\/musique\/tice\/exemples-pratiques\/\" target=\"_blank\" rel=\"noopener noreferrer\">Tice\/Exemples pratiques<\/a>.<br \/>\n<a href=\"https:\/\/drive.google.com\/drive\/folders\/0B6ZYofcGspRcSi1WaGtFTXhvejA?resourcekey=0-MmgPA2fhKaHH1d3Y1-cd1g&amp;usp=sharing\" target=\"_blank\" rel=\"noopener noreferrer\">T\u00e9l\u00e9charger le dossier (5 Mo)<\/a><\/li>\n<\/ul>\n<p><!--nextpage--><\/p>\n<h2><strong>Un compl\u00e9ment pour les cours<\/strong><\/h2>\n<p class=\"justif\">Les fiches, analyses, pr\u00e9sentations ou documents propos\u00e9s ci-dessous constituent une base de ressources compl\u00e9mentaires. Utilisables en coll\u00e8ge ou au lyc\u00e9e, elles sont autant de pistes de travail permettant d&rsquo;\u00e9laborer ou venant en compl\u00e9ment d&rsquo;un cours ou d&rsquo;une s\u00e9quence.<\/p>\n<h5><strong>\u25ba Les pr\u00e9sentations multim\u00e9dia<\/strong><\/h5>\n<ul>\n<li class=\"justif\"><em>Berberian Stripsody<\/em> : pr\u00e9sentation multim\u00e9dia proposant un travail d&rsquo;\u00e9coute, de pratique vocale et de cr\u00e9ation autour de la pi\u00e8ce de Cathy Berberian <em>Stripsody<\/em>. Auteur : Thierry Alla. <a href=\"https:\/\/drive.google.com\/drive\/folders\/0B6ZYofcGspRcSi1WaGtFTXhvejA?resourcekey=0-MmgPA2fhKaHH1d3Y1-cd1g&amp;usp=sharing\" target=\"_blank\" rel=\"noopener noreferrer\">T\u00e9l\u00e9charger la pr\u00e9sentation<\/a>. (84 Mo)<\/li>\n<li class=\"justif\"><em>5 sons pour une plan\u00e8te<\/em> : pr\u00e9sentation multim\u00e9dia autour de la gamme pentatonique (format Open Office). Auteur : Didier Lonca. <a href=\"https:\/\/drive.google.com\/drive\/folders\/0B6ZYofcGspRcSi1WaGtFTXhvejA?resourcekey=0-MmgPA2fhKaHH1d3Y1-cd1g&amp;usp=sharing\" target=\"_blank\" rel=\"noopener noreferrer\">T\u00e9l\u00e9charger la pr\u00e9sentation<\/a>. (124 Mo)<\/li>\n<\/ul>\n<h5><strong>\u25ba Les pr\u00e9sentations html<\/strong><\/h5>\n<ul>\n<li class=\"justif\"><em>Webern 5 pi\u00e8ces op.10<\/em> : analyse au format html adapt\u00e9e pour le coll\u00e8ge (d\u00e9compresser l\u2019archive, puis cliquer sur le fichier.html). Auteur : Thierry Alla. <a href=\"https:\/\/ent2d.ac-bordeaux.fr\/disciplines\/musique\/wp-content\/uploads\/sites\/32\/2017\/07\/webern_op10_college.zip\" target=\"_blank\" rel=\"noopener noreferrer\">T\u00e9l\u00e9charger<\/a><\/li>\n<li class=\"justif\"><em>J.S Bach, Aria de la Suite en R\u00e9 M<\/em> : analyse au format html (d\u00e9compresser l\u2019archive, puis cliquer sur le fichier.html). Auteur : Didier Lonca. <a href=\"https:\/\/ent2d.ac-bordeaux.fr\/disciplines\/musique\/wp-content\/uploads\/sites\/32\/2017\/07\/bach_aria.zip\" target=\"_blank\" rel=\"noopener noreferrer\">T\u00e9l\u00e9charger<\/a><\/li>\n<\/ul>\n<p><!--nextpage--><\/p>\n<h2><strong>Dossier p\u00e9dagogique sur le Film <em>Bol\u00e9ro &#8211; Le myst\u00e8re Ravel<\/em><\/strong><\/h2>\n<p><a href=\"https:\/\/ent2d.ac-bordeaux.fr\/disciplines\/musique\/wp-content\/uploads\/sites\/32\/2024\/03\/Bole\u0301ro-de-Ravel-dossier-pedagogique.pdf\" target=\"_blank\" rel=\"noopener\"><img loading=\"lazy\" decoding=\"async\" class=\"alignleft wp-image-3494\" src=\"https:\/\/ent2d.ac-bordeaux.fr\/disciplines\/musique\/wp-content\/uploads\/sites\/32\/2024\/03\/Affiche-le-Bole\u0301ro-le-film.jpg\" alt=\"\" width=\"154\" height=\"231\" \/><\/a><\/p>\n<p class=\"justif\">R\u00e9alis\u00e9 par Anne Fontaine, avec Rapha\u00ebl Personnaz dans le r\u00f4le du compositeur, le film perce le myst\u00e8re Ravel et nous fait d\u00e9couvrir la gen\u00e8se du succ\u00e8s plan\u00e9taire que fut son Bolero.<br \/>\nLe <a href=\"https:\/\/ent2d.ac-bordeaux.fr\/disciplines\/musique\/wp-content\/uploads\/sites\/32\/2024\/03\/Bole\u0301ro-de-Ravel-dossier-pedagogique.pdf\" target=\"_blank\" rel=\"noopener\">dossier p\u00e9dagogique<\/a> du film offre une pr\u00e9sentation d\u00e9taill\u00e9e accompagn\u00e9e d&rsquo;activit\u00e9s sp\u00e9cifiquement con\u00e7ues pour enrichir une s\u00e9quence en \u00c9ducation musicale ou Histoire des arts.<\/p>\n<p><!--nextpage--><\/p>\n<h2><strong>HYMNE OLYMPIQUE, version multirythmique<\/strong><\/h2>\n<p class=\"justif\"><img loading=\"lazy\" decoding=\"async\" class=\"size-medium wp-image-3507 alignright\" src=\"https:\/\/ent2d.ac-bordeaux.fr\/disciplines\/musique\/wp-content\/uploads\/sites\/32\/2024\/03\/Tournage-Hymne-Olympique-version-multirythmique-300x137.jpg\" alt=\"\" width=\"300\" height=\"137\" srcset=\"https:\/\/ent2d.ac-bordeaux.fr\/disciplines\/musique\/wp-content\/uploads\/sites\/32\/2024\/03\/Tournage-Hymne-Olympique-version-multirythmique-300x137.jpg 300w, https:\/\/ent2d.ac-bordeaux.fr\/disciplines\/musique\/wp-content\/uploads\/sites\/32\/2024\/03\/Tournage-Hymne-Olympique-version-multirythmique-768x351.jpg 768w, https:\/\/ent2d.ac-bordeaux.fr\/disciplines\/musique\/wp-content\/uploads\/sites\/32\/2024\/03\/Tournage-Hymne-Olympique-version-multirythmique.jpg 799w\" sizes=\"auto, (max-width: 300px) 100vw, 300px\" \/>Pour prendre part \u00e0 cette ann\u00e9e olympique exceptionnelle et dans la dynamique de l\u2019olympiade culturelle qui vise \u00e0 rapprocher les pratiques artistiques des pratiques sportives, Christophe ROUGIER, professeur d&rsquo;\u00e9ducation musicale et chant choral au Coll\u00e8ge Georges et Marie Bousquet \u00e0 Eymet (Dordogne) et professeur relais \u00e0 la DAAC du rectorat, partage son travail r\u00e9alis\u00e9 sur l&rsquo;Hymne Olympique, dans une version intitul\u00e9e (avec l&rsquo;accord du CIO) \u00ab\u00a0Hymne Olympique, version multirythmique\u00a0\u00bb.<\/p>\n<p>Sous forme de vid\u00e9o (r\u00e9alis\u00e9e en collaboration avec la F\u00e9d\u00e9ration Sportive et Culturelle de France), d\u00e9couvrez cet <a href=\"https:\/\/youtu.be\/8xCi-69Ybyk?si=YAZxPyuiORkL8KSL\" target=\"_blank\" rel=\"noopener\">arrangement de l\u2019Hymne Olympique officiel.<\/a><\/p>\n<p>Les partitions d&rsquo;orchestre et de chant de cet arrangement sont rassembl\u00e9es sur le <a href=\"https:\/\/fr.padlet.com\/chrougier\/hymne-olympique-partitions-6yva0ddw6nyg\" target=\"_blank\" rel=\"noopener\">padlet<\/a> suivant (relay\u00e9 par l&rsquo;association Orchestre \u00e0 l&rsquo;Ecole).<\/p>\n<p>Associ\u00e9e \u00e0 ce clip vid\u00e9o, <a href=\"https:\/\/fr.padlet.com\/chrougier\/hymne-olympique-version-multirythmique-valise-p-dagogique-xmjndisv31az\" target=\"_blank\" rel=\"noopener\">une valise p\u00e9dagogique<\/a> est \u00e9galement mise \u00e0 la disposition de tous.<\/p>\n<p>Cette valise p\u00e9dagogique comprend :<br \/>\n* divers documents d&rsquo;apprentissage des parties de multirythmie &#8211; ballons de basket, b\u00e2tons de rythme, petite chor\u00e9graphie et percussions corporelles<br \/>\n* des fichiers audio et vid\u00e9o de cet arrangement de l&rsquo;hymne olympique pour le travail et l&rsquo;accompagnement des parties chant\u00e9es (3 versions : chant\u00e9e, play back avec guide m\u00e9lodique, play back sans guide m\u00e9lodique)<br \/>\n* des fiches p\u00e9dagogiques<\/p>\n","protected":false},"excerpt":{"rendered":"<h2>En pr\u00e9ambule<\/h2>\n<p class=\"justif\">Les s\u00e9quences pr\u00e9sent\u00e9es ci-dessous, \u00e9labor\u00e9es par des professeurs d&rsquo;\u00c9ducation musicale et Chant Choral de l&rsquo;Acad\u00e9mie de Bordeaux, constituent des exemples de mise en application des pr\u00e9c\u00e9dents programmes de coll\u00e8ge. Elles peuvent cependant \u00eatre enti\u00e8rement r\u00e9adapt\u00e9es dans le cadre des nouveaux programmes, pour lesquels on trouvera d\u2019autres exemples \u00e9labor\u00e9s lors des journ\u00e9es de &hellip; <\/p>\n<p><a class=\"more-link block-button\" href=\"https:\/\/ent2d.ac-bordeaux.fr\/disciplines\/musique\/college\/sequences\/\">Lire la Suite &raquo;<\/a><\/p>\n","protected":false},"author":178,"featured_media":0,"parent":27,"menu_order":3,"comment_status":"closed","ping_status":"closed","template":"","meta":{"footnotes":""},"class_list":["post-48","page","type-page","status-publish","hentry","nodate"],"_links":{"self":[{"href":"https:\/\/ent2d.ac-bordeaux.fr\/disciplines\/musique\/wp-json\/wp\/v2\/pages\/48","targetHints":{"allow":["GET"]}}],"collection":[{"href":"https:\/\/ent2d.ac-bordeaux.fr\/disciplines\/musique\/wp-json\/wp\/v2\/pages"}],"about":[{"href":"https:\/\/ent2d.ac-bordeaux.fr\/disciplines\/musique\/wp-json\/wp\/v2\/types\/page"}],"author":[{"embeddable":true,"href":"https:\/\/ent2d.ac-bordeaux.fr\/disciplines\/musique\/wp-json\/wp\/v2\/users\/178"}],"replies":[{"embeddable":true,"href":"https:\/\/ent2d.ac-bordeaux.fr\/disciplines\/musique\/wp-json\/wp\/v2\/comments?post=48"}],"version-history":[{"count":31,"href":"https:\/\/ent2d.ac-bordeaux.fr\/disciplines\/musique\/wp-json\/wp\/v2\/pages\/48\/revisions"}],"predecessor-version":[{"id":3517,"href":"https:\/\/ent2d.ac-bordeaux.fr\/disciplines\/musique\/wp-json\/wp\/v2\/pages\/48\/revisions\/3517"}],"up":[{"embeddable":true,"href":"https:\/\/ent2d.ac-bordeaux.fr\/disciplines\/musique\/wp-json\/wp\/v2\/pages\/27"}],"wp:attachment":[{"href":"https:\/\/ent2d.ac-bordeaux.fr\/disciplines\/musique\/wp-json\/wp\/v2\/media?parent=48"}],"curies":[{"name":"wp","href":"https:\/\/api.w.org\/{rel}","templated":true}]}}