{"id":46,"date":"2017-04-29T12:35:49","date_gmt":"2017-04-29T10:35:49","guid":{"rendered":"https:\/\/ent2d.ac-bordeaux.fr\/disciplines\/musique\/?page_id=46"},"modified":"2020-04-28T17:50:41","modified_gmt":"2020-04-28T15:50:41","slug":"didactique","status":"publish","type":"page","link":"https:\/\/ent2d.ac-bordeaux.fr\/disciplines\/musique\/infos\/didactique\/","title":{"rendered":"Didactique de la discipline"},"content":{"rendered":"<hr \/>\n<h2><strong>Journ\u00e9es de r\u00e9unions de rentr\u00e9e 2018-2019<\/strong><\/h2>\n<p class=\"justif\">Pr\u00e9sentation au format Powerpoint propos\u00e9e par Jean-Marie Caniard, IA-IPR d&rsquo;\u00c9ducation Musicale et Chant Choral.<\/p>\n<h4><strong>Au sommaire<\/strong><\/h4>\n<ul>\n<li class=\"justif\">Programmes d&rsquo;enseignement<\/li>\n<li class=\"justif\">Le Plan Chorale &#8211; L&rsquo;enseignement facultatif de chant choral<\/li>\n<li class=\"justif\">Rentr\u00e9e en musique &#8211; \u00c9cole en ch\u0153ur &#8211; F\u00eate de la musique<\/li>\n<li class=\"justif\">DNB &#8211; Enseignement facultatif de chant choral au DNB<\/li>\n<li class=\"justif\">Enseignement de la musique au lyc\u00e9e (\u0153uvres au programme &#8211; R\u00e9forme du Bac&#8230;)<\/li>\n<li class=\"justif\">La probl\u00e9matique de s\u00e9quence<\/li>\n<li class=\"justif\">Autres infos pratiques<\/li>\n<\/ul>\n<p><span style=\"color: #808080\">\u25a0 T\u00e9l\u00e9charger le document :\u00a0<\/span><a href=\"https:\/\/ent2d.ac-bordeaux.fr\/disciplines\/musique\/wp-content\/uploads\/sites\/32\/2019\/02\/Rentr\u00e9e-2018_Actualit\u00e9-Education-musicale.ppt\" target=\"_blank\" rel=\"noopener noreferrer\">Rentr\u00e9e-2018_Actualit\u00e9-Education-musicale<\/a><\/p>\n<h2><strong>Ann\u00e9es pr\u00e9c\u00e9dentes<\/strong><\/h2>\n<h5><strong>2017-2018<\/strong><\/h5>\n<p class=\"justif\">Pr\u00e9sentation au format Powerpoint propos\u00e9e par Jean-Marie Caniard, IA-IPR d&rsquo;\u00c9ducation Musicale et Chant Choral : R\u00e9forme de la scolarit\u00e9 obligatoire &#8211; Parcours professionnels &#8211; Cham, DNB, Chorale, PEAC, Socle commun &#8211; Musique au lyc\u00e9e &#8211; Formation continue&#8230;<\/p>\n<p><span style=\"color: #808080\">\u25a0 T\u00e9l\u00e9charger le document :\u00a0<a href=\"https:\/\/ent2d.ac-bordeaux.fr\/disciplines\/musique\/wp-content\/uploads\/sites\/32\/2017\/11\/Rentr\u00e9e-2017_Actualit\u00e9-EN-Edu-mus-et-chant-choral_Acad-Bordeaux.ppt\" target=\"_blank\" rel=\"noopener noreferrer\">Rentr\u00e9e 2017_Actualit\u00e9 EN-Edu mus et chant choral_Acad Bordeaux<\/a><\/span><\/p>\n<h5><strong>2016-2017<\/strong><\/h5>\n<p class=\"justif\">Pr\u00e9sentation au format Powerpoint propos\u00e9e par Sylvie Walczak, IA-IPR d&rsquo;\u00c9ducation Musicale et Chant Choral : Nouveaux programmes &#8211; Nouveaux dispositifs &#8211; LSU, nouveau DNB &#8211; Nouvelles d\u00e9marches, Nouveaux outils&#8230;<\/p>\n<p><span style=\"color: #808080\">\u25a0 T\u00e9l\u00e9charger le document :<\/span> <a href=\"https:\/\/ent2d.ac-bordeaux.fr\/disciplines\/musique\/wp-content\/uploads\/sites\/32\/2017\/04\/Rentree_Education_musicale.pptx\" target=\"_blank\" rel=\"noopener noreferrer\">Rentree_Education_musicale.pptx<\/a><\/p>\n<h5><strong>2015-2016<\/strong><\/h5>\n<p class=\"justif\">Pr\u00e9sentation au format OpenOffice propos\u00e9e par Sylvie Walczak, IA-IPR d&rsquo;\u00c9ducation Musicale et Chant Choral : Quelques pr\u00e9cisions sur la r\u00e9forme des coll\u00e8ges.<\/p>\n<p><span style=\"color: #808080\">\u25a0 T\u00e9l\u00e9charger le document :<\/span> <a href=\"https:\/\/ent2d.ac-bordeaux.fr\/disciplines\/musique\/wp-content\/uploads\/sites\/32\/2017\/04\/reunions_rentree_2015_nouveaux_programmes.odp\" target=\"_blank\" rel=\"noopener noreferrer\">reunions_rentree_2015_nouveaux_programmes.odp<\/a><\/p>\n<h5><strong>2013-2014<\/strong><\/h5>\n<p class=\"justif\">Pr\u00e9sentation au format OpenOffice propos\u00e9e par Sylvie Walczak, IA-IPR d&rsquo;\u00c9ducation Musicale et Chant Choral : ESPE &#8211; parcours EAC &#8211; Socle commun de connaissances, de comp\u00e9tences et de culture &#8211; Charte de la la\u00efcit\u00e9&#8230;<\/p>\n<p>\u25a0 <span style=\"color: #808080\">T\u00e9l\u00e9charger le document :<\/span> reunions_rentree_2013.zip<\/p>\n<h5><strong>2013<\/strong><\/h5>\n<p class=\"justif\">Pr\u00e9sentation au format Open Office propos\u00e9e par Mme Walczak : clarification des comp\u00e9tences, diversification des situations d&rsquo;apprentissage, mise en responsabilit\u00e9 des \u00e9l\u00e8ves&#8230;<br \/>\nCertains documents compl\u00e9mentaires -exercices interactifs cr\u00e9\u00e9s avec Didapage- sont \u00e0 retrouver dans la Rubrique Tice\/Pratiques p\u00e9dagogiques.<\/p>\n<p>\u25a0 <span style=\"color: #808080\">T\u00e9l\u00e9charger le document :<\/span> actualite_de_la_discipline_2013.zip<\/p>\n<p>&nbsp;<\/p>\n<hr \/>\n<h2><strong>Pour s&rsquo;y retrouver dans les textes r\u00e9glementaires&#8230;<\/strong><\/h2>\n<p class=\"justif\">Pr\u00e9sentation au format Open Office propos\u00e9e par Mme Walczak. Plusieurs documents (textes officiels, fiches ou outils) sont directement accessibles depuis la pr\u00e9sentation.<\/p>\n<p>\u25a0 <span style=\"color: #808080\">T\u00e9l\u00e9charger le document :<\/span> presentation_rentree_2011.zip<\/p>\n","protected":false},"excerpt":{"rendered":"<h2>Journ\u00e9es de r\u00e9unions de rentr\u00e9e 2018-2019<\/h2>\n<p class=\"justif\">Pr\u00e9sentation au format Powerpoint propos\u00e9e par Jean-Marie Caniard, IA-IPR d&rsquo;\u00c9ducation Musicale et Chant Choral.<\/p>\n<p> Au sommaire <\/p>\n<ul>\n<li class=\"justif\">Programmes d&rsquo;enseignement<\/li>\n<li class=\"justif\">Le Plan Chorale &#8211; L&rsquo;enseignement facultatif de chant choral<\/li>\n<li class=\"justif\">Rentr\u00e9e en musique &#8211; \u00c9cole en ch\u0153ur &#8211; F\u00eate de la musique<\/li>\n<li class=\"justif\">DNB &#8211; Enseignement facultatif &hellip;\n<p><a class=\"more-link block-button\" href=\"https:\/\/ent2d.ac-bordeaux.fr\/disciplines\/musique\/infos\/didactique\/\">Lire la Suite &raquo;<\/a><\/p>\n<\/li>\n<\/ul>\n","protected":false},"author":178,"featured_media":0,"parent":33,"menu_order":3,"comment_status":"closed","ping_status":"closed","template":"","meta":{"footnotes":""},"class_list":["post-46","page","type-page","status-publish","hentry","nodate"],"_links":{"self":[{"href":"https:\/\/ent2d.ac-bordeaux.fr\/disciplines\/musique\/wp-json\/wp\/v2\/pages\/46","targetHints":{"allow":["GET"]}}],"collection":[{"href":"https:\/\/ent2d.ac-bordeaux.fr\/disciplines\/musique\/wp-json\/wp\/v2\/pages"}],"about":[{"href":"https:\/\/ent2d.ac-bordeaux.fr\/disciplines\/musique\/wp-json\/wp\/v2\/types\/page"}],"author":[{"embeddable":true,"href":"https:\/\/ent2d.ac-bordeaux.fr\/disciplines\/musique\/wp-json\/wp\/v2\/users\/178"}],"replies":[{"embeddable":true,"href":"https:\/\/ent2d.ac-bordeaux.fr\/disciplines\/musique\/wp-json\/wp\/v2\/comments?post=46"}],"version-history":[{"count":21,"href":"https:\/\/ent2d.ac-bordeaux.fr\/disciplines\/musique\/wp-json\/wp\/v2\/pages\/46\/revisions"}],"predecessor-version":[{"id":1532,"href":"https:\/\/ent2d.ac-bordeaux.fr\/disciplines\/musique\/wp-json\/wp\/v2\/pages\/46\/revisions\/1532"}],"up":[{"embeddable":true,"href":"https:\/\/ent2d.ac-bordeaux.fr\/disciplines\/musique\/wp-json\/wp\/v2\/pages\/33"}],"wp:attachment":[{"href":"https:\/\/ent2d.ac-bordeaux.fr\/disciplines\/musique\/wp-json\/wp\/v2\/media?parent=46"}],"curies":[{"name":"wp","href":"https:\/\/api.w.org\/{rel}","templated":true}]}}