{"id":44,"date":"2017-04-29T12:34:28","date_gmt":"2017-04-29T10:34:28","guid":{"rendered":"https:\/\/ent2d.ac-bordeaux.fr\/disciplines\/musique\/?page_id=44"},"modified":"2020-06-05T20:57:02","modified_gmt":"2020-06-05T18:57:02","slug":"programmes","status":"publish","type":"page","link":"https:\/\/ent2d.ac-bordeaux.fr\/disciplines\/musique\/college\/programmes\/","title":{"rendered":"Nouveaux programmes"},"content":{"rendered":"<hr \/>\n<h2><strong>L&rsquo;\u00e9valuation<\/strong><\/h2>\n<h5><strong>\u25ba Documents et pistes de r\u00e9flexion sur l&rsquo;\u00e9valuation propos\u00e9s dans le cadre de la journ\u00e9e de formation J8<\/strong><\/h5>\n<table>\n<tbody>\n<tr>\n<td width=\"25%\"><a href=\"https:\/\/ent2d.ac-bordeaux.fr\/disciplines\/musique\/wp-content\/uploads\/sites\/32\/2017\/04\/diaporama_evaluation.pptx\" target=\"_blank\" rel=\"noopener noreferrer\"><img loading=\"lazy\" decoding=\"async\" class=\"alignleft wp-image-308 size-full\" title=\"Powerpoint Evaluation\" src=\"https:\/\/ent2d.ac-bordeaux.fr\/disciplines\/musique\/wp-content\/uploads\/sites\/32\/2017\/04\/diapo_evaluation.jpg\" alt=\"\" width=\"195\" height=\"130\" \/><\/a><\/td>\n<td width=\"75%\">\n<ul>\n<li class=\"justif\">Le diaporama sur l&rsquo;\u00e9valuation \u00e9labor\u00e9 par Mme Walczak, IA-IPR et pr\u00e9sent\u00e9 lors des journ\u00e9es de formation <span style=\"color: #808080\">(cliquer sur l&rsquo;image ci-contre pour t\u00e9l\u00e9charger la ressource, 3 MO, format Powerpoint)<\/span>.<\/li>\n<\/ul>\n<\/td>\n<\/tr>\n<tr>\n<td width=\"25%\"><a href=\"https:\/\/padlet.com\/Musibisca\/PadletJ8\" target=\"_blank\" rel=\"noopener noreferrer\"><img loading=\"lazy\" decoding=\"async\" class=\"alignleft wp-image-309 size-full\" title=\"Padlet des Ateliers J8\" src=\"https:\/\/ent2d.ac-bordeaux.fr\/disciplines\/musique\/wp-content\/uploads\/sites\/32\/2017\/04\/padlet_evaluation.jpg\" alt=\"\" width=\"195\" height=\"130\" \/><\/a><\/td>\n<td width=\"75%\">\n<ul>\n<li class=\"justif\">Un padlet ressource pour des pistes et des outils autour de l&rsquo;\u00e9valuation, propos\u00e9s ou \u00e9labor\u00e9s dans les ateliers des diff\u00e9rentes journ\u00e9es d\u00e9partementales de formation <span style=\"color: #808080\">(cliquer sur l&rsquo;image ci-contre pour acc\u00e9der au padlet)<\/span>.<\/li>\n<\/ul>\n<\/td>\n<\/tr>\n<\/tbody>\n<\/table>\n<h2>\u00a0<strong>Pistes p\u00e9dagogiques et outils<\/strong><\/h2>\n<h5><strong>\u25ba Travaux r\u00e9alis\u00e9s dans les ateliers pendant les journ\u00e9es de formation<\/strong><\/h5>\n<table>\n<tbody>\n<tr>\n<td width=\"25%\"><a href=\"https:\/\/fr.padlet.com\/Musibisca\/J1J2\" target=\"_blank\" rel=\"noopener noreferrer\"><img loading=\"lazy\" decoding=\"async\" class=\"alignleft wp-image-310 size-full\" title=\"Padlet des ressources J1J2\" src=\"https:\/\/ent2d.ac-bordeaux.fr\/disciplines\/musique\/wp-content\/uploads\/sites\/32\/2017\/04\/padlet_ressources_np.jpg\" alt=\"\" width=\"195\" height=\"130\" \/><\/a><\/td>\n<td width=\"75%\">\n<ul>\n<li class=\"justif\">Le padlet des ressources \u00e9labor\u00e9es dans les ateliers des diff\u00e9rentes journ\u00e9es d\u00e9partementales de formation, mis en forme et \u00e0 disposition par B\u00e9atrice Cartron <span style=\"color: #808080\">(cliquer sur l&rsquo;image ci-contre pour acc\u00e9der au padlet)<\/span>.<\/li>\n<\/ul>\n<\/td>\n<\/tr>\n<\/tbody>\n<\/table>\n<h5><strong>\u25ba Ressources : Le site Edmus-connect<\/strong><\/h5>\n<table>\n<tbody>\n<tr>\n<td width=\"25%\"><a href=\"http:\/\/edmus-connect.fr\/Capsules.html\" target=\"_blank\" rel=\"noopener noreferrer\"><img loading=\"lazy\" decoding=\"async\" class=\"alignleft wp-image-311 size-full\" title=\"Site des capsules EdMus\" src=\"https:\/\/ent2d.ac-bordeaux.fr\/disciplines\/musique\/wp-content\/uploads\/sites\/32\/2017\/04\/site_edmusconnect.jpg\" alt=\"\" width=\"195\" height=\"130\" \/><\/a><\/td>\n<td width=\"75%\">\n<ul>\n<li class=\"justif\">Le site des capsules vid\u00e9o r\u00e9alis\u00e9es par l&rsquo;\u00e9quipe classe invers\u00e9e, que nous remercions pour ce partage <span style=\"color: #808080\">(cliquer sur l&rsquo;image ci-contre pour acc\u00e9der \u00e0 la page)<\/span>.<\/li>\n<\/ul>\n<\/td>\n<\/tr>\n<\/tbody>\n<\/table>\n<h5><strong>\u25ba La classe invers\u00e9e<\/strong><\/h5>\n<p class=\"justif\">Plusieurs coll\u00e8gues de l&rsquo;Acad\u00e9mie de Bordeaux exp\u00e9rimentent la p\u00e9dagogie de la classe invers\u00e9e. R\u00e9mi Mass\u00e9 et Philippe Lemoine ont accept\u00e9 de mettre en partage leur r\u00e9flexion personnelle : qu&rsquo;ils en soient ici vivement remerci\u00e9s. Vous \u00eates libres de regarder, de vous inspirer ou d&#8217;emprunter des \u00e9l\u00e9ments de cet immense travail de d\u00e9fricheurs, \u00e0 condition bien s\u00fbr de citer vos sources dans vos propres r\u00e9alisations et \u00e9ventuellement en envoyant un petit message amical aux concepteurs.<\/p>\n<ul>\n<li>Le padlet de R\u00e9mi Mass\u00e9 : <a href=\"https:\/\/fr.padlet.com\/Imer\/padletdespadlet\" target=\"_blank\" rel=\"noopener noreferrer\">Voir en ligne<\/a><\/li>\n<li>Le padlet de Philippe Lemoine : <a href=\"https:\/\/fr.padlet.com\/monsieurlemoine\/musique\" target=\"_blank\" rel=\"noopener noreferrer\">Voir en ligne<\/a> (acc\u00e8s par mot de passe)<\/li>\n<\/ul>\n<h5><strong>\u25ba Les \u00eelots ludifi\u00e9s<\/strong><\/h5>\n<ul>\n<li>Pr\u00e9sentation de deux jeux de fiches de r\u00f4les, r\u00e9alis\u00e9s par R\u00e9mi Mass\u00e9 et B\u00e9atrice Cartron, \u00e0 <a href=\"https:\/\/padlet.com\/Musibisca\/Ludification\" target=\"_blank\" rel=\"noopener noreferrer\">consulter en ligne sur le padlet d\u00e9di\u00e9<\/a>.<\/li>\n<\/ul>\n<h2><strong>Document de pr\u00e9sentation, textes et ressources d&rsquo;accompagnement<br \/>\n<\/strong><\/h2>\n<h4><em>Le document de pr\u00e9sentation de Mme Walczak<\/em><\/h4>\n<ul>\n<li class=\"justif\">Le document explicatif pr\u00e9sent\u00e9 par Mme Walczak lors des r\u00e9unions de rentr\u00e9e peut \u00eatre <a href=\"https:\/\/ent2d.ac-bordeaux.fr\/disciplines\/musique\/wp-content\/uploads\/sites\/32\/2017\/04\/reunions_rentree_2015_nouveaux_programmes.odp\" target=\"_blank\" rel=\"noopener noreferrer\">t\u00e9l\u00e9charg\u00e9 ici<\/a>.<\/li>\n<\/ul>\n<h4><em>Les textes<\/em><\/h4>\n<ul>\n<li class=\"justif\">Les textes des nouveaux programmes sont consultables en ligne ou t\u00e9l\u00e9chargeables sur le<br \/>\n<a href=\"http:\/\/www.education.gouv.fr\/pid285\/bulletin_officiel.html?pid_bo=33400\" target=\"_blank\" rel=\"noopener noreferrer\">site du minist\u00e8re<\/a>.<\/li>\n<\/ul>\n<h4><em>Les ressources d&rsquo;accompagnement<\/em><\/h4>\n<ul>\n<li class=\"justif\">Les ressources d&rsquo;accompagnement des nouveaux programmes sont consultables en ligne ou t\u00e9l\u00e9chargeables sur le<br \/>\n<a href=\"http:\/\/eduscol.education.fr\/pid34176-cid99287\/ressources-d-accompagnement-enseignements-artistiques-aux-cycles-2-et-3.html\" target=\"_blank\" rel=\"noopener noreferrer\">site du minist\u00e8re<\/a>.<\/li>\n<\/ul>\n","protected":false},"excerpt":{"rendered":"<h2>L&rsquo;\u00e9valuation<\/h2>\n<h5>\u25ba Documents et pistes de r\u00e9flexion sur l&rsquo;\u00e9valuation propos\u00e9s dans le cadre de la journ\u00e9e de formation J8<\/h5>\n<ul>\n<li class=\"justif\">Le diaporama sur l&rsquo;\u00e9valuation \u00e9labor\u00e9 par Mme Walczak, IA-IPR et pr\u00e9sent\u00e9 lors des journ\u00e9es de formation (cliquer sur l&rsquo;image ci-contre pour t\u00e9l\u00e9charger la ressource, 3 MO, format Powerpoint).<\/li>\n<\/ul>\n<ul>\n<li class=\"justif\">Un padlet ressource &hellip;\n<p><a class=\"more-link block-button\" href=\"https:\/\/ent2d.ac-bordeaux.fr\/disciplines\/musique\/college\/programmes\/\">Lire la Suite &raquo;<\/a><\/p>\n<\/li>\n<\/ul>\n","protected":false},"author":178,"featured_media":0,"parent":27,"menu_order":2,"comment_status":"closed","ping_status":"closed","template":"","meta":{"footnotes":""},"class_list":["post-44","page","type-page","status-publish","hentry","nodate"],"_links":{"self":[{"href":"https:\/\/ent2d.ac-bordeaux.fr\/disciplines\/musique\/wp-json\/wp\/v2\/pages\/44","targetHints":{"allow":["GET"]}}],"collection":[{"href":"https:\/\/ent2d.ac-bordeaux.fr\/disciplines\/musique\/wp-json\/wp\/v2\/pages"}],"about":[{"href":"https:\/\/ent2d.ac-bordeaux.fr\/disciplines\/musique\/wp-json\/wp\/v2\/types\/page"}],"author":[{"embeddable":true,"href":"https:\/\/ent2d.ac-bordeaux.fr\/disciplines\/musique\/wp-json\/wp\/v2\/users\/178"}],"replies":[{"embeddable":true,"href":"https:\/\/ent2d.ac-bordeaux.fr\/disciplines\/musique\/wp-json\/wp\/v2\/comments?post=44"}],"version-history":[{"count":34,"href":"https:\/\/ent2d.ac-bordeaux.fr\/disciplines\/musique\/wp-json\/wp\/v2\/pages\/44\/revisions"}],"predecessor-version":[{"id":1534,"href":"https:\/\/ent2d.ac-bordeaux.fr\/disciplines\/musique\/wp-json\/wp\/v2\/pages\/44\/revisions\/1534"}],"up":[{"embeddable":true,"href":"https:\/\/ent2d.ac-bordeaux.fr\/disciplines\/musique\/wp-json\/wp\/v2\/pages\/27"}],"wp:attachment":[{"href":"https:\/\/ent2d.ac-bordeaux.fr\/disciplines\/musique\/wp-json\/wp\/v2\/media?parent=44"}],"curies":[{"name":"wp","href":"https:\/\/api.w.org\/{rel}","templated":true}]}}