{"id":3969,"date":"2025-12-17T16:11:44","date_gmt":"2025-12-17T15:11:44","guid":{"rendered":"https:\/\/ent2d.ac-bordeaux.fr\/disciplines\/musique\/?page_id=3969"},"modified":"2025-12-17T16:26:10","modified_gmt":"2025-12-17T15:26:10","slug":"line-education-musicale","status":"publish","type":"page","link":"https:\/\/ent2d.ac-bordeaux.fr\/disciplines\/musique\/line-education-musicale\/","title":{"rendered":"LINE \u00e9ducation musicale"},"content":{"rendered":"<h2><span style=\"color: #ff0000\"><strong><span class=\"surligne\">NOUVEAU :<\/span> <span style=\"color: #000000\">La Lettre d&rsquo;Information du Num\u00e9rique \u00c9ducatif \u00e9ducation musicale<br \/>\n<\/span><\/strong><\/span><\/h2>\n<p class=\"justif\"><img loading=\"lazy\" decoding=\"async\" class=\"alignright size-medium wp-image-3965\" src=\"https:\/\/ent2d.ac-bordeaux.fr\/disciplines\/musique\/wp-content\/uploads\/sites\/32\/2025\/12\/Logo-LINE-300x85.png\" alt=\"\" width=\"300\" height=\"85\" srcset=\"https:\/\/ent2d.ac-bordeaux.fr\/disciplines\/musique\/wp-content\/uploads\/sites\/32\/2025\/12\/Logo-LINE-300x85.png 300w, https:\/\/ent2d.ac-bordeaux.fr\/disciplines\/musique\/wp-content\/uploads\/sites\/32\/2025\/12\/Logo-LINE-768x217.png 768w, https:\/\/ent2d.ac-bordeaux.fr\/disciplines\/musique\/wp-content\/uploads\/sites\/32\/2025\/12\/Logo-LINE-1536x433.png 1536w, https:\/\/ent2d.ac-bordeaux.fr\/disciplines\/musique\/wp-content\/uploads\/sites\/32\/2025\/12\/Logo-LINE.png 1024w\" sizes=\"auto, (max-width: 300px) 100vw, 300px\" \/>La Lettre d\u2019information du Num\u00e9rique \u00c9ducatif (LINE) est con\u00e7ue par trois professeurs d\u2019\u00e9ducation musicale engag\u00e9s dans la mission d\u2019interlocuteurs acad\u00e9miques pour le num\u00e9rique (IAN) aupr\u00e8s du Service r\u00e9gional acad\u00e9mique du num\u00e9rique \u00e9ducatif (SRANE) et des IA-IPR des acad\u00e9mies de Limoges, Poitiers et Bordeaux. Nous adressons nos sinc\u00e8res remerciements \u00e0 ces coll\u00e8gues pour la qualit\u00e9 de ce travail, et tout particuli\u00e8rement \u00e0 M. Audric Chassaing, repr\u00e9sentant de l\u2019acad\u00e9mie de Bordeaux. Cette lettre propose des pistes p\u00e9dagogiques stimulantes et des ressources num\u00e9riques riches et engageantes, destin\u00e9es \u00e0 accompagner les enseignants dans la conception et la mise en \u0153uvre de leurs s\u00e9quences d\u2019enseignement en \u00e9ducation musicale.<\/p>\n<ul>\n<li><a href=\"https:\/\/drive.google.com\/file\/d\/1wQvR3uV7aCwUbjtAvkqo8adfYKODfkds\/view?usp=sharing\" target=\"_blank\" rel=\"noopener\">LINE : d\u00e9cembre 2025<\/a><\/li>\n<\/ul>\n","protected":false},"excerpt":{"rendered":"<h2>NOUVEAU : La Lettre d&rsquo;Information du Num\u00e9rique \u00c9ducatif \u00e9ducation musicale <\/h2>\n<p class=\"justif\">La Lettre d\u2019information du Num\u00e9rique \u00c9ducatif (LINE) est con\u00e7ue par trois professeurs d\u2019\u00e9ducation musicale engag\u00e9s dans la mission d\u2019interlocuteurs acad\u00e9miques pour le num\u00e9rique (IAN) aupr\u00e8s du Service r\u00e9gional acad\u00e9mique du num\u00e9rique \u00e9ducatif (SRANE) et des IA-IPR des acad\u00e9mies de Limoges, Poitiers et Bordeaux. &hellip; <\/p>\n<p><a class=\"more-link block-button\" href=\"https:\/\/ent2d.ac-bordeaux.fr\/disciplines\/musique\/line-education-musicale\/\">Lire la Suite &raquo;<\/a><\/p>\n","protected":false},"author":1669,"featured_media":0,"parent":0,"menu_order":0,"comment_status":"closed","ping_status":"closed","template":"","meta":{"footnotes":""},"class_list":["post-3969","page","type-page","status-publish","hentry","nodate"],"_links":{"self":[{"href":"https:\/\/ent2d.ac-bordeaux.fr\/disciplines\/musique\/wp-json\/wp\/v2\/pages\/3969","targetHints":{"allow":["GET"]}}],"collection":[{"href":"https:\/\/ent2d.ac-bordeaux.fr\/disciplines\/musique\/wp-json\/wp\/v2\/pages"}],"about":[{"href":"https:\/\/ent2d.ac-bordeaux.fr\/disciplines\/musique\/wp-json\/wp\/v2\/types\/page"}],"author":[{"embeddable":true,"href":"https:\/\/ent2d.ac-bordeaux.fr\/disciplines\/musique\/wp-json\/wp\/v2\/users\/1669"}],"replies":[{"embeddable":true,"href":"https:\/\/ent2d.ac-bordeaux.fr\/disciplines\/musique\/wp-json\/wp\/v2\/comments?post=3969"}],"version-history":[{"count":3,"href":"https:\/\/ent2d.ac-bordeaux.fr\/disciplines\/musique\/wp-json\/wp\/v2\/pages\/3969\/revisions"}],"predecessor-version":[{"id":3974,"href":"https:\/\/ent2d.ac-bordeaux.fr\/disciplines\/musique\/wp-json\/wp\/v2\/pages\/3969\/revisions\/3974"}],"wp:attachment":[{"href":"https:\/\/ent2d.ac-bordeaux.fr\/disciplines\/musique\/wp-json\/wp\/v2\/media?parent=3969"}],"curies":[{"name":"wp","href":"https:\/\/api.w.org\/{rel}","templated":true}]}}