{"id":3757,"date":"2024-10-02T18:21:29","date_gmt":"2024-10-02T16:21:29","guid":{"rendered":"https:\/\/ent2d.ac-bordeaux.fr\/disciplines\/musique\/?page_id=3757"},"modified":"2024-10-02T18:34:59","modified_gmt":"2024-10-02T16:34:59","slug":"informations","status":"publish","type":"page","link":"https:\/\/ent2d.ac-bordeaux.fr\/disciplines\/musique\/concours-agregation-et-capes\/informations\/","title":{"rendered":"Informations"},"content":{"rendered":"<h3><strong>PR\u00c9-INSCRIPTION \u00c0 LA PR\u00c9PARATION DE L&rsquo;AGR\u00c9GATION INTERNE D&rsquo;EMCC : session 2025<\/strong><\/h3>\n<p class=\"justif\"><strong><em>Musiciennes, cr\u00e9atrices et inspiratrices d&rsquo;hier \u00e0 aujourd&rsquo;hui<\/em><\/strong>&#8230; Tel est le <a href=\"https:\/\/ent2d.ac-bordeaux.fr\/disciplines\/musique\/wp-content\/uploads\/sites\/32\/2024\/05\/agr-gation-interne-section-musique-programme-de-la-session-2025-13761.pdf\" target=\"_blank\" rel=\"noopener\">programme de l\u2019\u00e9preuve d\u2019admissibilit\u00e9 \u00ab Culture musicale et artistique \u00bb<\/a> (CMA) au titre de la session 2025, en lien avec lequel sera con\u00e7u le sujet \u00e0 traiter lors de l\u2019\u00e9preuve.<br \/>\nComme chaque ann\u00e9e, une pr\u00e9paration \u00e0 ce concours est mise en place dans le cadre du plan acad\u00e9mique de formation (PAF). Les professeurs souhaitant b\u00e9n\u00e9ficier de cette pr\u00e9paration peuvent <a href=\"https:\/\/ppe.orion.education.fr\/nouvelleaquitaine\/itw\/answer\/s\/nJPOtjWJZx\/k\/AgregationInterne2025\" target=\"_blank\" rel=\"noopener\">s\u2019inscrire en ligne<\/a> pour le dispositif 2024-2025. Le lien d&rsquo;inscription est fonctionnel jusqu&rsquo;au vendredi 31 mai 2024, au soir.<\/p>\n<p class=\"justif\">Pr\u00e9vue par l&rsquo;EAFC, la formation est destin\u00e9e aux enseignants du public en poste dans l\u2019acad\u00e9mie de Bordeaux. Les enseignants du priv\u00e9 doivent constituer un dossier aupr\u00e8s de FORMIRIS.<br \/>\nSeule l&rsquo;inscription par ce lien permet une mise en \u0153uvre par l&rsquo;EAFC.<\/p>\n<p>Les enseignants qui veulent signaler un probl\u00e8me de saisie sur la plateforme Interview \u00e9crivent \u00e0 l&rsquo;adresse suivante :<br \/>\n<a href=\"mailto:eafc-prepa-concours@ac-bordeaux.fr\">eafc-prepa-concours@ac-bordeaux.fr<\/a>, sujet : \u00ab\u00a0Agr\u00e9gation interne\u00a0\u00bb.<\/p>\n<p>&nbsp;<\/p>\n<hr \/>\n<h3><strong>Retour sur le CAPES interne d&rsquo;EMCC\/CAER session 2023<br \/>\n<\/strong><\/h3>\n<p class=\"justif\"><a href=\"https:\/\/ent2d.ac-bordeaux.fr\/disciplines\/musique\/wp-content\/uploads\/sites\/32\/2023\/12\/capes-interne-section-ducation-musicale-et-chant-choral-rapport-du-jury-de-la-session-2023-11526.pdf\" target=\"_blank\" rel=\"noopener\">Le rapport du CAPES interne d&rsquo;EMCC\/CAER session 2023<\/a> est r\u00e9cemment paru sur le site \u00ab\u00a0Devenir enseignant\u00a0\u00bb. En marge d&rsquo;un rappel d\u00e9taill\u00e9 des textes et programmes officiels cadrant l&rsquo;enseignement de notre discipline \u00e0 l&rsquo;\u00e9cole, au coll\u00e8ge et au lyc\u00e9e, vous trouverez dans ce rapport de nombreuses ressources et pistes p\u00e9dagogiques pouvant nourrir vos propres d\u00e9marches et contenus d&rsquo;enseignement de l&rsquo;\u00e9ducation musicale et du chant choral.<\/p>\n<p class=\"justif\">Vous y trouverez \u00e9galement de pr\u00e9cieux \u00e9l\u00e9ments de r\u00e9flexion pouvant nourrir la v\u00f4tre dans le cadre de la conception des s\u00e9quences p\u00e9dagogiques que vous mettez en \u0153uvre aupr\u00e8s de vos \u00e9l\u00e8ves, comme par exemple l&rsquo;important enjeu consistant \u00e0 probl\u00e9matiser l&rsquo;enseignement de l&rsquo;\u00e9ducation musicale (pages 8 et 9 du rapport).<\/p>\n<p>&nbsp;<\/p>\n<hr \/>\n<h3><strong>PR\u00c9-INSCRIPTION \u00c0 LA PR\u00c9PARATION DE L&rsquo;\u00c9PREUVE D&rsquo;ADMISSIBILIT\u00c9 DU CAPES INTERNE D&rsquo;EMCC : session 2024<\/strong><\/h3>\n<p class=\"justif\">Une pr\u00e9paration aux \u00e9preuves d&rsquo;admissibilit\u00e9 du CAPES interne d&rsquo;EMCC, organis\u00e9e conjointement par l&rsquo;EAFC et supervis\u00e9e par M. CANIARD, IA-IPR de la discipline, est mise \u00e0 la disposition des candidats qui le d\u00e9sirent. Afin de b\u00e9n\u00e9ficier de cette formation, les candidats doivent effectuer une pr\u00e9-inscription en ligne en utilisant <a href=\"https:\/\/portailrh.ac-bordeaux.fr\/sofia-fmo-acad\/default\/session\/preregistrationadd\/globalSessionId\/62170\/tab\/trainee\/pill\/individualTrainingPlan\/infos\/60723|01|S1|2023-10-11_17:00:00|2023-10-11_19:00:00\" target=\"_blank\" rel=\"noopener\">le lien suivant<\/a>, et ce, avant le dimanche 1er octobre 2023 \u00e0 minuit.<br \/>\nPour y acc\u00e9der, les professeurs contractuels doivent \u00eatre en poste et ma\u00eetriser leur messagerie acad\u00e9mique ainsi que leurs identifiants.<\/p>\n<p>&nbsp;<\/p>\n<hr \/>\n<h3><strong>PR\u00c9-INSCRIPTION \u00c0 LA PR\u00c9PARATION DE L&rsquo;AGR\u00c9GATION INTERNE : session 2024<\/strong><\/h3>\n<p class=\"Justif\">Ouvert aux enseignants du public et du priv\u00e9 (sous condition de validation de la candidature par Formiris), le dispositif d&rsquo;accompagnement des professeurs d&rsquo;\u00c9ducation musicale et chant choral \u00e0 la pr\u00e9paration des \u00e9preuves de l&rsquo;agr\u00e9gation interne de musique-CAER mis en place depuis 5 ans dans notre acad\u00e9mie, sera reconduit l&rsquo;ann\u00e9e scolaire prochaine (sous r\u00e9serve d&rsquo;un nombre de professeurs inscrits minimal).<br \/>\nLes pr\u00e9-inscriptions s&rsquo;effectuent actuellement au moyen de ce <a href=\"https:\/\/ppe.orion.education.fr\/nouvelleaquitaine\/itw\/answer\/s\/nJPOtjWJZx\/k\/Preinscription2023\" target=\"_blank\" rel=\"noopener\">formulaire en ligne<\/a>.<\/p>\n<p><strong>La date butoir de cette campagne de pr\u00e9-inscription est fix\u00e9 au 29 mai 2023 au soir.<\/strong><\/p>\n<p class=\"justif\">Pour m\u00e9moire, cette ann\u00e9e scolaire-ci, ce sont 7 journ\u00e9es de travail collectif anim\u00e9es par un professeur formateur qui ont pu \u00eatre programm\u00e9es en pr\u00e9paration des 3 \u00e9preuves d&rsquo;admissibilit\u00e9.<br \/>\nPour rappel, les <a href=\"https:\/\/www.devenirenseignant.gouv.fr\/cid160731\/les-programmes-des-concours-d-enseignants-du-second-degre-de-la-session-2024.html\" target=\"_blank\" rel=\"noopener\">programmes des agr\u00e9gations de musique de la session 2024<\/a> ont \u00e9t\u00e9 publi\u00e9s sur le site DevenirEnseignant. Retrouvez \u00e9galement le programme 2024 de l&rsquo;agr\u00e9gation interne de musique-CAER \/ \u00c9preuve de Culture musical et artistique (CMA) sur ce <a href=\"https:\/\/ent2d.ac-bordeaux.fr\/disciplines\/musique\/wp-content\/uploads\/sites\/32\/2023\/05\/p2024_agreg_int_musique_1430504.pdf\" target=\"_blank\" rel=\"noopener\">document<\/a>.<\/p>\n<p class=\"justif\"><em>M. CANIARD, IA-IPR d&rsquo;\u00e9ducation musicale et chant choral de notre acad\u00e9mie, transmettra ult\u00e9rieurement les modalit\u00e9s de pr\u00e9-inscription au dispositif d&rsquo;accompagnement de la pr\u00e9paration du CAPES interne-CAER d&rsquo;\u00e9ducation musicale et chant choral session 2024.<\/em><\/p>\n<p>&nbsp;<\/p>\n<hr \/>\n<h3><strong>AGR\u00c9GATION INTERNE : Modification de l&rsquo;\u00e9preuve de direction session 2023<\/strong><\/h3>\n<p class=\"justif\">\u00c0 compter de la session 2023, un arr\u00eat\u00e9 publi\u00e9 au JO du 14 septembre modifie l&rsquo;\u00e9preuve de directeur concours de l&rsquo;agr\u00e9gation interne de musique\/CAER comme suit :<\/p>\n<p class=\"justif\">\u00ab Le candidat remet au jury un ensemble de cinq pi\u00e8ces polyphoniques \u00e0 trois voix mixtes (deux voix de femmes, une voix d&rsquo;hommes) qu&rsquo;il doit conna\u00eetre et ma\u00eetriser en vue de mener l&rsquo;apprentissage et l&rsquo;interpr\u00e9tation de l&rsquo;une d&rsquo;entre elles, choisie par le jury, avec l&rsquo;ensemble vocal mis \u00e0 sa disposition durant l&rsquo;\u00e9preuve. Ces cinq pi\u00e8ces polyphoniques peuvent \u00eatre a cappella et\/ ou avec accompagnement piano. Quatre de ces cinq pi\u00e8ces rel\u00e8vent des p\u00e9riodes et\/ ou r\u00e9pertoires diff\u00e9rents suivants :<br \/>\n\u00ab 1. Relevant d&rsquo;une p\u00e9riode ant\u00e9rieure au XVIIIe si\u00e8cle ;<br \/>\n\u00ab 2. Relevant des XVIIIe ou XIXe si\u00e8cles ;<br \/>\n\u00ab 3. Relevant du r\u00e9pertoire savant des XXe et XXIe si\u00e8cles ;<br \/>\n\u00ab 4. Relevant du r\u00e9pertoire des musiques populaires\/ actuelles.<br \/>\n\u00ab La cinqui\u00e8me pi\u00e8ce est un texte original qui peut \u00eatre l&rsquo;arrangement d&rsquo;une \u0153uvre existante et identifi\u00e9e par le candidat ou bien une composition.<\/p>\n<p>\u00ab L&rsquo;une de ces cinq pi\u00e8ces au moins est en langue \u00e9trang\u00e8re. Quelle que soit la pi\u00e8ce choisie par le jury, le candidat peut s&rsquo;il le souhaite en projeter les paroles sur un \u00e9cran dans la salle d&rsquo;\u00e9preuve facilitant la m\u00e9morisation du ch\u0153ur. Dans cette perspective, il fournit au jury une clef USB r\u00e9unissant cinq fichiers PDF portant chacun les paroles des pi\u00e8ces pr\u00e9sent\u00e9es au jury.<br \/>\n\u00ab Le candidat veille \u00e0 choisir des pi\u00e8ces lui permettant de t\u00e9moigner de ses qualit\u00e9s de chef de ch\u0153ur. La dur\u00e9e de chaque pi\u00e8ce doit \u00eatre de quelques minutes permettant au jury de pr\u00e9ciser au candidat le passage particulier qui doit \u00eatre, de fa\u00e7on privil\u00e9gi\u00e9e, appris par le ch\u0153ur.<br \/>\n\u00ab Si la pi\u00e8ce choisie par le jury le permet, aux moments qu&rsquo;il juge opportuns, le candidat peut accompagner l&rsquo;apprentissage et l&rsquo;interpr\u00e9tation du ch\u0153ur \u00e0 l&rsquo;aide du piano mis \u00e0 sa disposition ou d&rsquo;un instrument polyphonique qu&rsquo;il aura apport\u00e9.<br \/>\n\u00ab Lorsqu&rsquo;il se pr\u00e9sente au concours au jour et \u00e0 l&rsquo;heure de sa convocation, le candidat transmet au secr\u00e9tariat du concours un dossier constitu\u00e9 d&rsquo;une page de pr\u00e9sentation listant les pi\u00e8ces propos\u00e9es et de quatre exemplaires de chacune des partitions. Par ailleurs, il garde en sa possession un cinqui\u00e8me exemplaire de chaque partition sur lequel il pourra adosser son travail durant le temps de pr\u00e9paration puis avec le ch\u0153ur durant l&rsquo;\u00e9preuve.<br \/>\n\u00ab Apr\u00e8s avoir pris connaissance du dossier pr\u00e9sent\u00e9 par le candidat, le jury lui annonce le titre de la partition retenue ainsi que le passage s\u00e9lectionn\u00e9 qu&rsquo;il aura \u00e0 apprendre et \u00e0 faire interpr\u00e9ter par le ch\u0153ur durant l&rsquo;\u00e9preuve. Il dispose alors de trente minutes de pr\u00e9paration.<br \/>\n\u00ab L&rsquo;entretien permet au jury d&rsquo;interroger le candidat sur les aspects techniques, artistiques et p\u00e9dagogiques du moment pr\u00e9c\u00e9dent et \u00e9galement sur les crit\u00e8res ayant pr\u00e9sid\u00e9 aux choix des cinq partitions propos\u00e9es au jury.<br \/>\n\u00ab Le candidat dispose d&rsquo;un piano pendant la pr\u00e9paration et pendant la dur\u00e9e de l&rsquo;\u00e9preuve. Il peut \u00e9galement tirer parti d&rsquo;un instrument qu&rsquo;il aura apport\u00e9.<\/p>\n<p>\u00ab Dur\u00e9e de la pr\u00e9paration : trente minutes ; dur\u00e9e de l&rsquo;\u00e9preuve : quarante minutes (vingt minutes pour la direction du ch\u0153ur ; vingt minutes pour l&rsquo;entretien).<br \/>\n\u00ab Coefficient 5. \u00bb<\/p>\n<p>&nbsp;<\/p>\n<hr \/>\n<h3><strong>CAPES session 2023<\/strong><\/h3>\n<p class=\"justif\">Les professeurs non-titulaires ayant pour projet de se pr\u00e9senter au concours du CAPES d&rsquo;Education musicale et chant choral\/CAER (session 2023) ont la possibilit\u00e9 de ne pas \u00eatre seuls pour pr\u00e9parer les \u00e9preuves.<br \/>\nEn effet, depuis plusieurs ann\u00e9es dans notre acad\u00e9mie, un dispositif d&rsquo;accompagnement \u00e0 la pr\u00e9paration aux \u00e9preuves (\u00e9preuve \u00e9crite d&rsquo;admissibilit\u00e9\/\u00e9preuve orale d&rsquo;admission) est mis en place pour notre discipline dans le cadre de l&rsquo;offre de formation de l&rsquo;EAFC.<\/p>\n<p>En accompagnement \u00e0 la pr\u00e9paration de l&rsquo;\u00e9preuve \u00e9crite d&rsquo;admissibilit\u00e9, les travaux seront conduits par M. Jean Bourdoncle et se tiendront :<br \/>\n&#8211; \u00e0 distance, lors de plusieurs visios<br \/>\n&#8211; lors de 2 journ\u00e9es (au moins) en pr\u00e9sentiel (\u00e0 Bordeaux)<\/p>\n<p><b>Les professeurs int\u00e9ress\u00e9s par ce dispositif d&rsquo;aide \u00e0 la pr\u00e9paration du concours doivent se signaler aupr\u00e8s de M. CANIARD, IA-IPR de la discipline\u00a0<u>avant le vendredi 30 septembre 2022<\/u>.<\/b><\/p>\n<p>D&rsquo;autre part, il\u00a0est possible de se pr\u00e9-inscrire au dispositif d&rsquo;accompagnement \u00e0 la pr\u00e9paration des \u00e9preuves, m\u00eame si le candidat potentiel n&rsquo;a pas forc\u00e9ment l&rsquo;intention de se pr\u00e9senter au concours d\u00e8s la session 2023.<\/p>\n","protected":false},"excerpt":{"rendered":"<p>PR\u00c9-INSCRIPTION \u00c0 LA PR\u00c9PARATION DE L&rsquo;AGR\u00c9GATION INTERNE D&rsquo;EMCC : session 2025 <\/p>\n<p class=\"justif\">Musiciennes, cr\u00e9atrices et inspiratrices d&rsquo;hier \u00e0 aujourd&rsquo;hui&#8230; Tel est le programme de l\u2019\u00e9preuve d\u2019admissibilit\u00e9 \u00ab Culture musicale et artistique \u00bb (CMA) au titre de la session 2025, en lien avec lequel sera con\u00e7u le sujet \u00e0 traiter lors de l\u2019\u00e9preuve. Comme chaque ann\u00e9e, &hellip; <\/p>\n<p><a class=\"more-link block-button\" href=\"https:\/\/ent2d.ac-bordeaux.fr\/disciplines\/musique\/concours-agregation-et-capes\/informations\/\">Lire la Suite &raquo;<\/a><\/p>\n","protected":false},"author":1669,"featured_media":0,"parent":2963,"menu_order":1,"comment_status":"closed","ping_status":"closed","template":"","meta":{"footnotes":""},"class_list":["post-3757","page","type-page","status-publish","hentry","nodate"],"_links":{"self":[{"href":"https:\/\/ent2d.ac-bordeaux.fr\/disciplines\/musique\/wp-json\/wp\/v2\/pages\/3757","targetHints":{"allow":["GET"]}}],"collection":[{"href":"https:\/\/ent2d.ac-bordeaux.fr\/disciplines\/musique\/wp-json\/wp\/v2\/pages"}],"about":[{"href":"https:\/\/ent2d.ac-bordeaux.fr\/disciplines\/musique\/wp-json\/wp\/v2\/types\/page"}],"author":[{"embeddable":true,"href":"https:\/\/ent2d.ac-bordeaux.fr\/disciplines\/musique\/wp-json\/wp\/v2\/users\/1669"}],"replies":[{"embeddable":true,"href":"https:\/\/ent2d.ac-bordeaux.fr\/disciplines\/musique\/wp-json\/wp\/v2\/comments?post=3757"}],"version-history":[{"count":2,"href":"https:\/\/ent2d.ac-bordeaux.fr\/disciplines\/musique\/wp-json\/wp\/v2\/pages\/3757\/revisions"}],"predecessor-version":[{"id":3760,"href":"https:\/\/ent2d.ac-bordeaux.fr\/disciplines\/musique\/wp-json\/wp\/v2\/pages\/3757\/revisions\/3760"}],"up":[{"embeddable":true,"href":"https:\/\/ent2d.ac-bordeaux.fr\/disciplines\/musique\/wp-json\/wp\/v2\/pages\/2963"}],"wp:attachment":[{"href":"https:\/\/ent2d.ac-bordeaux.fr\/disciplines\/musique\/wp-json\/wp\/v2\/media?parent=3757"}],"curies":[{"name":"wp","href":"https:\/\/api.w.org\/{rel}","templated":true}]}}