{"id":357,"date":"2017-06-19T19:54:45","date_gmt":"2017-06-19T17:54:45","guid":{"rendered":"https:\/\/ent2d.ac-bordeaux.fr\/disciplines\/musique\/?page_id=357"},"modified":"2025-10-04T09:21:14","modified_gmt":"2025-10-04T07:21:14","slug":"dept40","status":"publish","type":"page","link":"https:\/\/ent2d.ac-bordeaux.fr\/disciplines\/musique\/actualites-departementales\/dept40\/","title":{"rendered":"Dans les Landes"},"content":{"rendered":"<h2><span style=\"color: #ff0000\"><strong>Les rencontres d\u00e9partementales 2025-2026<\/strong><\/span><\/h2>\n<h5>Association <em>APEME 40<\/em> : Mardi 7 Octobre 2025, au Clg Rostand \u00e0 TARTAS<\/h5>\n<h5>Professeure coordinatrice : <a href=\"mailto:Severine.Morie@ac-bordeaux.fr\">S\u00e9verine POLESELLO<\/a><\/h5>\n<p>&nbsp;<\/p>\n<hr \/>\n<h2><strong><span style=\"color: #ff0000\">Les rencontres d\u00e9partementales 2024-2025<\/span><\/strong><\/h2>\n<h5>Association <em>APEME 40<\/em> : Mardi 15 et mercredi 16 Octobre 2024, au Clg Rostand \u00e0 TARTAS<\/h5>\n<h5>Professeure coordinatrice : <a href=\"mailto:Severine.Morie@ac-bordeaux.fr\">S\u00e9verine POLESELLO<\/a><\/h5>\n<p>&nbsp;<\/p>\n<hr \/>\n<h2><span style=\"color: #ff0000\"><b>Spectacle 2023 \u00ab\u00a0Miss Terre\u00a0\u00bb<\/b><\/span><\/h2>\n<h3>La chorale d\u00e9partementale des Landes chante l&rsquo;\u00e9cologie !<img loading=\"lazy\" decoding=\"async\" class=\"alignleft size-medium wp-image-3127\" src=\"https:\/\/ent2d.ac-bordeaux.fr\/disciplines\/musique\/wp-content\/uploads\/sites\/32\/2023\/04\/AFFICHE-Miss-Terre-Avril-2023-1-216x300.jpeg\" alt=\"\" width=\"216\" height=\"300\" srcset=\"https:\/\/ent2d.ac-bordeaux.fr\/disciplines\/musique\/wp-content\/uploads\/sites\/32\/2023\/04\/AFFICHE-Miss-Terre-Avril-2023-1-216x300.jpeg 216w, https:\/\/ent2d.ac-bordeaux.fr\/disciplines\/musique\/wp-content\/uploads\/sites\/32\/2023\/04\/AFFICHE-Miss-Terre-Avril-2023-1-768x1069.jpeg 768w, https:\/\/ent2d.ac-bordeaux.fr\/disciplines\/musique\/wp-content\/uploads\/sites\/32\/2023\/04\/AFFICHE-Miss-Terre-Avril-2023-1.jpeg 736w\" sizes=\"auto, (max-width: 216px) 100vw, 216px\" \/><\/h3>\n<p class=\"justif\">Issus de 27 coll\u00e8ges et de 2 \u00e9coles, les jeunes choristes landais joueront le spectacle \u00ab Miss Terre \u00bb aux Ar\u00e8nes de Pontonx-sur-l\u2019Adour les 22, 23, 25 et 26 mai prochains \u00e0 20H30.<br \/>\nCette ann\u00e9e, c\u2019est l\u2019environnement qui est au centre de Miss Terre. Le synopsis ? Un jour, Ecolozic se dit qu\u2019il faut faire quelque chose pour la plan\u00e8te. Mais quoi ?<\/p>\n<p class=\"justif\">Les 4 concerts, accompagn\u00e9s par des musiciens professionnels, refl\u00e8tent une ann\u00e9e de travail: certains \u00e9l\u00e8ves chantent, d&rsquo;autres jouent la com\u00e9die, font de la percussion, dansent ou cr\u00e9ent des clips vid\u00e9os et l&rsquo;affiche.<br \/>\nL\u2019implication \u00e9cologique des jeunes Landais ne se limitant pas au temps de quelques concerts, certains \u00e9l\u00e8ves se sont \u00e9galement engag\u00e9s durant l\u2019ann\u00e9e dans des actions environnementales telles que le ramassage des d\u00e9chets sur les plages, sur les berges de l\u2019Adour, le tri dans les \u00e9tablissements\u2026<br \/>\nCe projet d\u00e9partemental, permettant \u00e0 de nombreux enfants de s\u2019initier au spectacle vivant et de vivre une premi\u00e8re exp\u00e9rience sc\u00e9nique, est port\u00e9 par l\u2019APEME 40. Il est soutenu par le D\u00e9partement des Landes, le Rectorat de Bordeaux, l\u2019Inspection acad\u00e9mique des Landes et la DRAC Nouvelle-Aquitaine.<\/p>\n<p>&nbsp;<\/p>\n<hr \/>\n<h2><span style=\"color: #ff0000\"><strong>Les rencontres d\u00e9partementales 2022-2023<\/strong><\/span><\/h2>\n<h5>Association APEME 40 : Lundi 3 et mardi 4 Octobre 2022, au Clg Fran\u00e7ois MITTERRAND \u00e0 Soustons<\/h5>\n<h5>Professeur-relais : Florence Boulley<\/h5>\n<p>&nbsp;<\/p>\n<hr \/>\n<h2><span style=\"color: #ff0000\"><strong>Rencontres chorales des Landes<\/strong><\/span><\/h2>\n<p class=\"justif\">Le nouveau spectacle de rencontres chorales, <span style=\"color: #ff6600\"><em>Que du bonheur<\/em><\/span>, sera pr\u00e9sent\u00e9 au public le jeudi 24 mai et le vendredi 25 mai \u00e0 20h30 \u00e0 l&rsquo;espace Fran\u00e7ois Mitterrand \u00e0 Mont-de-Marsan, puis le mardi 12 juin aux ar\u00e8nes de Pontonx sur l&rsquo;Adour \u00e0 20h30.<\/p>\n","protected":false},"excerpt":{"rendered":"<h2>Les rencontres d\u00e9partementales 2025-2026<\/h2>\n<h5>Association APEME 40 : Mardi 7 Octobre 2025, au Clg Rostand \u00e0 TARTAS<\/h5>\n<h5>Professeure coordinatrice : S\u00e9verine POLESELLO<\/h5>\n<p>&nbsp;<\/p>\n<h2>Les rencontres d\u00e9partementales 2024-2025<\/h2>\n<h5>Association APEME 40 : Mardi 15 et mercredi 16 Octobre 2024, au Clg Rostand \u00e0 TARTAS<\/h5>\n<h5>Professeure coordinatrice : S\u00e9verine POLESELLO<\/h5>\n<p>&nbsp;<\/p>\n<h2>Spectacle 2023 \u00ab\u00a0Miss Terre\u00a0\u00bb<\/h2>\n<p> La chorale &hellip; <\/p>\n<p><a class=\"more-link block-button\" href=\"https:\/\/ent2d.ac-bordeaux.fr\/disciplines\/musique\/actualites-departementales\/dept40\/\">Lire la Suite &raquo;<\/a><\/p>\n","protected":false},"author":178,"featured_media":0,"parent":363,"menu_order":3,"comment_status":"closed","ping_status":"closed","template":"","meta":{"footnotes":""},"class_list":["post-357","page","type-page","status-publish","hentry","nodate"],"_links":{"self":[{"href":"https:\/\/ent2d.ac-bordeaux.fr\/disciplines\/musique\/wp-json\/wp\/v2\/pages\/357","targetHints":{"allow":["GET"]}}],"collection":[{"href":"https:\/\/ent2d.ac-bordeaux.fr\/disciplines\/musique\/wp-json\/wp\/v2\/pages"}],"about":[{"href":"https:\/\/ent2d.ac-bordeaux.fr\/disciplines\/musique\/wp-json\/wp\/v2\/types\/page"}],"author":[{"embeddable":true,"href":"https:\/\/ent2d.ac-bordeaux.fr\/disciplines\/musique\/wp-json\/wp\/v2\/users\/178"}],"replies":[{"embeddable":true,"href":"https:\/\/ent2d.ac-bordeaux.fr\/disciplines\/musique\/wp-json\/wp\/v2\/comments?post=357"}],"version-history":[{"count":23,"href":"https:\/\/ent2d.ac-bordeaux.fr\/disciplines\/musique\/wp-json\/wp\/v2\/pages\/357\/revisions"}],"predecessor-version":[{"id":3907,"href":"https:\/\/ent2d.ac-bordeaux.fr\/disciplines\/musique\/wp-json\/wp\/v2\/pages\/357\/revisions\/3907"}],"up":[{"embeddable":true,"href":"https:\/\/ent2d.ac-bordeaux.fr\/disciplines\/musique\/wp-json\/wp\/v2\/pages\/363"}],"wp:attachment":[{"href":"https:\/\/ent2d.ac-bordeaux.fr\/disciplines\/musique\/wp-json\/wp\/v2\/media?parent=357"}],"curies":[{"name":"wp","href":"https:\/\/api.w.org\/{rel}","templated":true}]}}