{"id":355,"date":"2017-06-19T19:46:14","date_gmt":"2017-06-19T17:46:14","guid":{"rendered":"https:\/\/ent2d.ac-bordeaux.fr\/disciplines\/musique\/?page_id=355"},"modified":"2025-10-04T09:18:17","modified_gmt":"2025-10-04T07:18:17","slug":"dept24","status":"publish","type":"page","link":"https:\/\/ent2d.ac-bordeaux.fr\/disciplines\/musique\/actualites-departementales\/dept24\/","title":{"rendered":"En Dordogne"},"content":{"rendered":"<h2><span style=\"color: #ff0000\"><strong>Les rencontres d\u00e9partementales 2025-2026<\/strong><\/span><\/h2>\n<h5>Association APEM 24 : <em>Coll\u00e8ges en ch\u0153ur<\/em> : Jeudi 16 octobre 202, au Clg Des Trois Vall\u00e9es \u00e0 VERGT<\/h5>\n<h5>Professeure coordinatrice : <a href=\"mailto:Gaelle.Bony@ac-bordeaux.fr\">Ga\u00eblle REVIDAT<\/a><\/h5>\n<p>&nbsp;<\/p>\n<hr \/>\n<h2><span style=\"color: #ff0000\"><strong>LabOp\u00e9ra, saison 5&#8230; quelques informations !<\/strong><\/span><\/h2>\n<p class=\"justif\">Le LabOp\u00e9ra P\u00e9rigord l\u00e8ve le voile sur sa prochaine saison. En 2026, place \u00e0 <em><strong>La Boh\u00e8me<\/strong><\/em> de Puccini. Tr\u00e8s bient\u00f4t, de plus amples informations.<\/p>\n<p>Les repr\u00e9sentations seront donn\u00e9es \u00e0 l&rsquo;Arena Le Palio de Boulazac (24) <strong>les 25 et 26 avril 2026<\/strong>.<\/p>\n<p>&nbsp;<\/p>\n<hr \/>\n<h2><strong><span style=\"color: #ff0000\">Les rencontres d\u00e9partementales 2024-2025<\/span><\/strong><\/h2>\n<h5>Association APEM 24 : <em>Coll\u00e8ges en ch\u0153ur<\/em> : Mercredi 9 et jeudi 10 octobre 2024, au Clg Des Trois Vall\u00e9es \u00e0 VERGT<\/h5>\n<h5>Professeure coordinatrice : <a href=\"mailto:Gaelle.Bony@ac-bordeaux.fr\">Ga\u00eblle REVIDAT<\/a><\/h5>\n<p>&nbsp;<\/p>\n<hr \/>\n<h2><strong><span style=\"color: #ff0000\">LabOp\u00e9ra, saison 4&#8230; quelques informations !<\/span><br \/>\n<\/strong><\/h2>\n<p class=\"justif\">\u00c0 peine le rideau s&rsquo;est-il referm\u00e9 sur les acteurs de West Side Story que les membres du LabOp\u00e9ra P\u00e9rigord annoncent d\u00e9j\u00e0 le programme de la saison 2025. C&rsquo;est un nouveau monument de l&rsquo;op\u00e9ra qui sera \u00e0 l&rsquo;honneur : Nabucco de Verdi, dirig\u00e9 par la talentueuse Chlo\u00e9 Meyzie et mis en sc\u00e8ne par Gersende Michel.<\/p>\n<p class=\"justif\">Trois repr\u00e9sentations seront donn\u00e9es \u00e0 l&rsquo;Arena Le Palio de Boulazac (24).<\/p>\n<ul>\n<li><strong>Vendredi 4 avril 2025 \u00e0 20h<\/strong> : g\u00e9n\u00e9rale destin\u00e9e aux scolaires et au jeune public. (\u00e9ligible <a href=\"https:\/\/airtable.com\/appq0kV84OaKnNWXE\/shrH4A2tFPdEUTrUu\/tblgPwhQyb7NMDyyT\/viw8HcrtLEk9Dfmre\/recctn5VevvaH0uCs\" target=\"_blank\" rel=\"noopener\">pass culture<\/a>)<\/li>\n<li><strong>Samedi 5 avril 2025 \u00e0 20h et Dimanche 6 avril 2025 \u00e0 16h<\/strong> : tous publics.<\/li>\n<\/ul>\n<p>&nbsp;<\/p>\n<h2><strong><span style=\"color: #ff0000\">HYMNE OLYMPIQUE, version multirythmique<\/span>\u00a0<\/strong><\/h2>\n<p class=\"justif\"><a href=\"https:\/\/www.youtube.com\/watch?v=RV6SHX_dwnA\" target=\"_blank\" rel=\"noopener\"><img loading=\"lazy\" decoding=\"async\" class=\"alignleft wp-image-3599 size-medium\" src=\"https:\/\/ent2d.ac-bordeaux.fr\/disciplines\/musique\/wp-content\/uploads\/sites\/32\/2024\/05\/Hymne-Olympique-clg-Henry-IV-300x188.png\" alt=\"\" width=\"300\" height=\"188\" srcset=\"https:\/\/ent2d.ac-bordeaux.fr\/disciplines\/musique\/wp-content\/uploads\/sites\/32\/2024\/05\/Hymne-Olympique-clg-Henry-IV-300x188.png 300w, https:\/\/ent2d.ac-bordeaux.fr\/disciplines\/musique\/wp-content\/uploads\/sites\/32\/2024\/05\/Hymne-Olympique-clg-Henry-IV-768x480.png 768w, https:\/\/ent2d.ac-bordeaux.fr\/disciplines\/musique\/wp-content\/uploads\/sites\/32\/2024\/05\/Hymne-Olympique-clg-Henry-IV-1536x960.png 1536w, https:\/\/ent2d.ac-bordeaux.fr\/disciplines\/musique\/wp-content\/uploads\/sites\/32\/2024\/05\/Hymne-Olympique-clg-Henry-IV-2048x1280.png 2048w, https:\/\/ent2d.ac-bordeaux.fr\/disciplines\/musique\/wp-content\/uploads\/sites\/32\/2024\/05\/Hymne-Olympique-clg-Henry-IV.png 1024w\" sizes=\"auto, (max-width: 300px) 100vw, 300px\" \/><\/a>Alors que la flamme olympique traverse notre pays, suscitant des sc\u00e8nes de liesse et de joie o\u00f9 se m\u00ealent musique et sport, de nombreux professeurs profitent de cet \u00e9v\u00e9nement international pour d\u00e9velopper des comp\u00e9tences musicales et cultiver des valeurs de partage et de collaboration chez leurs \u00e9l\u00e8ves.<\/p>\n<p class=\"justif\">Mme Nancy Gava fait partie de ces enseignants passionn\u00e9s. S\u2019appuyant sur l\u2019incroyable travail de M. Christophe Rougier, intitul\u00e9 \u00ab HYMNE OLYMPIQUE, version multirythmique \u00bb, d\u00e9couvrez la production de ses \u00e9l\u00e8ves \u00e0 travers ce <a href=\"https:\/\/www.youtube.com\/watch?v=RV6SHX_dwnA\" target=\"_blank\" rel=\"noopener\">clip<\/a>.<\/p>\n<h2><strong><span style=\"color: #ff0000\">LabOp\u00e9ra, saison 3<\/span><br \/>\n<\/strong><\/h2>\n<p class=\"justif\"><img loading=\"lazy\" decoding=\"async\" class=\"size-medium wp-image-3352 alignright\" src=\"https:\/\/ent2d.ac-bordeaux.fr\/disciplines\/musique\/wp-content\/uploads\/sites\/32\/2023\/12\/West-side-story-200x300.png\" alt=\"\" width=\"200\" height=\"300\" srcset=\"https:\/\/ent2d.ac-bordeaux.fr\/disciplines\/musique\/wp-content\/uploads\/sites\/32\/2023\/12\/West-side-story-200x300.png 200w, https:\/\/ent2d.ac-bordeaux.fr\/disciplines\/musique\/wp-content\/uploads\/sites\/32\/2023\/12\/West-side-story.png 683w\" sizes=\"auto, (max-width: 200px) 100vw, 200px\" \/>Apr\u00e8s les applaudissements retentissants de Carmen en 2022 et l&rsquo;ovation de La Traviata en 2023, le Labop\u00e9ra Dordogne-P\u00e9rigord est de retour pour une troisi\u00e8me saison, orchestr\u00e9e par la talentueuse Chlo\u00e9 Meyzie. Le 6 &amp; 7 avril 2024, la cheffe d&rsquo;orchestre dirigera avec virtuosit\u00e9 l&rsquo;adaptation de la l\u00e9gendaire com\u00e9die musicale de Leonard Bernstein, West Side Story, promettant ainsi un spectacle magistral et envo\u00fbtant.<\/p>\n<p class=\"justif\">L&rsquo;objectif fondamental de ce projet est de d\u00e9mystifier l&rsquo;op\u00e9ra aupr\u00e8s des jeunes, en dissipant l&rsquo;image parfois \u00e9litiste qui lui est associ\u00e9e. Cette initiative permet \u00e9galement d&rsquo;aborder des questions d&rsquo;actualit\u00e9 et des d\u00e9bats soci\u00e9taux cruciaux tels que l&rsquo;\u00e9galit\u00e9 entre les sexes, les violences faites aux femmes, et la prise en compte du d\u00e9veloppement durable, notamment en ce qui concerne les d\u00e9cors et les accessoires de sc\u00e8ne.<\/p>\n<p class=\"justif\">Dans ce but, il est propos\u00e9 aux professeurs un livret p\u00e9dagogique qui prend la forme d&rsquo;un <a href=\"https:\/\/padlet.com\/monsieurlemoine\/west-side-story-ulvy7skxyq856fho\" target=\"_blank\" rel=\"noopener\">padlet<\/a> contenant des ressources musicales, litt\u00e9raires, des analyses&#8230;<\/p>\n<p class=\"justif\">De plus, en s&rsquo;inscrivant dans ce projet, les \u00e9l\u00e8ves de primaire, coll\u00e8ge ou lyc\u00e9e pourront connaitre le grand honneur de rencontrer la cheffe d&rsquo;orchestre Chlo\u00e9 Meyzie, d\u00e9couvrir des m\u00e9tiers de l\u2019op\u00e9ra, visiter des lyc\u00e9es et centres de formation partenaires du Labop\u00e9ra (d\u00e9cors, costumes, maquillages et coiffures), en particulier pour les \u00e9l\u00e8ves de 3e dans le cadre du Parcours Avenir. Ils auront \u00e9galement la possibilt\u00e9 d&rsquo;assister \u00e0 une r\u00e9p\u00e9tition partielle de l\u2019orchestre, d\u00e9couvrir une salle de spectacle, le Palio de Boulazac et enfin assister \u00e0 la s\u00e9ance du 5 avril 2024 \u00e0 19h.<\/p>\n<p class=\"justif\">Retrouvez toutes les informations sur le site du <a href=\"https:\/\/www.labopera-dordogne.com\/\" target=\"_blank\" rel=\"noopener\">LabOp\u00e9ra<\/a> !<\/p>\n<p>&nbsp;<\/p>\n<hr \/>\n<h2><span style=\"color: #ff0000\"><strong>L&rsquo;\u00e9trange No\u00ebl de Monsieur Jack<\/strong><\/span><\/h2>\n<p class=\"justif\">Les \u00e9l\u00e8ves impliqu\u00e9s dans le projet d\u00e9partemental de choral auront le plaisir de se produire sur sc\u00e8ne selon le planning suivant :<\/p>\n<ul>\n<li>\n<div class=\"gmail_default\">25 mai et 02 juin 2023 \u00e0 l&rsquo;Agora de Boulazac Isle Manoire (Secteur P\u00e9rigueux Agglo 1 et Secteur Nord Dordogne)<\/div>\n<\/li>\n<li>\n<div class=\"gmail_default\">05 et 06 juin 2023 \u00e0 l&rsquo;Odyss\u00e9e de P\u00e9rigueux (secteur P\u00e9rigueux Agglo 2 et P\u00e9rigueux centre)<\/div>\n<\/li>\n<li>\n<div class=\"gmail_default\">08 et 09 juin 2023 au Centre Culturel de Bergerac (Secteurs Bergerac 1 et 2)<\/div>\n<\/li>\n<li>\n<div class=\"gmail_default\">13 juin 2023 au Centre Culturel de Sarlat la Caneda (Secteur Sarlat)<\/div>\n<\/li>\n<\/ul>\n<p>&nbsp;<\/p>\n<hr \/>\n<h5><img loading=\"lazy\" decoding=\"async\" class=\"alignleft wp-image-2884 size-thumbnail\" src=\"https:\/\/ent2d.ac-bordeaux.fr\/disciplines\/musique\/wp-content\/uploads\/sites\/32\/2022\/06\/Traviata-Labope\u0301ra-150x150.png\" alt=\"\" width=\"150\" height=\"150\" \/><\/h5>\n<h2><span style=\"color: #ff0000\"><strong>La <em>Traviata<\/em> de Giuseppe Verdi<\/strong><\/span><\/h2>\n<h5>Le nouveau projet de l&rsquo;association Labop\u00e9ra Dordogne pour la saison 2023<\/h5>\n<p class=\"justif\">Le titre de l&rsquo;op\u00e9ra choisi a \u00e9t\u00e9 d\u00e9voil\u00e9 le 2 juin 2022 lors d&rsquo;une conf\u00e9rence de presse de pr\u00e9sentation au Palio de Boulazac. Les \u00e9tablissements scolaires souhaitant participer \u00e0 cette action doivent s&rsquo;inscrire sur l&rsquo;application Adage, en suivant les modalit\u00e9s de remplissage propos\u00e9e par la <a href=\"https:\/\/ent2d.ac-bordeaux.fr\/disciplines\/musique\/wp-content\/uploads\/sites\/32\/2022\/06\/Fiche-inscription-Labopera-Perigord-Dordogne.pdf\" target=\"_blank\" rel=\"noopener\">fiche d&rsquo;aide en t\u00e9l\u00e9chargement<\/a>.<\/p>\n<p>&nbsp;<\/p>\n<h5 style=\"text-align: center\"><strong>Les repr\u00e9sentations sont fix\u00e9es les 31 mars, 1er et 2 avril 2023 au Palio \u00e0 Boulazac.<\/strong><\/h5>\n<p>&nbsp;<\/p>\n<hr \/>\n<h2><span style=\"color: #ff0000\"><strong>Les rencontres d\u00e9partementales 2022-2023<\/strong><\/span><\/h2>\n<h5>Association APEM 24 : Jeudi 22 et vendredi 23 septembre 2022, au Clg des Trois Vall\u00e9es \u00e0 VERGT<\/h5>\n<h5>Professeure-relais : Ga\u00eblle R\u00c9VIDAT<\/h5>\n<p>&nbsp;<\/p>\n<hr \/>\n<h2><span style=\"color: #ff0000\"><strong>Autour de <em>Carmen<\/em> de Bizet<\/strong><\/span><\/h2>\n<h5>Un projet de l&rsquo;association LabOp\u00e9ra P\u00e9rigord Dordogne, pour l&rsquo;ann\u00e9e scolaire 2021-2022<\/h5>\n<h5>Repr\u00e9sentations au Palio de Boulazac<\/h5>\n<ul>\n<li>1er avril 2022 : r\u00e9p\u00e9tition g\u00e9n\u00e9rale publique (avec les scolaires)<\/li>\n<li>2 et 3 avril 2022 : repr\u00e9sentations<\/li>\n<\/ul>\n<p class=\"justif\">Cr\u00e9\u00e9e depuis peu, l&rsquo;association, <a href=\"https:\/\/www.labopera-dordogne.com\" target=\"_blank\" rel=\"noopener\">LabOp\u00e9ra P\u00e9rigord-Dordogne<\/a>, est affili\u00e9e \u00e0 la structure nationale La Fabrique Op\u00e9ra dont on peut <a href=\"https:\/\/youtu.be\/ENLyZsX2nBE\" target=\"_blank\" rel=\"noopener noreferrer\">d\u00e9couvrir ici<\/a> la pr\u00e9sentation et les objectifs.<\/p>\n<p class=\"justif\"><img loading=\"lazy\" decoding=\"async\" class=\"size-full wp-image-2197 alignleft\" src=\"https:\/\/ent2d.ac-bordeaux.fr\/disciplines\/musique\/wp-content\/uploads\/sites\/32\/2021\/03\/Carmen2b.png\" alt=\"\" width=\"300\" height=\"169\" \/>Cette association a pour porteur de projet une jeune cheffe d&rsquo;orchestre, <a href=\"https:\/\/chloemeyzie.com\/\" target=\"_blank\" rel=\"noopener noreferrer\">Chlo\u00e9 Meyzie<\/a>. Philippe Lemoine, d\u00e9sign\u00e9 par l&rsquo;association comme r\u00e9f\u00e9rent \u00c9ducation Nationale-Musique sera en charge de l&rsquo;\u00e9laboration du volet p\u00e9dagogique musical \u00e0 destination des \u00e9coles, des coll\u00e8ges et lyc\u00e9es qui souhaiteraient participer \u00e0 ce projet durant l&rsquo;ann\u00e9e scolaire 2021-2022, et ainsi faire le lien entre l&rsquo;ensemble des \u00e9tablissements engag\u00e9s et l&rsquo;association. Comme nous pouvons le constater dans la vid\u00e9o de pr\u00e9sentation de La Fabrique Op\u00e9ra, ce projet va solliciter un large public scolaire notamment des Lyc\u00e9es Professionnels et Technologique quant \u00e0 la pr\u00e9paration des d\u00e9cors, des costumes, du maquillage et de la coiffure. Le Conservatoire \u00e0 Rayonnement D\u00e9partemental de Dordogne prendra \u00e9galement une part active \u00e0 ce projet.<br \/>\nPour ce qui concerne l&rsquo;\u00c9ducation Musicale, Philippe Lemoine mettra \u00e0 la disposition des coll\u00e8gues des \u00e9tablissements scolaires du primaire et du secondaire d\u00e9sirant participer au projet, un padlet qui consistera en des propositions, \u00ab\u00a0une valise p\u00e9dagogique\u00a0\u00bb pour la constitution d&rsquo;une s\u00e9quence autour de l&rsquo;op\u00e9ra de Bizet.<\/p>\n<p><a href=\"https:\/\/padlet.com\/monsieurlemoine\/carmen\" target=\"_blank\" rel=\"noopener noreferrer\">Page d&rsquo;accueil du padlet g\u00e9n\u00e9ral avec toutes les explications possibles<\/a>.<\/p>\n<p class=\"justif\">Enfin, les \u00e9l\u00e8ves du primaire et du secondaire (ainsi que les adultes) seront sollicit\u00e9s afin de prendre part aux diff\u00e9rents ch\u0153urs de l&rsquo;ouvrage. L&rsquo;orchestre sera constitu\u00e9 d&rsquo;amateurs et d&rsquo;\u00e9l\u00e8ves de conservatoires encadr\u00e9s par des professionnels.<\/p>\n<p>&nbsp;<\/p>\n<hr \/>\n<h2><span style=\"color: #ff0000\"><strong>Focus<\/strong><\/span><\/h2>\n<h5>La CHAM du Coll\u00e8ge Clos Chassaing \u00e0 P\u00e9rigueux<\/h5>\n<ul>\n<li class=\"justif\">91 \u00e9l\u00e8ves r\u00e9partis sur quatre niveaux, de la 6\u00e8me \u00e0 la 3\u00e8me.<\/li>\n<li class=\"justif\">Participation aux comm\u00e9morations autour de la Grande Guerre\n<ul>\n<li class=\"justif\">C\u00e9r\u00e9monies du 11 Novembre 1918 : les \u00e9l\u00e8ves de la CHAM ont assur\u00e9 toutes les sonneries, Marseillaise et marches d&rsquo;une c\u00e9r\u00e9monie organis\u00e9e par l&rsquo;Arm\u00e9e de terre, la Pr\u00e9fecture, la Mairie et les associations d&rsquo;anciens combattants. 200 \u00e9l\u00e8ves du col\u00e8ge \u00e9taient associ\u00e9s pour le chant de la Marseillaise<\/li>\n<li class=\"justif\">Une exposition r\u00e9alis\u00e9e et comment\u00e9e par les \u00e9l\u00e8ves de l\u2019atelier patrimoine et un spectacle th\u00e9\u00e2tre et musique men\u00e9 par l\u2019atelier th\u00e9\u00e2tre du coll\u00e8ge associ\u00e9s \u00e0 des sc\u00e8nes mont\u00e9es par les coll\u00e8gues d\u2019histoire et lettre moderne.<\/li>\n<li class=\"justif\">Le coll\u00e8ge a \u00e9t\u00e9 retenu pour pr\u00e9senter ce projet aux assises nationale et p\u00e9dagogique sur l\u2019hommage aux morts de la guerre de 1914 1918 fin mars \u00e0 Bordeaux.<\/li>\n<\/ul>\n<\/li>\n<li class=\"justif\">En projet pour l&rsquo;ann\u00e9e 2019-2020 : un \u00e9change entre la CHAM de P\u00e9rigueux au coll\u00e8ge Clos Chassaing et les TMD de Camille Jullian avec concert \u00e0 la clef.<\/li>\n<\/ul>\n<p>&nbsp;<\/p>\n<hr \/>\n<h2><span style=\"color: #ff0000\"><strong>Chanter ensemble, gardons l&rsquo;envie!<\/strong><\/span><\/h2>\n<h5>Les \u00e9l\u00e8ves du coll\u00e8ge Henri IV \u00e0 Bergerac se retrouvent \u00e0 distance<\/h5>\n<table>\n<tbody>\n<tr>\n<td width=\"30%\"><a href=\"https:\/\/youtu.be\/DJWD6NEOJYM\" target=\"_blank\" rel=\"noopener noreferrer\"><img loading=\"lazy\" decoding=\"async\" class=\"alignright wp-image-1740 size-medium\" src=\"https:\/\/ent2d.ac-bordeaux.fr\/disciplines\/musique\/wp-content\/uploads\/sites\/32\/2020\/05\/ChoraleHenriIVBergerac-300x169.png\" alt=\"\" width=\"300\" height=\"169\" \/><\/a><\/td>\n<td width=\"70%\">\n<h4><em>Hallelujah<\/em>, de Leonard Cohen<\/h4>\n<h5><span class=\"surligne\">Nouveau :<\/span> Pour garder l&rsquo;envie de chanter!<\/h5>\n<p class=\"justif\">Confin\u00e9s, mais ensemble par la musique : tel est le <em>credo<\/em> de ces \u00e9l\u00e8ves du coll\u00e8ge Henri IV \u00e0 Bergerac, soutenus par quelques camarades de seconde et qui interpr\u00e8tent ce tube popularis\u00e9 par Jeff Buckley. Un montage r\u00e9alis\u00e9 par leur professeur Nancy Gava et \u00e0 retrouver sur <a href=\"https:\/\/youtu.be\/DJWD6NEOJYM\" target=\"_blank\" rel=\"noopener noreferrer\">youtube<\/a>.<\/p>\n<\/td>\n<\/tr>\n<\/tbody>\n<\/table>\n<p>&nbsp;<\/p>\n<hr \/>\n","protected":false},"excerpt":{"rendered":"<h2>Les rencontres d\u00e9partementales 2025-2026<\/h2>\n<h5>Association APEM 24 : Coll\u00e8ges en ch\u0153ur : Jeudi 16 octobre 202, au Clg Des Trois Vall\u00e9es \u00e0 VERGT<\/h5>\n<h5>Professeure coordinatrice : Ga\u00eblle REVIDAT<\/h5>\n<p>&nbsp;<\/p>\n<h2>LabOp\u00e9ra, saison 5&#8230; quelques informations !<\/h2>\n<p class=\"justif\">Le LabOp\u00e9ra P\u00e9rigord l\u00e8ve le voile sur sa prochaine saison. En 2026, place \u00e0 La Boh\u00e8me de Puccini. Tr\u00e8s &hellip; <\/p>\n<p><a class=\"more-link block-button\" href=\"https:\/\/ent2d.ac-bordeaux.fr\/disciplines\/musique\/actualites-departementales\/dept24\/\">Lire la Suite &raquo;<\/a><\/p>\n","protected":false},"author":178,"featured_media":0,"parent":363,"menu_order":1,"comment_status":"closed","ping_status":"closed","template":"","meta":{"footnotes":""},"class_list":["post-355","page","type-page","status-publish","hentry","nodate"],"_links":{"self":[{"href":"https:\/\/ent2d.ac-bordeaux.fr\/disciplines\/musique\/wp-json\/wp\/v2\/pages\/355","targetHints":{"allow":["GET"]}}],"collection":[{"href":"https:\/\/ent2d.ac-bordeaux.fr\/disciplines\/musique\/wp-json\/wp\/v2\/pages"}],"about":[{"href":"https:\/\/ent2d.ac-bordeaux.fr\/disciplines\/musique\/wp-json\/wp\/v2\/types\/page"}],"author":[{"embeddable":true,"href":"https:\/\/ent2d.ac-bordeaux.fr\/disciplines\/musique\/wp-json\/wp\/v2\/users\/178"}],"replies":[{"embeddable":true,"href":"https:\/\/ent2d.ac-bordeaux.fr\/disciplines\/musique\/wp-json\/wp\/v2\/comments?post=355"}],"version-history":[{"count":57,"href":"https:\/\/ent2d.ac-bordeaux.fr\/disciplines\/musique\/wp-json\/wp\/v2\/pages\/355\/revisions"}],"predecessor-version":[{"id":3905,"href":"https:\/\/ent2d.ac-bordeaux.fr\/disciplines\/musique\/wp-json\/wp\/v2\/pages\/355\/revisions\/3905"}],"up":[{"embeddable":true,"href":"https:\/\/ent2d.ac-bordeaux.fr\/disciplines\/musique\/wp-json\/wp\/v2\/pages\/363"}],"wp:attachment":[{"href":"https:\/\/ent2d.ac-bordeaux.fr\/disciplines\/musique\/wp-json\/wp\/v2\/media?parent=355"}],"curies":[{"name":"wp","href":"https:\/\/api.w.org\/{rel}","templated":true}]}}