{"id":3422,"date":"2023-12-18T21:55:54","date_gmt":"2023-12-18T20:55:54","guid":{"rendered":"https:\/\/ent2d.ac-bordeaux.fr\/disciplines\/musique\/?page_id=3422"},"modified":"2023-12-18T21:55:54","modified_gmt":"2023-12-18T20:55:54","slug":"concours-general-du-lycee","status":"publish","type":"page","link":"https:\/\/ent2d.ac-bordeaux.fr\/disciplines\/musique\/concours-general-du-lycee\/","title":{"rendered":"Concours g\u00e9n\u00e9ral du lyc\u00e9e"},"content":{"rendered":"<h3><strong>CONCOURS G\u00c9N\u00c9RAL DES LYC\u00c9ES session 2024<\/strong><\/h3>\n<p class=\"justif\">La note de service relative \u00e0 l\u2019organisation de la session 2024 est parue au <a href=\"https:\/\/www.education.gouv.fr\/bo\/2023\/Hebdo42\/MENE2326654N\" target=\"_blank\" rel=\"noopener\">BO du jeudi 9 novembre 2023<\/a>. En voici quelques points essentiels \u00e0 retenir :<\/p>\n<ul>\n<li>\n<p class=\"justif\">Le concours g\u00e9n\u00e9ral est ouvert aux \u00e9l\u00e8ves de 1<sup>\u00e8re<\/sup> et de terminale des lyc\u00e9es publics et priv\u00e9s sous contrat, du Cned r\u00e9glement\u00e9 et des lyc\u00e9es fran\u00e7ais \u00e0 l\u2019\u00e9tranger homologu\u00e9s\u00a0;<\/p>\n<\/li>\n<li>\n<p class=\"justif\">Les inscriptions sont ouvertes sur Cyclades du\u00a0<b>mercredi\u00a029\u00a0novembre 2023 au vendredi\u00a015\u00a0d\u00e9cembre 2023 <\/b>minuit (heure de Paris)\u00a0;<\/p>\n<\/li>\n<li>\n<p class=\"justif\">Les professeurs peuvent d\u2019ores et d\u00e9j\u00e0 pr\u00e9-inscrire leurs \u00e9l\u00e8ves candidats via <a href=\"https:\/\/ent2d.ac-bordeaux.fr\/disciplines\/musique\/wp-content\/uploads\/sites\/32\/2023\/12\/fiche-de-pre-inscription-cgl-2024.pdf\" target=\"_blank\" rel=\"noopener\">la fiche<\/a> sur le portail \u00e9tablissement de Cyclades et sur \u00c9duscol\u00a0;<\/p>\n<\/li>\n<li>\n<p class=\"justif\">Les \u00e9tablissements scolaires inscrivent ensuite les candidats selon la proc\u00e9dure d\u00e9crite dans la documentation accessible via la page d\u2019accueil de leur portail Cyclades\u00a0; la confirmation d\u2019inscription \u00e9dit\u00e9e par l\u2019\u00e9tablissement et sign\u00e9e par le candidat (et son repr\u00e9sentant l\u00e9gal s\u2019il est mineur) doit \u00eatre d\u00e9pos\u00e9e sur Cyclades <u>au plus tard le\u00a0vendredi\u00a022\u00a0d\u00e9cembre 2023<\/u>\u00a0;<\/p>\n<\/li>\n<li>\n<p class=\"justif\">L\u2019\u00e9preuve aura lieu le 25 mars 2024\u00a0;<\/p>\n<\/li>\n<li>\n<p class=\"justif\">La c\u00e9r\u00e9monie de remise des prix en pr\u00e9sence du ministre charg\u00e9 de l\u2019\u00e9ducation nationale aura lieu \u00e0 Paris dans le grand amphith\u00e9\u00e2tre de la Sorbonne dans la premi\u00e8re quinzaine de juillet\u00a02024, pour les laur\u00e9ats ayant obtenu un 1<sup>er<\/sup>, 2<sup>\u00e8me<\/sup> ou 3<sup>\u00e8me<\/sup> prix.<\/p>\n<\/li>\n<\/ul>\n<p class=\"justif\"><a href=\"https:\/\/ent2d.ac-bordeaux.fr\/disciplines\/musique\/wp-content\/uploads\/sites\/32\/2023\/12\/rapport-du-jury-2023-education-musicale-2023.pdf\" target=\"_blank\" rel=\"noopener\">Le rapport de jury de la session 2023<\/a>\u00a0permettra aux candidats de se pr\u00e9parer dans les meilleures conditions.<\/p>\n<p>Le Concours g\u00e9n\u00e9ral r\u00e9nov\u00e9 repose dor\u00e9navant sur des attendus bien plus proches qu\u2019auparavant des <b>p\u00e9dagogies mises en \u0153uvre au lyc\u00e9e<\/b> (enseignement optionnel, sp\u00e9cialit\u00e9, S2TMD) et cette \u00e9preuve peut \u00eatre l\u2019occasion de motiver nos \u00e9l\u00e8ves et de valoriser leurs comp\u00e9tences.<\/p>\n","protected":false},"excerpt":{"rendered":"<p>CONCOURS G\u00c9N\u00c9RAL DES LYC\u00c9ES session 2024 <\/p>\n<p class=\"justif\">La note de service relative \u00e0 l\u2019organisation de la session 2024 est parue au BO du jeudi 9 novembre 2023. En voici quelques points essentiels \u00e0 retenir :<\/p>\n<ul>\n<li>\n<p class=\"justif\">Le concours g\u00e9n\u00e9ral est ouvert aux \u00e9l\u00e8ves de 1\u00e8re et de terminale des lyc\u00e9es publics et priv\u00e9s &hellip; <\/p>\n<p><a class=\"more-link block-button\" href=\"https:\/\/ent2d.ac-bordeaux.fr\/disciplines\/musique\/concours-general-du-lycee\/\">Lire la Suite &raquo;<\/a><\/p>\n<\/li>\n<\/ul>\n","protected":false},"author":1669,"featured_media":0,"parent":0,"menu_order":0,"comment_status":"closed","ping_status":"closed","template":"","meta":{"footnotes":""},"class_list":["post-3422","page","type-page","status-publish","hentry","nodate"],"_links":{"self":[{"href":"https:\/\/ent2d.ac-bordeaux.fr\/disciplines\/musique\/wp-json\/wp\/v2\/pages\/3422","targetHints":{"allow":["GET"]}}],"collection":[{"href":"https:\/\/ent2d.ac-bordeaux.fr\/disciplines\/musique\/wp-json\/wp\/v2\/pages"}],"about":[{"href":"https:\/\/ent2d.ac-bordeaux.fr\/disciplines\/musique\/wp-json\/wp\/v2\/types\/page"}],"author":[{"embeddable":true,"href":"https:\/\/ent2d.ac-bordeaux.fr\/disciplines\/musique\/wp-json\/wp\/v2\/users\/1669"}],"replies":[{"embeddable":true,"href":"https:\/\/ent2d.ac-bordeaux.fr\/disciplines\/musique\/wp-json\/wp\/v2\/comments?post=3422"}],"version-history":[{"count":1,"href":"https:\/\/ent2d.ac-bordeaux.fr\/disciplines\/musique\/wp-json\/wp\/v2\/pages\/3422\/revisions"}],"predecessor-version":[{"id":3423,"href":"https:\/\/ent2d.ac-bordeaux.fr\/disciplines\/musique\/wp-json\/wp\/v2\/pages\/3422\/revisions\/3423"}],"wp:attachment":[{"href":"https:\/\/ent2d.ac-bordeaux.fr\/disciplines\/musique\/wp-json\/wp\/v2\/media?parent=3422"}],"curies":[{"name":"wp","href":"https:\/\/api.w.org\/{rel}","templated":true}]}}