{"id":3100,"date":"2023-04-23T13:52:31","date_gmt":"2023-04-23T11:52:31","guid":{"rendered":"https:\/\/ent2d.ac-bordeaux.fr\/disciplines\/musique\/?page_id=3100"},"modified":"2023-04-23T13:55:31","modified_gmt":"2023-04-23T11:55:31","slug":"concerts-deleves-du-confinement-a-lapres-annee20-21","status":"publish","type":"page","link":"https:\/\/ent2d.ac-bordeaux.fr\/disciplines\/musique\/continuite-pedagogique\/productionsdeleves\/concerts-deleves-du-confinement-a-lapres-annee20-21\/","title":{"rendered":"Concerts d&rsquo;\u00e9l\u00e8ves &#8211; du confinement \u00e0 l&rsquo;apr\u00e8s ann\u00e9e 2020-21"},"content":{"rendered":"<h2><strong>De beaux exemples de pratiques musicales partag\u00e9es en temps de crise.<\/strong><\/h2>\n<p>&nbsp;<\/p>\n<hr \/>\n<p><a href=\"https:\/\/ent2d.ac-bordeaux.fr\/disciplines\/musique\/continuite-pedagogique\/concerts-en-confinement\/\"><span class=\"surligne\">2020-2021<\/span><\/a> \/ <a href=\"https:\/\/ent2d.ac-bordeaux.fr\/disciplines\/musique\/continuite-pedagogique\/concerts-en-confinement\/concerts-19-20\/\">2019-2020<\/a><\/p>\n<hr \/>\n<p>&nbsp;<\/p>\n<h3>Concert film\u00e9 des \u00e9l\u00e8ves de l&rsquo;option musique du coll\u00e8ge Anatole France de Villeneuve-sur-Lot (47)<\/h3>\n<p>&nbsp;<\/p>\n<table>\n<tbody>\n<tr>\n<td colspan=\"2\">\n<h4><em>\u00ab\u00a0Mes amis, mes amours&#8230;\u00a0\u00bb<\/em><\/h4>\n<p class=\"justif\">Le projet \u00ab Choeur en sc\u00e8ne \u00bb dans le Lot-et-Garonne avait pour objectif en cette ann\u00e9e scolaire 2020-2021, de r\u00e9aliser des captations vid\u00e9os des concerts sans public sur le th\u00e8me \u00ab Mes amis, mes amours\u2026 \u00bb. En raison du contexte sanitaire et malgr\u00e9 tous les efforts du Conseil D\u00e9partemental du 47, ces regroupements n\u2019ont pas pu se faire. Comme beaucoup d\u2019\u00e9l\u00e8ves et de coll\u00e8gues, frustr\u00e9s, d\u00e9\u00e7us mais pas r\u00e9sign\u00e9s, les choristes de l\u2019option chant choral du coll\u00e8ge Anatole France \u00e0 Villeneuve sur Lot, encadr\u00e9s par leurs professeurs Sophie et Nicolas DALLA VERDE, ont tourn\u00e9 un concert film\u00e9 autour du programme travaill\u00e9 (technique assur\u00e9e par Jean-R\u00e9my MUSQUI, coll\u00e8gue d&rsquo;\u00e9ducation musicale et chant choral de Fumel).<\/p>\n<p class=\"justif\">Retrouvez le teaser ainsi que le concert complet. F\u00e9licitations \u00e0 eux et leurs professeurs !<\/p>\n<\/td>\n<\/tr>\n<tr>\n<td><a href=\"https:\/\/www.youtube.com\/watch?v=vto3u_rc9hg\" target=\"_blank\" rel=\"noopener noreferrer\"><img loading=\"lazy\" decoding=\"async\" class=\"aligncenter wp-image-2521\" src=\"https:\/\/ent2d.ac-bordeaux.fr\/disciplines\/musique\/wp-content\/uploads\/sites\/32\/2021\/09\/Image-08-09-2021-\u00e0-10.05-1.jpg\" alt=\"\" width=\"367\" height=\"206\" srcset=\"https:\/\/ent2d.ac-bordeaux.fr\/disciplines\/musique\/wp-content\/uploads\/sites\/32\/2021\/09\/Image-08-09-2021-\u00e0-10.05-1.jpg 640w, https:\/\/ent2d.ac-bordeaux.fr\/disciplines\/musique\/wp-content\/uploads\/sites\/32\/2021\/09\/Image-08-09-2021-\u00e0-10.05-1-300x169.jpg 300w\" sizes=\"auto, (max-width: 367px) 100vw, 367px\" \/><\/a><\/td>\n<td>\u25a0 <a href=\"https:\/\/www.youtube.com\/watch?v=ncBKguVVJGk\" target=\"_blank\" rel=\"noopener noreferrer\">Teaser<\/a> sur youtube<\/p>\n<p>\u25a0 <a href=\"https:\/\/www.youtube.com\/watch?v=vto3u_rc9hg\" target=\"_blank\" rel=\"noopener noreferrer\">Concert film\u00e9 entier<\/a> sur youtube<\/td>\n<\/tr>\n<\/tbody>\n<\/table>\n<h3>La classe jazz du coll\u00e8ge \u00c9l\u00e9onore de Provence de Mons\u00e9gur<\/h3>\n<p>&nbsp;<\/p>\n<table>\n<tbody>\n<tr>\n<td width=\"30%\"><a href=\"https:\/\/youtu.be\/JABwizJm3EY\" target=\"_blank\" rel=\"noopener\"><img loading=\"lazy\" decoding=\"async\" class=\"alignleft wp-image-2701 size-full\" src=\"https:\/\/ent2d.ac-bordeaux.fr\/disciplines\/musique\/wp-content\/uploads\/sites\/32\/2022\/02\/monsegur_noel_2021.png\" alt=\"\" width=\"300\" height=\"169\" \/><\/a><\/td>\n<td width=\"70%\">\n<h4><span class=\"surligne\">Nouveau :<\/span><em> Concert de No\u00ebl 2021<\/em><\/h4>\n<p class=\"justif\">Les sixi\u00e8mes de la classe jazz font leur bapt\u00eame de la sc\u00e8ne, avant que le Big Band des 5\u00e8mes ne leur embo\u00eete le pas. Au programme : quelques blues \u00ab\u00a0Home made\u00a0\u00bb, mais aussi <em>So What<\/em>, <em>My Little Suede Shoes<\/em>, <em>Equinox<\/em>, <em>Water Melon Man<\/em> et <em>Blue Bossa<\/em>. Un concert retransmis en direct depuis le cin\u00e9ma Eden de Monsegur \u00e0 retrouver sur <a href=\"https:\/\/youtu.be\/JABwizJm3EY\" target=\"_blank\" rel=\"noopener\">youtube<\/a>. F\u00e9licitations aux jeunes artistes et \u00e0 leurs professeurs!<\/p>\n<\/td>\n<\/tr>\n<\/tbody>\n<\/table>\n<table>\n<tbody>\n<tr>\n<td colspan=\"2\">\n<h4><em>Nature Boy<\/em> (Eden Ahbez)<\/h4>\n<h5>Un projet enti\u00e8rement con\u00e7u et r\u00e9alis\u00e9 par les \u00e9l\u00e8ves de troisi\u00e8me jazz du coll\u00e8ge \u00c9l\u00e9onore de Provence<\/h5>\n<p class=\"justif\">Pour remplacer la r\u00e9sidence du pianiste Serbe Vladimir Jelenkovic nous avons enregistr\u00e9 le standard de latin Jazz de Eden Ahbez au coll\u00e8ge puis le jeune pianiste compositeur nous a envoy\u00e9 un enregistrement d&rsquo;un chorus et des images de son interpr\u00e9tation tourn\u00e9es chez lui dans le sud de la SERBIE. De l&rsquo;\u00e9criture du sc\u00e9nario jusqu&rsquo;au tournage, les \u00e9l\u00e8ves par petites \u00e9quipes ont ensuite r\u00e9alis\u00e9 le clip avec l&rsquo;aide de vid\u00e9astes professionnels.<\/p>\n<\/td>\n<\/tr>\n<tr>\n<td><a href=\"https:\/\/youtu.be\/q8bKcQpozsA\" target=\"_blank\" rel=\"noopener noreferrer\"><img loading=\"lazy\" decoding=\"async\" class=\"alignleft wp-image-2402 size-medium\" src=\"https:\/\/ent2d.ac-bordeaux.fr\/disciplines\/musique\/wp-content\/uploads\/sites\/32\/2021\/06\/nature-boy-monsegur-300x139.jpg\" alt=\"\" width=\"300\" height=\"139\" srcset=\"https:\/\/ent2d.ac-bordeaux.fr\/disciplines\/musique\/wp-content\/uploads\/sites\/32\/2021\/06\/nature-boy-monsegur-300x139.jpg 300w, https:\/\/ent2d.ac-bordeaux.fr\/disciplines\/musique\/wp-content\/uploads\/sites\/32\/2021\/06\/nature-boy-monsegur-768x355.jpg 768w, https:\/\/ent2d.ac-bordeaux.fr\/disciplines\/musique\/wp-content\/uploads\/sites\/32\/2021\/06\/nature-boy-monsegur.jpg 1000w\" sizes=\"auto, (max-width: 300px) 100vw, 300px\" \/><\/a><\/td>\n<td>\u25a0 <a href=\"https:\/\/youtu.be\/q8bKcQpozsA\" target=\"_blank\" rel=\"noopener noreferrer\">Clip vid\u00e9o<\/a> sur youtube<\/p>\n<p>\u25a0 <a href=\"https:\/\/youtu.be\/IfOJQI7B4RM\" target=\"_blank\" rel=\"noopener noreferrer\">Making-off<\/a> sur youtube<\/td>\n<\/tr>\n<\/tbody>\n<\/table>\n<h3>Voix du Sud &#8211; Centre des \u00e9critures de la chanson<\/h3>\n<h5>Pour les \u00e9l\u00e8ves de coll\u00e8ges et lyc\u00e9es de l&rsquo;acad\u00e9mie<\/h5>\n<p class=\"justif\">Durant le premier confinement l&rsquo;association \u00ab\u00a0<em>Voix du sud<\/em>\u00a0\u00bb d&rsquo;Astaffort a \u00e9t\u00e9 la premi\u00e8re \u00e0 proposer des interventions d&rsquo;artistes \u00e0 distance. Durant ce deuxi\u00e8me confinement, elle propose de nouveau \u00e0 de nombreux auteurs compositeurs de cr\u00e9er des chansons \u00e0 distance.<\/p>\n<p>Le r\u00e9sultat est surprenant\u00a0: <a href=\"https:\/\/drive.google.com\/file\/d\/1shWSqZQoITbDCYfipq7xfYqo-u1rnFyr\/view?usp=sharing\" target=\"_blank\" rel=\"noopener noreferrer\">https:\/\/drive.google.com\/file\/d\/1shWSqZQoITbDCYfipq7xfYqo-u1rnFyr\/view?usp=sharing<\/a><\/p>\n<h3>Les lyc\u00e9ens des options musique se mobilisent<\/h3>\n<table>\n<tbody>\n<tr>\n<td width=\"30%\"><a href=\"https:\/\/youtu.be\/rS7UoDmnRE4\" target=\"_blank\" rel=\"noopener noreferrer\"><img loading=\"lazy\" decoding=\"async\" class=\"alignright wp-image-2094 size-full\" src=\"https:\/\/ent2d.ac-bordeaux.fr\/disciplines\/musique\/wp-content\/uploads\/sites\/32\/2021\/02\/kju-save-your-soulb.png\" alt=\"\" width=\"300\" height=\"169\" \/><\/a><\/td>\n<td width=\"70%\">\n<h4><em>Save your Soul, (Jamie Cullum)<br \/>\n<\/em><\/h4>\n<h5>Une superbe ballade pop m\u00e9lancolique<\/h5>\n<p class=\"justif\">Interpr\u00e9t\u00e9e avec sensibilit\u00e9 par les \u00e9l\u00e8ves de premi\u00e8re sp\u00e9cialit\u00e9 du Lyc\u00e9e Camille Jullian : bravo \u00e0 ces jeunes musiciens et \u00e0 leur professeur, qui continuent \u00e0 s&rsquo;investir avec passion. Une vid\u00e9o \u00e0 retrouver sur <a href=\"https:\/\/youtu.be\/rS7UoDmnRE4\" target=\"_blank\" rel=\"noopener noreferrer\">youtube<\/a>.<\/p>\n<\/td>\n<\/tr>\n<tr>\n<td width=\"30%\"><a href=\"https:\/\/www.youtube.com\/watch?v=TcI_Pq6HUSQ\" target=\"_blank\" rel=\"noopener noreferrer\"><img loading=\"lazy\" decoding=\"async\" class=\"alignright wp-image-2040 size-full\" src=\"https:\/\/ent2d.ac-bordeaux.fr\/disciplines\/musique\/wp-content\/uploads\/sites\/32\/2020\/12\/white_christmas_palissy2.png\" alt=\"\" width=\"300\" height=\"200\" \/><\/a><\/td>\n<td width=\"70%\">\n<h4><em>White Christmas, (Irving Berlin)<br \/>\n<\/em><\/h4>\n<h5>Romantique et nostalgique, \u00ab\u00a0le\u00a0\u00bb chant de No\u00ebl, par excellence&#8230;.<\/h5>\n<p class=\"justif\">Les \u00e9l\u00e8ves de sp\u00e9cialit\u00e9 du Lyc\u00e9e Bernard Palissy (Agen), sous la conduite de leur professeur J\u00e9r\u00f4me Gose, nous livrent une interpr\u00e9tation raffin\u00e9e faisant la part belle \u00e0 l&rsquo;arrangement vocal de ce grand standard des chants de No\u00ebl. Voir la vid\u00e9o sur <a href=\"https:\/\/www.youtube.com\/watch?v=TcI_Pq6HUSQ\" target=\"_blank\" rel=\"noopener noreferrer\">youtube<\/a>.<\/p>\n<\/td>\n<\/tr>\n<tr>\n<td width=\"30%\"><img loading=\"lazy\" decoding=\"async\" class=\"alignright wp-image-2000 size-full\" src=\"https:\/\/ent2d.ac-bordeaux.fr\/disciplines\/musique\/wp-content\/uploads\/sites\/32\/2020\/11\/les-rides.jpg\" alt=\"\" width=\"300\" height=\"169\" \/><\/td>\n<td width=\"70%\">\n<h4><em>Les Rides, (Liz Van Deuq)<br \/>\n<\/em><\/h4>\n<h5>Un arrangement r\u00e9alis\u00e9 par les \u00e9l\u00e8ves d&rsquo;EDS du lyc\u00e9e Camille Jullian&#8230;.<\/h5>\n<p class=\"justif\">Un trio tout en finesse et en tendresse dans cette r\u00e9interpr\u00e9tation du titre de Liz Van Deuq sur un arrangement maison. Un bien joli travail soutenu par leurs professeurs Corinne Lassalle et Daniel Chevalley et \u00e0 retrouver sur <a href=\"https:\/\/youtu.be\/cAqW0kJSY3Y\" target=\"_blank\" rel=\"noopener noreferrer\">youtube<\/a>.<\/p>\n<\/td>\n<\/tr>\n<\/tbody>\n<\/table>\n<h3>Les coll\u00e9giens se lancent aussi<\/h3>\n<p>&nbsp;<\/p>\n<table>\n<tbody>\n<tr>\n<td><a href=\"https:\/\/youtu.be\/ReFY2GTP59U\" target=\"_blank\" rel=\"noopener noreferrer\"><img loading=\"lazy\" decoding=\"async\" class=\"alignnone wp-image-2431 size-full\" src=\"https:\/\/ent2d.ac-bordeaux.fr\/disciplines\/musique\/wp-content\/uploads\/sites\/32\/2021\/07\/se-canto-eymet.jpg\" alt=\"\" width=\"300\" height=\"169\" \/><\/a><\/td>\n<td width=\"70%\">\n<h4><span class=\"surligne\">Nouveau :<\/span> <em>Se canto<\/em><\/h4>\n<p class=\"justif\">Hymne occitan \u00ab\u00a0SE CANTO\u00a0\u00bb en pr\u00e9lude \u00e0 la F\u00e9libr\u00e9e (grande f\u00eate occitane en P\u00e9rigord) propos\u00e9 par les \u00e9l\u00e8ves de l&rsquo;option Orchestre \u00e0 l&rsquo;Ecole et de la chorale du Coll\u00e8ge d&rsquo;Eymet sous la direction de Christophe Rougier.<\/p>\n<p class=\"justif\">Le clip vid\u00e9o est \u00e0 retrouver sur <a href=\"https:\/\/youtu.be\/ReFY2GTP59U\" target=\"_blank\" rel=\"noopener noreferrer\">youtube<\/a>.<\/p>\n<\/td>\n<\/tr>\n<tr>\n<td><a href=\"https:\/\/youtu.be\/lMW_Y_SbGzg\" target=\"_blank\" rel=\"noopener noreferrer\"><img loading=\"lazy\" decoding=\"async\" class=\"alignright wp-image-2342 size-full\" src=\"https:\/\/ent2d.ac-bordeaux.fr\/disciplines\/musique\/wp-content\/uploads\/sites\/32\/2021\/06\/5\u00b0-teen-Drums-rauzanb.png\" alt=\"\" width=\"300\" height=\"169\" \/><\/a><\/td>\n<td width=\"70%\">\n<h4><em>BD Concert<\/em><em><br \/>\n<\/em><\/h4>\n<p class=\"justif\">Un projet de cr\u00e9ation men\u00e9 par les \u00e9l\u00e8ves de 5\u00b0 Teen Drum, option musique du coll\u00e8ge de Rauzan et leur enseignante, Peggy Jeantieu, avec la collaboration artistique du groupe <a href=\"https:\/\/www.facebook.com\/innvivo\" target=\"_blank\" rel=\"noopener noreferrer\">INNVIVO<\/a>.. Une r\u00e9alisation artistique qui n&rsquo;a pas eu la chance de trouver le chemin de la sc\u00e8ne pour cause de m\u00e9t\u00e9o d\u00e9favorable, mais, malgr\u00e9 cette petite d\u00e9ception, les \u00e9l\u00e8ves peuvent \u00eatre fier du travail accompli.<\/p>\n<p class=\"justif\">Bravo aux jeunes choristes, encadr\u00e9s par leurs enseignantes : Kattalin Haira, Emmanuelle Garcia, Sylvie Bidegain et Carole Larralde!<\/p>\n<p class=\"justif\">Le clip vid\u00e9o est \u00e0 retrouver sur <a href=\"https:\/\/youtu.be\/lMW_Y_SbGzg\" target=\"_blank\" rel=\"noopener noreferrer\">youtube<\/a>.<\/p>\n<\/td>\n<\/tr>\n<tr>\n<td><a href=\"https:\/\/youtu.be\/JWOruXzmsv8\" target=\"_blank\" rel=\"noopener noreferrer\"><img loading=\"lazy\" decoding=\"async\" class=\"alignright wp-image-2329 size-full\" src=\"https:\/\/ent2d.ac-bordeaux.fr\/disciplines\/musique\/wp-content\/uploads\/sites\/32\/2021\/06\/High-Hopesb.png\" alt=\"\" width=\"300\" height=\"169\" \/><\/a><\/td>\n<td width=\"70%\">\n<h4><em>High Hopes<\/em> (Panic! at the Disco)<em><br \/>\n<\/em><\/h4>\n<p class=\"justif\">Les chorales des coll\u00e8ges Stella Maris (Anglet), La Salle St Bernard (Bayonne), Saint Fran\u00e7ois Xavier (Ustaritz), et Largent\u00e9 (Bayonne) se sont mobilis\u00e9es avec entrain pour concocter cette reprise \u00e0 l&rsquo;\u00e9nergie communicative du c\u00e9l\u00e8bre tube, servie par la qualit\u00e9 du mixage audio et de la mise en images dynamique.<\/p>\n<p class=\"justif\">Bravo aux jeunes choristes, encadr\u00e9s par leurs enseignantes : Kattalin Haira, Emmanuelle Garcia, Sylvie Bidegain et Carole Larralde!<\/p>\n<p class=\"justif\">Le clip vid\u00e9o est \u00e0 retrouver sur <a href=\"https:\/\/youtu.be\/JWOruXzmsv8\" target=\"_blank\" rel=\"noopener noreferrer\">youtube<\/a>.<\/p>\n<\/td>\n<\/tr>\n<tr>\n<td><a href=\"https:\/\/youtu.be\/75_SclIWsnM\" target=\"_blank\" rel=\"noopener noreferrer\"><img loading=\"lazy\" decoding=\"async\" class=\"alignright wp-image-2297 size-full\" src=\"https:\/\/ent2d.ac-bordeaux.fr\/disciplines\/musique\/wp-content\/uploads\/sites\/32\/2021\/05\/resistire2.png\" alt=\"\" width=\"300\" height=\"169\" \/><\/a><\/td>\n<td width=\"70%\">\n<h4><em>Resistir\u00e9<\/em> du<em> Duo Din\u00e0mico<br \/>\n<\/em><\/h4>\n<p class=\"justif\">Un titre c\u00e9l\u00e8bre au <a href=\"https:\/\/france3-regions.blog.francetvinfo.fr\/ecoute-voir\/2020\/04\/11\/histoire-de-resistire-devenu-lhymne-de-lespagne-confinee.html\" target=\"_blank\" rel=\"noopener noreferrer\">destin insolite<\/a>, interpr\u00e9t\u00e9 avec enthousiasme et bonne humeur, par les \u00e9l\u00e8ves de <em>4e Section Euro Espagnol<\/em> du coll\u00e8ge Marie Bartette \u00e0 Arcachon, dirig\u00e9s par leur professeur Delphine Lavergne : un clip vid\u00e9o entra\u00eenant \u00e0 retrouver sur <a href=\"https:\/\/youtu.be\/75_SclIWsnM\" target=\"_blank\" rel=\"noopener noreferrer\">youtube<\/a>.<\/p>\n<p>Vous pourrez aussi d\u00e9couvrir <a href=\"https:\/\/youtu.be\/poFK3L8aNJs\" target=\"_blank\" rel=\"noopener noreferrer\"><em>Clavelitos<\/em><\/a> (chanson populaire espagnole), interpr\u00e9t\u00e9e par les m\u00eames \u00e9l\u00e8ves, ou encore <a href=\"https:\/\/youtu.be\/oF4XFnLpnJE\" target=\"_blank\" rel=\"noopener noreferrer\"><em>I feel Good<\/em><\/a> (de James Brown), interpr\u00e9t\u00e9e en version percussions corporelles par la chorale confin\u00e9e, (enfants de la 6e \u00e0 la 3e et en situation de handicap).<\/td>\n<\/tr>\n<tr>\n<td width=\"30%\"><a href=\"https:\/\/youtu.be\/2GeeUiEwGKg\" target=\"_blank\" rel=\"noopener noreferrer\"><img loading=\"lazy\" decoding=\"async\" class=\"alignright wp-image-2245 size-full\" src=\"https:\/\/ent2d.ac-bordeaux.fr\/disciplines\/musique\/wp-content\/uploads\/sites\/32\/2021\/04\/creation-chanson2.png\" alt=\"\" width=\"300\" height=\"169\" \/><\/a><\/td>\n<td width=\"70%\">\n<h4><em>Pourquoi on \u00e9crit des chansons ?<\/em><\/h4>\n<p class=\"justif\"><em>Quand les enseignements de l\u2019\u00e9ducation musicale et du chant choral tiennent toute leur place et toutes leurs promesses en mobilisant l\u2019imagination, la cr\u00e9ativit\u00e9 et les comp\u00e9tences de coll\u00e9giens responsabilis\u00e9s et responsables, via une pratique musicale aboutie, avec \u00e0 la cl\u00e9 du projet la sensibilisation des camarades et des spectateurs\/auditeurs \u00e0 l\u2019\u00e9cole inclusive, \u00e0 l\u2019EDDE, \u00e0 l\u2019\u00e9ducation \u00e0 la citoyennet\u00e9, \u00e0 l\u2019\u00e9ducation \u00e0 l\u2019\u00e9galit\u00e9 filles gar\u00e7ons, \u00e0 toutes les valeurs que porte notre syst\u00e8me \u00e9ducatif\u2026.<\/em> (J.M. Caniard \u2013 IA-IPR \u00c9ducation musicale et Chant choral)<\/p>\n<p class=\"justif\">Le coll\u00e8ge F. Mitterrand de Soustons vous pr\u00e9sente une cr\u00e9ation de chanson r\u00e9alis\u00e9e avec l\u2019artiste Guillaume Martial par la classe de 4D sur le th\u00e8me: \u00ab Pourquoi \u00e9crit-on des chansons? \u00bb.<br \/>\nCette cr\u00e9ation de chanson s\u2019est r\u00e9alis\u00e9e \u00e0 100% en Visio-conf\u00e9rence, entre l\u2019artiste et les \u00e9l\u00e8ves, ultra motiv\u00e9s pendant une semaine enti\u00e8re.<br \/>\nD\u00e9j\u00e0 combl\u00e9s par cette exp\u00e9rience tr\u00e8s riche, que fut notre surprise lorsque l\u2019espace-jeune de Moliets nous annonce avoir envie de r\u00e9aliser un Clip \u00e0 partir de cette chanson, tout en traduisant les paroles en langage des signes.<br \/>\nNous sommes tr\u00e8s heureux de constater que cette belle aventure continue sa route pour servir de belles id\u00e9es et de beaux projets&#8230; (H\u00e9l\u00e8ne Nouaux)<\/p>\n<p class=\"justif\">\u00c0 visionner sur <a href=\"https:\/\/youtu.be\/2GeeUiEwGKg\" target=\"_blank\" rel=\"noopener noreferrer\">youtube<\/a>.<\/p>\n<\/td>\n<\/tr>\n<tr>\n<td><a href=\"https:\/\/youtu.be\/7wVfphy9pbw\" target=\"_blank\" rel=\"noopener noreferrer\"><img loading=\"lazy\" decoding=\"async\" class=\"alignright wp-image-2272 size-full\" src=\"https:\/\/ent2d.ac-bordeaux.fr\/disciplines\/musique\/wp-content\/uploads\/sites\/32\/2021\/04\/Ve-beethoven-body-tap2.png\" alt=\"\" width=\"300\" height=\"169\" \/><\/a><\/td>\n<td width=\"70%\">\n<h4>La <em>5\u00e8me Symphonie<\/em> de Beethoven en percussions corporelles<em><br \/>\n<\/em><\/h4>\n<p class=\"justif\">Par le <em>Ch\u0153ur des colibris<\/em> du coll\u00e8ge Saint Michel Garrico\u00efts \u00e0 Cambo-les-bains, dirig\u00e9 par leur professeur Nelly Guilhemsans.<\/p>\n<p class=\"justif\">La chorale se r\u00e9invente dans cette superbe r\u00e9alisation chor\u00e9graphi\u00e9e, \u00e0 la mise en place impeccable dont l\u2019esth\u00e9tique renvoie par des jeux de miroir et de correspondance \u00e0 celle du bassin aquatique de la c\u00e9l\u00e8bre Villa Arnaga.<\/p>\n<p class=\"justif\">Une belle mise en valeur vid\u00e9o \u00e0 retrouver sur <a href=\"https:\/\/youtu.be\/7wVfphy9pbw\" target=\"_blank\" rel=\"noopener noreferrer\">youtube<\/a>.<\/p>\n<\/td>\n<\/tr>\n<tr>\n<td><a href=\"https:\/\/youtu.be\/xvLYCH3JhYU\"><img loading=\"lazy\" decoding=\"async\" class=\"alignright wp-image-2183 size-full\" src=\"https:\/\/ent2d.ac-bordeaux.fr\/disciplines\/musique\/wp-content\/uploads\/sites\/32\/2021\/03\/over-the-rainbowb.png\" alt=\"\" width=\"300\" height=\"169\" \/><\/a><\/td>\n<td width=\"70%\">\n<h4><em>Over the Rainbow<\/em> (Harold Harlen)<\/h4>\n<h5>\u00ab Quand le soleil pleut Et que la pluie luit, Le soleil met le feu \u00c0 son parapluie.<br \/>\nIl sort d\u2019une \u00e9toile Des pinceaux de poils, Et de la blancheur Sa bo\u00eete \u00e0 couleurs.<br \/>\nPuis il effiloche Un paon fabuleux Sur le chapeau-cloche D\u2019une ombrelle bleue. \u00bb (<em>Arc en ciel<\/em>, Pierre Coran)<\/h5>\n<p class=\"justif\">Sous la direction de Christophe Rougier, les \u00e9l\u00e8ves de l&rsquo;Orchestre et de la Chorale du coll\u00e8ge d&rsquo;Eymet nous transportent sur un petit nuage dans cet arrangement cousu main de ce titre incontournable extrait du <em>Magicien d&rsquo;Oz<\/em>.. \u00c0 visionner sur <a href=\"https:\/\/youtu.be\/xvLYCH3JhYU\" target=\"_blank\" rel=\"noopener noreferrer\">youtube<\/a>.<\/p>\n<\/td>\n<\/tr>\n<tr>\n<td><a href=\"https:\/\/youtu.be\/CQGGeO6SSgI\" target=\"_blank\" rel=\"noopener noreferrer\"><img loading=\"lazy\" decoding=\"async\" class=\"alignright wp-image-2126 size-full\" src=\"https:\/\/ent2d.ac-bordeaux.fr\/disciplines\/musique\/wp-content\/uploads\/sites\/32\/2021\/03\/shallow-cham-anatole-franceb.png\" alt=\"\" width=\"300\" height=\"169\" \/><\/a><\/td>\n<td width=\"70%\">\n<h4><em>Shallow<\/em> (Lady Gaga \/ Mark Ronson)<\/h4>\n<p class=\"justif\">La chanson th\u00e8me du film <em>A Star is born<\/em> ; un titre qui tient ici toutes ses promesses dans cette r\u00e9interpr\u00e9tation inventive et sensible, par les \u00e9l\u00e8ves de CHAM du coll\u00e8ge Anatole Fance, dirig\u00e9s par leur professeur Sophie Dalla Verde. \u00c0 visionner sur <a href=\"https:\/\/youtu.be\/CQGGeO6SSgI\" target=\"_blank\" rel=\"noopener noreferrer\">youtube<\/a>.<\/p>\n<\/td>\n<\/tr>\n<tr>\n<td width=\"30%\"><a href=\"https:\/\/youtu.be\/R8SOfPcFpFU\" target=\"_blank\" rel=\"noopener noreferrer\"><img loading=\"lazy\" decoding=\"async\" class=\"alignright wp-image-2127 size-full\" src=\"https:\/\/ent2d.ac-bordeaux.fr\/disciplines\/musique\/wp-content\/uploads\/sites\/32\/2021\/03\/slam-anatole-franceb.png\" alt=\"\" width=\"300\" height=\"169\" \/><\/a><\/td>\n<td width=\"70%\">\n<h4>Tu sais petit&#8230; (cr\u00e9ation des \u00e9l\u00e8ves de CHAM)<\/h4>\n<p class=\"justif\">La 4\u00e8me CHAM du coll\u00e8ge Anatole France r\u00e9cidive avec cette \u00e9criture musicale r\u00e9alis\u00e9e dans le cadre du projet \u00ab Partage ta lecture \u00bb. Une chanson \u00e0 vis\u00e9e \u00e0 la fois artistique et p\u00e9dagogique, qui ne manquera pas de susciter l&rsquo;envie chez les futurs entrants! . \u00c0 retrouver sur <a href=\"https:\/\/youtu.be\/R8SOfPcFpFU\" target=\"_blank\" rel=\"noopener noreferrer\">youtube<\/a>.<\/p>\n<\/td>\n<\/tr>\n<tr>\n<td width=\"30%\"><a href=\"https:\/\/youtu.be\/GWwnaYrMUCY\" target=\"_blank\" rel=\"noopener noreferrer\"><img loading=\"lazy\" decoding=\"async\" class=\"alignright wp-image-2044 size-full\" src=\"https:\/\/ent2d.ac-bordeaux.fr\/disciplines\/musique\/wp-content\/uploads\/sites\/32\/2020\/12\/frosty-snowman2.png\" alt=\"\" width=\"300\" height=\"215\" \/><\/a><\/td>\n<td width=\"70%\">\n<h4><em>Frosty The Snowman<\/em> (Steve Nelson \/ Walter Jack Rollins)<\/h4>\n<p class=\"justif\">Laissons nous fondre pour cette petite friandise givr\u00e9e et de saison, concoct\u00e9e par les \u00e9l\u00e8ves d&rsquo;une classe de 6\u00e8me du coll\u00e8ge Toulouse Lautrec (Langon), accompagn\u00e9s par leur professeur Sylvain Besnier. Une interpr\u00e9tation qui ne nous laissera pas de glace dans cette vid\u00e9o \u00e0 retrouver sur <a href=\"https:\/\/youtu.be\/GWwnaYrMUCY\" target=\"_blank\" rel=\"noopener noreferrer\">youtube<\/a>.<\/p>\n<\/td>\n<\/tr>\n<tr>\n<td width=\"30%\"><a href=\"https:\/\/youtu.be\/_Wlysm4U8hg\" target=\"_blank\" rel=\"noopener noreferrer\"><img loading=\"lazy\" decoding=\"async\" class=\"alignright wp-image-1978 size-full\" src=\"https:\/\/ent2d.ac-bordeaux.fr\/disciplines\/musique\/wp-content\/uploads\/sites\/32\/2020\/11\/ecrivez-mon-nom.png\" alt=\"\" width=\"300\" height=\"169\" \/><\/a><\/p>\n<p>&nbsp;<\/td>\n<td width=\"70%\">\n<h4><em>\u00c9crivez mon nom<\/em> (Th\u00e9o Aboukrat et Antoine Essertier)<\/h4>\n<p class=\"justif\">Une chanson r\u00e9alis\u00e9e avec entrain dans le cadre d&rsquo;une s\u00e9quence sur la musique et la m\u00e9moire, par les \u00e9l\u00e8ves de 4\u00b0A du coll\u00e8ge Max Bramerie, soutenus par leur professeure, Guylaine Daniel! Une vid\u00e9o \u00e0 retrouver sur <a href=\"https:\/\/youtu.be\/_Wlysm4U8hg\" target=\"_blank\" rel=\"noopener noreferrer\">youtube<\/a>.<\/p>\n<\/td>\n<\/tr>\n<\/tbody>\n<\/table>\n<h3>Sp\u00e9cial f\u00eates<\/h3>\n<h5>Les calendriers de l&rsquo;Avent \/ Concerts de No\u00ebl et autres<\/h5>\n<ul>\n<li>Une proposition de Marie Labadie (Lyc\u00e9e Cassin \u00e0 Bayonne), \u00e0 <a href=\"https:\/\/youtu.be\/5ECe4b9b-FA\" target=\"_blank\" rel=\"noopener noreferrer\">visualiser ici<\/a>, ainsi que d&rsquo;autres propositions \u00e0 retrouver sur la <a href=\"https:\/\/www.youtube.com\/channel\/UCsbONFRiLMkK3JkMlo9hXSg\/videos\" target=\"_blank\" rel=\"noopener noreferrer\">chaine youtube des enseignements musique du lyc\u00e9e<\/a>.<\/li>\n<li>Une proposition de Jean-Baptiste Arrizabalaga (Saint-Gen\u00e8s La Salle, \u00e0 Bordeaux), \u00e0 visualiser ici<\/li>\n<li>Une proposition pr\u00eate \u00e0 remplir ou enti\u00e8rement personnalisable, \u00e0 <a href=\"https:\/\/view.genial.ly\/5fc28bb22c85d8120cbf16cd\" target=\"_blank\" rel=\"noopener noreferrer\">visualiser ici<\/a>.<\/li>\n<\/ul>\n","protected":false},"excerpt":{"rendered":"<h2>De beaux exemples de pratiques musicales partag\u00e9es en temps de crise.<\/h2>\n<p>&nbsp;<\/p>\n<p>2020-2021 \/ 2019-2020<\/p>\n<p>&nbsp;<\/p>\n<p> Concert film\u00e9 des \u00e9l\u00e8ves de l&rsquo;option musique du coll\u00e8ge Anatole France de Villeneuve-sur-Lot (47) <\/p>\n<p>&nbsp;<\/p>\n<p> \u00ab\u00a0Mes amis, mes amours&#8230;\u00a0\u00bb <\/p>\n<p class=\"justif\">Le projet \u00ab Choeur en sc\u00e8ne \u00bb dans le Lot-et-Garonne avait pour objectif en cette ann\u00e9e scolaire 2020-2021, de &hellip; <\/p>\n<p><a class=\"more-link block-button\" href=\"https:\/\/ent2d.ac-bordeaux.fr\/disciplines\/musique\/continuite-pedagogique\/productionsdeleves\/concerts-deleves-du-confinement-a-lapres-annee20-21\/\">Lire la Suite &raquo;<\/a><\/p>\n","protected":false},"author":1669,"featured_media":0,"parent":1616,"menu_order":0,"comment_status":"closed","ping_status":"closed","template":"","meta":{"footnotes":""},"class_list":["post-3100","page","type-page","status-publish","hentry","nodate"],"_links":{"self":[{"href":"https:\/\/ent2d.ac-bordeaux.fr\/disciplines\/musique\/wp-json\/wp\/v2\/pages\/3100","targetHints":{"allow":["GET"]}}],"collection":[{"href":"https:\/\/ent2d.ac-bordeaux.fr\/disciplines\/musique\/wp-json\/wp\/v2\/pages"}],"about":[{"href":"https:\/\/ent2d.ac-bordeaux.fr\/disciplines\/musique\/wp-json\/wp\/v2\/types\/page"}],"author":[{"embeddable":true,"href":"https:\/\/ent2d.ac-bordeaux.fr\/disciplines\/musique\/wp-json\/wp\/v2\/users\/1669"}],"replies":[{"embeddable":true,"href":"https:\/\/ent2d.ac-bordeaux.fr\/disciplines\/musique\/wp-json\/wp\/v2\/comments?post=3100"}],"version-history":[{"count":2,"href":"https:\/\/ent2d.ac-bordeaux.fr\/disciplines\/musique\/wp-json\/wp\/v2\/pages\/3100\/revisions"}],"predecessor-version":[{"id":3103,"href":"https:\/\/ent2d.ac-bordeaux.fr\/disciplines\/musique\/wp-json\/wp\/v2\/pages\/3100\/revisions\/3103"}],"up":[{"embeddable":true,"href":"https:\/\/ent2d.ac-bordeaux.fr\/disciplines\/musique\/wp-json\/wp\/v2\/pages\/1616"}],"wp:attachment":[{"href":"https:\/\/ent2d.ac-bordeaux.fr\/disciplines\/musique\/wp-json\/wp\/v2\/media?parent=3100"}],"curies":[{"name":"wp","href":"https:\/\/api.w.org\/{rel}","templated":true}]}}