{"id":2377,"date":"2021-06-29T19:45:03","date_gmt":"2021-06-29T17:45:03","guid":{"rendered":"https:\/\/ent2d.ac-bordeaux.fr\/disciplines\/musique\/?page_id=2377"},"modified":"2023-04-23T14:52:47","modified_gmt":"2023-04-23T12:52:47","slug":"concerts-19-20","status":"publish","type":"page","link":"https:\/\/ent2d.ac-bordeaux.fr\/disciplines\/musique\/continuite-pedagogique\/productionsdeleves\/concerts-19-20\/","title":{"rendered":"Concerts d&rsquo;\u00e9l\u00e8ves : du confinement \u00e0 l&rsquo;apr\u00e8s &#8211; ann\u00e9e 2019-20"},"content":{"rendered":"<h2><strong>De beaux exemples de pratiques musicales partag\u00e9es en temps de crise.<br \/>\n<\/strong><\/h2>\n<p>&nbsp;<\/p>\n<hr \/>\n<p><a href=\"https:\/\/ent2d.ac-bordeaux.fr\/disciplines\/musique\/continuite-pedagogique\/concerts-en-confinement\/\">2020-2021<\/a> \/\u00a0<a href=\"https:\/\/ent2d.ac-bordeaux.fr\/disciplines\/musique\/continuite-pedagogique\/concerts-en-confinement\/concerts-19-20\/\"><span class=\"surligne\">2019-2020<\/span><\/a><\/p>\n<hr \/>\n<p>&nbsp;<\/p>\n<h3 class=\"justif\">La classe jazz du coll\u00e8ge \u00c9l\u00e9onore de Provence de Mons\u00e9gur<\/h3>\n<table>\n<tbody>\n<tr>\n<td><a href=\"https:\/\/vimeo.com\/432823416\" target=\"_blank\" rel=\"noopener noreferrer\"><img loading=\"lazy\" decoding=\"async\" class=\"alignright wp-image-1889 size-full\" src=\"https:\/\/ent2d.ac-bordeaux.fr\/disciplines\/musique\/wp-content\/uploads\/sites\/32\/2020\/06\/classe-jazz-monsegur.jpg\" alt=\"\" width=\"800\" height=\"195\" srcset=\"https:\/\/ent2d.ac-bordeaux.fr\/disciplines\/musique\/wp-content\/uploads\/sites\/32\/2020\/06\/classe-jazz-monsegur.jpg 800w, https:\/\/ent2d.ac-bordeaux.fr\/disciplines\/musique\/wp-content\/uploads\/sites\/32\/2020\/06\/classe-jazz-monsegur-300x73.jpg 300w, https:\/\/ent2d.ac-bordeaux.fr\/disciplines\/musique\/wp-content\/uploads\/sites\/32\/2020\/06\/classe-jazz-monsegur-768x187.jpg 768w\" sizes=\"auto, (max-width: 800px) 100vw, 800px\" \/><\/a><\/td>\n<\/tr>\n<tr>\n<td>\n<h5><em>Doxy<\/em> (Sonny Rollins) ; La musique lib\u00e9r\u00e9e<\/h5>\n<p class=\"justif\">Une ambiance de f\u00eate tr\u00e8s festivali\u00e8re aux premiers jours de l&rsquo;\u00e9t\u00e9, avec ces jeunes artistes ravis de retrouver leurs instruments, pour interpr\u00e9ter ce th\u00e8me punchy encadrant un beau solo de trompette et quelques improvisations chor\u00e9graphiques : de quoi r\u00e9jouir leurs professeurs, R\u00e9mi Poymiro et Christophe Gagner&#8230; et nous tous par la m\u00eame occasion! Une vid\u00e9o \u00e0 retrouver sur <a href=\"https:\/\/vimeo.com\/432823416\" target=\"_blank\" rel=\"noopener noreferrer\">vimeo<\/a>.<\/p>\n<\/td>\n<\/tr>\n<\/tbody>\n<\/table>\n<h3 class=\"justif\">Les lyc\u00e9ens des options musique se mobilisent<\/h3>\n<table>\n<tbody>\n<tr>\n<td width=\"30%\"><a href=\"https:\/\/youtu.be\/Zle7krsYou8\" target=\"_blank\" rel=\"noopener noreferrer\"><img loading=\"lazy\" decoding=\"async\" class=\"alignright wp-image-1919 size-full\" src=\"https:\/\/ent2d.ac-bordeaux.fr\/disciplines\/musique\/wp-content\/uploads\/sites\/32\/2020\/08\/creation_musicale.png\" alt=\"\" width=\"300\" height=\"169\" \/><\/a><\/td>\n<td width=\"70%\">\n<h4><em>Projet de cr\u00e9ation<\/em><\/h4>\n<h5>Un travail de cr\u00e9ation musicale pour un spectacle chor\u00e9graphique rest\u00e9 en suspens&#8230;.<\/h5>\n<p class=\"justif\">Les \u00e9l\u00e8ves de premi\u00e8re S2TMD, encadr\u00e9s par St\u00e9phanie Blanc, compositrice et Daniel Chevalley ont enti\u00e8rement compos\u00e9 6 musiques mixtes (enregistrement de sons en lien avec la th\u00e9matique du \u00ab caf\u00e9 \u00bb, traitement des sons, composition \u00e9lectroacoustique, composition musicale etc.). Le travail de cr\u00e9ation chor\u00e9graphique dirig\u00e9 par Veronique Delsol a \u00e0 peine eu le temps de commencer avant le confinement. Cette vid\u00e9o a \u00e9t\u00e9 r\u00e9alis\u00e9e avec les quelques images disponibles des musiciens et des propositions des danseuses qui ont bien voulu participer. Voir la vid\u00e9o sur <a href=\"https:\/\/youtu.be\/Zle7krsYou8\" target=\"_blank\" rel=\"noopener noreferrer\">youtube<\/a>.<\/p>\n<\/td>\n<\/tr>\n<tr>\n<td width=\"30%\"><a href=\"https:\/\/youtu.be\/soq-MAWn1RQ\" target=\"_blank\" rel=\"noopener noreferrer\"><img loading=\"lazy\" decoding=\"async\" class=\"alignright wp-image-1906 size-medium\" src=\"https:\/\/ent2d.ac-bordeaux.fr\/disciplines\/musique\/wp-content\/uploads\/sites\/32\/2020\/07\/think-300x169.jpg\" alt=\"\" width=\"300\" height=\"169\" \/><\/a><\/td>\n<td width=\"70%\">\n<h4><em>Think<\/em>, (Aretha Franklin)<\/h4>\n<h5>Une collaboration Lyc\u00e9e \/ Coll\u00e8ge qui donne la p\u00eache avant de partir en vacances&#8230; \u00e0 faire p\u00e2lir d&rsquo;envie les Blues Brothers!<\/h5>\n<p class=\"justif\">Une cover revue par les \u00e9l\u00e8ves des Options Musique du Lyc\u00e9e Jean Renou \u00e0 La R\u00e9ole (33) ainsi que les \u00e9l\u00e8ves non Jazz du coll\u00e8ge de Monsegur (33) parfaitement manag\u00e9s par leurs enseignants, Nathalie Andrade Agn\u00e8s et Thierry Andrade.<br \/>\nUn tube revisit\u00e9 avec les \u00ab PercuTable \u00bb et le Dualo. Merci \u00e0 tous les \u00e9l\u00e8ves pour leur travail et leur engagement en cette fin d\u2019ann\u00e9e scolaire&#8230; Voir la vid\u00e9o sur <a href=\"https:\/\/youtu.be\/soq-MAWn1RQ\" target=\"_blank\" rel=\"noopener noreferrer\">youtube<\/a>.<\/p>\n<\/td>\n<\/tr>\n<tr>\n<td width=\"30%\"><a href=\"https:\/\/youtu.be\/fCgydcjrNNI\" target=\"_blank\" rel=\"noopener noreferrer\"><img loading=\"lazy\" decoding=\"async\" class=\"alignright wp-image-1827 size-medium\" src=\"https:\/\/ent2d.ac-bordeaux.fr\/disciplines\/musique\/wp-content\/uploads\/sites\/32\/2020\/06\/BecauseStAndr\u00e9Kju-300x169.jpg\" alt=\"\" width=\"300\" height=\"169\" srcset=\"https:\/\/ent2d.ac-bordeaux.fr\/disciplines\/musique\/wp-content\/uploads\/sites\/32\/2020\/06\/BecauseStAndr\u00e9Kju-300x169.jpg 300w, https:\/\/ent2d.ac-bordeaux.fr\/disciplines\/musique\/wp-content\/uploads\/sites\/32\/2020\/06\/BecauseStAndr\u00e9Kju-768x432.jpg 768w, https:\/\/ent2d.ac-bordeaux.fr\/disciplines\/musique\/wp-content\/uploads\/sites\/32\/2020\/06\/BecauseStAndr\u00e9Kju.jpg 1024w\" sizes=\"auto, (max-width: 300px) 100vw, 300px\" \/><\/a><\/td>\n<td width=\"70%\">\n<h4><em>Because<\/em>, des Beatles<\/h4>\n<h5>Un projet coll\u00e8ge \/ lyc\u00e9e, pour une chanson \u00ab\u00a0cosmique\u00a0\u00bb aux belles harmonies vocales (un pas vers le monde d&rsquo;apr\u00e8s ?)<\/h5>\n<p class=\"justif\">Une chanson \u00e0 <a href=\"https:\/\/fr.wikipedia.org\/wiki\/Because\" target=\"_blank\" rel=\"noopener noreferrer\">la gen\u00e8se passionnante<\/a>, dans une r\u00e9interpr\u00e9tation sensible, par les \u00e9l\u00e8ves du coll\u00e8ge Saint Andr\u00e9 (Bordeaux) et ceux du lyc\u00e9e Camille Jullian (options et sp\u00e9cialit\u00e9s musique, S2TMD) dirig\u00e9s par leurs professeurs : Dany Meyer, Corinne Lassalle et Daniel Chevalley. Voir la vid\u00e9o sur <a href=\"https:\/\/youtu.be\/fCgydcjrNNI\" target=\"_blank\" rel=\"noopener noreferrer\">youtube<\/a>.<\/p>\n<\/td>\n<\/tr>\n<tr>\n<td width=\"30%\"><a href=\"https:\/\/youtu.be\/NQaGfI-i7GA\" target=\"_blank\" rel=\"noopener noreferrer\"><img loading=\"lazy\" decoding=\"async\" class=\"alignright wp-image-1642 size-medium\" src=\"https:\/\/ent2d.ac-bordeaux.fr\/disciplines\/musique\/wp-content\/uploads\/sites\/32\/2020\/05\/GunsNRosesS2TMD02-300x169.jpg\" alt=\"\" width=\"300\" height=\"169\" \/><\/a><\/td>\n<td width=\"70%\">\n<h4><em>Sweet Child O&rsquo; Mine<\/em>, de Guns N&rsquo;Roses<\/h4>\n<h5>Un standard revisit\u00e9<\/h5>\n<p class=\"justif\">Un m\u00e9tissage m\u00ealant avec bonheur culture classique et culture pop, dans ce standard revisit\u00e9, avec tout le talent des S2TMD du Lyc\u00e9e Camille Jullian (Bordeaux) dirig\u00e9s depuis chez eux par leur professeur Daniel Chevalley. Voir la vid\u00e9o sur <a href=\"https:\/\/youtu.be\/NQaGfI-i7GA\" target=\"_blank\" rel=\"noopener noreferrer\">youtube<\/a>.<\/p>\n<\/td>\n<\/tr>\n<tr>\n<td width=\"30%\"><a href=\"https:\/\/youtu.be\/PaxhplItncs\" target=\"_blank\" rel=\"noopener noreferrer\"><img loading=\"lazy\" decoding=\"async\" class=\"alignright wp-image-1608 size-medium\" src=\"https:\/\/ent2d.ac-bordeaux.fr\/disciplines\/musique\/wp-content\/uploads\/sites\/32\/2020\/05\/the_show_must_go_on_utub02-300x169.jpg\" alt=\"\" width=\"300\" height=\"169\" \/><\/a><\/td>\n<td width=\"70%\">\n<h4><em>The Show Must Go On<\/em><\/h4>\n<h5>Le spectacle continue!<\/h5>\n<p class=\"justif\">Une performance exceptionnelle avec ce superbe extrait \u00e0 retrouver sur <a href=\"https:\/\/youtu.be\/PaxhplItncs\" target=\"_blank\" rel=\"noopener noreferrer\">youtube<\/a>, avec les Options Musique des Lyc\u00e9es Jules Supervielle (Oloron Ste Marie) et Louis Barthou (Pau). Plus d&rsquo;une soixantaine de choristes interpr\u00e8tent depuis chez eux cette pi\u00e8ce pleine d&rsquo;\u00e9motion, accompagn\u00e9s et soutenus par leurs professeurs Benjamin Courtoux (incroyable montage) et Pierre Feillens (parmi les choristes : <a href=\"https:\/\/ent2d.ac-bordeaux.fr\/disciplines\/musique\/wp-content\/uploads\/sites\/32\/2020\/05\/the_show_must_go_on_utub01.jpg\" target=\"_blank\" rel=\"noopener noreferrer\">saurez-vous le retrouver ?<\/a>)<\/p>\n<\/td>\n<\/tr>\n<tr>\n<td><a href=\"https:\/\/ent2d.ac-bordeaux.fr\/disciplines\/musique\/wp-content\/uploads\/sites\/32\/2020\/03\/lebrio.jpg\"><img loading=\"lazy\" decoding=\"async\" class=\"alignright wp-image-1502\" src=\"https:\/\/ent2d.ac-bordeaux.fr\/disciplines\/musique\/wp-content\/uploads\/sites\/32\/2020\/03\/lebrio-300x169.jpg\" alt=\"\" width=\"400\" height=\"225\" srcset=\"https:\/\/ent2d.ac-bordeaux.fr\/disciplines\/musique\/wp-content\/uploads\/sites\/32\/2020\/03\/lebrio-300x169.jpg 300w, https:\/\/ent2d.ac-bordeaux.fr\/disciplines\/musique\/wp-content\/uploads\/sites\/32\/2020\/03\/lebrio.jpg 442w\" sizes=\"auto, (max-width: 400px) 100vw, 400px\" \/><\/a><\/td>\n<td>\n<h3><em>Branchez la guitare!<\/em><\/h3>\n<p class=\"justif\">Une autre belle initiative de concert en confinement, avec cette reprise de <em>Brio<\/em> (<em>Branchez la guitare<\/em>) de Big Soul, r\u00e9alis\u00e9e par les \u00e9l\u00e8ves d&rsquo;Option Musique du Lyc\u00e9e Jean Renou (La R\u00e9ole) film\u00e9s chez eux et soutenus par leur professeur Nathalie Agn\u00e8s qui a r\u00e9alis\u00e9 le montage. \u00c0 suivre sur <a href=\"https:\/\/youtu.be\/G2UqKOybx0E\" target=\"_blank\" rel=\"noopener noreferrer\">youtube<\/a>.<\/p>\n<\/td>\n<\/tr>\n<tr>\n<td width=\"30%\"><a href=\"https:\/\/youtu.be\/cr-8ocIyB1M\" target=\"_blank\" rel=\"noopener noreferrer\"><img loading=\"lazy\" decoding=\"async\" class=\"alignright wp-image-1644 size-medium\" src=\"https:\/\/ent2d.ac-bordeaux.fr\/disciplines\/musique\/wp-content\/uploads\/sites\/32\/2020\/05\/the-greatest-showman-cassin2-300x169.jpg\" alt=\"\" width=\"300\" height=\"169\" \/><\/a><\/td>\n<td width=\"70%\">\n<h4>The Greatest Show &#8211; En attendant la repr\u00e9sentation!<\/h4>\n<h5>\u00ab\u00a0Retour sur un projet d&rsquo;ann\u00e9e\u00a0\u00bb<\/h5>\n<p class=\"justif\">Un document, t\u00e9moignage \u00e9mouvant du travail r\u00e9alis\u00e9 par les \u00e9l\u00e8ves d&rsquo;options musique et leur professeur, Marie Labadie, pendant leurs vacances confin\u00e9es, \u00e0 retrouver sur <a href=\"https:\/\/youtu.be\/cr-8ocIyB1M\" target=\"_blank\" rel=\"noopener noreferrer\">youtube<\/a>.<\/p>\n<\/td>\n<\/tr>\n<tr>\n<td width=\"30%\"><a href=\"https:\/\/youtu.be\/1X2H04_qtRA\"><img loading=\"lazy\" decoding=\"async\" class=\"alignright wp-image-1882 size-medium\" src=\"https:\/\/ent2d.ac-bordeaux.fr\/disciplines\/musique\/wp-content\/uploads\/sites\/32\/2020\/06\/f\u00eate_musique_cassinb2-300x208.jpg\" alt=\"\" width=\"300\" height=\"208\" \/><\/a><\/td>\n<td width=\"70%\">\n<h4>Photo de famille &#8211; Quitter les cours c\u00f4t\u00e9 jardin!<\/h4>\n<h5>Les options \u266b du Lyc\u00e9e Cassin se retrouvent pour la f\u00eate de la musique!<\/h5>\n<p class=\"justif\">Sur une initiative de leur professeur Marie Labadie, ce concert intimiste dans un jardin a permis \u00e0 tous les \u00e9l\u00e8ves de terminer l&rsquo;ann\u00e9e scolaire sur une note optimiste en partageant les \u00e9motions de la musique live. Un projet \u00e0 retrouver sur <a href=\"https:\/\/youtu.be\/1X2H04_qtRA\" target=\"_blank\" rel=\"noopener noreferrer\">youtube<\/a>.<\/p>\n<\/td>\n<\/tr>\n<\/tbody>\n<\/table>\n<h3 class=\"justif\">Les coll\u00e9giens se lancent aussi<\/h3>\n<p>&nbsp;<\/p>\n<table>\n<tbody>\n<tr>\n<td width=\"30%\"><a href=\"https:\/\/ent2d.ac-bordeaux.fr\/mediacad\/download.php?t=qnY1tbCiTh2NF8hbxqLFa9gxXiIkIv&amp;e=mp4\" target=\"_blank\" rel=\"noopener noreferrer\"><img loading=\"lazy\" decoding=\"async\" class=\"alignright wp-image-1867 size-medium\" src=\"https:\/\/ent2d.ac-bordeaux.fr\/disciplines\/musique\/wp-content\/uploads\/sites\/32\/2020\/06\/promotion-cham-300x168.jpg\" alt=\"\" width=\"300\" height=\"168\" \/><\/a><\/td>\n<td width=\"70%\">\n<h4><em>It&rsquo;s Raining Man<\/em>, (Paul Jabara et Paul Shaffer)<\/h4>\n<h5>Un projet instrumental avec les \u00e9l\u00e8ves de Cham du coll\u00e8ge Clos Chassaing (P\u00e9rigueux)<\/h5>\n<p class=\"justif\">Dans un arrangement cousu main r\u00e9alis\u00e9 par leur professeur Jean Bourdoncle, les \u00e9l\u00e8ves de 3\u00e8me CHAM se sont pr\u00eat\u00e9s au jeu (instrumental) du concert \u00e0 distance. Une belle performance \u00e0 retrouver sur la plateforme <a href=\"https:\/\/ent2d.ac-bordeaux.fr\/mediacad\/download.php?t=qnY1tbCiTh2NF8hbxqLFa9gxXiIkIv&amp;e=mp4\" target=\"_blank\" rel=\"noopener noreferrer\">mediacad<\/a>.<\/p>\n<\/td>\n<\/tr>\n<tr>\n<td width=\"30%\"><a href=\"https:\/\/youtu.be\/c6gXkSXNtT0\" target=\"_blank\" rel=\"noopener noreferrer\"><img loading=\"lazy\" decoding=\"async\" class=\"alignright wp-image-1842 size-medium\" src=\"https:\/\/ent2d.ac-bordeaux.fr\/disciplines\/musique\/wp-content\/uploads\/sites\/32\/2020\/06\/resistantes-300x212.jpg\" alt=\"\" width=\"300\" height=\"212\" \/><\/a><\/td>\n<td width=\"70%\">\n<h4><em>Femmes en R\u00e9sistance<\/em>, un clip pendant le confinement<\/h4>\n<h5>Un riche projet interdisciplinaire men\u00e9 conjointement par les \u00e9l\u00e8ves de 3\u00b01 du coll\u00e8ge Anatole France (Cadillac) et les S2TMD du Lyc\u00e9e Camille Jullian (Bordeaux)<\/h5>\n<p class=\"justif\">Un travail de m\u00e9moire autour de trois figures f\u00e9minines de la r\u00e9sistance, qui concourt pour le th\u00e8me du Concours National de la R\u00e9sistance et de la d\u00e9portation : \u00ab<em>1940. Entrer en R\u00e9sistance. Comprendre, refuser, r\u00e9sister<\/em>.\u00bb Professeurs encadrants : Daniel Chevalley et Mariusz Jaskowiak (Ed. Musicale), Leila Chevalley (Fran\u00e7ais), Jean-Bernard Marot (Hist-G\u00e9o). <a href=\"https:\/\/ent2d.ac-bordeaux.fr\/disciplines\/musique\/wp-content\/uploads\/sites\/32\/2020\/06\/Femmes-en-resistance.pdf\" target=\"_blank\" rel=\"noopener noreferrer\">Fiche<\/a> compl\u00e8te de pr\u00e9sentation du projet et vid\u00e9o sur <a href=\"https:\/\/youtu.be\/c6gXkSXNtT0\" target=\"_blank\" rel=\"noopener noreferrer\">youtube<\/a>.<\/p>\n<\/td>\n<\/tr>\n<tr>\n<td width=\"30%\"><a href=\"https:\/\/youtu.be\/UpA3F3t5oJ8\" target=\"_blank\" rel=\"noopener noreferrer\"><img loading=\"lazy\" decoding=\"async\" class=\"alignright wp-image-1807 size-medium\" src=\"https:\/\/ent2d.ac-bordeaux.fr\/disciplines\/musique\/wp-content\/uploads\/sites\/32\/2020\/06\/ChoraleMarieBartetteArcachon-300x169.png\" alt=\"\" width=\"300\" height=\"169\" \/><\/a><\/td>\n<td width=\"70%\">\n<h4><em>La Tendresse<\/em>, de N. Roux et H. Giroux, popularis\u00e9e par Bourvil<\/h4>\n<h5>Une chanson douce que nous chantent&#8230;<\/h5>\n<p class=\"justif\">&#8230; les \u00e9l\u00e8ves du coll\u00e8ge Marie Bartette \u00e0 Arcachon, accompagn\u00e9s de quelques adultes de la communaut\u00e9 \u00e9ducative et soutenus par l&rsquo;accompagnement de <a href=\"https:\/\/www.valentinvander.com\/\" target=\"_blank\" rel=\"noopener noreferrer\">Valentin Vander<\/a>. Un joli projet \u266b collectif impuls\u00e9 et mont\u00e9 par leur professeur Delphine Lavergne, \u00e0 retrouver sur <a href=\"https:\/\/youtu.be\/UpA3F3t5oJ8\" target=\"_blank\" rel=\"noopener noreferrer\">youtube<\/a>.<\/p>\n<\/td>\n<\/tr>\n<tr>\n<td width=\"30%\"><a href=\"https:\/\/youtu.be\/Bk8PkTEQ1QM\" target=\"_blank\" rel=\"noopener noreferrer\"><img loading=\"lazy\" decoding=\"async\" class=\"alignright wp-image-1841 size-medium\" src=\"https:\/\/ent2d.ac-bordeaux.fr\/disciplines\/musique\/wp-content\/uploads\/sites\/32\/2020\/06\/carmen-300x227.jpg\" alt=\"\" width=\"300\" height=\"227\" \/><\/a><\/td>\n<td width=\"70%\">\n<h4><em>Carmen<\/em>, de Bizet<\/h4>\n<h5>L&rsquo;amour, la jalousie qui conduit \u00e0 la mort : un sujet toujours sensible et actuel!<\/h5>\n<p class=\"justif\">La fameuse <em>Habanera<\/em> du c\u00e9l\u00e8bre op\u00e9ra, interpr\u00e9t\u00e9e et mise en images avec talent par les \u00e9l\u00e8ves de 4\u00e8me du coll\u00e8ge Notre Dame (Lesparre M\u00e9doc) assist\u00e9s de leur professeur Olivier Miguel. Un clip \u00e0 retrouver sur <a href=\"https:\/\/youtu.be\/Bk8PkTEQ1QM\" target=\"_blank\" rel=\"noopener noreferrer\">youtube<\/a>.<\/p>\n<\/td>\n<\/tr>\n<tr>\n<td width=\"30%\"><a href=\"https:\/\/youtu.be\/vQ-0d-aKf8o\" target=\"_blank\" rel=\"noopener noreferrer\"><img loading=\"lazy\" decoding=\"async\" class=\"alignright wp-image-1831 size-medium\" src=\"https:\/\/ent2d.ac-bordeaux.fr\/disciplines\/musique\/wp-content\/uploads\/sites\/32\/2020\/06\/douce_et_jolie-300x227.jpg\" alt=\"\" width=\"300\" height=\"227\" \/><\/a><\/td>\n<td width=\"70%\">\n<h4><em>Douce Dame Jolie<\/em>, de Guillaume de Machaut<\/h4>\n<h5>Art ancien ou Ars Nova ?<\/h5>\n<p class=\"justif\">Une chanson d&rsquo;amour courtois, adoptant la forme du virelai. Une plong\u00e9e savoureuse au Moyen-\u00c2ge, interpr\u00e9t\u00e9e par les \u00e9l\u00e8ves des coll\u00e8ges Notre Dame (Lesparre M\u00e9doc) et Saint Jean (Pauillac) assist\u00e9s de leur professeur Olivier Miguel. \u00c0 retrouver sur <a href=\"https:\/\/youtu.be\/vQ-0d-aKf8o\" target=\"_blank\" rel=\"noopener noreferrer\">youtube<\/a>.<\/p>\n<\/td>\n<\/tr>\n<tr>\n<td width=\"30%\"><a href=\"https:\/\/youtu.be\/-l6fHaqiEWQ\"><img loading=\"lazy\" decoding=\"async\" class=\"alignright wp-image-1900 size-medium\" src=\"https:\/\/ent2d.ac-bordeaux.fr\/disciplines\/musique\/wp-content\/uploads\/sites\/32\/2020\/06\/st-symphorien-le-sud2-300x169.png\" alt=\"\" width=\"300\" height=\"169\" \/><\/a><\/td>\n<td width=\"70%\">\n<h4><em>Le Sud<\/em>, de Nino Ferrer<\/h4>\n<h5>Une chanson intemporelle dans une version rafraichissante<\/h5>\n<p class=\"justif\">interpr\u00e9t\u00e9e par des \u00e9l\u00e8ves de 6\u00e8me du coll\u00e8ge Fran\u00e7ois Mauriac (Saint Symphorien) sur un montage r\u00e9alis\u00e9 par leur professeur Sylvain Besnier. \u00c0 retrouver sur <a href=\"https:\/\/youtu.be\/-l6fHaqiEWQ\" target=\"_blank\" rel=\"noopener noreferrer\">youtube<\/a>.<\/p>\n<\/td>\n<\/tr>\n<tr>\n<td width=\"30%\"><a href=\"https:\/\/youtu.be\/GObH1YJ1Q9M\"><img loading=\"lazy\" decoding=\"async\" class=\"alignright wp-image-1716 size-medium\" src=\"https:\/\/ent2d.ac-bordeaux.fr\/disciplines\/musique\/wp-content\/uploads\/sites\/32\/2020\/05\/IDontCare_Pellegrue-300x169.jpg\" alt=\"\" width=\"300\" height=\"169\" \/><\/a><\/td>\n<td width=\"70%\">\n<h4><em>I don&rsquo;t care<\/em> (Ed Sheeran&rsquo;s cover)<\/h4>\n<h5>&#8230;Tellement fier d&rsquo;eux!<\/h5>\n<p class=\"justif\">C&rsquo;est avec ces quelques mots qui en disent tellement plus que Sylvain Besnier, professeur au coll\u00e8ge Champ d&rsquo;Eymet (Pellegrue) \u00e9voque le travail de sa chorale de coll\u00e9giens, dans cette jolie reprise de <em>I don&rsquo;t care<\/em>, \u00e0 retrouver sur <a href=\"https:\/\/youtu.be\/GObH1YJ1Q9M\" target=\"_blank\" rel=\"noopener noreferrer\">youtube<\/a>.<\/p>\n<\/td>\n<\/tr>\n<tr>\n<td width=\"30%\"><a href=\"https:\/\/ent2d.ac-bordeaux.fr\/disciplines\/musique\/wp-content\/uploads\/sites\/32\/2020\/06\/FeteMusiqueNancyGavaBig.jpg\" target=\"_blank\" rel=\"noopener noreferrer\"><img loading=\"lazy\" decoding=\"async\" class=\"alignright wp-image-1870 size-medium\" src=\"https:\/\/ent2d.ac-bordeaux.fr\/disciplines\/musique\/wp-content\/uploads\/sites\/32\/2020\/06\/FeteMusiqueNancyGava-300x168.jpg\" alt=\"\" width=\"300\" height=\"168\" \/><\/a><\/td>\n<td width=\"70%\">\n<h4><em>F\u00eate de la musique virtuelle au coll\u00e8ge Henri IV \u00e0 Bergerac<\/em><\/h4>\n<h5>Au coll\u00e8ge Henri IV \u00e0 Bergerac, avec Nancy Gava<\/h5>\n<p class=\"justif\"><em>\u25a0 Bohemian Rhapsody<\/em> (Queen) : <a href=\"https:\/\/youtu.be\/GRdMDsYx3Hk\" target=\"_blank\" rel=\"noopener noreferrer\">https:\/\/youtu.be\/GRdMDsYx3Hk<\/a><br \/>\n\u25a0 F\u00eate de la musique virtuelle au coll\u00e8ge : <a href=\"https:\/\/youtu.be\/n5jj-T4xapg\" target=\"_blank\" rel=\"noopener noreferrer\">https:\/\/youtu.be\/n5jj-T4xapg<\/a><br \/>\n\u25a0 2 bonus Rock pour les \u00e9l\u00e8ves de 3\u00e8me (Guest Star : Romane Bassi) :<\/p>\n<ul>\n<li><a href=\"https:\/\/youtu.be\/64nZVfg9S-A\" target=\"_blank\" rel=\"noopener noreferrer\">https:\/\/youtu.be\/64nZVfg9S-A<\/a><\/li>\n<li><a href=\"https:\/\/youtu.be\/3LWGxjEPhQ8\" target=\"_blank\" rel=\"noopener noreferrer\">https:\/\/youtu.be\/3LWGxjEPhQ8<\/a><\/li>\n<\/ul>\n<\/td>\n<\/tr>\n<tr>\n<td width=\"30%\"><a href=\"https:\/\/youtu.be\/rKuO7zkg3IA\" target=\"_blank\" rel=\"noopener noreferrer\"><img loading=\"lazy\" decoding=\"async\" class=\"alignright wp-image-1834 size-medium\" src=\"https:\/\/ent2d.ac-bordeaux.fr\/disciplines\/musique\/wp-content\/uploads\/sites\/32\/2020\/06\/la-promesse-300x206.jpg\" alt=\"\" width=\"300\" height=\"206\" \/><\/a><\/td>\n<td width=\"70%\">\n<h4><em>La Promesse<\/em>, (Gr\u00e9goire, J.J. Goldman)<\/h4>\n<h5>Continuer ensemble, malgr\u00e9 le temps qui passe&#8230;<\/h5>\n<p class=\"justif\">&#8230; Mais aussi donner envie, transmettre : sous l&rsquo;impulsion de leur professeur Nancy Gava, les anciennes du coll\u00e8ge Henri IV \u00e0 Bergerac organis\u00e9es en atelier, se retrouvent encore une fois \u00e0 distance , pour une chanson qui tient toutes ses &#8230; promesses! \u00e0 retrouver sur <a href=\"https:\/\/youtu.be\/rKuO7zkg3IA\" target=\"_blank\" rel=\"noopener noreferrer\">youtube<\/a>.<\/p>\n<\/td>\n<\/tr>\n<tr>\n<td width=\"30%\"><a href=\"https:\/\/youtu.be\/DJWD6NEOJYM\" target=\"_blank\" rel=\"noopener noreferrer\"><img loading=\"lazy\" decoding=\"async\" class=\"alignright wp-image-1740 size-medium\" src=\"https:\/\/ent2d.ac-bordeaux.fr\/disciplines\/musique\/wp-content\/uploads\/sites\/32\/2020\/05\/ChoraleHenriIVBergerac-300x169.png\" alt=\"\" width=\"300\" height=\"169\" \/><\/a><\/td>\n<td width=\"70%\">\n<h4><em>Hallelujah<\/em>, de Leonard Cohen<\/h4>\n<h5>Pour garder l&rsquo;envie de chanter!<\/h5>\n<p class=\"justif\">Confin\u00e9s, mais ensemble par la musique : tel est le <em>credo<\/em> de ces \u00e9l\u00e8ves du coll\u00e8ge Henri IV \u00e0 Bergerac, soutenus par quelques camarades de seconde et qui interpr\u00e8tent ce tube popularis\u00e9 par Jeff Buckley. Un montage r\u00e9alis\u00e9 par Nancy Gava, \u00e0 retrouver sur <a href=\"https:\/\/youtu.be\/DJWD6NEOJYM\" target=\"_blank\" rel=\"noopener noreferrer\">youtube<\/a>.<\/p>\n<\/td>\n<\/tr>\n<\/tbody>\n<\/table>\n<h3 class=\"justif\">Les enseignants suivent la \u00ab\u00a0voix\u00a0\u00bb<\/h3>\n<table>\n<tbody>\n<tr>\n<td width=\"30%\"><a href=\"https:\/\/youtu.be\/MmeDFJKnPHo\" target=\"_blank\" rel=\"noopener noreferrer\"><img loading=\"lazy\" decoding=\"async\" class=\"alignright wp-image-1689 size-medium\" src=\"https:\/\/ent2d.ac-bordeaux.fr\/disciplines\/musique\/wp-content\/uploads\/sites\/32\/2020\/05\/les-confins-du-perigord-300x169.jpg\" alt=\"\" width=\"300\" height=\"169\" \/><\/a><\/td>\n<td width=\"70%\">\n<h4>Les p&rsquo;tits bonheurs, de Kastagna<\/h4>\n<p class=\"justif\">Une reprise qui donne la p\u00eache! Les <em>Confins du P\u00e9rigord<\/em>, petite troupe des professeurs de Dordogne (APEM24) s&rsquo;est retrouv\u00e9e \u00e0 distance pour interpr\u00e9ter avec une joie communicative cette chanson de <a href=\"https:\/\/youtu.be\/6wAvRLz8xms\" target=\"_blank\" rel=\"noopener noreferrer\">Kevin Castagna<\/a> (qui a r\u00e9alis\u00e9 ce montage visible sur <a href=\"https:\/\/youtu.be\/MmeDFJKnPHo\" target=\"_blank\" rel=\"noopener noreferrer\">youtube<\/a>). \u00c0 leur actif \u00e9galement, une <a href=\"https:\/\/youtu.be\/cCXgihWD7GQ\" target=\"_blank\" rel=\"noopener noreferrer\">petite polyrythmie contemporaine<\/a> pleine de fantaisie. <span class=\"surligne\">Le d\u00e9fi est lanc\u00e9 : qui osera le relever ?<\/span><\/p>\n<\/td>\n<\/tr>\n<\/tbody>\n<\/table>\n<p>&nbsp;<\/p>\n<hr \/>\n<p>&nbsp;<\/p>\n","protected":false},"excerpt":{"rendered":"<h2>De beaux exemples de pratiques musicales partag\u00e9es en temps de crise. <\/h2>\n<p>&nbsp;<\/p>\n<p>2020-2021 \/\u00a02019-2020<\/p>\n<p>&nbsp;<\/p>\n<p> La classe jazz du coll\u00e8ge \u00c9l\u00e9onore de Provence de Mons\u00e9gur <\/p>\n<h5>Doxy (Sonny Rollins) ; La musique lib\u00e9r\u00e9e<\/h5>\n<p class=\"justif\">Une ambiance de f\u00eate tr\u00e8s festivali\u00e8re aux premiers jours de l&rsquo;\u00e9t\u00e9, avec ces jeunes artistes ravis de retrouver leurs instruments, pour &hellip; <\/p>\n<p><a class=\"more-link block-button\" href=\"https:\/\/ent2d.ac-bordeaux.fr\/disciplines\/musique\/continuite-pedagogique\/productionsdeleves\/concerts-19-20\/\">Lire la Suite &raquo;<\/a><\/p>\n","protected":false},"author":178,"featured_media":0,"parent":1616,"menu_order":0,"comment_status":"closed","ping_status":"closed","template":"","meta":{"footnotes":""},"class_list":["post-2377","page","type-page","status-publish","hentry","nodate"],"_links":{"self":[{"href":"https:\/\/ent2d.ac-bordeaux.fr\/disciplines\/musique\/wp-json\/wp\/v2\/pages\/2377","targetHints":{"allow":["GET"]}}],"collection":[{"href":"https:\/\/ent2d.ac-bordeaux.fr\/disciplines\/musique\/wp-json\/wp\/v2\/pages"}],"about":[{"href":"https:\/\/ent2d.ac-bordeaux.fr\/disciplines\/musique\/wp-json\/wp\/v2\/types\/page"}],"author":[{"embeddable":true,"href":"https:\/\/ent2d.ac-bordeaux.fr\/disciplines\/musique\/wp-json\/wp\/v2\/users\/178"}],"replies":[{"embeddable":true,"href":"https:\/\/ent2d.ac-bordeaux.fr\/disciplines\/musique\/wp-json\/wp\/v2\/comments?post=2377"}],"version-history":[{"count":20,"href":"https:\/\/ent2d.ac-bordeaux.fr\/disciplines\/musique\/wp-json\/wp\/v2\/pages\/2377\/revisions"}],"predecessor-version":[{"id":3115,"href":"https:\/\/ent2d.ac-bordeaux.fr\/disciplines\/musique\/wp-json\/wp\/v2\/pages\/2377\/revisions\/3115"}],"up":[{"embeddable":true,"href":"https:\/\/ent2d.ac-bordeaux.fr\/disciplines\/musique\/wp-json\/wp\/v2\/pages\/1616"}],"wp:attachment":[{"href":"https:\/\/ent2d.ac-bordeaux.fr\/disciplines\/musique\/wp-json\/wp\/v2\/media?parent=2377"}],"curies":[{"name":"wp","href":"https:\/\/api.w.org\/{rel}","templated":true}]}}