{"id":188,"date":"2017-05-03T18:31:38","date_gmt":"2017-05-03T16:31:38","guid":{"rendered":"https:\/\/ent2d.ac-bordeaux.fr\/disciplines\/musique\/?page_id=188"},"modified":"2017-06-21T16:06:24","modified_gmt":"2017-06-21T14:06:24","slug":"textes-officiels","status":"publish","type":"page","link":"https:\/\/ent2d.ac-bordeaux.fr\/disciplines\/musique\/infos\/textes-officiels\/","title":{"rendered":"Textes officiels"},"content":{"rendered":"<hr \/>\n<h2><strong>Textes officiels de r\u00e9f\u00e9rence<\/strong><\/h2>\n<p class=\"justif\">\u00c0 retrouver sur le portail de ressources <a href=\"http:\/\/eduscol.education.fr\/education-musicale\/sinformer\/textes-officiels\/textes-officiels-de-reference.html\" target=\"_blank\">eduscol<\/a>.<\/p>\n<p><p class=\"justif\">\u00ab\u00a0L&rsquo;action \u00e9ducative dans le domaine des arts et de la musique repose sur un certain nombre de textes de r\u00e9f\u00e9rence qui couvrent aussi bien les enseignements que l&rsquo;\u00e9ducation artistique et culturelle. Certains posent des principes de droit lorsque d&rsquo;autres d\u00e9finissent les objectifs de formation \u00e0 atteindre ou les dispositifs mobilisables en compl\u00e9ments des enseignements. Plac\u00e9e sous la responsabilit\u00e9 du professeur, l&rsquo;\u00e9ducation musicale des \u00e9l\u00e8ves se construit sur ces bases qui, posant les cadres d&rsquo;action, doivent engager le p\u00e9dagogue \u00e0 les d\u00e9cliner au plus pr\u00e8s des besoins des \u00e9l\u00e8ves et des contextes territoriaux. Sans viser \u00e0 l&rsquo;exhaustivit\u00e9, le pr\u00e9sent dossier propose une s\u00e9lection raisonn\u00e9e de textes de r\u00e9f\u00e9rence dont la connaissance est indispensable \u00e0 l&rsquo;exercice du professeur d&rsquo;\u00e9ducation musicale.\u00a0\u00bb (Eduscol)<\/p>\n","protected":false},"excerpt":{"rendered":"<h2>Textes officiels de r\u00e9f\u00e9rence<\/h2>\n<p class=\"justif\">\u00c0 retrouver sur le portail de ressources eduscol.<\/p>\n<\/p>\n<p class=\"justif\">\u00ab\u00a0L&rsquo;action \u00e9ducative dans le domaine des arts et de la musique repose sur un certain nombre de textes de r\u00e9f\u00e9rence qui couvrent aussi bien les enseignements que l&rsquo;\u00e9ducation artistique et culturelle. Certains posent des principes de droit lorsque d&rsquo;autres d\u00e9finissent les &hellip; <\/p>\n<p><a class=\"more-link block-button\" href=\"https:\/\/ent2d.ac-bordeaux.fr\/disciplines\/musique\/infos\/textes-officiels\/\">Lire la Suite &raquo;<\/a><\/p>\n","protected":false},"author":178,"featured_media":0,"parent":33,"menu_order":2,"comment_status":"closed","ping_status":"closed","template":"","meta":{"footnotes":""},"class_list":["post-188","page","type-page","status-publish","hentry","nodate"],"_links":{"self":[{"href":"https:\/\/ent2d.ac-bordeaux.fr\/disciplines\/musique\/wp-json\/wp\/v2\/pages\/188","targetHints":{"allow":["GET"]}}],"collection":[{"href":"https:\/\/ent2d.ac-bordeaux.fr\/disciplines\/musique\/wp-json\/wp\/v2\/pages"}],"about":[{"href":"https:\/\/ent2d.ac-bordeaux.fr\/disciplines\/musique\/wp-json\/wp\/v2\/types\/page"}],"author":[{"embeddable":true,"href":"https:\/\/ent2d.ac-bordeaux.fr\/disciplines\/musique\/wp-json\/wp\/v2\/users\/178"}],"replies":[{"embeddable":true,"href":"https:\/\/ent2d.ac-bordeaux.fr\/disciplines\/musique\/wp-json\/wp\/v2\/comments?post=188"}],"version-history":[{"count":10,"href":"https:\/\/ent2d.ac-bordeaux.fr\/disciplines\/musique\/wp-json\/wp\/v2\/pages\/188\/revisions"}],"predecessor-version":[{"id":479,"href":"https:\/\/ent2d.ac-bordeaux.fr\/disciplines\/musique\/wp-json\/wp\/v2\/pages\/188\/revisions\/479"}],"up":[{"embeddable":true,"href":"https:\/\/ent2d.ac-bordeaux.fr\/disciplines\/musique\/wp-json\/wp\/v2\/pages\/33"}],"wp:attachment":[{"href":"https:\/\/ent2d.ac-bordeaux.fr\/disciplines\/musique\/wp-json\/wp\/v2\/media?parent=188"}],"curies":[{"name":"wp","href":"https:\/\/api.w.org\/{rel}","templated":true}]}}